{"id":1020,"date":"2018-11-14T15:30:48","date_gmt":"2018-11-14T14:30:48","guid":{"rendered":"https:\/\/www.carnet.hr\/medunarodna-suradnja\/"},"modified":"2023-12-27T12:24:22","modified_gmt":"2023-12-27T10:24:22","slug":"medunarodna-suradnja","status":"publish","type":"page","link":"https:\/\/www.carnet.hr\/en\/medunarodna-suradnja\/","title":{"rendered":"International cooperation"},"content":{"rendered":"[et_pb_section bb_built=&#8221;1&#8243; admin_label=&#8221;Me\u0111unarodna suradnja&#8221; next_background_color=&#8221;#000000&#8243; _builder_version=&#8221;3.19&#8243; module_class=&#8221;c-make-harm&#8221;][et_pb_row][et_pb_column type=&#8221;4_4&#8243;][et_pb_text admin_label=&#8221;Tekst prvi&#8221; _builder_version=&#8221;3.21.4&#8243; z_index_tablet=&#8221;500&#8243;]\n<p>CARNET sudjeluje u nizu me\u0111unarodnih aktivnosti. Okosnica CARNET-ove me\u0111unarodne suradnje jest suradnja s ostalim akademskim i istra\u017eiva\u010dkim mre\u017eama u Europi, tzv. NREN-ovima (NREN \u2013 <em>National Academic and Research Network<\/em>), organizacijom G\u00c9ANT Association i organizacijama za upravljanje internetskim resursima u svijetu. Svojim me\u0111unarodnim aktivnostima CARNET ujedno povezuje hrvatski istra\u017eiva\u010dki i obrazovni prostor s Europskim istra\u017eiva\u010dkim prostorom (<em>European Research Area<\/em>), Europskim prostorom visokoga obrazovanja (<em>European Higher Education Area<\/em>) te globalno.<\/p>\n<p>CARNET u okviru me\u0111unarodne suradnje:<\/p>\n<ul class=\"remarkup-list\">\n<li class=\"remarkup-list-item\">prati aktivnosti drugih akademskih mre\u017ea u Europi<\/li>\n<li class=\"remarkup-list-item\">sudjeluje u radu me\u0111unarodnih organizacija koje okupljaju nacionalne, obrazovne, akademske i istra\u017eiva\u010dke mre\u017ee<\/li>\n<li class=\"remarkup-list-item\">poti\u010de uklju\u010divanje hrvatske akademske zajednice u me\u0111unarodne projekte s podru\u010dja istra\u017eivanja i primjene informacijskih tehnologija<\/li>\n<li class=\"remarkup-list-item\">daje koordinacijsku potporu sudjelovanju CARNET-ovih zaposlenika u me\u0111unarodnim projektima.<\/li>\n<\/ul>\n<p>Sudjelovanjem CARNET-a u me\u0111unarodnim projektima i suradnjom s me\u0111unarodnim organizacijama paralelno se izgra\u0111uje i ljudski kapacitet CARNET-ovih djelatnika i suradnika pove\u0107anim anga\u017emanom u projektima i ve\u0107om apsorpcijom sredstava, a oni sami postaju stabilan komunikacijski kanal ustanove CARNET prema inozemstvu. Tijekom godina CARNET se etablirao kao po\u017eeljan i pouzdan partner na brojnim projektima, \u0161to dovodi i do sve ve\u0107ega obima me\u0111unarodnih aktivnosti CARNET-a.<\/p>\n<p>Poseban naglasak stavljen je na predstavljanje Hrvatske i njezine akademske i istra\u017eiva\u010dke zajednicu u svijetu, kako organizacijom brojnih skupova u zemlji, tako i sudjelovanjem na me\u0111unarodnim skupovima. Intenziviranjem me\u0111unarodnih kontakata i aktivnosti stvara se mre\u017ea pogodna za razmjenu informacija i najboljih iskustava o organizacijskim i tehnolo\u0161kim vidovima djelovanja akademskih i istra\u017eiva\u010dkih mre\u017ea.<\/p>\n<p>Najva\u017eniji projekt koji se provodi u okviru me\u0111unarodne suradnje jest sudjelovanje u sveeuropskome infrastrukturnome projektu G\u00c9ANT5-1 i G\u00c9ANT5-2.\u00a0<\/p>\n[\/et_pb_text][\/et_pb_column][\/et_pb_row][\/et_pb_section][et_pb_section bb_built=&#8221;1&#8243; admin_label=&#8221;Suradnja s me\u0111unarodnim organizacijama&#8221; specialty=&#8221;off&#8221; next_background_color=&#8221;#000000&#8243; _builder_version=&#8221;3.19&#8243; module_class=&#8221;c-make-harm&#8221; prev_background_color=&#8221;#000000&#8243;][et_pb_row _builder_version=&#8221;3.19&#8243;][et_pb_column type=&#8221;4_4&#8243;][et_pb_text _builder_version=&#8221;3.21.4&#8243; z_index_tablet=&#8221;500&#8243;]\n<p>U me\u0111unarodne aktivnosti CARNET-a ubraja se i aktivno \u010dlanstvo u nekoliko organizacija:<\/p>\n<ul>\n<li><a class=\"remarkup-link\" href=\"https:\/\/www.centr.org\/\" target=\"_blank\" rel=\"noopener noreferrer\">Council of European National Top-Level Domain Registries (CENTR)<\/a><\/li>\n<li><a class=\"remarkup-link\" href=\"https:\/\/www.first.org\/\" target=\"_blank\" rel=\"noopener noreferrer\">Forum of Incident Response and Security Teams (FIRST)<\/a><\/li>\n<li><a class=\"remarkup-link\" href=\"https:\/\/www.geant.org\/\" target=\"_blank\" rel=\"noopener noreferrer\">G\u00c9ANT Association<\/a><\/li>\n<li><a class=\"remarkup-link\" href=\"https:\/\/www.icann.org\/\" target=\"_blank\" rel=\"noopener noreferrer\">The Internet Corporation for Assigned Names and Numbers (ICANN)<\/a><\/li>\n<li><a class=\"remarkup-link\" href=\"https:\/\/www.ripe.net\/\" target=\"_blank\" rel=\"noopener noreferrer\">R\u00e9seaux IP Europ\u00e9ens (RIPE)<\/a><\/li>\n<li><a href=\"http:\/\/www.hiz.hr\/\" target=\"_blank\" rel=\"noopener\">Hrvatski informati\u010dki zbor<\/a><\/li>\n<li><a href=\"http:\/\/www.mipro.hr\/\" target=\"_blank\" rel=\"noopener\">Hrvatska udruga za informacijsku, komunikacijsku i elektroni\u010dku tehnologiju (MIPRO)<\/a><\/li>\n<li><a href=\"https:\/\/www.croai.org\/?lang=hr\" target=\"_blank\" rel=\"noopener\">Hrvatska udruga za umjetnu inteligenciju (CroAI)<\/a><\/li>\n<li><a href=\"https:\/\/www.hatz.hr\/\" target=\"_blank\" rel=\"noopener\">Akademija tehni\u010dkih znanosti Hrvatske (HATZ)<\/a>\n<\/li>\n<\/ul>\n<h3>Council of European National Top-Level Domain Registries (CENTR)<\/h3>\n<p>CENTR je udru\u017eenje koje okuplja europske organizacije zadu\u017eene za administriranje vr\u0161nih domena u pojedinim dr\u017eavama radi promoviranja i sudjelovanja u razvoju visokih standarda te najboljih praksi u segmentu administracije domena. CARNET se \u010dlanstvu te organizacije priklju\u010dio 1999. godine.<\/p>\n<p>CARNET doprinosi radu CENTR-a aktivnim anga\u017emanom u radu Glavne skup\u0161tine (<em>General Assembly<\/em>) i sudjelovanje u radu razli\u010ditih radnih skupina (<em>Administrative, Legal and Regulatory, Research and Development, Security, Technical, Marketing<\/em>).<\/p>\n<h3>Forum of Incident Response and Security Teams (FIRST)<\/h3>\n<p>FIRST je me\u0111unarodna organizacija timova iz podru\u010dja kiberneti\u010dke sigurnosti koji se bave rje\u0161avanjem ra\u010dunalno sigurnosnih incidenata (reaktivnim mjerama) te njihovom prevencijom (proaktivnim mjerama). Osnovan je 1990. godine i danas ima vi\u0161e od 400 \u010dlanica. U ciljeve rada FIRST-a ubrajaju se koordinacija preventivnih akcija svojih \u010dlanica, podizanje razine kiberneti\u010dke sigurnosti na nacionalnoj i me\u0111unarodnoj razini, podizanje svijesti javnosti o va\u017enosti kiberneti\u010dke sigurnosti te promicanje uloge CSIRT-ova (<em>Computer Security Incident Response Team<\/em>).<\/p>\n<p>CARNET-ov odjel za Nacionalni CERT \u010dlan je organizacije <em>Forum of Incident Response and Security Teams<\/em> (FIRST) te radne skupine TF-CSIRT u sklopu kojih, na me\u0111unarodnoj razini, ostvaruje suradnju s ostalim \u010dlanicama. CARNET-ov Nacionalni CERT postao je \u010dlanom FIRST-a 1. listopada 2009. godine.<\/p>\n<h3>G\u00c9ANT Association<\/h3>\n<p>G\u00c9ANT Association udru\u017eenje je koje je nastalo u listopadu 2014. godine spajanjem TERENA-e (<em>Trans European Research and Education Networking Association<\/em>) i DANTE-a (<em>Delivery of Advanced Network Technology to Europe<\/em>). Dotad je TERENA bila udru\u017eenje u vlasni\u0161tvu europskih akademskih mre\u017ea, a DANTE tvrtka koja je upravljala sveeuropskim G\u00c9ANT projektom.<\/p>\n<p>CARNET je od 1993. godine bio aktivni \u010dlan TERENA-e, koja je okupljala vi\u0161e od 30 europskih dr\u017eava i njihovih NREN-ova radi stvaranja platforme za razvoj informacijske i mre\u017ene infrastrukture unutar europske akademske i istra\u017eiva\u010dke zajednice. Budu\u0107i da je ve\u0107ina europskih NREN-ova sudjelovala u radu TERENA-e i DANTE-a, zajedni\u010dkom odlukom dogovoreno je njihovo spajanje radi u\u010dinkovitija upravljanja G\u00c9ANT projektom i pobolj\u0161anjem suradnje NREN-ova. Stvaranjem G\u00c9ANT Associationa, koja je u jedinstvenu organizacijsku strukturu ujedinila TERENA-u i DANTE, \u017eeljelo se \u0161to bolje odgovoriti na nove izazove i osigurati strategija za osiguravanje ciljeva Europske komisije za budu\u0107nost istra\u017eivanja i inovacija preko Horizont 2020.<\/p>\n<p>O CARNET-ovu sudjelovanju u projektu G\u00c9ANT saznajte vi\u0161e na <a href=\"https:\/\/www.carnet.hr\/projekt\/geant\/\">stranici o G\u00c9ANT projektu<\/a>.<\/p>\n<h3>The Internet Corporation for Assigned Names and Numbers (ICANN)<\/h3>\n<p>ICANN je neprofitna organizacija za koordinaciju domenskoga sustava, alokaciju IP adresnoga prostora, dodjelu parametara za protokole i drugo. CARNET prati aktivnosti i preporuke ICANN-a te aktivno sudjeluje u radu te organizacije od 1998. godine.<\/p>\n<h3>R\u00e9seaux IP Europ\u00e9ens (RIPE)<\/h3>\n<p>RIPE je forum otvoren za sve zainteresirane pojedince i zajednice u podru\u010dju IP mre\u017ea i mre\u017enih tehnologija. RIPE nije pravna osoba i ne zahtijeva formalno \u010dlanstvo. Svi zainteresirani za mre\u017ena podru\u010dja kojima se RIPE bavi mogu sudjelovati putem mailing lista i prisustvovati sastancima radnih skupina. RIPE aktivnosti odvijaju se na dobrovoljnoj osnovi, a odluke se formiraju konsenzusom.<\/p>\n<p>RIPE NCC je pravna osoba koju je 1992. godine utemeljio RIPE, koja kao upravno tijelo pru\u017ea administrativnu i tehni\u010dku podr\u0161ku radu RIPE-a te provodi politike koje je RIPE zajednica usvojila. RIPE NCC je jedan od pet svjetskih RIR-ova (<em>Regional Internet Registry<\/em>) zadu\u017een za podru\u010dje Europe, Bliskoga istoka i Sredi\u0161nje Azije. Glavni je posao RIPE NCC-a dodjela globalnih internetskih resursa te pru\u017eanje ostalih srodnih usluga svojim \u010dlanovima. \u010clanovi RIPE NCC organizacije zovu se lokalni internet registri (LIR). Oni su zadu\u017eeni za raspodjelu internetskih resursa, koje dobiju od RIPE NCC-a, svojim lokalnim korisnicima. RIPE NCC pru\u017ea velik broj usluga svojim \u010dlanovima, kao \u0161to su distribucija i upravljanje IPv4 i IPv6 adresnim prostorom, AS brojevima, administriranje RIPE baze u kojoj se evidentiraju svi resursi od svih LIR-ova, LIR portal, RPKI (<em>Resource Certification<\/em>), RIPE Atlas, RIPEstat, RIPElabs te razne mre\u017ene edukacije i radionice.<\/p>\n<p>CARNET ima status LIR-a od 1992. godine i otad pru\u017ea usluge dodjele IPv4 i IPv6 adresnoga prostora i ostalih internetskih resursa svojim korisnicima, vodi njihovu evidenciju u RIPE bazi, doma\u0107in je RIPE radionicama i sastancima te rje\u0161ava ostale zahtjeve svojih korisnika u vezi s RIPE-om.<\/p>\n<h3>Hrvatski informati\u010dki zbor (HIZ)<\/h3>\n<p>Hrvatski informati\u010dki zbor je krovna neovisna strukovna asocijacija institucija i pojedinaca zainteresiranih za razvitak, promid\u017ebu i unapre\u0111enje primjene informacijskih i srodnih tehnologija u Republici Hrvatskoj. \u010clanica je CEPIS-a, IFIP-a, IT-Stara i ECDL Fondacije.<\/p>\n<h3>Hrvatska udruga za informacijsku, komunikacijsku i elektroni\u010dku tehnologiju (MIPRO)<\/h3>\n<p>Hrvatska udruga MIPRO je nevladina, nestrana\u010dka i neprofitna udruga u koju se dragovoljno u\u010dlanjuju pojedinci, gospodarski subjekti, te znanstvene i obrazovne ustanove (pojedina\u010dni i skupni \u010dlanovi).<\/p>\n<h3>Hrvatska udruga za umjetnu inteligenciju (CroAI)<\/h3>\n<p>CroAI, Hrvatska udruga za umjetnu inteligenciju, je osnovana u prosincu 2019. godine i okuplja vode\u0107e tvrtke i startupove iz podru\u010dja umjetne inteligencije u Hrvatskoj te nastoji pozicionirati Hrvatsku kao zemlju jedinstvenih prilika za razvoj umjetne inteligencije orijentirane prema \u010dovjeku kroz kulturu dijaloga izme\u0111u poduzetnika i donositelja odluka na nacionalnoj i europskoj razini.<\/p>\n<h3>Akademija tehni\u010dkih znanosti Hrvatske (HATZ)<\/h3>\n<p>U temeljne djelatnosti Akademije ubrajaju se istra\u017eivanje i razvoj u tehni\u010dkim znanostima, rad na projektima od nacionalnog zna\u010daja, rad na projektima ministarstava, dr\u017eavnih agencija i gospodarskih subjekata, poticanje i organizacija znanstvenog rada, izrada znanstvenih studija, ekspertiza, elaborata i projekata, raspravljanje i izno\u0161enje stavova o aktualnim pitanjima znanosti i gospodarstva, organizacija znanstvenih skupova, izdavanje publikacija, suradnja s akademijama u zemlji i inozemstvu te prijenos znanja.<\/p>\n[\/et_pb_text][\/et_pb_column][\/et_pb_row][\/et_pb_section][et_pb_section bb_built=&#8221;1&#8243; admin_label=&#8221;Povezani sadr\u017eaji&#8221; specialty=&#8221;off&#8221; _builder_version=&#8221;3.19&#8243; module_class=&#8221;c-make-harm&#8221; prev_background_color=&#8221;#000000&#8243;][et_pb_row _builder_version=&#8221;3.19&#8243;][et_pb_column type=&#8221;4_4&#8243;][et_pb_code admin_label=&#8221;Povezane usluge&#8221; _builder_version=&#8221;3.21.4&#8243;]\t<div class=\"row\">\n\t\t\t\t\t<div class=\"col-12 col-sm-6 col-lg-4 d-flex\">\n\n\t\t\t\t\n<a href=\"https:\/\/www.carnet.hr\/en\/usluga\/domene\/\" class=\"d-flex w-100p h-100p\">\n  <div class=\"c-upd\" style=\"background-image:linear-gradient(to top, rgba(0, 0, 0, .3), rgba(0, 0, 0, .7)), url(https:\/\/www.carnet.hr\/wp-content\/uploads\/2018\/11\/domene-549x642.jpg)\">\n    <div class=\"c-upd__content\">\n      <div class=\"c-tax-label c-tax-label--upd\">\n        Service      <\/div>\n\n      <h3 class=\"t-kartica-upd py-2 m-0\">Domene<\/h3>\n      <span class=\"t-m18\"><p><div class=\"et_pb_row et_pb_row_0 et_pb_row_empty\">\n\t\t\t\t\n\t\t\t\t\n\t\t\t\t\n\t\t\t\t\n\t\t\t\t\n\t\t\t<\/div> \t\t<div class=\"row px-2\">\n\t\t\t<div class=\"col-12 col-lg-10 offset-lg-1\">\n\t\t\t\t\t\t<\/div>\n\t\t<\/div>\n\t\t\t Hrvatska akademska i istra\u017eiva\u010dka mre\u017ea &#8211; CARNET upravlja nacionalnom domenom Republike Hrvatske (.hr). Sve .hr domene registriraju se u skladu s Pravilnikom o ustrojstvu i upravljanju vr\u0161nom nacionalnom &#8230;<\/p>\n<\/span>\n    <\/div>\n\n          <div class=\"c-tax-label__wrap\">\n        <div class=\"c-tax-label color--w bg--s-teal-dark\">\n          Internetske usluge                  <svg class=\"c-icon c-icon--arrow  \">\n            <use xmlns:xlink=\"http:\/\/www.w3.org\/1999\/xlink\" xlink:href=\"#c-icon--arrow\"><\/use>\n        <\/svg>\n                <\/div>\n\n              <\/div>\n    \n  <\/div>\n<\/a>\n\t\t\t<\/div>\n\t\t\t\t\t\t\t<div class=\"col-12 col-sm-6 col-lg-4 d-flex\">\n\n\t\t\t\t\n<a href=\"https:\/\/www.carnet.hr\/en\/projekt\/geant\/\" class=\"d-flex w-100p h-100p\">\n  <div class=\"c-upd\" style=\"background-image:linear-gradient(to top, rgba(0, 0, 0, .3), rgba(0, 0, 0, .7)), url(https:\/\/www.carnet.hr\/wp-content\/uploads\/2018\/11\/Geant-1.png)\">\n    <div class=\"c-upd__content\">\n      <div class=\"c-tax-label c-tax-label--upd\">\n        Project      <\/div>\n\n      <h3 class=\"t-kartica-upd py-2 m-0\">G\u00c9ANT<\/h3>\n      <span class=\"t-m18\"><p><div class=\"et_pb_row et_pb_row_1 et_pb_row_empty\">\n\t\t\t\t\n\t\t\t\t\n\t\t\t\t\n\t\t\t\t\n\t\t\t\t\n\t\t\t<\/div> Hrvatska akademska i istra\u017eiva\u010dka mre\u017ea \u2013 CARNET ve\u0107 \u010ditav niz godina sudjeluje u me\u0111unarodnim projektima pod nazivom G\u00c9ANT (Multi-Gigabit European Academic Network) koje sufinancira Europska unija. CARNET je primljen &#8230;<\/p>\n<\/span>\n    <\/div>\n\n          <div class=\"c-tax-label__wrap\">\n        <div class=\"c-tax-label color--w bg--s-blue\">\n          EU programi i projekti                  <svg class=\"c-icon c-icon--arrow  \">\n            <use xmlns:xlink=\"http:\/\/www.w3.org\/1999\/xlink\" xlink:href=\"#c-icon--arrow\"><\/use>\n        <\/svg>\n                <\/div>\n\n              <\/div>\n    \n  <\/div>\n<\/a>\n\t\t\t<\/div>\n\t\t\t\t\t<\/div>\n\t\t[\/et_pb_code][\/et_pb_column][\/et_pb_row][\/et_pb_section]\n","protected":false},"excerpt":{"rendered":"<p><div class=\"et_pb_row et_pb_row_2 et_pb_row_empty\">\n\t\t\t\t\n\t\t\t\t\n\t\t\t\t\n\t\t\t\t\n\t\t\t\t\n\t\t\t<\/div> Hrvatska akademska i istra\u017eiva\u010dka mre\u017ea \u2013 CARNET ve\u0107 \u010ditav niz godina sudjeluje u me\u0111unarodnim projektima pod nazivom G\u00c9ANT (Multi-Gigabit European Academic Network) koje sufinancira Europska unija. CARNET je primljen &#8230;<\/p>","protected":false},"author":2,"featured_media":0,"parent":0,"menu_order":6,"comment_status":"closed","ping_status":"closed","template":"","meta":{"_acf_changed":false,"_et_pb_use_builder":"on","_et_pb_old_content":"","_et_gb_content_width":"","footnotes":""},"class_list":["post-1020","page","type-page","status-publish","hentry"],"acf":[],"yoast_head":"<!-- This site is optimized with the Yoast SEO plugin v27.5 - https:\/\/yoast.com\/product\/yoast-seo-wordpress\/ -->\n<title>Me\u0111unarodna suradnja - CARNET<\/title>\n<meta name=\"description\" content=\"Okosnica CARNET-ove me\u0111unarodne suradnje jest suradnja s ostalim akademskim i istra\u017eiva\u010dkim mre\u017eama u Europi, organizacijom G\u00c9ANT Association i organizacijama za upravljanje internetskim resursima u svijetu.\" \/>\n<meta name=\"robots\" content=\"noindex, follow, max-snippet:-1, max-image-preview:large, max-video-preview:-1\" \/>\n<meta property=\"og:locale\" content=\"en_US\" \/>\n<meta property=\"og:type\" content=\"article\" \/>\n<meta property=\"og:title\" content=\"Me\u0111unarodna suradnja - CARNET\" \/>\n<meta property=\"og:description\" content=\"Okosnica CARNET-ove me\u0111unarodne suradnje jest suradnja s ostalim akademskim i istra\u017eiva\u010dkim mre\u017eama u Europi, organizacijom G\u00c9ANT Association i organizacijama za upravljanje internetskim resursima u svijetu.\" \/>\n<meta property=\"og:url\" content=\"https:\/\/www.carnet.hr\/en\/medunarodna-suradnja\/\" \/>\n<meta property=\"og:site_name\" content=\"CARNET\" \/>\n<meta property=\"article:publisher\" content=\"http:\/\/facebook.com\/CARNET.hr\/\" \/>\n<meta property=\"article:modified_time\" content=\"2023-12-27T10:24:22+00:00\" \/>\n<meta property=\"og:image\" content=\"https:\/\/www.carnet.hr\/wp-content\/uploads\/2019\/06\/facebook_OG_image.png\" \/>\n\t<meta property=\"og:image:width\" content=\"1200\" \/>\n\t<meta property=\"og:image:height\" content=\"630\" \/>\n\t<meta property=\"og:image:type\" content=\"image\/png\" \/>\n<meta name=\"twitter:card\" content=\"summary_large_image\" \/>\n<meta name=\"twitter:site\" content=\"@CARNET_HR\" \/>\n<meta name=\"twitter:label1\" content=\"Est. reading time\" \/>\n\t<meta name=\"twitter:data1\" content=\"7 minutes\" \/>\n<script type=\"application\/ld+json\" class=\"yoast-schema-graph\">{\"@context\":\"https:\\\/\\\/schema.org\",\"@graph\":[{\"@type\":\"WebPage\",\"@id\":\"https:\\\/\\\/www.carnet.hr\\\/medunarodna-suradnja\\\/\",\"url\":\"https:\\\/\\\/www.carnet.hr\\\/medunarodna-suradnja\\\/\",\"name\":\"Me\u0111unarodna suradnja - CARNET\",\"isPartOf\":{\"@id\":\"http:\\\/\\\/test-www.carnet.hr\\\/#website\"},\"datePublished\":\"2018-11-14T14:30:48+00:00\",\"dateModified\":\"2023-12-27T10:24:22+00:00\",\"description\":\"Okosnica CARNET-ove me\u0111unarodne suradnje jest suradnja s ostalim akademskim i istra\u017eiva\u010dkim mre\u017eama u Europi, organizacijom G\u00c9ANT Association i organizacijama za upravljanje internetskim resursima u svijetu.\",\"breadcrumb\":{\"@id\":\"https:\\\/\\\/www.carnet.hr\\\/medunarodna-suradnja\\\/#breadcrumb\"},\"inLanguage\":\"en-US\",\"potentialAction\":[{\"@type\":\"ReadAction\",\"target\":[\"https:\\\/\\\/www.carnet.hr\\\/medunarodna-suradnja\\\/\"]}]},{\"@type\":\"BreadcrumbList\",\"@id\":\"https:\\\/\\\/www.carnet.hr\\\/medunarodna-suradnja\\\/#breadcrumb\",\"itemListElement\":[{\"@type\":\"ListItem\",\"position\":1,\"name\":\"Home\",\"item\":\"https:\\\/\\\/www.carnet.hr\\\/\"},{\"@type\":\"ListItem\",\"position\":2,\"name\":\"Me\u0111unarodna suradnja\"}]},{\"@type\":\"WebSite\",\"@id\":\"http:\\\/\\\/test-www.carnet.hr\\\/#website\",\"url\":\"http:\\\/\\\/test-www.carnet.hr\\\/\",\"name\":\"CARNET\",\"description\":\"Znanje povezuje.\",\"potentialAction\":[{\"@type\":\"SearchAction\",\"target\":{\"@type\":\"EntryPoint\",\"urlTemplate\":\"http:\\\/\\\/test-www.carnet.hr\\\/?s={search_term_string}\"},\"query-input\":{\"@type\":\"PropertyValueSpecification\",\"valueRequired\":true,\"valueName\":\"search_term_string\"}}],\"inLanguage\":\"en-US\"}]}<\/script>\n<!-- \/ Yoast SEO plugin. -->","yoast_head_json":{"title":"Me\u0111unarodna suradnja - CARNET","description":"Okosnica CARNET-ove me\u0111unarodne suradnje jest suradnja s ostalim akademskim i istra\u017eiva\u010dkim mre\u017eama u Europi, organizacijom G\u00c9ANT Association i organizacijama za upravljanje internetskim resursima u svijetu.","robots":{"index":"noindex","follow":"follow","max-snippet":"max-snippet:-1","max-image-preview":"max-image-preview:large","max-video-preview":"max-video-preview:-1"},"og_locale":"en_US","og_type":"article","og_title":"Me\u0111unarodna suradnja - CARNET","og_description":"Okosnica CARNET-ove me\u0111unarodne suradnje jest suradnja s ostalim akademskim i istra\u017eiva\u010dkim mre\u017eama u Europi, organizacijom G\u00c9ANT Association i organizacijama za upravljanje internetskim resursima u svijetu.","og_url":"https:\/\/www.carnet.hr\/en\/medunarodna-suradnja\/","og_site_name":"CARNET","article_publisher":"http:\/\/facebook.com\/CARNET.hr\/","article_modified_time":"2023-12-27T10:24:22+00:00","og_image":[{"width":1200,"height":630,"url":"https:\/\/www.carnet.hr\/wp-content\/uploads\/2019\/06\/facebook_OG_image.png","type":"image\/png"}],"twitter_card":"summary_large_image","twitter_site":"@CARNET_HR","twitter_misc":{"Est. reading time":"7 minutes"},"schema":{"@context":"https:\/\/schema.org","@graph":[{"@type":"WebPage","@id":"https:\/\/www.carnet.hr\/medunarodna-suradnja\/","url":"https:\/\/www.carnet.hr\/medunarodna-suradnja\/","name":"Me\u0111unarodna suradnja - CARNET","isPartOf":{"@id":"http:\/\/test-www.carnet.hr\/#website"},"datePublished":"2018-11-14T14:30:48+00:00","dateModified":"2023-12-27T10:24:22+00:00","description":"Okosnica CARNET-ove me\u0111unarodne suradnje jest suradnja s ostalim akademskim i istra\u017eiva\u010dkim mre\u017eama u Europi, organizacijom G\u00c9ANT Association i organizacijama za upravljanje internetskim resursima u svijetu.","breadcrumb":{"@id":"https:\/\/www.carnet.hr\/medunarodna-suradnja\/#breadcrumb"},"inLanguage":"en-US","potentialAction":[{"@type":"ReadAction","target":["https:\/\/www.carnet.hr\/medunarodna-suradnja\/"]}]},{"@type":"BreadcrumbList","@id":"https:\/\/www.carnet.hr\/medunarodna-suradnja\/#breadcrumb","itemListElement":[{"@type":"ListItem","position":1,"name":"Home","item":"https:\/\/www.carnet.hr\/"},{"@type":"ListItem","position":2,"name":"Me\u0111unarodna suradnja"}]},{"@type":"WebSite","@id":"http:\/\/test-www.carnet.hr\/#website","url":"http:\/\/test-www.carnet.hr\/","name":"ABOUT","description":"Knowledge connects.","potentialAction":[{"@type":"SearchAction","target":{"@type":"EntryPoint","urlTemplate":"http:\/\/test-www.carnet.hr\/?s={search_term_string}"},"query-input":{"@type":"PropertyValueSpecification","valueRequired":true,"valueName":"search_term_string"}}],"inLanguage":"en-US"}]}},"_links":{"self":[{"href":"https:\/\/www.carnet.hr\/en\/wp-json\/wp\/v2\/pages\/1020","targetHints":{"allow":["GET"]}}],"collection":[{"href":"https:\/\/www.carnet.hr\/en\/wp-json\/wp\/v2\/pages"}],"about":[{"href":"https:\/\/www.carnet.hr\/en\/wp-json\/wp\/v2\/types\/page"}],"author":[{"embeddable":true,"href":"https:\/\/www.carnet.hr\/en\/wp-json\/wp\/v2\/users\/2"}],"replies":[{"embeddable":true,"href":"https:\/\/www.carnet.hr\/en\/wp-json\/wp\/v2\/comments?post=1020"}],"version-history":[{"count":0,"href":"https:\/\/www.carnet.hr\/en\/wp-json\/wp\/v2\/pages\/1020\/revisions"}],"wp:attachment":[{"href":"https:\/\/www.carnet.hr\/en\/wp-json\/wp\/v2\/media?parent=1020"}],"curies":[{"name":"wp","href":"https:\/\/api.w.org\/{rel}","templated":true}]}}