{"id":1021,"date":"2018-11-14T15:30:48","date_gmt":"2018-11-14T14:30:48","guid":{"rendered":"https:\/\/www.carnet.hr\/ljudski-potencijali\/"},"modified":"2025-02-28T11:16:23","modified_gmt":"2025-02-28T09:16:23","slug":"ljudski-potencijali","status":"publish","type":"page","link":"https:\/\/www.carnet.hr\/en\/ljudski-potencijali\/","title":{"rendered":"Human potential"},"content":{"rendered":"[et_pb_section bb_built=&#8221;1&#8243; admin_label=&#8221;Ljudski potencijali&#8221; specialty=&#8221;off&#8221; _builder_version=&#8221;3.19&#8243; module_class=&#8221;c-make-harm&#8221; next_background_color=&#8221;#000000&#8243;][et_pb_row][et_pb_column type=&#8221;4_4&#8243;][et_pb_text _builder_version=&#8221;3.21.4&#8243; z_index_tablet=&#8221;500&#8243;]\n<h3>CARNET-ov tim<\/h3>\n<p>U CARNET-u je trenuta\u010dno zaposleno vi\u0161e od 200 osoba u osam gradova Hrvatske \u2013 Zagrebu, Rijeci, Osijeku, Splitu, Puli, Dubrovniku, Zadru i Slavonskom Brodu. Osobe razli\u010ditih struka u CARNET-u prona\u0161le su svoje mjesto i na jedinstven na\u010din doprinose ostvarenju zajedni\u010dkoga cilja.<\/p>\n<p>Razvoj informacijskih tehnologija i zahtjevi koji se postavljaju pred CARNET od njegovih zaposlenika tra\u017ee stalno u\u010denje i stru\u010dno usavr\u0161avanje, zbog \u010dega se razvoju zaposlenika posve\u0107uje posebna pozornost. Uz usavr\u0161avanja na podru\u010dju suvremenih informacijskih tehnologija, djelatnici CARNET-a imaju priliku stjecati znanja i vje\u0161tine i iz podru\u010dja organizacije te menad\u017ementa. Stalno usvajanje znanja te ja\u010danje kompetencija anga\u017emanom na razli\u010ditim projektima, ali i sudjelovanjem na seminarima i te\u010dajevima, doma\u0107im te me\u0111unarodnim konferencijama, pravo su i obaveza svakoga CARNET-ovca.<\/p>\n<h3>Na\u010din rada<\/h3>\n<p>CARNET-ova osnovna djelatnost te okru\u017eenje u kojemu djeluje od svakoga njegova zaposlenika, ali i organizacije kao cjeline tra\u017ee izuzetnu fleksibilnost. Pred djelatnike se svakodnevno postavljaju izazovi na koje je mogu\u0107e uspje\u0161no odgovoriti jedino zajedni\u010dkim anga\u017emanom ljudi razli\u010ditih struka te pronala\u017eenjem novih i originalnih rje\u0161enja. Zbog toga se u CARNET-u naglasak stavlja na projektni na\u010din rada i multidisciplinarnost, pri \u010demu je usmjerenost na korisnike osnovni motiv svih CARNET-ovaca.<\/p>\n<p>Stalan kontakt s najnovijim dostignu\u0107ima na podru\u010dju informacijskih tehnologija, mogu\u0107nost anga\u017eiranja na razli\u010ditim projektima, rad u timovima, uvijek novi izazovi i neformalna radna atmosfera svaki dan u CARNET-u \u010dine druk\u010dijim.<\/p>\n<p>Prednosti rada u CARNET-u jesu napredna tehnologija, projektni na\u010din rada, sposobni, talentirani i energi\u010dni suradnici, prijateljska atmosfera, otvorenost za ideje te mogu\u0107nost stru\u010dnoga usavr\u0161avanja i razmjene znanja s doma\u0107im i stranim stru\u010dnjacima.<\/p>\n<h3>Suradnici<\/h3>\n<p>Posebno mjesto i va\u017enu ulogu u CARNET-u imaju suradnici. Intenzivna suradnja ostvaruje se sa studentima, ali i sa svima onima koji svojim idejama, znanjima i entuzijazmom mogu i \u017eele doprinijeti ostvarenju CARNET-ove misije.<\/p>\n[\/et_pb_text][\/et_pb_column][\/et_pb_row][\/et_pb_section][et_pb_section bb_built=&#8221;1&#8243; admin_label=&#8221;Otvorena radna mjesta&#8221; specialty=&#8221;off&#8221; _builder_version=&#8221;3.21.4&#8243; module_class=&#8221;c-make-harm&#8221; prev_background_color=&#8221;#000000&#8243; z_index_tablet=&#8221;500&#8243;][et_pb_row][et_pb_column type=&#8221;4_4&#8243;][et_pb_text _builder_version=&#8221;3.21.4&#8243; z_index_tablet=&#8221;500&#8243;]\n<p>Ako \u017eelite postati dio na\u0161eg tima, pogledajte koja su trenutno otvorena <a href=\"https:\/\/www.carnet.hr\/ljudski-potencijali\/radna-mjesta\/\">radna mjesta<\/a>.\u00a0<\/p>\n[\/et_pb_text][\/et_pb_column][\/et_pb_row][\/et_pb_section]\n","protected":false},"excerpt":{"rendered":"<p><div class=\"et_pb_row et_pb_row_0 et_pb_row_empty\">\n\t\t\t\t\n\t\t\t\t\n\t\t\t\t\n\t\t\t\t\n\t\t\t\t\n\t\t\t<\/div> CARNET-ov tim U CARNET-u je trenuta\u010dno zaposleno vi\u0161e od 200 osoba u osam gradova Hrvatske \u2013 Zagrebu, Rijeci, Osijeku, Splitu, Puli, Dubrovniku, Zadru i Slavonskom Brodu. Osobe razli\u010ditih struka &#8230;<\/p>","protected":false},"author":2,"featured_media":0,"parent":0,"menu_order":7,"comment_status":"closed","ping_status":"closed","template":"","meta":{"_acf_changed":false,"_et_pb_use_builder":"on","_et_pb_old_content":"","_et_gb_content_width":"","footnotes":""},"class_list":["post-1021","page","type-page","status-publish","hentry"],"acf":[],"yoast_head":"<!-- This site is optimized with the Yoast SEO plugin v27.5 - https:\/\/yoast.com\/product\/yoast-seo-wordpress\/ -->\n<title>Ljudski potencijali - CARNET<\/title>\n<meta name=\"description\" content=\"U CARNET-u je trenuta\u010dno zaposleno vi\u0161e od 150 osoba u \u0161est gradova Hrvatske \u2013 Zagrebu, Rijeci, Osijeku, Splitu, Puli i Dubrovniku.\" \/>\n<meta name=\"robots\" content=\"noindex, follow, max-snippet:-1, max-image-preview:large, max-video-preview:-1\" \/>\n<meta property=\"og:locale\" content=\"en_US\" \/>\n<meta property=\"og:type\" content=\"article\" \/>\n<meta property=\"og:title\" content=\"Ljudski potencijali - CARNET\" \/>\n<meta property=\"og:description\" content=\"U CARNET-u je trenuta\u010dno zaposleno vi\u0161e od 150 osoba u \u0161est gradova Hrvatske \u2013 Zagrebu, Rijeci, Osijeku, Splitu, Puli i Dubrovniku.\" \/>\n<meta property=\"og:url\" content=\"https:\/\/www.carnet.hr\/en\/ljudski-potencijali\/\" \/>\n<meta property=\"og:site_name\" content=\"CARNET\" \/>\n<meta property=\"article:publisher\" content=\"http:\/\/facebook.com\/CARNET.hr\/\" \/>\n<meta property=\"article:modified_time\" content=\"2025-02-28T09:16:23+00:00\" \/>\n<meta property=\"og:image\" content=\"https:\/\/www.carnet.hr\/wp-content\/uploads\/2019\/06\/facebook_OG_image.png\" \/>\n\t<meta property=\"og:image:width\" content=\"1200\" \/>\n\t<meta property=\"og:image:height\" content=\"630\" \/>\n\t<meta property=\"og:image:type\" content=\"image\/png\" \/>\n<meta name=\"twitter:card\" content=\"summary_large_image\" \/>\n<meta name=\"twitter:site\" content=\"@CARNET_HR\" \/>\n<meta name=\"twitter:label1\" content=\"Est. reading time\" \/>\n\t<meta name=\"twitter:data1\" content=\"2 minutes\" \/>\n<script type=\"application\/ld+json\" class=\"yoast-schema-graph\">{\"@context\":\"https:\\\/\\\/schema.org\",\"@graph\":[{\"@type\":\"WebPage\",\"@id\":\"https:\\\/\\\/www.carnet.hr\\\/ljudski-potencijali\\\/\",\"url\":\"https:\\\/\\\/www.carnet.hr\\\/ljudski-potencijali\\\/\",\"name\":\"Ljudski potencijali - CARNET\",\"isPartOf\":{\"@id\":\"http:\\\/\\\/test-www.carnet.hr\\\/#website\"},\"datePublished\":\"2018-11-14T14:30:48+00:00\",\"dateModified\":\"2025-02-28T09:16:23+00:00\",\"description\":\"U CARNET-u je trenuta\u010dno zaposleno vi\u0161e od 150 osoba u \u0161est gradova Hrvatske \u2013 Zagrebu, Rijeci, Osijeku, Splitu, Puli i Dubrovniku.\",\"breadcrumb\":{\"@id\":\"https:\\\/\\\/www.carnet.hr\\\/ljudski-potencijali\\\/#breadcrumb\"},\"inLanguage\":\"en-US\",\"potentialAction\":[{\"@type\":\"ReadAction\",\"target\":[\"https:\\\/\\\/www.carnet.hr\\\/ljudski-potencijali\\\/\"]}]},{\"@type\":\"BreadcrumbList\",\"@id\":\"https:\\\/\\\/www.carnet.hr\\\/ljudski-potencijali\\\/#breadcrumb\",\"itemListElement\":[{\"@type\":\"ListItem\",\"position\":1,\"name\":\"Home\",\"item\":\"https:\\\/\\\/www.carnet.hr\\\/\"},{\"@type\":\"ListItem\",\"position\":2,\"name\":\"Ljudski potencijali\"}]},{\"@type\":\"WebSite\",\"@id\":\"http:\\\/\\\/test-www.carnet.hr\\\/#website\",\"url\":\"http:\\\/\\\/test-www.carnet.hr\\\/\",\"name\":\"CARNET\",\"description\":\"Znanje povezuje.\",\"potentialAction\":[{\"@type\":\"SearchAction\",\"target\":{\"@type\":\"EntryPoint\",\"urlTemplate\":\"http:\\\/\\\/test-www.carnet.hr\\\/?s={search_term_string}\"},\"query-input\":{\"@type\":\"PropertyValueSpecification\",\"valueRequired\":true,\"valueName\":\"search_term_string\"}}],\"inLanguage\":\"en-US\"}]}<\/script>\n<!-- \/ Yoast SEO plugin. -->","yoast_head_json":{"title":"Ljudski potencijali - CARNET","description":"U CARNET-u je trenuta\u010dno zaposleno vi\u0161e od 150 osoba u \u0161est gradova Hrvatske \u2013 Zagrebu, Rijeci, Osijeku, Splitu, Puli i Dubrovniku.","robots":{"index":"noindex","follow":"follow","max-snippet":"max-snippet:-1","max-image-preview":"max-image-preview:large","max-video-preview":"max-video-preview:-1"},"og_locale":"en_US","og_type":"article","og_title":"Ljudski potencijali - CARNET","og_description":"U CARNET-u je trenuta\u010dno zaposleno vi\u0161e od 150 osoba u \u0161est gradova Hrvatske \u2013 Zagrebu, Rijeci, Osijeku, Splitu, Puli i Dubrovniku.","og_url":"https:\/\/www.carnet.hr\/en\/ljudski-potencijali\/","og_site_name":"CARNET","article_publisher":"http:\/\/facebook.com\/CARNET.hr\/","article_modified_time":"2025-02-28T09:16:23+00:00","og_image":[{"width":1200,"height":630,"url":"https:\/\/www.carnet.hr\/wp-content\/uploads\/2019\/06\/facebook_OG_image.png","type":"image\/png"}],"twitter_card":"summary_large_image","twitter_site":"@CARNET_HR","twitter_misc":{"Est. reading time":"2 minutes"},"schema":{"@context":"https:\/\/schema.org","@graph":[{"@type":"WebPage","@id":"https:\/\/www.carnet.hr\/ljudski-potencijali\/","url":"https:\/\/www.carnet.hr\/ljudski-potencijali\/","name":"Ljudski potencijali - CARNET","isPartOf":{"@id":"http:\/\/test-www.carnet.hr\/#website"},"datePublished":"2018-11-14T14:30:48+00:00","dateModified":"2025-02-28T09:16:23+00:00","description":"U CARNET-u je trenuta\u010dno zaposleno vi\u0161e od 150 osoba u \u0161est gradova Hrvatske \u2013 Zagrebu, Rijeci, Osijeku, Splitu, Puli i Dubrovniku.","breadcrumb":{"@id":"https:\/\/www.carnet.hr\/ljudski-potencijali\/#breadcrumb"},"inLanguage":"en-US","potentialAction":[{"@type":"ReadAction","target":["https:\/\/www.carnet.hr\/ljudski-potencijali\/"]}]},{"@type":"BreadcrumbList","@id":"https:\/\/www.carnet.hr\/ljudski-potencijali\/#breadcrumb","itemListElement":[{"@type":"ListItem","position":1,"name":"Home","item":"https:\/\/www.carnet.hr\/"},{"@type":"ListItem","position":2,"name":"Ljudski potencijali"}]},{"@type":"WebSite","@id":"http:\/\/test-www.carnet.hr\/#website","url":"http:\/\/test-www.carnet.hr\/","name":"ABOUT","description":"Knowledge connects.","potentialAction":[{"@type":"SearchAction","target":{"@type":"EntryPoint","urlTemplate":"http:\/\/test-www.carnet.hr\/?s={search_term_string}"},"query-input":{"@type":"PropertyValueSpecification","valueRequired":true,"valueName":"search_term_string"}}],"inLanguage":"en-US"}]}},"_links":{"self":[{"href":"https:\/\/www.carnet.hr\/en\/wp-json\/wp\/v2\/pages\/1021","targetHints":{"allow":["GET"]}}],"collection":[{"href":"https:\/\/www.carnet.hr\/en\/wp-json\/wp\/v2\/pages"}],"about":[{"href":"https:\/\/www.carnet.hr\/en\/wp-json\/wp\/v2\/types\/page"}],"author":[{"embeddable":true,"href":"https:\/\/www.carnet.hr\/en\/wp-json\/wp\/v2\/users\/2"}],"replies":[{"embeddable":true,"href":"https:\/\/www.carnet.hr\/en\/wp-json\/wp\/v2\/comments?post=1021"}],"version-history":[{"count":0,"href":"https:\/\/www.carnet.hr\/en\/wp-json\/wp\/v2\/pages\/1021\/revisions"}],"wp:attachment":[{"href":"https:\/\/www.carnet.hr\/en\/wp-json\/wp\/v2\/media?parent=1021"}],"curies":[{"name":"wp","href":"https:\/\/api.w.org\/{rel}","templated":true}]}}