{"id":1025,"date":"2018-11-14T15:30:49","date_gmt":"2018-11-14T14:30:49","guid":{"rendered":"https:\/\/www.carnet.hr\/pristupacnost\/"},"modified":"2025-10-08T14:19:42","modified_gmt":"2025-10-08T12:19:42","slug":"pristupacnost","status":"publish","type":"page","link":"https:\/\/www.carnet.hr\/en\/pristupacnost\/","title":{"rendered":"Accessibility"},"content":{"rendered":"[et_pb_section bb_built=&#8221;1&#8243; admin_label=&#8221;Pristupa\u010dnost mre\u017enih stranica i programskih rje\u0161enja za pokretne ure\u0111aje&#8221; next_background_color=&#8221;#000000&#8243; _builder_version=&#8221;3.19&#8243; module_class=&#8221;c-make-harm&#8221;][et_pb_row][et_pb_column type=&#8221;4_4&#8243;][et_pb_text admin_label=&#8221;Pristupa\u010dnost mre\u017enih stranica i programskih rje\u0161enja za pokretne ure\u0111aje&#8221; _builder_version=&#8221;3.21.4&#8243; z_index_tablet=&#8221;500&#8243;]\n<p>Hrvatska akademska i istra\u017eiva\u010dka mre\u017ea &#8211; CARNET prepoznaje va\u017enost osiguravanja digitalne pristupa\u010dnosti za sve korisnike, s posebnim naglaskom na lak\u0161em pristupu javnim uslugama i informacijama osobama s invaliditetom, primjenjuju\u0107i, u najve\u0107oj mogu\u0107oj mjeri, Direktivu (EU) 2016\/2102 Europskog parlamenta i Vije\u0107a od 26. listopada 2016. o pristupa\u010dnosti internetskih stranica i mobilnih aplikacija tijela javnog sektora.\u00a0<\/p>\n<p>CARNET kontinuirano pobolj\u0161ava korisni\u010dko iskustvo primjenjuju\u0107i relevantne standarde pristupa\u010dnosti prema smjernicama i standardizaciji mre\u017enog sadr\u017eaja (WCAG 2.2, AA razina) inicijative za mre\u017enu pristupa\u010dnost (WAI) World Wide Web konzorcija (W3C), organizacije koja se bavi standardizacijom mre\u017enih tehnologija.<\/p>\n[\/et_pb_text][\/et_pb_column][\/et_pb_row][\/et_pb_section][et_pb_section bb_built=&#8221;1&#8243; admin_label=&#8221;CARNET-ove Smjernice za osiguravanje digitalne pristupa\u010dnosti&#8221; next_background_color=&#8221;#000000&#8243; _builder_version=&#8221;3.21.4&#8243; module_class=&#8221;c-make-harm&#8221; prev_background_color=&#8221;#000000&#8243; z_index_tablet=&#8221;500&#8243;][et_pb_row][et_pb_column type=&#8221;4_4&#8243;][et_pb_text admin_label=&#8221;CARNET-ove smjernice za osiguravanje digitalne pristupa\u010dnosti&#8221; _builder_version=&#8221;3.21.4&#8243; z_index_tablet=&#8221;500&#8243;]\n<p>CARNET je izradio Smjernice za osiguravanje digitalne pristupa\u010dnosti kako bi osigurao pristupa\u010dnost svojih digitalnih sadr\u017eaja ili aplikacija ve\u0107 prilikom njihove izrade.<\/p>\n[\/et_pb_text][\/et_pb_column][\/et_pb_row][et_pb_row][et_pb_column type=&#8221;4_4&#8243;][et_pb_text admin_label=&#8221;Dokument&#8221; _builder_version=&#8221;3.21.4&#8243; saved_tabs=&#8221;all&#8221; z_index_tablet=&#8221;500&#8243;]\n\t\t<div class=\"u-mt-after-p\">\n\t\t\t<a href=\"https:\/\/www.carnet.hr\/wp-content\/uploads\/2025\/10\/Smjernice-pristupac\u030cnosti-ver.-2.0.pdf\" download target=\"_blank\">\n\t\t\t<div class=\"c-doc \">\n\t\t\t\t<div class=\"c-doc__l\">\n\t\t\t\t        <svg class=\"c-icon c-icon--pdf mr-4 c-icon--35\">\n            <use xmlns:xlink=\"http:\/\/www.w3.org\/1999\/xlink\" xlink:href=\"#c-icon--pdf\"><\/use>\n        <\/svg>\n        \t\t\t\t\t<span class=\"t-s16 color--s-teal\">\n\t\t\t\t\tSmjernice pristupac\u030cnosti ver. 2.0\t\t\t\t\t<\/span>\n\t\t\t\t<\/div>\n\t\t\t\t\t        <svg class=\"c-icon c-icon--download  c-icon--22\">\n            <use xmlns:xlink=\"http:\/\/www.w3.org\/1999\/xlink\" xlink:href=\"#c-icon--download\"><\/use>\n        <\/svg>\n        \t\t\t\t<\/div>\n\t\t\t<\/a>\n\t\t\t<\/div>\n\t\t\t\t\n[\/et_pb_text][\/et_pb_column][\/et_pb_row][\/et_pb_section][et_pb_section bb_built=&#8221;1&#8243; admin_label=&#8221;Izjava o pristupa\u010dnosti&#8221; next_background_color=&#8221;#000000&#8243; _builder_version=&#8221;3.19&#8243; module_class=&#8221;c-make-harm&#8221; prev_background_color=&#8221;#000000&#8243;][et_pb_row][et_pb_column type=&#8221;4_4&#8243;][et_pb_text admin_label=&#8221;Izjava o pristupa\u010dnosti&#8221; _builder_version=&#8221;3.21.4&#8243; z_index_tablet=&#8221;500&#8243;]\n<p>Kao tijelo javnog sektora, CARNET je obvezan osigurati pristupa\u010dnost svojih mre\u017enih lokacija u skladu sa Zakonom o pristupa\u010dnosti mre\u017enih stranica i programskih rje\u0161enja za pokretne ure\u0111aje tijela javnog sektora Republike Hrvatske (NN 17\/19) od 23. rujna 2019., kojim se u nacionalno zakonodavstvo preuzima Direktiva (EU) 2016\/2102 Europskog parlamenta i Vije\u0107a o pristupa\u010dnosti internetskih stranica i mobilnih aplikacija tijela javnog sektora, te sa Zakonom o zahtjevima za pristupa\u010dnost proizvoda i usluga (NN 89\/25) od 6. lipnja 2025. godine.<\/p>\n<p>Ova Izjava o pristupa\u010dnosti odnosi se na CARNET-ovo korporativno mre\u017eno sjedi\u0161te na adresi www.carnet.hr.<\/p>\n<h4><strong>Status uskla\u0111enosti<\/strong><\/h4>\n<p>Mre\u017ena lokacija www.carnet.hr je djelomi\u010dno uskla\u0111ena sa Zakonom o pristupa\u010dnosti mre\u017enih stranica i programskih rje\u0161enja za pokretne ure\u0111aje tijela javnog sektora. Ispunjena je ve\u0107ina zahtjeva europske norme EN 301 549 V1.1.2 (2015-04), ali uz neke iznimke.<\/p>\n<h4><strong>Nepristupa\u010dni sadr\u017eaj<\/strong><\/h4>\n<p>Iznimke od uskla\u0111enosti sa Zakonom o pristupa\u010dnosti, prema \u010detiri op\u0107a zahtjeva za osiguranje pristupa\u010dnosti \u2013 mogu\u0107nost opa\u017eanja, operabilnost, razumljivost i stabilnost &#8211; o\u010dituju se u sljede\u0107im dijelovima sadr\u017eaja:<\/p>\n<ul>\n<li>Mogu\u0107nost opa\u017eanja<\/li>\n<\/ul>\n<p>Zbog dinami\u010dnosti naslovnice, \u010dita\u010dima ekrana koje koriste slijepe osobe sadr\u017eaj se ne prikazuje uvijek na isti na\u010din.<\/p>\n<ul>\n<li>Operabilnost<\/li>\n<\/ul>\n<p>Podru\u010dja koja se aktiviraju prelaskom mi\u0161em, tekstualna ili u obliku ikone, nisu dovoljno velika za korisnike s motori\u010dkim te\u0161ko\u0107ama.\u00a0U <em>fullscreen<\/em> tra\u017eilici nije omogu\u0107ena pretraga bez stiskanja tipke <em>enter<\/em>, na na\u010din na koji je to omogu\u0107eno u tra\u017eilicama pojedinih blokova. Elementi iz <em>footera<\/em> mre\u017enog sjedi\u0161ta, \u201eCARNET+\u201c poveznice i mapa mre\u017enog sjedi\u0161ta, pro\u0161iruju se na na\u010din koji zahtijeva pomicanje mi\u0161em prema dolje kako bi bili vidljivi u potpunosti, umjesto pro\u0161irivanja prema gore, \u010dime bi udaljenost od dna stranice ostala nepromijenjena. Sada\u0161nje rje\u0161enje, pro\u0161irivanjem tih elemenata, ostavlja nepromijenjenom udaljenost od vrha stranice.<\/p>\n<p>Pri pretra\u017eivanju ustanova \u010dlanica CARNET-a, cijela podgrupa trebala bi biti gumb za njeno pro\u0161irivanje, ili bi \u201e+\u201c s desne strane trebao biti ve\u0107i i uo\u010dljiviji.\u00a0Blok \u201eNovosti\u201c u <em>headeru<\/em> mre\u017enog sjedi\u0161ta nije intuitivan za korisnike \u010dita\u010da ekrana jer \u010dita\u010di ne prepoznaju da postoje\u0107e poveznice filtriraju novosti, te je potrebno na\u0107i bolje tehni\u010dko-operabilno rje\u0161enje.<\/p>\n<ul>\n<li>Razumljivost<\/li>\n<\/ul>\n<p>Osim oznaka u obliku strelica, kojim se popis ustanova s kojima CARNET sura\u0111uje pregledava pomi\u010du\u0107i lijevo i desno, trebalo bi dodatno ozna\u010diti da postoji vi\u0161e suradnih ustanova od onih koje su vidljive na ekranu.<\/p>\n<ul>\n<li>Stabilnost<\/li>\n<\/ul>\n<p>U pregledniku Internet Explorer, sadr\u017eaj stranice \u010dita\u010dima ekrana uvijek izgleda isto, ali u drugim preglednicima sadr\u017eaj se ne prikazuje uvijek na isti na\u010din.<\/p>\n<h4><strong>Podizanje razine pristupa\u010dnosti<\/strong><\/h4>\n<p>CARNET \u0107e provesti korektivne mjere za rje\u0161avanje problema nepristupa\u010dnog sadr\u017eaja svog mre\u017enog sjedi\u0161ta u maksimalnoj mogu\u0107oj mjeri nakon osposobljavanja djelatnika za izradu, vo\u0111enje i odr\u017eavanje sadr\u017eaja mre\u017enih stranica i programskih rje\u0161enja za pokretne ure\u0111aje u skladu sa Zakonom o pristupa\u010dnosti, koje \u0107e provesti Sredi\u0161nji dr\u017eavni ured za razvoj digitalnog dru\u0161tva u suradnji s Dr\u017eavnom \u0161kolom za javnu upravu, Povjerenikom za informiranje i krovnom nacionalnom organizacijom osoba s invaliditetom.<\/p>\n<h4><strong>Priprema ove Izjave o pristupa\u010dnosti<\/strong><\/h4>\n<p>Ova Izjava pripremljena je dana 23. rujna 2019., a revidirana dana 8. listopada 2025., sukladno Predlo\u0161ku izjave o pristupa\u010dnosti koji je u skladu s Direktivom (EU) 2016\/2102 Europskog parlamenta i Vije\u0107a o pristupa\u010dnosti internetskih stranica i mobilnih aplikacija tijela javnog sektora, a utvr\u0111en je Provedbenom odlukom komisije EU 2018\/1523 11. listopada 2018.\u00a0<\/p>\n<p>Za pripremu ove Izjave kori\u0161tena je metoda procjene u obliku testiranja pristupa\u010dnosti.<\/p>\n<p>Testiranje pristupa\u010dnosti provele su osobe s razli\u010ditim vrstama invaliditeta koje su napredni korisnici informacijske tehnologije.<\/p>\n<p>Testiranja su izvr\u0161ena na sljede\u0107im operativnim sustavima, internetskim preglednicima i mobilnim ure\u0111ajima: MS Win10, Mozilla Firefox, Google Chrome, iPhoneXS iOS Safari. Pomo\u0107na tehnologija kori\u0161tena tijekom testiranja: \u010dita\u010d ekrana NVDA (<em>NonVisual Desktop\u00a0Access) <\/em>2019, \u010dita\u010d ekrana Jaws 2019, VoiceOver, tipkovnica na zaslonu.<\/p>\n<h4><strong>Povratne informacije i podaci za kontakt<\/strong><\/h4>\n<p>Sve upite vezane uz pristupa\u010dnost CARNET-ovog mre\u017enog sjedi\u0161ta korisnici mogu uputiti Slu\u017ebi za korisnike (Helpdesk).<\/p>\n<p>CARNET-ov Helpdesk mo\u017eete kontaktirati:<\/p>\n<ul>\n<li>e-po\u0161tom:\u00a0<a href=\"mailto:helpdesk@carnet.hr\">helpdesk@carnet.hr<\/a><\/li>\n<li>telefonom: +385 1 6661 555<\/li>\n<li>po\u0161tom: CARNET-ova Slu\u017eba za podr\u0161ku korisnicima, Josipa Marohni\u0107a 5, 10000 Zagreb.<\/li>\n<\/ul>\n<p>Radno vrijeme CARNET-ovog Helpdeska je od ponedjeljka do nedjelje od 8 do 20 sati.<\/p>\n<p>CARNET je du\u017ean na upit, obavijest ili zahtjev korisnika vezano uz osiguravanje pristupa\u010dnosti odgovoriti u roku od 15 dana od dana primitka obavijesti, odnosno zahtjeva ili ga u istom roku, uz detaljno obrazlo\u017eenje razloga koji zahtijevaju odgodu, obavijestiti o naknadnom roku u kojem \u0107e odgovoriti na korisnikovu obavijest ili zahtjev. U skladu s uobi\u010dajenim radom svog Helpdeska, CARNET \u0107e nastojati odgovore na upite obraditi unutar dva radna dana.<\/p>\n<h4><strong>Inspekcijski nadzor<\/strong><\/h4>\n<p>Tijelo nadle\u017eno za pra\u0107enje uskla\u0111enosti mre\u017enih stranica i programskih rje\u0161enja za pokretne ure\u0111aje tijela javnog sektora sa zahtjevima pristupa\u010dnosti i nadzor nad provedbom Zakona o pristupa\u010dnosti je Povjerenik za informiranje Republike Hrvatske.<\/p>\n<p>U slu\u010daju nezadovoljavaju\u0107ih odgovora na obavijest ili zahtjev za povratne informacije o pristupa\u010dnosti ovih mre\u017enih stranica, korisnici se mogu obratiti Povjereniku za informiranje putem elektroni\u010dke po\u0161te:\u00a0<a href=\"mailto:pristupacnost@pristupinfo.hr\">pristupacnost@pristupinfo.hr.<\/a><\/p>\n<p>S ciljem pru\u017eanja informacija tijelima javnog sektora oko na\u010dina provedbe obveze osiguranja digitalne pristupa\u010dnosti, Povjerenik za informiranje otvorio je i info-telefon za digitalnu pristupa\u010dnost koji je dostupan na broju +385 1 2009 120, svake srijede i petka od 13 do 15 sati.\u00a0<\/p>\n[\/et_pb_text][\/et_pb_column][\/et_pb_row][\/et_pb_section][et_pb_section bb_built=&#8221;1&#8243; admin_label=&#8221;Posteri&#8221; next_background_color=&#8221;#000000&#8243; _builder_version=&#8221;3.21.4&#8243; module_class=&#8221;c-make-harm&#8221; prev_background_color=&#8221;#000000&#8243; z_index_tablet=&#8221;500&#8243;][et_pb_row][et_pb_column type=&#8221;4_4&#8243;][et_pb_text _builder_version=&#8221;3.21.4&#8243; z_index_tablet=&#8221;500&#8243;]\n<p>Vizualni prikazi uputa za izradu mre\u017enih stranica i programskih rje\u0161enja uzimaju\u0107i u obzir razli\u010dite pote\u0161ko\u0107e ili vrste invaliditeta korisnika (disleksija, slabovidnost, sljepo\u0107a, gluho\u0107a i nagluhost, motori\u010dke pote\u0161ko\u0107e, autizam), oblikovani u postere. \u00a0<\/p>\n<p><a href=\"https:\/\/github.com\/UKHomeOffice\/posters\/tree\/master\/accessibility\">Originalni posteri<\/a> dostupni su za nekomercijalnu uporabu pod Creative Commons licencom 4.0,\u00a0a za korisnike iz hrvatskog govornog podru\u010dja prilagodio ih je Sredi\u0161nji dr\u017eavni ured za razvoj digitalnog dru\u0161tva u suradnji s Povjerenikom za informiranje RH.\u00a0<\/p>\n[\/et_pb_text][\/et_pb_column][\/et_pb_row][et_pb_row _builder_version=&#8221;3.21.4&#8243; custom_margin=&#8221;10px|10px|10px|10px&#8221; custom_padding=&#8221;10px|10px|10px|10px&#8221; z_index_tablet=&#8221;500&#8243;][et_pb_column type=&#8221;1_3&#8243;][et_pb_image _builder_version=&#8221;3.21.4&#8243; src=&#8221;https:\/\/www.carnet.hr\/wp-content\/uploads\/2020\/10\/Digitalna-pristupa\u010dnost-za-\u010dita\u010de-ekrana.jpg&#8221; z_index_tablet=&#8221;500&#8243; title_text=&#8221;Dizajniranje za slabovidne korisnike&#8221; url=&#8221;https:\/\/www.carnet.hr\/wp-content\/uploads\/2020\/10\/Digitalna-pristupa\u00fcnost-za-\u00fcita\u00fce-ekrana.pdf&#8221; \/][\/et_pb_column][et_pb_column type=&#8221;1_3&#8243;][et_pb_image _builder_version=&#8221;3.21.4&#8243; src=&#8221;https:\/\/www.carnet.hr\/wp-content\/uploads\/2020\/10\/Digitalna-pristupa\u010dnost-za-korisnike-s-disleksijom.jpg&#8221; z_index_tablet=&#8221;500&#8243; url=&#8221;https:\/\/www.carnet.hr\/wp-content\/uploads\/2020\/10\/Digitalna-pristupa\u00fcnost-za-korisnike-s-disleksijom.pdf&#8221; \/][\/et_pb_column][et_pb_column type=&#8221;1_3&#8243;][et_pb_image _builder_version=&#8221;3.21.4&#8243; src=&#8221;https:\/\/www.carnet.hr\/wp-content\/uploads\/2020\/10\/Digitalna-pristupa\u010dnost-za-korisnike-s-o\u0161te\u0107enjem-sluha.jpg&#8221; z_index_tablet=&#8221;500&#8243; url=&#8221;https:\/\/www.carnet.hr\/wp-content\/uploads\/2020\/10\/Digitalna-pristupa\u00fcnost-za-korisnike-s-o\u00c1te\u00dcenjima-sluha-.pdf&#8221; \/][\/et_pb_column][\/et_pb_row][et_pb_row _builder_version=&#8221;3.21.4&#8243; custom_margin=&#8221;10px|10px|10px|10px&#8221; custom_padding=&#8221;10px|10px|10px|10px&#8221; z_index_tablet=&#8221;500&#8243;][et_pb_column type=&#8221;1_3&#8243;][et_pb_image _builder_version=&#8221;3.21.4&#8243; src=&#8221;https:\/\/www.carnet.hr\/wp-content\/uploads\/2020\/10\/Digitalna-pristupa\u010dnost-za-slabovidne-korisnike.jpg&#8221; z_index_tablet=&#8221;500&#8243; url=&#8221;https:\/\/www.carnet.hr\/wp-content\/uploads\/2020\/10\/Digitalna-pristupa\u00fcnost-za-slabovidne-korisnike.pdf&#8221; \/][\/et_pb_column][et_pb_column type=&#8221;1_3&#8243;][et_pb_image _builder_version=&#8221;3.21.4&#8243; src=&#8221;https:\/\/www.carnet.hr\/wp-content\/uploads\/2020\/10\/Digitalna-prisupa\u010dnost-za-korisnike-s-motori\u010dkim-pote\u0161ko\u0107ama.jpg&#8221; z_index_tablet=&#8221;500&#8243; url=&#8221;https:\/\/www.carnet.hr\/wp-content\/uploads\/2020\/10\/Digitalna-pristupa\u00fcnost-za-korisnike-s-motori\u00fckim-pote\u00c1ko\u00dcama.pdf&#8221; \/][\/et_pb_column][et_pb_column type=&#8221;1_3&#8243;][et_pb_image _builder_version=&#8221;3.21.4&#8243; src=&#8221;https:\/\/www.carnet.hr\/wp-content\/uploads\/2020\/10\/Dizajn-za-korisnike-s-autizmom.jpg&#8221; z_index_tablet=&#8221;500&#8243; url=&#8221;https:\/\/www.carnet.hr\/wp-content\/uploads\/2020\/10\/Digitalna-pristupa\u00fcnost-za-korisnike-s-autizmom-1.pdf&#8221; \/][\/et_pb_column][\/et_pb_row][\/et_pb_section][et_pb_section bb_built=&#8221;1&#8243; admin_label=&#8221;Povezani sadr\u017eaj&#8221; specialty=&#8221;off&#8221; _builder_version=&#8221;3.19&#8243; module_class=&#8221;c-make-harm&#8221; prev_background_color=&#8221;#000000&#8243;][et_pb_row][et_pb_column type=&#8221;4_4&#8243;][et_pb_code admin_label=&#8221;Povezani sadr\u017eaj&#8221; _builder_version=&#8221;3.19&#8243;]\t\t\t<div class=\"c-poveznica pr c-poveznica--shad\" >\n\t\t\t<a class=\"c-poveznica__l link-stretched\" href=\"\/pristup-informacijama\/\" >\n\t\t\t\t<span class=\"t-s16 color--s-teal d-block\">Pristup informacijama<\/span>\n\t\t\t\t\t\t\t\t\t<span>Uz osiguravanje mre\u017ene pristupa\u010dnosti, CARNET svima osigurava pravo na pristup informacijama na jednak na\u010din i pod jednakim uvjetima, o \u010demu je vi\u0161e informacija dostupno putem ove poveznice.<\/span>\n\t\t\t\t\t\t\t\t\t<\/a>\n\t\t\t\t\t        <svg class=\"c-icon c-icon--arrow color--s-teal c-icon--22\">\n            <use xmlns:xlink=\"http:\/\/www.w3.org\/1999\/xlink\" xlink:href=\"#c-icon--arrow\"><\/use>\n        <\/svg>\n        \t\t\t<\/div>\n\t\t\t\t[\/et_pb_code][\/et_pb_column][\/et_pb_row][\/et_pb_section]\n","protected":false},"excerpt":{"rendered":"<p><div class=\"et_pb_row et_pb_row_0 et_pb_row_empty\">\n\t\t\t\t\n\t\t\t\t\n\t\t\t\t\n\t\t\t\t\n\t\t\t\t\n\t\t\t<\/div> Hrvatska akademska i istra\u017eiva\u010dka mre\u017ea &#8211; CARNET prepoznaje va\u017enost osiguravanja digitalne pristupa\u010dnosti za sve korisnike, s posebnim naglaskom na lak\u0161em pristupu javnim uslugama i informacijama osobama s invaliditetom, primjenjuju\u0107i, &#8230;<\/p>","protected":false},"author":2,"featured_media":0,"parent":0,"menu_order":11,"comment_status":"closed","ping_status":"closed","template":"","meta":{"_acf_changed":false,"_et_pb_use_builder":"on","_et_pb_old_content":"","_et_gb_content_width":"","footnotes":""},"class_list":["post-1025","page","type-page","status-publish","hentry"],"acf":[],"yoast_head":"<!-- This site is optimized with the Yoast SEO plugin v27.5 - https:\/\/yoast.com\/product\/yoast-seo-wordpress\/ -->\n<title>Pristupa\u010dnost - CARNET<\/title>\n<meta name=\"description\" content=\"CARNET prepoznaje va\u017enost osiguravanja digitalne pristupa\u010dnosti za sve korisnike i lak\u0161em pristupu javnim uslugama i informacijama osobama s invaliditetom.\" \/>\n<meta name=\"robots\" content=\"noindex, follow, max-snippet:-1, max-image-preview:large, max-video-preview:-1\" \/>\n<meta property=\"og:locale\" content=\"en_US\" \/>\n<meta property=\"og:type\" content=\"article\" \/>\n<meta property=\"og:title\" content=\"Pristupa\u010dnost - CARNET\" \/>\n<meta property=\"og:description\" content=\"CARNET prepoznaje va\u017enost osiguravanja digitalne pristupa\u010dnosti za sve korisnike i lak\u0161em pristupu javnim uslugama i informacijama osobama s invaliditetom.\" \/>\n<meta property=\"og:url\" content=\"https:\/\/www.carnet.hr\/en\/pristupacnost\/\" \/>\n<meta property=\"og:site_name\" content=\"CARNET\" \/>\n<meta property=\"article:publisher\" content=\"http:\/\/facebook.com\/CARNET.hr\/\" \/>\n<meta property=\"article:modified_time\" content=\"2025-10-08T12:19:42+00:00\" \/>\n<meta property=\"og:image\" content=\"https:\/\/www.carnet.hr\/wp-content\/uploads\/2021\/05\/pristupacnost3-1.jpg\" \/>\n\t<meta property=\"og:image:width\" content=\"600\" \/>\n\t<meta property=\"og:image:height\" content=\"337\" \/>\n\t<meta property=\"og:image:type\" content=\"image\/jpeg\" \/>\n<meta name=\"twitter:card\" content=\"summary_large_image\" \/>\n<meta name=\"twitter:site\" content=\"@CARNET_HR\" \/>\n<meta name=\"twitter:label1\" content=\"Est. reading time\" \/>\n\t<meta name=\"twitter:data1\" content=\"9 minutes\" \/>\n<script type=\"application\/ld+json\" class=\"yoast-schema-graph\">{\"@context\":\"https:\\\/\\\/schema.org\",\"@graph\":[{\"@type\":\"WebPage\",\"@id\":\"https:\\\/\\\/www.carnet.hr\\\/pristupacnost\\\/\",\"url\":\"https:\\\/\\\/www.carnet.hr\\\/pristupacnost\\\/\",\"name\":\"Pristupa\u010dnost - CARNET\",\"isPartOf\":{\"@id\":\"http:\\\/\\\/test-www.carnet.hr\\\/#website\"},\"datePublished\":\"2018-11-14T14:30:49+00:00\",\"dateModified\":\"2025-10-08T12:19:42+00:00\",\"description\":\"CARNET prepoznaje va\u017enost osiguravanja digitalne pristupa\u010dnosti za sve korisnike i lak\u0161em pristupu javnim uslugama i informacijama osobama s invaliditetom.\",\"breadcrumb\":{\"@id\":\"https:\\\/\\\/www.carnet.hr\\\/pristupacnost\\\/#breadcrumb\"},\"inLanguage\":\"en-US\",\"potentialAction\":[{\"@type\":\"ReadAction\",\"target\":[\"https:\\\/\\\/www.carnet.hr\\\/pristupacnost\\\/\"]}]},{\"@type\":\"BreadcrumbList\",\"@id\":\"https:\\\/\\\/www.carnet.hr\\\/pristupacnost\\\/#breadcrumb\",\"itemListElement\":[{\"@type\":\"ListItem\",\"position\":1,\"name\":\"Home\",\"item\":\"https:\\\/\\\/www.carnet.hr\\\/\"},{\"@type\":\"ListItem\",\"position\":2,\"name\":\"Pristupa\u010dnost\"}]},{\"@type\":\"WebSite\",\"@id\":\"http:\\\/\\\/test-www.carnet.hr\\\/#website\",\"url\":\"http:\\\/\\\/test-www.carnet.hr\\\/\",\"name\":\"CARNET\",\"description\":\"Znanje povezuje.\",\"potentialAction\":[{\"@type\":\"SearchAction\",\"target\":{\"@type\":\"EntryPoint\",\"urlTemplate\":\"http:\\\/\\\/test-www.carnet.hr\\\/?s={search_term_string}\"},\"query-input\":{\"@type\":\"PropertyValueSpecification\",\"valueRequired\":true,\"valueName\":\"search_term_string\"}}],\"inLanguage\":\"en-US\"}]}<\/script>\n<!-- \/ Yoast SEO plugin. -->","yoast_head_json":{"title":"Pristupa\u010dnost - CARNET","description":"CARNET prepoznaje va\u017enost osiguravanja digitalne pristupa\u010dnosti za sve korisnike i lak\u0161em pristupu javnim uslugama i informacijama osobama s invaliditetom.","robots":{"index":"noindex","follow":"follow","max-snippet":"max-snippet:-1","max-image-preview":"max-image-preview:large","max-video-preview":"max-video-preview:-1"},"og_locale":"en_US","og_type":"article","og_title":"Pristupa\u010dnost - CARNET","og_description":"CARNET prepoznaje va\u017enost osiguravanja digitalne pristupa\u010dnosti za sve korisnike i lak\u0161em pristupu javnim uslugama i informacijama osobama s invaliditetom.","og_url":"https:\/\/www.carnet.hr\/en\/pristupacnost\/","og_site_name":"CARNET","article_publisher":"http:\/\/facebook.com\/CARNET.hr\/","article_modified_time":"2025-10-08T12:19:42+00:00","og_image":[{"width":600,"height":337,"url":"https:\/\/www.carnet.hr\/wp-content\/uploads\/2021\/05\/pristupacnost3-1.jpg","type":"image\/jpeg"}],"twitter_card":"summary_large_image","twitter_site":"@CARNET_HR","twitter_misc":{"Est. reading time":"9 minutes"},"schema":{"@context":"https:\/\/schema.org","@graph":[{"@type":"WebPage","@id":"https:\/\/www.carnet.hr\/pristupacnost\/","url":"https:\/\/www.carnet.hr\/pristupacnost\/","name":"Pristupa\u010dnost - CARNET","isPartOf":{"@id":"http:\/\/test-www.carnet.hr\/#website"},"datePublished":"2018-11-14T14:30:49+00:00","dateModified":"2025-10-08T12:19:42+00:00","description":"CARNET prepoznaje va\u017enost osiguravanja digitalne pristupa\u010dnosti za sve korisnike i lak\u0161em pristupu javnim uslugama i informacijama osobama s invaliditetom.","breadcrumb":{"@id":"https:\/\/www.carnet.hr\/pristupacnost\/#breadcrumb"},"inLanguage":"en-US","potentialAction":[{"@type":"ReadAction","target":["https:\/\/www.carnet.hr\/pristupacnost\/"]}]},{"@type":"BreadcrumbList","@id":"https:\/\/www.carnet.hr\/pristupacnost\/#breadcrumb","itemListElement":[{"@type":"ListItem","position":1,"name":"Home","item":"https:\/\/www.carnet.hr\/"},{"@type":"ListItem","position":2,"name":"Pristupa\u010dnost"}]},{"@type":"WebSite","@id":"http:\/\/test-www.carnet.hr\/#website","url":"http:\/\/test-www.carnet.hr\/","name":"ABOUT","description":"Knowledge connects.","potentialAction":[{"@type":"SearchAction","target":{"@type":"EntryPoint","urlTemplate":"http:\/\/test-www.carnet.hr\/?s={search_term_string}"},"query-input":{"@type":"PropertyValueSpecification","valueRequired":true,"valueName":"search_term_string"}}],"inLanguage":"en-US"}]}},"_links":{"self":[{"href":"https:\/\/www.carnet.hr\/en\/wp-json\/wp\/v2\/pages\/1025","targetHints":{"allow":["GET"]}}],"collection":[{"href":"https:\/\/www.carnet.hr\/en\/wp-json\/wp\/v2\/pages"}],"about":[{"href":"https:\/\/www.carnet.hr\/en\/wp-json\/wp\/v2\/types\/page"}],"author":[{"embeddable":true,"href":"https:\/\/www.carnet.hr\/en\/wp-json\/wp\/v2\/users\/2"}],"replies":[{"embeddable":true,"href":"https:\/\/www.carnet.hr\/en\/wp-json\/wp\/v2\/comments?post=1025"}],"version-history":[{"count":0,"href":"https:\/\/www.carnet.hr\/en\/wp-json\/wp\/v2\/pages\/1025\/revisions"}],"wp:attachment":[{"href":"https:\/\/www.carnet.hr\/en\/wp-json\/wp\/v2\/media?parent=1025"}],"curies":[{"name":"wp","href":"https:\/\/api.w.org\/{rel}","templated":true}]}}