{"id":1068,"date":"2018-11-14T15:41:13","date_gmt":"2018-11-14T14:41:13","guid":{"rendered":"https:\/\/www.carnet.hr\/pojedinci\/"},"modified":"2025-11-24T22:35:29","modified_gmt":"2025-11-24T20:35:29","slug":"pojedinci","status":"publish","type":"page","link":"https:\/\/www.carnet.hr\/en\/pojedinci\/","title":{"rendered":"Individuals"},"content":{"rendered":"[et_pb_section bb_built=&#8221;1&#8243; admin_label=&#8221;Pojedinci&#8221; _builder_version=&#8221;3.19&#8243; next_background_color=&#8221;#000000&#8243;][et_pb_row][et_pb_column type=&#8221;4_4&#8243;][et_pb_text admin_label=&#8221;Pojedinci&#8221; _builder_version=&#8221;3.21.4&#8243; z_index_tablet=&#8221;500&#8243;]\n\t\t<div class=\"row px-2\">\n\t\t\t<div class=\"col-12 col-lg-10 offset-lg-1\">\n\t\t\t\n<p><strong>U\u010denici, u\u010ditelji, nastavnici, studenti, profesori, znanstvenici i zaposlenici u ustanovama \u010dlanicama CARNET-a posjeduju elektroni\u010dki identitet u sustavu AAI@EduHr koji omogu\u0107uje pristup CARNET mre\u017ei te kori\u0161tenje CARNET-ovih usluga.<\/strong><\/p>\n\t\t\t<\/div>\n\t\t<\/div>\n\t\t\t\n[\/et_pb_text][\/et_pb_column][\/et_pb_row][\/et_pb_section][et_pb_section bb_built=&#8221;1&#8243; admin_label=&#8221;Elektroni\u010dki identitet&#8221; _builder_version=&#8221;3.19&#8243; module_class=&#8221;c-make-harm&#8221; prev_background_color=&#8221;#000000&#8243; next_background_color=&#8221;#000000&#8243;][et_pb_row][et_pb_column type=&#8221;4_4&#8243;][et_pb_text admin_label=&#8221;Elektroni\u010dki identitet&#8221; _builder_version=&#8221;3.21.4&#8243; z_index_tablet=&#8221;500&#8243;]\n<p>Elektroni\u010dki identitet u sustavu <a href=\"https:\/\/www.aaiedu.hr\/\" target=\"_blank\" rel=\"noopener noreferrer\">AAI@EduHr<\/a> je virtualni identitet, koji dobivaju pojedina\u010dni korisnici u svojim ustanovama \u010dlanicama CARNET-a (\u0161kole, fakulteti, instituti) i koji im omogu\u0107uje kori\u0161tenje CARNET-ovih usluga.<\/p>\n<p>Elektroni\u010dki identitet slu\u017ei pri autentikaciji i autorizaciji za razne CARNET-ove usluge te je nu\u017ean za ostvarivanje prava na njihovo kori\u0161tenje.<\/p>\n<p>U \u0161koli u\u010denicima i nastavnicima elektroni\u010dki identitet otvara administrator imenika. Popis administratora, kojima se korisnici mogu obratiti za otvaranje elektroni\u010dkog identiteta, dostupan je putem <a href=\"https:\/\/helpdesk.carnet.hr\/huso\/index.php?a=AI\" target=\"_blank\" rel=\"noopener noreferrer\">tra\u017eilice administratora.<\/a><\/p>\n<p>Studenti i profesori te zaposlenici instituta tako\u0111er mogu otvoriti elektroni\u010dki identitet u svojim ustanovama. Popis mati\u010dnih ustanova i ovla\u0161tenih osoba, kojima se korisnici mogu obratiti za dobivanje elektroni\u010dkog identiteta, nalazi se <a href=\"https:\/\/www.aaiedu.hr\/statistika-i-stanje-sustava\/maticne-ustanove\/popis\" target=\"_blank\" rel=\"noopener noreferrer\">ovdje<\/a>.<\/p>\n<p>Registrirani znanstvenici, \u010dija mati\u010dna ustanova nije u sustavu AAI@EduHr, mogu dobiti elektroni\u010dki identitet na Javnom poslu\u017eitelju CARNET-a preko <a class=\"remarkup-link\" href=\"https:\/\/pubadm.carnet.hr\/registration\" target=\"_blank\" rel=\"noopener noreferrer\">online registracije<\/a>.<\/p>\n[\/et_pb_text][\/et_pb_column][\/et_pb_row][\/et_pb_section][et_pb_section bb_built=&#8221;1&#8243; admin_label=&#8221;CARNET za u\u010denike&#8221; _builder_version=&#8221;3.19&#8243; module_class=&#8221;c-make-harm&#8221; prev_background_color=&#8221;#000000&#8243; next_background_color=&#8221;#000000&#8243;][et_pb_row][et_pb_column type=&#8221;4_4&#8243;][et_pb_text admin_label=&#8221;CARNET za u\u010denike&#8221; _builder_version=&#8221;3.21.4&#8243; z_index_tablet=&#8221;500&#8243;]\n<p>CARNET u\u010denicima nudi niz usluga:<\/p>\n<ul>\n<li><a class=\"remarkup-link\" href=\"https:\/\/portal.office.com\" target=\"_blank\" rel=\"noopener noreferrer\">Microsoft 365 za \u0161kole<\/a> &#8211; besplatan pristup Office365 alatima (potrebna prethodna jednokratna aktivacija putem korisni\u010dkog portala <a href=\"https:\/\/info.carnet.hr\/\" target=\"_blank\" rel=\"noopener\">CARNET info<\/a>)<\/li>\n<li><a href=\"https:\/\/www.carnet.hr\/usluga\/google-workspace\/\" target=\"_blank\" rel=\"noopener\">Google Workspace for Education<\/a> &#8211; besplatan pristup do Google alata i usluga\u00a0(potrebna prethodna jednokratna aktivacija putem korisni\u010dkog portala <a href=\"https:\/\/info.carnet.hr\/\" target=\"_blank\" rel=\"noopener\">CARNET info<\/a>)<\/li>\n<li><a class=\"remarkup-link\" href=\"https:\/\/ocjene.skole.hr\/pocetna\/prijava\" target=\"_blank\" rel=\"noopener noreferrer\">e-Dnevnik za u\u010denike<\/a><\/li>\n<li><a class=\"remarkup-link\" href=\"https:\/\/lektire.skole.hr\/\" target=\"_blank\" rel=\"noopener noreferrer\">e-lektire<\/a><\/li>\n<li><a href=\"https:\/\/edutorij.carnet.hr\/e-skole\/digitalni-obrazovni-sadrzaj\" target=\"_blank\" rel=\"noopener\">e-\u0160kole digitalni obrazovni sadr\u017eaji (DOS-ovi)<\/a><\/li>\n<li><a href=\"https:\/\/edutorij.carnet.hr\/e-skole\/interaktivni-sadrzaji-za-medupredmetne-teme\" target=\"_blank\" rel=\"noopener\">e-\u0160kole interaktivni sadr\u017eaji za me\u0111upredmetne teme<\/a><\/li>\n<\/ul>\n[\/et_pb_text][\/et_pb_column][\/et_pb_row][\/et_pb_section][et_pb_section bb_built=&#8221;1&#8243; admin_label=&#8221;CARNET za u\u010ditelje i nastavnike&#8221; _builder_version=&#8221;3.19&#8243; module_class=&#8221;c-make-harm&#8221; prev_background_color=&#8221;#000000&#8243; next_background_color=&#8221;#000000&#8243;][et_pb_row][et_pb_column type=&#8221;4_4&#8243;][et_pb_text admin_label=&#8221;CARNET za u\u010ditelje i nastavnike&#8221; _builder_version=&#8221;3.21.4&#8243; z_index_tablet=&#8221;500&#8243;]\n<p>Kako bi im olak\u0161ao primjenu informacijsko-komunikacijskih tehnologija u radu, CARNET je za u\u010ditelje i nastavnike razvio niz usluga:<\/p>\n<ul>\n<li><a class=\"remarkup-link\" href=\"https:\/\/portal.office.com\/\" target=\"_blank\" rel=\"noopener noreferrer\">Microsoft 365 za \u0161kole <\/a>&#8211; besplatan pristup Office365 alatima\u00a0(potrebna prethodna jednokratna aktivacija putem korisni\u010dkog portala <a href=\"https:\/\/info.carnet.hr\/\" target=\"_blank\" rel=\"noopener\">CARNET info<\/a>)<\/li>\n<li><a href=\"https:\/\/www.carnet.hr\/usluga\/google-workspace\/\" target=\"_blank\" rel=\"noopener\">Google Workspace for Education<\/a> &#8211; besplatan pristup do Google alata i usluga\u00a0(potrebna prethodna jednokratna aktivacija putem korisni\u010dkog portala <a href=\"https:\/\/info.carnet.hr\/\" target=\"_blank\" rel=\"noopener\">CARNET info<\/a>)<\/li>\n<li><a class=\"remarkup-link\" href=\"https:\/\/edutorij.carnet.hr\/\" target=\"_blank\" rel=\"noopener noreferrer\">Edutorij<\/a> &#8211; repozitorij digitalnih obrazovnih sadr\u017eaja<\/li>\n<li><a class=\"remarkup-link\" href=\"https:\/\/loomen.carnet.hr\/\" target=\"_blank\" rel=\"noopener noreferrer\">Moodle\/Loomen<\/a>\u00a0&#8211; programski alat za izradu elektroni\u010dkih obrazovnih sadr\u017eaja te odr\u017eavanje nastave na daljinu<\/li>\n<li>portal\u00a0<a class=\"remarkup-link\" href=\"http:\/\/e-laboratorij.carnet.hr\/\" target=\"_blank\" rel=\"noopener noreferrer\">e-Laboratorij<\/a>\u00a0&#8211; informacije o alatima, sustavima i aplikacijama na podru\u010dju e-u\u010denja<\/li>\n<li><a href=\"https:\/\/edutorij.carnet.hr\/e-skole\/scenariji-poucavanja\" target=\"_blank\" rel=\"noopener\">e-\u0160kole scenariji pou\u010davanja<\/a><\/li>\n<li><a class=\"remarkup-link\" href=\"https:\/\/cuc.carnet.hr\/\" target=\"_blank\" rel=\"noopener noreferrer\">CARNET-ova konferencija za korisnike &#8211; CUC<\/a> \u2013 mjesto je okupljanja, stjecanja i razmjene znanja te prezentacija vlastitih iskustava primjene IKT-a u nastavi<\/li>\n<li><a href=\"https:\/\/www.carnet.hr\/usluga\/carnetove-edukacije\/\">CARNET-ove edukacije<\/a> &#8211; <span style=\"font-weight: 400;\">pru\u017eaju podr\u0161ku razvoju digitalnih kompetencija obrazovne i akademske zajednice. Teme edukacija su usmjerene na svrsishodno i u\u010dinkovito kori\u0161tenje digitalnih tehnologija u u\u010denju i pou\u010davanju kao i poslovanju obrazovnih ustanova.<\/span><\/li>\n<li><a href=\"https:\/\/www.carnet.hr\/usluga\/carnet-zimbra\/\">CARNET Zimbra<\/a> &#8211; Webmail sustav Zimbra mo\u017ee koristiti svaki korisnik s elektroni\u010dkim identitetom, pri \u010demu je potrebno imati aktivan korisni\u010dki ra\u010dun na nekom od poslu\u017eitelja elektroni\u010dke po\u0161te ustanova \u010dlanica CARNET-a<\/li>\n<li><a href=\"https:\/\/ema.carnet.hr\/\" target=\"_blank\" rel=\"noopener noreferrer\">Aplikacija za organizaciju i pra\u0107enje edukacije \u2013 EMA<\/a> &#8211; centralno mjesto za prijavu svih korisnika iz osnovno\u0161kolskog i srednjo\u0161kolskog sustava na stru\u010dna usavr\u0161avanja.<\/li>\n<\/ul>\n[\/et_pb_text][\/et_pb_column][\/et_pb_row][\/et_pb_section][et_pb_section bb_built=&#8221;1&#8243; admin_label=&#8221;CARNET-ove po\u010detnice&#8221; _builder_version=&#8221;3.21.4&#8243; module_class=&#8221;c-make-harm&#8221; prev_background_color=&#8221;#000000&#8243; z_index_tablet=&#8221;500&#8243; module_id=&#8221;pocetnice&#8221;][et_pb_row _builder_version=&#8221;3.21.4&#8243;][et_pb_column type=&#8221;4_4&#8243;][et_pb_text admin_label=&#8221;CARNET-ove po\u010detnice&#8221; _builder_version=&#8221;3.21.4&#8243; z_index_tablet=&#8221;500&#8243;]\n<p>\n\t\t\t<div class=\"c-poveznica pr c-poveznica--shad\" >\n\t\t\t<a class=\"c-poveznica__l link-stretched\" href=\"https:\/\/www.carnet.hr\/wp-content\/uploads\/2025\/11\/Poc\u030cetnica-za-ravnatelje.pdf\" target=\"_blank\">\n\t\t\t\t<span class=\"t-s16 color--s-teal d-block\">Po\u010detnica za ravnatelje<\/span>\n\t\t\t\t\t\t\t\t<\/a>\n\t\t\t\t\t        <svg class=\"c-icon c-icon--arrow color--s-teal c-icon--22\">\n            <use xmlns:xlink=\"http:\/\/www.w3.org\/1999\/xlink\" xlink:href=\"#c-icon--arrow\"><\/use>\n        <\/svg>\n        \t\t\t<\/div>\n\t\t\t\t\t\t\t<div class=\"c-poveznica pr c-poveznica--shad\" >\n\t\t\t<a class=\"c-poveznica__l link-stretched\" href=\"https:\/\/www.carnet.hr\/wp-content\/uploads\/2025\/11\/Poc\u030cetnica-za-uc\u030cenike-i-roditelje.pdf\" target=\"_blank\">\n\t\t\t\t<span class=\"t-s16 color--s-teal d-block\">Po\u010detnica za u\u010denike i roditelje<\/span>\n\t\t\t\t\t\t\t\t<\/a>\n\t\t\t\t\t        <svg class=\"c-icon c-icon--arrow color--s-teal c-icon--22\">\n            <use xmlns:xlink=\"http:\/\/www.w3.org\/1999\/xlink\" xlink:href=\"#c-icon--arrow\"><\/use>\n        <\/svg>\n        \t\t\t<\/div>\n\t\t\t\t\t\t\t<div class=\"c-poveznica pr c-poveznica--shad\" >\n\t\t\t<a class=\"c-poveznica__l link-stretched\" href=\"https:\/\/www.carnet.hr\/wp-content\/uploads\/2025\/11\/Poc\u030cetnica-za-uc\u030citelje-i-nastavnike.pdf\" target=\"_blank\">\n\t\t\t\t<span class=\"t-s16 color--s-teal d-block\">Po\u010detnica za u\u010ditelje i nastavnike<\/span>\n\t\t\t\t\t\t\t\t<\/a>\n\t\t\t\t\t        <svg class=\"c-icon c-icon--arrow color--s-teal c-icon--22\">\n            <use xmlns:xlink=\"http:\/\/www.w3.org\/1999\/xlink\" xlink:href=\"#c-icon--arrow\"><\/use>\n        <\/svg>\n        \t\t\t<\/div>\n\t\t\t\t\t\t\t<div class=\"c-poveznica pr c-poveznica--shad\" >\n\t\t\t<a class=\"c-poveznica__l link-stretched\" href=\"https:\/\/www.carnet.hr\/wp-content\/uploads\/2025\/11\/Poc\u030cetnica-za-administratore.pdf\" target=\"_blank\">\n\t\t\t\t<span class=\"t-s16 color--s-teal d-block\">Po\u010detnica za administratore<\/span>\n\t\t\t\t\t\t\t\t<\/a>\n\t\t\t\t\t        <svg class=\"c-icon c-icon--arrow color--s-teal c-icon--22\">\n            <use xmlns:xlink=\"http:\/\/www.w3.org\/1999\/xlink\" xlink:href=\"#c-icon--arrow\"><\/use>\n        <\/svg>\n        \t\t\t<\/div>\n\t\t\t\t\t\t\t<div class=\"c-poveznica pr c-poveznica--shad\" >\n\t\t\t<a class=\"c-poveznica__l link-stretched\" href=\"https:\/\/www.carnet.hr\/wp-content\/uploads\/2025\/11\/Poc\u030cetnice-za-STP-a-1.pdf\" target=\"_blank\">\n\t\t\t\t<span class=\"t-s16 color--s-teal d-block\">Po\u010detnica za STP-a<\/span>\n\t\t\t\t\t\t\t\t<\/a>\n\t\t\t\t\t        <svg class=\"c-icon c-icon--arrow color--s-teal c-icon--22\">\n            <use xmlns:xlink=\"http:\/\/www.w3.org\/1999\/xlink\" xlink:href=\"#c-icon--arrow\"><\/use>\n        <\/svg>\n        \t\t\t<\/div>\n\t\t\t\t\n[\/et_pb_text][\/et_pb_column][\/et_pb_row][\/et_pb_section]\n","protected":false},"excerpt":{"rendered":"<p><div class=\"et_pb_row et_pb_row_0 et_pb_row_empty\">\n\t\t\t\t\n\t\t\t\t\n\t\t\t\t\n\t\t\t\t\n\t\t\t\t\n\t\t\t<\/div> \t\t<div class=\"row px-2\">\n\t\t\t<div class=\"col-12 col-lg-10 offset-lg-1\">\n\t\t\t U\u010denici, u\u010ditelji, nastavnici, studenti, profesori, znanstvenici i zaposlenici u ustanovama \u010dlanicama CARNET-a posjeduju elektroni\u010dki identitet u sustavu AAI@EduHr koji omogu\u0107uje pristup CARNET mre\u017ei te kori\u0161tenje CARNET-ovih usluga. \t\t\t<\/div>\n\t\t<\/div>\n\t\t\t &#8230;<\/p>","protected":false},"author":2,"featured_media":0,"parent":0,"menu_order":13,"comment_status":"closed","ping_status":"closed","template":"","meta":{"_acf_changed":false,"_et_pb_use_builder":"on","_et_pb_old_content":"","_et_gb_content_width":"","footnotes":""},"class_list":["post-1068","page","type-page","status-publish","hentry"],"acf":[],"yoast_head":"<!-- This site is optimized with the Yoast SEO plugin v27.5 - https:\/\/yoast.com\/product\/yoast-seo-wordpress\/ -->\n<title>Pojedinci - CARNET<\/title>\n<meta name=\"description\" content=\"Pojedina\u010dni korisnici u ustanovama \u010dlanicama CARNET-a dobivaju elektroni\u010dki identitet u sustavu AAI@EduHr koji im omogu\u0107uje kori\u0161tenje CARNET-ovim uslugama.\" \/>\n<meta name=\"robots\" content=\"noindex, follow, max-snippet:-1, max-image-preview:large, max-video-preview:-1\" \/>\n<meta property=\"og:locale\" content=\"en_US\" \/>\n<meta property=\"og:type\" content=\"article\" \/>\n<meta property=\"og:title\" content=\"Pojedinci - CARNET\" \/>\n<meta property=\"og:description\" content=\"Pojedina\u010dni korisnici u ustanovama \u010dlanicama CARNET-a dobivaju elektroni\u010dki identitet u sustavu AAI@EduHr koji im omogu\u0107uje kori\u0161tenje CARNET-ovim uslugama.\" \/>\n<meta property=\"og:url\" content=\"https:\/\/www.carnet.hr\/en\/pojedinci\/\" \/>\n<meta property=\"og:site_name\" content=\"CARNET\" \/>\n<meta property=\"article:publisher\" content=\"http:\/\/facebook.com\/CARNET.hr\/\" \/>\n<meta property=\"article:modified_time\" content=\"2025-11-24T20:35:29+00:00\" \/>\n<meta property=\"og:image\" content=\"https:\/\/www.carnet.hr\/wp-content\/uploads\/2019\/06\/facebook_OG_image.png\" \/>\n\t<meta property=\"og:image:width\" content=\"1200\" \/>\n\t<meta property=\"og:image:height\" content=\"630\" \/>\n\t<meta property=\"og:image:type\" content=\"image\/png\" \/>\n<meta name=\"twitter:card\" content=\"summary_large_image\" \/>\n<meta name=\"twitter:site\" content=\"@CARNET_HR\" \/>\n<meta name=\"twitter:label1\" content=\"Est. reading time\" \/>\n\t<meta name=\"twitter:data1\" content=\"4 minutes\" \/>\n<script type=\"application\/ld+json\" class=\"yoast-schema-graph\">{\"@context\":\"https:\\\/\\\/schema.org\",\"@graph\":[{\"@type\":\"WebPage\",\"@id\":\"https:\\\/\\\/www.carnet.hr\\\/pojedinci\\\/\",\"url\":\"https:\\\/\\\/www.carnet.hr\\\/pojedinci\\\/\",\"name\":\"Pojedinci - CARNET\",\"isPartOf\":{\"@id\":\"http:\\\/\\\/test-www.carnet.hr\\\/#website\"},\"datePublished\":\"2018-11-14T14:41:13+00:00\",\"dateModified\":\"2025-11-24T20:35:29+00:00\",\"description\":\"Pojedina\u010dni korisnici u ustanovama \u010dlanicama CARNET-a dobivaju elektroni\u010dki identitet u sustavu AAI@EduHr koji im omogu\u0107uje kori\u0161tenje CARNET-ovim uslugama.\",\"breadcrumb\":{\"@id\":\"https:\\\/\\\/www.carnet.hr\\\/pojedinci\\\/#breadcrumb\"},\"inLanguage\":\"en-US\",\"potentialAction\":[{\"@type\":\"ReadAction\",\"target\":[\"https:\\\/\\\/www.carnet.hr\\\/pojedinci\\\/\"]}]},{\"@type\":\"BreadcrumbList\",\"@id\":\"https:\\\/\\\/www.carnet.hr\\\/pojedinci\\\/#breadcrumb\",\"itemListElement\":[{\"@type\":\"ListItem\",\"position\":1,\"name\":\"Home\",\"item\":\"https:\\\/\\\/www.carnet.hr\\\/\"},{\"@type\":\"ListItem\",\"position\":2,\"name\":\"Pojedinci\"}]},{\"@type\":\"WebSite\",\"@id\":\"http:\\\/\\\/test-www.carnet.hr\\\/#website\",\"url\":\"http:\\\/\\\/test-www.carnet.hr\\\/\",\"name\":\"CARNET\",\"description\":\"Znanje povezuje.\",\"potentialAction\":[{\"@type\":\"SearchAction\",\"target\":{\"@type\":\"EntryPoint\",\"urlTemplate\":\"http:\\\/\\\/test-www.carnet.hr\\\/?s={search_term_string}\"},\"query-input\":{\"@type\":\"PropertyValueSpecification\",\"valueRequired\":true,\"valueName\":\"search_term_string\"}}],\"inLanguage\":\"en-US\"}]}<\/script>\n<!-- \/ Yoast SEO plugin. -->","yoast_head_json":{"title":"Pojedinci - CARNET","description":"Pojedina\u010dni korisnici u ustanovama \u010dlanicama CARNET-a dobivaju elektroni\u010dki identitet u sustavu AAI@EduHr koji im omogu\u0107uje kori\u0161tenje CARNET-ovim uslugama.","robots":{"index":"noindex","follow":"follow","max-snippet":"max-snippet:-1","max-image-preview":"max-image-preview:large","max-video-preview":"max-video-preview:-1"},"og_locale":"en_US","og_type":"article","og_title":"Pojedinci - CARNET","og_description":"Pojedina\u010dni korisnici u ustanovama \u010dlanicama CARNET-a dobivaju elektroni\u010dki identitet u sustavu AAI@EduHr koji im omogu\u0107uje kori\u0161tenje CARNET-ovim uslugama.","og_url":"https:\/\/www.carnet.hr\/en\/pojedinci\/","og_site_name":"CARNET","article_publisher":"http:\/\/facebook.com\/CARNET.hr\/","article_modified_time":"2025-11-24T20:35:29+00:00","og_image":[{"width":1200,"height":630,"url":"https:\/\/www.carnet.hr\/wp-content\/uploads\/2019\/06\/facebook_OG_image.png","type":"image\/png"}],"twitter_card":"summary_large_image","twitter_site":"@CARNET_HR","twitter_misc":{"Est. reading time":"4 minutes"},"schema":{"@context":"https:\/\/schema.org","@graph":[{"@type":"WebPage","@id":"https:\/\/www.carnet.hr\/pojedinci\/","url":"https:\/\/www.carnet.hr\/pojedinci\/","name":"Pojedinci - CARNET","isPartOf":{"@id":"http:\/\/test-www.carnet.hr\/#website"},"datePublished":"2018-11-14T14:41:13+00:00","dateModified":"2025-11-24T20:35:29+00:00","description":"Pojedina\u010dni korisnici u ustanovama \u010dlanicama CARNET-a dobivaju elektroni\u010dki identitet u sustavu AAI@EduHr koji im omogu\u0107uje kori\u0161tenje CARNET-ovim uslugama.","breadcrumb":{"@id":"https:\/\/www.carnet.hr\/pojedinci\/#breadcrumb"},"inLanguage":"en-US","potentialAction":[{"@type":"ReadAction","target":["https:\/\/www.carnet.hr\/pojedinci\/"]}]},{"@type":"BreadcrumbList","@id":"https:\/\/www.carnet.hr\/pojedinci\/#breadcrumb","itemListElement":[{"@type":"ListItem","position":1,"name":"Home","item":"https:\/\/www.carnet.hr\/"},{"@type":"ListItem","position":2,"name":"Pojedinci"}]},{"@type":"WebSite","@id":"http:\/\/test-www.carnet.hr\/#website","url":"http:\/\/test-www.carnet.hr\/","name":"ABOUT","description":"Knowledge connects.","potentialAction":[{"@type":"SearchAction","target":{"@type":"EntryPoint","urlTemplate":"http:\/\/test-www.carnet.hr\/?s={search_term_string}"},"query-input":{"@type":"PropertyValueSpecification","valueRequired":true,"valueName":"search_term_string"}}],"inLanguage":"en-US"}]}},"_links":{"self":[{"href":"https:\/\/www.carnet.hr\/en\/wp-json\/wp\/v2\/pages\/1068","targetHints":{"allow":["GET"]}}],"collection":[{"href":"https:\/\/www.carnet.hr\/en\/wp-json\/wp\/v2\/pages"}],"about":[{"href":"https:\/\/www.carnet.hr\/en\/wp-json\/wp\/v2\/types\/page"}],"author":[{"embeddable":true,"href":"https:\/\/www.carnet.hr\/en\/wp-json\/wp\/v2\/users\/2"}],"replies":[{"embeddable":true,"href":"https:\/\/www.carnet.hr\/en\/wp-json\/wp\/v2\/comments?post=1068"}],"version-history":[{"count":0,"href":"https:\/\/www.carnet.hr\/en\/wp-json\/wp\/v2\/pages\/1068\/revisions"}],"wp:attachment":[{"href":"https:\/\/www.carnet.hr\/en\/wp-json\/wp\/v2\/media?parent=1068"}],"curies":[{"name":"wp","href":"https:\/\/api.w.org\/{rel}","templated":true}]}}