{"id":1071,"date":"2018-11-14T15:41:13","date_gmt":"2018-11-14T14:41:13","guid":{"rendered":"https:\/\/www.carnet.hr\/carnet-koordinatori\/"},"modified":"2025-06-10T09:27:33","modified_gmt":"2025-06-10T07:27:33","slug":"carnet-koordinatori","status":"publish","type":"page","link":"https:\/\/www.carnet.hr\/en\/carnet-koordinatori\/","title":{"rendered":"CARNET Coordinator"},"content":{"rendered":"[et_pb_section bb_built=&#8221;1&#8243; admin_label=&#8221;CARNET koordinatori&#8221; next_background_color=&#8221;#000000&#8243; _builder_version=&#8221;3.19&#8243; module_class=&#8221;c-make-harm&#8221;][et_pb_row][et_pb_column type=&#8221;4_4&#8243;][et_pb_text admin_label=&#8221;CARNET koordinatori&#8221; _builder_version=&#8221;3.21.4&#8243; z_index_tablet=&#8221;500&#8243;]\n<p>CARNET koordinator slu\u017ebeni je predstavnik ustanove \u010dlanice. On mora biti djelatnik \u010dlanice, a imenuje ga dekan ili ravnatelj. Za imenovanje CARNET koordinatora potrebno je ispuniti <a href=\"https:\/\/www.carnet.hr\/wp-content\/uploads\/2025\/06\/Obrazac-za-imenovanje-CN-koordinatora.docx\">odgovaraju\u0107i obrazac<\/a>.<\/p>\n<p>Kao slu\u017ebeni predstavnik svoje ustanove, CARNET koordinator treba imati uvid u op\u0107u sliku djelovanja ustanove te uvid u stanje i planove uporabe informacijskih tehnologija u ustanovi. Nu\u017eno je da osoba koja obavlja tu funkciju ima znanje i organizacijske sposobnosti kako bi koordinirala i organizirala uporabu i primjenu CARNET-ovih resursa u \u010dlanici.<\/p>\n<p>U slu\u010daju promjene imenovane osobe ustanova \u010dlanica du\u017ena je imenovati novoga koordinatora, \u010dime se stari koordinator razrje\u0161ava du\u017enosti. Ako do\u0111e do promjene podataka za kontakt ustanove, koordinator je o tome du\u017ean obavijestiti CARNET.<\/p>\n<p>Svi CARNET koordinatori \u010dine Vije\u0107e korisnika, savjetodavno tijelo ravnatelja CARNET-a, koje se sastaje prema potrebi te mo\u017ee utjecati na kvalitetu CARNET-ovih usluga i inicirati nove usluge i aktivnosti CARNET-a.<\/p>\n<p>Funkcija CARNET koordinatora uklju\u010duje:<\/p>\n<ul class=\"remarkup-list\">\n<li class=\"remarkup-list-item\">organizaciju otvaranja elektroni\u010dkoga identiteta u sustavu AAI@EduHr za kori\u0161tenje CARNET-ovih usluga<\/li>\n<li class=\"remarkup-list-item\">obavje\u0161tavanje djelatnika i studenata ustanove o mogu\u0107nostima kori\u0161tenja usluga koje nudi CARNET (putem uvodnih predavanja za studente ili sastanaka vije\u0107a nastavnika, oglasnih plo\u010da i sl.) i poticanje da se njima slu\u017ee<\/li>\n<li class=\"remarkup-list-item\">obavje\u0161tavanja CARNET-a o potrebama ustanove<\/li>\n<li class=\"remarkup-list-item\">pravodobno dostavljanje a\u017eurnih administrativnih podataka<\/li>\n<li class=\"remarkup-list-item\">aktivno sudjelovanje u radu Vije\u0107a korisnika<\/li>\n<li class=\"remarkup-list-item\">ispunjavanje ankete Godi\u0161njih izvje\u0161taja o iskori\u0161tenosti CARNET-ovih resursa u svojoj ustanovi koju Slu\u017eba za korisnike provodi u suradnji s Ministarstvom znanosti i obrazovanja.<\/li>\n<\/ul>\n<p>*CARNET koordinator je funkcija povezana s odnosima CARNET-a i \u010dlanice te nije radno mjesto. Stav CARNET koordinatora smatra se slu\u017ebenim stavom \u010dlanice.<\/p>\n<p>Prava i obaveze CARNET koordinatora opisane su u slu\u017ebenome <a href=\"https:\/\/www.carnet.hr\/wp-content\/uploads\/2019\/11\/CDA0033.pdf\" target=\"_blank\" rel=\"noopener noreferrer\">dokumentu CDA0033<\/a>.\u00a0<\/p>\n[\/et_pb_text][\/et_pb_column][\/et_pb_row][\/et_pb_section][et_pb_section bb_built=&#8221;1&#8243; admin_label=&#8221;Va\u017eni dokumenti&#8221; specialty=&#8221;off&#8221; _builder_version=&#8221;3.19&#8243; module_class=&#8221;c-make-harm&#8221; prev_background_color=&#8221;#000000&#8243; next_background_color=&#8221;#000000&#8243;][et_pb_row][et_pb_column type=&#8221;4_4&#8243;][et_pb_text admin_label=&#8221;koordinatori.docx&#8221; _builder_version=&#8221;3.21.4&#8243; saved_tabs=&#8221;all&#8221; z_index_tablet=&#8221;500&#8243;]\n\n[\/et_pb_text][\/et_pb_column][\/et_pb_row][et_pb_row][et_pb_column type=&#8221;4_4&#8243;][et_pb_text admin_label=&#8221;CDA0033&#8243; _builder_version=&#8221;3.21.4&#8243; saved_tabs=&#8221;all&#8221; z_index_tablet=&#8221;500&#8243;]\n\t\t\t<div class=\"c-poveznica pr c-poveznica--shad\" >\n\t\t\t<a class=\"c-poveznica__l link-stretched\" href=\"https:\/\/www.carnet.hr\/wp-content\/uploads\/2019\/11\/CDA0033.pdf\" target=\"_blank\">\n\t\t\t\t<span class=\"t-s16 color--s-teal d-block\">CDA0033 - Odluka o predstavnicima \u010dlanice u odnosima s CARNET-om<\/span>\n\t\t\t\t\t\t\t\t<\/a>\n\t\t\t\t\t        <svg class=\"c-icon c-icon--arrow color--s-teal c-icon--22\">\n            <use xmlns:xlink=\"http:\/\/www.w3.org\/1999\/xlink\" xlink:href=\"#c-icon--arrow\"><\/use>\n        <\/svg>\n        \t\t\t<\/div>\n\t\t\t\t\n[\/et_pb_text][\/et_pb_column][\/et_pb_row][\/et_pb_section][et_pb_section bb_built=&#8221;1&#8243; admin_label=&#8221;Popis CARNET koordinatora&#8221; specialty=&#8221;off&#8221; _builder_version=&#8221;3.17.6&#8243; module_class=&#8221;c-make-harm&#8221; prev_background_color=&#8221;#000000&#8243;][et_pb_row][et_pb_column type=&#8221;4_4&#8243;][et_pb_code admin_label=&#8221;Popis koordinatora&#8221; _builder_version=&#8221;3.19.14&#8243;]<div class=\"c-koordinatori\" data-nonce=\"62058b590e\">\r\n  <div class=\"c-koordinatori__preloader\">\r\n        <div class=\"c-preloader \">\r\n        <div><\/div>\r\n        <div><\/div>\r\n        <div><\/div>\r\n    <\/div>\r\n      <\/div>\r\n  <div class=\"c-koordinatori__content\">\r\n    <div class=\"row\">\r\n    <\/div>\r\n  <\/div>\r\n<\/div>\r\n[\/et_pb_code][\/et_pb_column][\/et_pb_row][\/et_pb_section]\n","protected":false},"excerpt":{"rendered":"<p><div class=\"et_pb_row et_pb_row_0 et_pb_row_empty\">\n\t\t\t\t\n\t\t\t\t\n\t\t\t\t\n\t\t\t\t\n\t\t\t\t\n\t\t\t<\/div> CARNET koordinator slu\u017ebeni je predstavnik ustanove \u010dlanice. On mora biti djelatnik \u010dlanice, a imenuje ga dekan ili ravnatelj. Za imenovanje CARNET koordinatora potrebno je ispuniti odgovaraju\u0107i obrazac.Kao slu\u017ebeni predstavnik &#8230;<\/p>","protected":false},"author":2,"featured_media":0,"parent":0,"menu_order":16,"comment_status":"closed","ping_status":"closed","template":"","meta":{"_acf_changed":false,"_et_pb_use_builder":"on","_et_pb_old_content":"","_et_gb_content_width":"","footnotes":""},"class_list":["post-1071","page","type-page","status-publish","hentry"],"acf":[],"yoast_head":"<!-- This site is optimized with the Yoast SEO plugin v27.5 - https:\/\/yoast.com\/product\/yoast-seo-wordpress\/ -->\n<title>CARNET koordinatori - CARNET<\/title>\n<meta name=\"robots\" content=\"noindex, follow, max-snippet:-1, max-image-preview:large, max-video-preview:-1\" \/>\n<meta property=\"og:locale\" content=\"en_US\" \/>\n<meta property=\"og:type\" content=\"article\" \/>\n<meta property=\"og:title\" content=\"CARNET koordinatori - CARNET\" \/>\n<meta property=\"og:url\" content=\"https:\/\/www.carnet.hr\/en\/carnet-koordinatori\/\" \/>\n<meta property=\"og:site_name\" content=\"CARNET\" \/>\n<meta property=\"article:publisher\" content=\"http:\/\/facebook.com\/CARNET.hr\/\" \/>\n<meta property=\"article:modified_time\" content=\"2025-06-10T07:27:33+00:00\" \/>\n<meta property=\"og:image\" content=\"https:\/\/www.carnet.hr\/wp-content\/uploads\/2019\/06\/facebook_OG_image.png\" \/>\n\t<meta property=\"og:image:width\" content=\"1200\" \/>\n\t<meta property=\"og:image:height\" content=\"630\" \/>\n\t<meta property=\"og:image:type\" content=\"image\/png\" \/>\n<meta name=\"twitter:card\" content=\"summary_large_image\" \/>\n<meta name=\"twitter:site\" content=\"@CARNET_HR\" \/>\n<meta name=\"twitter:label1\" content=\"Est. reading time\" \/>\n\t<meta name=\"twitter:data1\" content=\"2 minutes\" \/>\n<script type=\"application\/ld+json\" class=\"yoast-schema-graph\">{\"@context\":\"https:\\\/\\\/schema.org\",\"@graph\":[{\"@type\":\"WebPage\",\"@id\":\"https:\\\/\\\/www.carnet.hr\\\/carnet-koordinatori\\\/\",\"url\":\"https:\\\/\\\/www.carnet.hr\\\/carnet-koordinatori\\\/\",\"name\":\"CARNET koordinatori - CARNET\",\"isPartOf\":{\"@id\":\"http:\\\/\\\/test-www.carnet.hr\\\/#website\"},\"datePublished\":\"2018-11-14T14:41:13+00:00\",\"dateModified\":\"2025-06-10T07:27:33+00:00\",\"breadcrumb\":{\"@id\":\"https:\\\/\\\/www.carnet.hr\\\/carnet-koordinatori\\\/#breadcrumb\"},\"inLanguage\":\"en-US\",\"potentialAction\":[{\"@type\":\"ReadAction\",\"target\":[\"https:\\\/\\\/www.carnet.hr\\\/carnet-koordinatori\\\/\"]}]},{\"@type\":\"BreadcrumbList\",\"@id\":\"https:\\\/\\\/www.carnet.hr\\\/carnet-koordinatori\\\/#breadcrumb\",\"itemListElement\":[{\"@type\":\"ListItem\",\"position\":1,\"name\":\"Home\",\"item\":\"https:\\\/\\\/www.carnet.hr\\\/\"},{\"@type\":\"ListItem\",\"position\":2,\"name\":\"CARNET koordinatori\"}]},{\"@type\":\"WebSite\",\"@id\":\"http:\\\/\\\/test-www.carnet.hr\\\/#website\",\"url\":\"http:\\\/\\\/test-www.carnet.hr\\\/\",\"name\":\"CARNET\",\"description\":\"Znanje povezuje.\",\"potentialAction\":[{\"@type\":\"SearchAction\",\"target\":{\"@type\":\"EntryPoint\",\"urlTemplate\":\"http:\\\/\\\/test-www.carnet.hr\\\/?s={search_term_string}\"},\"query-input\":{\"@type\":\"PropertyValueSpecification\",\"valueRequired\":true,\"valueName\":\"search_term_string\"}}],\"inLanguage\":\"en-US\"}]}<\/script>\n<!-- \/ Yoast SEO plugin. -->","yoast_head_json":{"title":"CARNET koordinatori - CARNET","robots":{"index":"noindex","follow":"follow","max-snippet":"max-snippet:-1","max-image-preview":"max-image-preview:large","max-video-preview":"max-video-preview:-1"},"og_locale":"en_US","og_type":"article","og_title":"CARNET koordinatori - CARNET","og_url":"https:\/\/www.carnet.hr\/en\/carnet-koordinatori\/","og_site_name":"CARNET","article_publisher":"http:\/\/facebook.com\/CARNET.hr\/","article_modified_time":"2025-06-10T07:27:33+00:00","og_image":[{"width":1200,"height":630,"url":"https:\/\/www.carnet.hr\/wp-content\/uploads\/2019\/06\/facebook_OG_image.png","type":"image\/png"}],"twitter_card":"summary_large_image","twitter_site":"@CARNET_HR","twitter_misc":{"Est. reading time":"2 minutes"},"schema":{"@context":"https:\/\/schema.org","@graph":[{"@type":"WebPage","@id":"https:\/\/www.carnet.hr\/carnet-koordinatori\/","url":"https:\/\/www.carnet.hr\/carnet-koordinatori\/","name":"CARNET koordinatori - CARNET","isPartOf":{"@id":"http:\/\/test-www.carnet.hr\/#website"},"datePublished":"2018-11-14T14:41:13+00:00","dateModified":"2025-06-10T07:27:33+00:00","breadcrumb":{"@id":"https:\/\/www.carnet.hr\/carnet-koordinatori\/#breadcrumb"},"inLanguage":"en-US","potentialAction":[{"@type":"ReadAction","target":["https:\/\/www.carnet.hr\/carnet-koordinatori\/"]}]},{"@type":"BreadcrumbList","@id":"https:\/\/www.carnet.hr\/carnet-koordinatori\/#breadcrumb","itemListElement":[{"@type":"ListItem","position":1,"name":"Home","item":"https:\/\/www.carnet.hr\/"},{"@type":"ListItem","position":2,"name":"CARNET koordinatori"}]},{"@type":"WebSite","@id":"http:\/\/test-www.carnet.hr\/#website","url":"http:\/\/test-www.carnet.hr\/","name":"ABOUT","description":"Knowledge connects.","potentialAction":[{"@type":"SearchAction","target":{"@type":"EntryPoint","urlTemplate":"http:\/\/test-www.carnet.hr\/?s={search_term_string}"},"query-input":{"@type":"PropertyValueSpecification","valueRequired":true,"valueName":"search_term_string"}}],"inLanguage":"en-US"}]}},"_links":{"self":[{"href":"https:\/\/www.carnet.hr\/en\/wp-json\/wp\/v2\/pages\/1071","targetHints":{"allow":["GET"]}}],"collection":[{"href":"https:\/\/www.carnet.hr\/en\/wp-json\/wp\/v2\/pages"}],"about":[{"href":"https:\/\/www.carnet.hr\/en\/wp-json\/wp\/v2\/types\/page"}],"author":[{"embeddable":true,"href":"https:\/\/www.carnet.hr\/en\/wp-json\/wp\/v2\/users\/2"}],"replies":[{"embeddable":true,"href":"https:\/\/www.carnet.hr\/en\/wp-json\/wp\/v2\/comments?post=1071"}],"version-history":[{"count":0,"href":"https:\/\/www.carnet.hr\/en\/wp-json\/wp\/v2\/pages\/1071\/revisions"}],"wp:attachment":[{"href":"https:\/\/www.carnet.hr\/en\/wp-json\/wp\/v2\/media?parent=1071"}],"curies":[{"name":"wp","href":"https:\/\/api.w.org\/{rel}","templated":true}]}}