{"id":1072,"date":"2018-11-14T15:41:13","date_gmt":"2018-11-14T14:41:13","guid":{"rendered":"https:\/\/www.carnet.hr\/carnet-sistem-inzenjeri\/"},"modified":"2025-06-10T09:23:30","modified_gmt":"2025-06-10T07:23:30","slug":"carnet-sistem-inzenjeri","status":"publish","type":"page","link":"https:\/\/www.carnet.hr\/en\/carnet-sistem-inzenjeri\/","title":{"rendered":"CARNET System Engineers"},"content":{"rendered":"[et_pb_section bb_built=&#8221;1&#8243; admin_label=&#8221;CARNET sistem in\u017eenjeri&#8221; next_background_color=&#8221;#000000&#8243; _builder_version=&#8221;3.19&#8243; module_class=&#8221;c-make-harm&#8221;][et_pb_row][et_pb_column type=&#8221;4_4&#8243;][et_pb_text admin_label=&#8221;CARNET sistem in\u017eenjeri&#8221; _builder_version=&#8221;3.21.4&#8243; z_index_tablet=&#8221;500&#8243;]\n<p>CARNET sistem in\u017eenjer osoba je koja u ime ustanove \u010dlanice brine o ispravnosti i stabilnosti funkcioniranja CARNET-ovih ra\u010dunalno-komunikacijskih resursa kojima ustanova raspola\u017ee te o njihovu op\u0107em tehni\u010dkom i sigurnosnom stanju. U pravilu je CARNET sistem in\u017eenjer osoba s odgovaraju\u0107im tehni\u010dkim obrazovanjem i iskustvom u radu s ra\u010dunalnim tehnologijama.<\/p>\n<p>Imenovanje CARNET sistem in\u017eenjera podrazumijeva da \u010dlanica ima osobu, skupinu osoba, tehni\u010dku slu\u017ebu ili vanjskoga suradnika\/ustanovu koji \u0107e preuzeti odr\u017eavanje mre\u017enoga poslu\u017eitelja i komunikacijske opreme dobivene od CARNET-a.<\/p>\n<p>Iako CARNET sistem in\u017eenjer ne mora biti djelatnik ustanove \u010dlanice, mora ga imenovati dekan ili ravnatelj ustanove \u010dlanice u kojoj obavlja funkciju sistem in\u017eenjera. Za imenovanje CARNET sistem in\u017eenjera potrebno je ispuniti <a href=\"https:\/\/www.carnet.hr\/wp-content\/uploads\/2025\/06\/Obrazac-za-imenovanje-CN-sistem-inz\u030cenjera.docx\">odgovaraju\u0107i obrazac<\/a>. Ako \u010dlanica ima vi\u0161e osoba, suradnika ili ustanova koji se brinu za ra\u010dunalno-komunikacijsku i informacijsku infrastrukturu \u010dlanice, slu\u017ebeno imenovani CARNET sistem in\u017eenjer isklju\u010divo je osoba preko koje se ostvaruju tehni\u010dki kontakti izme\u0111u \u010dlanice i CARNET-a.<\/p>\n<p>Radi u\u010dinkovite i pravovremene komunikacije u prevenciji i rje\u0161avanju ra\u010dunalno-sigurnosnih incidenata, CARNET sistem in\u017eenjer du\u017ean je kreirati e-adresu oblika abuse@domena_ustanove, redovito pratiti e-poruke koje pristi\u017eu na tu adresu te pravovremeno reagirati na zahtjev CARNET-ove CERT i Abuse slu\u017ebe.<\/p>\n<p>Prava i obaveze CARNET sistem in\u017eenjera opisane su u slu\u017ebenome <a href=\"https:\/\/www.carnet.hr\/wp-content\/uploads\/2019\/11\/CDA0033.pdf\" target=\"_blank\" rel=\"noopener noreferrer\">dokumentu CDA0033<\/a>.\u00a0<\/p>\n[\/et_pb_text][\/et_pb_column][\/et_pb_row][\/et_pb_section][et_pb_section bb_built=&#8221;1&#8243; admin_label=&#8221;Helpdesk za CARNET sistem in\u017eenjere&#8221; next_background_color=&#8221;#000000&#8243; _builder_version=&#8221;3.19&#8243; module_class=&#8221;c-make-harm&#8221; prev_background_color=&#8221;#000000&#8243;][et_pb_row][et_pb_column type=&#8221;4_4&#8243;][et_pb_text admin_label=&#8221;Helpdesk za CARNET sistem in\u017eenjere&#8221; _builder_version=&#8221;3.21.4&#8243; z_index_tablet=&#8221;500&#8243;]\n<p>Prilikom pojave problema u radu poslu\u017eitelja i servisa koje CARNET podr\u017eava, CARNET sistem in\u017eenjeri mogu se obratiti Slu\u017ebi pomo\u0107i za sistem in\u017eenjere (sys.help) na\u00a0<a class=\"remarkup-link\" href=\"http:\/\/syshelp.carnet.hr\/\" target=\"_blank\" rel=\"noopener noreferrer\">http:\/\/syshelp.carnet.hr\/<\/a>\u00a0uporabom elektroni\u010dkog identiteta u sustavu AAI@EduHr. Sistemskom in\u017eenjeru u LDAP imeniku ustanove atribut \u201ehrEduPersonRole\u201d mora biti postavljen na \u201eCARNET sistem in\u017eenjer\u201d.<\/p>\n<p>Slu\u017ebi pomo\u0107i mogu\u0107e je pristupiti i e-po\u0161tom, slanjem opisa problema na <a href=\"mailto:syshelp@carnet.hr\">syshelp@carnet.hr<\/a>.<\/p>\n<p>Mogu\u0107e je unaprijed klasificirati upite i slati ih na sljede\u0107e adrese e-po\u0161te:<\/p>\n<ul class=\"remarkup-list\">\n<li class=\"remarkup-list-item\"><a href=\"mailto:paketi@carnet.hr\">paketi@carnet.hr<\/a> (upiti povezani s problemima s CARNET-ovim paketima)<\/li>\n<li class=\"remarkup-list-item\"><a href=\"mailto:hardver@carnet.hr\">hardver@carnet.hr<\/a> (upiti povezani s kvarovima CARNET-ove opreme)<\/li>\n<li class=\"remarkup-list-item\"><a href=\"mailto:vpu@carnet.hr\">vpu@carnet.hr<\/a> (upiti povezani sa sustavom VPU \u2013 virtualnih poslu\u017eitelja u CARNET-u)<\/li>\n<li class=\"remarkup-list-item\"><a href=\"mailto:wsus@carnet.hr\">wsus@carnet.hr<\/a> (upiti povezani sa sustavom Windows Server Update Services).<\/li>\n<\/ul>\n<p>Jedan dio usluga s kojima se sistem in\u017eenjeri susre\u0107u izdvojen je iz opsega poslova CARNET-ove Slu\u017ebe pomo\u0107i za sistemske in\u017eenjere. Rije\u010d je o sljede\u0107im uslugama:<\/p>\n<ul class=\"remarkup-list\">\n<li class=\"remarkup-list-item\">AAI@EduHr sustav \u2013 upite je potrebno uputiti na adresu <a href=\"mailto:paketi@aaiedu.hr\">paketi@aaiedu.hr<\/a><\/li>\n<li class=\"remarkup-list-item\">mre\u017eni problemi \u2013 potrebno je kontaktirati CARNET-ov NOC (Mre\u017eni operativni centar) na broj telefona: +385 1 6661 555. Potrebne informacije mogu se na\u0107i i na stranici <a href=\"https:\/\/www.carnet.hr\/usluga\/stalna-veza\/\">Stalna veza<\/a>\u00a0<\/li>\n<li class=\"remarkup-list-item\">operativni sustavi Windows (poslu\u017eiteljski i klijentski).<\/li>\n<\/ul>\n[\/et_pb_text][\/et_pb_column][\/et_pb_row][\/et_pb_section][et_pb_section bb_built=&#8221;1&#8243; admin_label=&#8221;Va\u017eni dokumenti&#8221; specialty=&#8221;off&#8221; _builder_version=&#8221;3.19&#8243; module_class=&#8221;c-make-harm&#8221; prev_background_color=&#8221;#000000&#8243; next_background_color=&#8221;#000000&#8243;][et_pb_row][et_pb_column type=&#8221;4_4&#8243;][et_pb_text admin_label=&#8221;Dokument&#8221; _builder_version=&#8221;3.21.4&#8243; saved_tabs=&#8221;all&#8221; z_index_tablet=&#8221;500&#8243;]\n\n[\/et_pb_text][\/et_pb_column][\/et_pb_row][et_pb_row][et_pb_column type=&#8221;4_4&#8243;][et_pb_text admin_label=&#8221;CDA0033&#8243; _builder_version=&#8221;3.21.4&#8243; saved_tabs=&#8221;all&#8221; z_index_tablet=&#8221;500&#8243;]\n\t\t\t<div class=\"c-poveznica pr c-poveznica--shad\" >\n\t\t\t<a class=\"c-poveznica__l link-stretched\" href=\"https:\/\/www.carnet.hr\/wp-content\/uploads\/2019\/11\/CDA0033.pdf\" target=\"_blank\">\n\t\t\t\t<span class=\"t-s16 color--s-teal d-block\">CDA0033 - Odluka o predstavnicima \u010dlanice u odnosima s CARNET-om<\/span>\n\t\t\t\t\t\t\t\t<\/a>\n\t\t\t\t\t        <svg class=\"c-icon c-icon--arrow color--s-teal c-icon--22\">\n            <use xmlns:xlink=\"http:\/\/www.w3.org\/1999\/xlink\" xlink:href=\"#c-icon--arrow\"><\/use>\n        <\/svg>\n        \t\t\t<\/div>\n\t\t\t\t\n[\/et_pb_text][\/et_pb_column][\/et_pb_row][\/et_pb_section][et_pb_section bb_built=&#8221;1&#8243; admin_label=&#8221;Povezane usluge&#8221; specialty=&#8221;off&#8221; _builder_version=&#8221;3.19&#8243; module_class=&#8221;c-make-harm&#8221; prev_background_color=&#8221;#000000&#8243;][et_pb_row][et_pb_column type=&#8221;4_4&#8243;][et_pb_code admin_label=&#8221;Povezane usluge&#8221; _builder_version=&#8221;3.19&#8243;]\t<div class=\"row\">\n\t\t\t\t\t<div class=\"col-12 col-sm-6 col-lg-4 d-flex\">\n\n\t\t\t\t\n<a href=\"https:\/\/www.carnet.hr\/en\/usluga\/sys-virtual\/\" class=\"d-flex w-100p h-100p\">\n  <div class=\"c-upd\" style=\"background-image:linear-gradient(to top, rgba(0, 0, 0, .3), rgba(0, 0, 0, .7)), url(https:\/\/www.carnet.hr\/wp-content\/uploads\/2018\/11\/sys.virtual.jpg)\">\n    <div class=\"c-upd__content\">\n      <div class=\"c-tax-label c-tax-label--upd\">\n        Service      <\/div>\n\n      <h3 class=\"t-kartica-upd py-2 m-0\">sys.virtual<\/h3>\n      <span class=\"t-m18\"><p><div class=\"et_pb_row et_pb_row_0 et_pb_row_empty\">\n\t\t\t\t\n\t\t\t\t\n\t\t\t\t\n\t\t\t\t\n\t\t\t\t\n\t\t\t<\/div> Virtualni poslu\u017eitelji za ustanove (VPU) je CARNET-ova usluga u prvome redu namijenjena punopravnim ustanovama \u010dlanicama s manjim brojem korisnika.Virtualni je poslu\u017eitelj potpuna zamjena za postoje\u0107e CARNET-ove poslu\u017eitelje u ustanovama &#8230;<\/p>\n<\/span>\n    <\/div>\n\n          <div class=\"c-tax-label__wrap\">\n        <div class=\"c-tax-label color--w bg--s-teal-dark\">\n          Internetske usluge                  <svg class=\"c-icon c-icon--arrow  \">\n            <use xmlns:xlink=\"http:\/\/www.w3.org\/1999\/xlink\" xlink:href=\"#c-icon--arrow\"><\/use>\n        <\/svg>\n                <\/div>\n\n              <\/div>\n    \n  <\/div>\n<\/a>\n\t\t\t<\/div>\n\t\t\t\t\t\t\t<div class=\"col-12 col-sm-6 col-lg-4 d-flex\">\n\n\t\t\t\t\n<a href=\"https:\/\/www.carnet.hr\/en\/usluga\/tcs\/\" class=\"d-flex w-100p h-100p\">\n  <div class=\"c-upd\" style=\"background-image:linear-gradient(to top, rgba(0, 0, 0, .3), rgba(0, 0, 0, .7)), url(https:\/\/www.carnet.hr\/wp-content\/uploads\/2018\/11\/sys-certificate.jpg)\">\n    <div class=\"c-upd__content\">\n      <div class=\"c-tax-label c-tax-label--upd\">\n        Service      <\/div>\n\n      <h3 class=\"t-kartica-upd py-2 m-0\">Elektroni\u010dki certifikati<\/h3>\n      <span class=\"t-m18\"><p><div class=\"et_pb_row et_pb_row_1 et_pb_row_empty\">\n\t\t\t\t\n\t\t\t\t\n\t\t\t\t\n\t\t\t\t\n\t\t\t\t\n\t\t\t<\/div> U suradnji s organizacijom G\u00c9ANT (prije DANTE i TERENA), CARNET nudi uslugu izdavanja elektroni\u010dkih certifikata. Izdavatelj certifikata je tvrtka Sectigo Limited (umjesto dosada\u0161nje tvrtke DigiCert) s kojom je organizacija &#8230;<\/p>\n<\/span>\n    <\/div>\n\n          <div class=\"c-tax-label__wrap\">\n        <div class=\"c-tax-label color--w bg--s-teal-dark\">\n          Internetske usluge                  <svg class=\"c-icon c-icon--arrow  \">\n            <use xmlns:xlink=\"http:\/\/www.w3.org\/1999\/xlink\" xlink:href=\"#c-icon--arrow\"><\/use>\n        <\/svg>\n                <\/div>\n\n              <\/div>\n    \n  <\/div>\n<\/a>\n\t\t\t<\/div>\n\t\t\t\t\t\t\t<div class=\"col-12 col-sm-6 col-lg-4 d-flex\">\n\n\t\t\t\t\n<a href=\"https:\/\/www.carnet.hr\/en\/usluga\/sys-debian\/\" class=\"d-flex w-100p h-100p\">\n  <div class=\"c-upd\" style=\"background-image:linear-gradient(to top, rgba(0, 0, 0, .3), rgba(0, 0, 0, .7)), url(https:\/\/www.carnet.hr\/wp-content\/uploads\/2018\/11\/sys-debian-549x643.png)\">\n    <div class=\"c-upd__content\">\n      <div class=\"c-tax-label c-tax-label--upd\">\n        Service      <\/div>\n\n      <h3 class=\"t-kartica-upd py-2 m-0\">sys.debian<\/h3>\n      <span class=\"t-m18\"><p><div class=\"et_pb_row et_pb_row_2 et_pb_row_empty\">\n\t\t\t\t\n\t\t\t\t\n\t\t\t\t\n\t\t\t\t\n\t\t\t\t\n\t\t\t<\/div> CARNET izra\u0111uje i odr\u017eava CARNET Debian, distribuciju Debian GNU\/Linux operativnoga sustava prilago\u0111enu potrebama CARNET-ovih \u010dlanica. Za CARNET Debian izra\u0111uje se niz prilago\u0111enih programskih paketa radi pru\u017eanja podr\u0161ke sistem in\u017eenjerima, &#8230;<\/p>\n<\/span>\n    <\/div>\n\n          <div class=\"c-tax-label__wrap\">\n        <div class=\"c-tax-label color--w bg--s-teal-dark\">\n          Internetske usluge                  <svg class=\"c-icon c-icon--arrow  \">\n            <use xmlns:xlink=\"http:\/\/www.w3.org\/1999\/xlink\" xlink:href=\"#c-icon--arrow\"><\/use>\n        <\/svg>\n                <\/div>\n\n              <\/div>\n    \n  <\/div>\n<\/a>\n\t\t\t<\/div>\n\t\t\t\t\t\t\t<div class=\"col-12 col-sm-6 col-lg-4 d-flex\">\n\n\t\t\t\t\n<a href=\"https:\/\/www.carnet.hr\/en\/usluga\/sys-backup\/\" class=\"d-flex w-100p h-100p\">\n  <div class=\"c-upd\" style=\"background-image:linear-gradient(to top, rgba(0, 0, 0, .3), rgba(0, 0, 0, .7)), url(https:\/\/www.carnet.hr\/wp-content\/uploads\/2024\/08\/11-1-549x643.png)\">\n    <div class=\"c-upd__content\">\n      <div class=\"c-tax-label c-tax-label--upd\">\n        Service      <\/div>\n\n      <h3 class=\"t-kartica-upd py-2 m-0\">sys.backup<\/h3>\n      <span class=\"t-m18\"><p><div class=\"et_pb_row et_pb_row_3 et_pb_row_empty\">\n\t\t\t\t\n\t\t\t\t\n\t\t\t\t\n\t\t\t\t\n\t\t\t\t\n\t\t\t<\/div> \t\t<div class=\"row px-2\">\n\t\t\t<div class=\"col-12 col-lg-10 offset-lg-1\">\n\t\t\t\t\t\t<\/div>\n\t\t<\/div>\n\t\t\tSys.backup usluga je bazirana na Baculi, skupu ra\u010dunalnih programa otvorenoga koda, koji omogu\u0107uju upravljanje sigurnosnom kopijom (Backup) te povratom (Recovery) ra\u010dunalnih podataka preko mre\u017ee. Bacula je relativno jednostavan za &#8230;<\/p>\n<\/span>\n    <\/div>\n\n          <div class=\"c-tax-label__wrap\">\n        <div class=\"c-tax-label color--w bg--s-teal-dark\">\n          Internetske usluge                  <svg class=\"c-icon c-icon--arrow  \">\n            <use xmlns:xlink=\"http:\/\/www.w3.org\/1999\/xlink\" xlink:href=\"#c-icon--arrow\"><\/use>\n        <\/svg>\n                <\/div>\n\n              <\/div>\n    \n  <\/div>\n<\/a>\n\t\t\t<\/div>\n\t\t\t\t\t\t\t<div class=\"col-12 col-sm-6 col-lg-4 d-flex\">\n\n\t\t\t\t\n<a href=\"https:\/\/www.carnet.hr\/en\/usluga\/sys-portal\/\" class=\"d-flex w-100p h-100p\">\n  <div class=\"c-upd\" style=\"background-image:linear-gradient(to top, rgba(0, 0, 0, .3), rgba(0, 0, 0, .7)), url(https:\/\/www.carnet.hr\/wp-content\/uploads\/2018\/11\/sys-portal-549x643.png)\">\n    <div class=\"c-upd__content\">\n      <div class=\"c-tax-label c-tax-label--upd\">\n        Service      <\/div>\n\n      <h3 class=\"t-kartica-upd py-2 m-0\">sys.portal<\/h3>\n      <span class=\"t-m18\"><p><div class=\"et_pb_row et_pb_row_4 et_pb_row_empty\">\n\t\t\t\t\n\t\t\t\t\n\t\t\t\t\n\t\t\t\t\n\t\t\t\t\n\t\t\t<\/div> Na adresi sysportal.carnet.hr nalazi se portal namijenjen ponajprije CARNET sistem in\u017eenjerima, ali i svima ostalima zainteresiranima za podru\u010dje sistemske administracije. Portal predstavlja najnovije informacije i zbivanja povezana s hardverom, &#8230;<\/p>\n<\/span>\n    <\/div>\n\n          <div class=\"c-tax-label__wrap\">\n        <div class=\"c-tax-label color--w bg--s-teal-dark\">\n          Internetske usluge                  <svg class=\"c-icon c-icon--arrow  \">\n            <use xmlns:xlink=\"http:\/\/www.w3.org\/1999\/xlink\" xlink:href=\"#c-icon--arrow\"><\/use>\n        <\/svg>\n                <\/div>\n\n              <\/div>\n    \n  <\/div>\n<\/a>\n\t\t\t<\/div>\n\t\t\t\t\t\t\t<div class=\"col-12 col-sm-6 col-lg-4 d-flex\">\n\n\t\t\t\t\n<a href=\"https:\/\/www.carnet.hr\/en\/usluga\/sys-monitor\/\" class=\"d-flex w-100p h-100p\">\n  <div class=\"c-upd\" style=\"background-image:linear-gradient(to top, rgba(0, 0, 0, .3), rgba(0, 0, 0, .7)), url(https:\/\/www.carnet.hr\/wp-content\/uploads\/2019\/01\/sys.monitor.jpg)\">\n    <div class=\"c-upd__content\">\n      <div class=\"c-tax-label c-tax-label--upd\">\n        Service      <\/div>\n\n      <h3 class=\"t-kartica-upd py-2 m-0\">sys.monitor<\/h3>\n      <span class=\"t-m18\"><p>sys.monitor je usluga nadzora poslu\u017eitelja i servisa na mre\u017ei. Ovu uslugu mogu koristiti ustanove \u010dlanice CARNET-a. sys.monitor slu\u017ei za izvje\u0161tavanje o dostupnosti mre\u017enih resursa i generira podatke o zna\u010dajkama sustava &#8230;<\/p>\n<\/span>\n    <\/div>\n\n          <div class=\"c-tax-label__wrap\">\n        <div class=\"c-tax-label color--w bg--s-teal-dark\">\n          Internetske usluge                  <svg class=\"c-icon c-icon--arrow  \">\n            <use xmlns:xlink=\"http:\/\/www.w3.org\/1999\/xlink\" xlink:href=\"#c-icon--arrow\"><\/use>\n        <\/svg>\n                <\/div>\n\n              <\/div>\n    \n  <\/div>\n<\/a>\n\t\t\t<\/div>\n\t\t\t\t\t<\/div>\n\t\t[\/et_pb_code][\/et_pb_column][\/et_pb_row][\/et_pb_section]\n","protected":false},"excerpt":{"rendered":"<p>sys.monitor je usluga nadzora poslu\u017eitelja i servisa na mre\u017ei. Ovu uslugu mogu koristiti ustanove \u010dlanice CARNET-a. sys.monitor slu\u017ei za izvje\u0161tavanje o dostupnosti mre\u017enih resursa i generira podatke o zna\u010dajkama sustava &#8230;<\/p>","protected":false},"author":2,"featured_media":0,"parent":0,"menu_order":17,"comment_status":"closed","ping_status":"closed","template":"","meta":{"_acf_changed":false,"_et_pb_use_builder":"on","_et_pb_old_content":"","_et_gb_content_width":"","footnotes":""},"class_list":["post-1072","page","type-page","status-publish","hentry"],"acf":[],"yoast_head":"<!-- This site is optimized with the Yoast SEO plugin v27.5 - https:\/\/yoast.com\/product\/yoast-seo-wordpress\/ -->\n<title>CARNET sistem in\u017eenjeri - CARNET<\/title>\n<meta name=\"robots\" content=\"noindex, follow, max-snippet:-1, max-image-preview:large, max-video-preview:-1\" \/>\n<meta property=\"og:locale\" content=\"en_US\" \/>\n<meta property=\"og:type\" content=\"article\" \/>\n<meta property=\"og:title\" content=\"CARNET sistem in\u017eenjeri - CARNET\" \/>\n<meta property=\"og:url\" content=\"https:\/\/www.carnet.hr\/en\/carnet-sistem-inzenjeri\/\" \/>\n<meta property=\"og:site_name\" content=\"CARNET\" \/>\n<meta property=\"article:publisher\" content=\"http:\/\/facebook.com\/CARNET.hr\/\" \/>\n<meta property=\"article:modified_time\" content=\"2025-06-10T07:23:30+00:00\" \/>\n<meta property=\"og:image\" content=\"https:\/\/www.carnet.hr\/wp-content\/uploads\/2019\/06\/facebook_OG_image.png\" \/>\n\t<meta property=\"og:image:width\" content=\"1200\" \/>\n\t<meta property=\"og:image:height\" content=\"630\" \/>\n\t<meta property=\"og:image:type\" content=\"image\/png\" \/>\n<meta name=\"twitter:card\" content=\"summary_large_image\" \/>\n<meta name=\"twitter:site\" content=\"@CARNET_HR\" \/>\n<meta name=\"twitter:label1\" content=\"Est. reading time\" \/>\n\t<meta name=\"twitter:data1\" content=\"4 minutes\" \/>\n<script type=\"application\/ld+json\" class=\"yoast-schema-graph\">{\"@context\":\"https:\\\/\\\/schema.org\",\"@graph\":[{\"@type\":\"WebPage\",\"@id\":\"https:\\\/\\\/www.carnet.hr\\\/carnet-sistem-inzenjeri\\\/\",\"url\":\"https:\\\/\\\/www.carnet.hr\\\/carnet-sistem-inzenjeri\\\/\",\"name\":\"CARNET sistem in\u017eenjeri - CARNET\",\"isPartOf\":{\"@id\":\"http:\\\/\\\/test-www.carnet.hr\\\/#website\"},\"datePublished\":\"2018-11-14T14:41:13+00:00\",\"dateModified\":\"2025-06-10T07:23:30+00:00\",\"breadcrumb\":{\"@id\":\"https:\\\/\\\/www.carnet.hr\\\/carnet-sistem-inzenjeri\\\/#breadcrumb\"},\"inLanguage\":\"en-US\",\"potentialAction\":[{\"@type\":\"ReadAction\",\"target\":[\"https:\\\/\\\/www.carnet.hr\\\/carnet-sistem-inzenjeri\\\/\"]}]},{\"@type\":\"BreadcrumbList\",\"@id\":\"https:\\\/\\\/www.carnet.hr\\\/carnet-sistem-inzenjeri\\\/#breadcrumb\",\"itemListElement\":[{\"@type\":\"ListItem\",\"position\":1,\"name\":\"Home\",\"item\":\"https:\\\/\\\/www.carnet.hr\\\/\"},{\"@type\":\"ListItem\",\"position\":2,\"name\":\"CARNET sistem in\u017eenjeri\"}]},{\"@type\":\"WebSite\",\"@id\":\"http:\\\/\\\/test-www.carnet.hr\\\/#website\",\"url\":\"http:\\\/\\\/test-www.carnet.hr\\\/\",\"name\":\"CARNET\",\"description\":\"Znanje povezuje.\",\"potentialAction\":[{\"@type\":\"SearchAction\",\"target\":{\"@type\":\"EntryPoint\",\"urlTemplate\":\"http:\\\/\\\/test-www.carnet.hr\\\/?s={search_term_string}\"},\"query-input\":{\"@type\":\"PropertyValueSpecification\",\"valueRequired\":true,\"valueName\":\"search_term_string\"}}],\"inLanguage\":\"en-US\"}]}<\/script>\n<!-- \/ Yoast SEO plugin. -->","yoast_head_json":{"title":"CARNET sistem in\u017eenjeri - CARNET","robots":{"index":"noindex","follow":"follow","max-snippet":"max-snippet:-1","max-image-preview":"max-image-preview:large","max-video-preview":"max-video-preview:-1"},"og_locale":"en_US","og_type":"article","og_title":"CARNET sistem in\u017eenjeri - CARNET","og_url":"https:\/\/www.carnet.hr\/en\/carnet-sistem-inzenjeri\/","og_site_name":"CARNET","article_publisher":"http:\/\/facebook.com\/CARNET.hr\/","article_modified_time":"2025-06-10T07:23:30+00:00","og_image":[{"width":1200,"height":630,"url":"https:\/\/www.carnet.hr\/wp-content\/uploads\/2019\/06\/facebook_OG_image.png","type":"image\/png"}],"twitter_card":"summary_large_image","twitter_site":"@CARNET_HR","twitter_misc":{"Est. reading time":"4 minutes"},"schema":{"@context":"https:\/\/schema.org","@graph":[{"@type":"WebPage","@id":"https:\/\/www.carnet.hr\/carnet-sistem-inzenjeri\/","url":"https:\/\/www.carnet.hr\/carnet-sistem-inzenjeri\/","name":"CARNET sistem in\u017eenjeri - CARNET","isPartOf":{"@id":"http:\/\/test-www.carnet.hr\/#website"},"datePublished":"2018-11-14T14:41:13+00:00","dateModified":"2025-06-10T07:23:30+00:00","breadcrumb":{"@id":"https:\/\/www.carnet.hr\/carnet-sistem-inzenjeri\/#breadcrumb"},"inLanguage":"en-US","potentialAction":[{"@type":"ReadAction","target":["https:\/\/www.carnet.hr\/carnet-sistem-inzenjeri\/"]}]},{"@type":"BreadcrumbList","@id":"https:\/\/www.carnet.hr\/carnet-sistem-inzenjeri\/#breadcrumb","itemListElement":[{"@type":"ListItem","position":1,"name":"Home","item":"https:\/\/www.carnet.hr\/"},{"@type":"ListItem","position":2,"name":"CARNET sistem in\u017eenjeri"}]},{"@type":"WebSite","@id":"http:\/\/test-www.carnet.hr\/#website","url":"http:\/\/test-www.carnet.hr\/","name":"ABOUT","description":"Knowledge connects.","potentialAction":[{"@type":"SearchAction","target":{"@type":"EntryPoint","urlTemplate":"http:\/\/test-www.carnet.hr\/?s={search_term_string}"},"query-input":{"@type":"PropertyValueSpecification","valueRequired":true,"valueName":"search_term_string"}}],"inLanguage":"en-US"}]}},"_links":{"self":[{"href":"https:\/\/www.carnet.hr\/en\/wp-json\/wp\/v2\/pages\/1072","targetHints":{"allow":["GET"]}}],"collection":[{"href":"https:\/\/www.carnet.hr\/en\/wp-json\/wp\/v2\/pages"}],"about":[{"href":"https:\/\/www.carnet.hr\/en\/wp-json\/wp\/v2\/types\/page"}],"author":[{"embeddable":true,"href":"https:\/\/www.carnet.hr\/en\/wp-json\/wp\/v2\/users\/2"}],"replies":[{"embeddable":true,"href":"https:\/\/www.carnet.hr\/en\/wp-json\/wp\/v2\/comments?post=1072"}],"version-history":[{"count":0,"href":"https:\/\/www.carnet.hr\/en\/wp-json\/wp\/v2\/pages\/1072\/revisions"}],"wp:attachment":[{"href":"https:\/\/www.carnet.hr\/en\/wp-json\/wp\/v2\/media?parent=1072"}],"curies":[{"name":"wp","href":"https:\/\/api.w.org\/{rel}","templated":true}]}}