{"id":1092,"date":"2018-11-14T15:53:36","date_gmt":"2018-11-14T14:53:36","guid":{"rendered":"https:\/\/www.carnet.hr\/kontakt\/"},"modified":"2025-10-30T11:48:45","modified_gmt":"2025-10-30T09:48:45","slug":"kontakt","status":"publish","type":"page","link":"https:\/\/www.carnet.hr\/en\/kontakt\/","title":{"rendered":"Contact"},"content":{"rendered":"[et_pb_section bb_built=&#8221;1&#8243; admin_label=&#8221;Harmonika section&#8221; specialty=&#8221;off&#8221; next_background_color=&#8221;#000000&#8243; _builder_version=&#8221;3.19&#8243;][et_pb_row][et_pb_column type=&#8221;4_4&#8243;][et_pb_text admin_label=&#8221;Za sva pitanja &#8211; HD&#8221; _builder_version=&#8221;3.21.4&#8243;]\n\t\t<div class=\"row px-2\">\n\t\t\t<div class=\"col-12 col-lg-10 offset-lg-1\">\n\t\t\t\n<p><strong>Za sva pitanja vezana uz CARNET-ove usluge, projekte i aktivnosti potrebno se obratiti\u00a0<a href=\"https:\/\/www.carnet.hr\/sluzba-za-podrsku-korisnicima\/\">Slu\u017ebi za podr\u0161ku korisnicima<\/a>.\u00a0<\/strong><\/p>\n\t\t\t<\/div>\n\t\t<\/div>\n\t\t\t\n[\/et_pb_text][\/et_pb_column][\/et_pb_row][\/et_pb_section][et_pb_section bb_built=&#8221;1&#8243; admin_label=&#8221;CARNET sjedi\u0161te&#8221; specialty=&#8221;off&#8221; _builder_version=&#8221;3.19&#8243; module_class=&#8221;c-make-harm&#8221; next_background_color=&#8221;#000000&#8243; prev_background_color=&#8221;#000000&#8243;][et_pb_row][et_pb_column type=&#8221;4_4&#8243;][et_pb_text admin_label=&#8221;Kontakt uvod&#8221; _builder_version=&#8221;3.21.4&#8243; z_index_tablet=&#8221;500&#8243;]\n<p>Sjedi\u0161te\u00a0CARNET-a\u00a0nalazi se u Zagrebu.\u00a0<\/p>\n<p><strong>Radno vrijeme<\/strong><br \/>ponedjeljak &#8211; petak od 8:30 do 16:30 sati<\/p>\n<p>&nbsp;<\/p>\n[\/et_pb_text][\/et_pb_column][\/et_pb_row][et_pb_row][et_pb_column type=&#8221;4_4&#8243;][et_pb_code admin_label=&#8221;CN sjedi\u0161te&#8221; _builder_version=&#8221;3.21.4&#8243;]\t\t\t\t<div class=\"c-kontakt\">\n\t\t\t\t<h4 class=\"t-s16\">\n\t\t\t\t\t\tCARNET sjedi\u0161te\t\t\t\t<\/h4>\n\t\t\t\t<p>\n\t\t\t\t\t\t\tAddress: <br>Josipa Marohni\u0107a 5<br \/>\r\n10000 Zagreb<br>Phone: +385 1 6661 555<br>E-mail: <a href=\"mailto:helpdesk@carnet.hr\">helpdesk@carnet.hr<\/a><br>\t\t\t\t<\/p>\n\t\t\t\t<\/div>\n\t\t\t\t\t\t[\/et_pb_code][\/et_pb_column][\/et_pb_row][\/et_pb_section][et_pb_section bb_built=&#8221;1&#8243; admin_label=&#8221;CARNET regionalna \u010dvori\u0161ta&#8221; specialty=&#8221;off&#8221; next_background_color=&#8221;#000000&#8243; _builder_version=&#8221;3.19&#8243; module_class=&#8221;c-make-harm&#8221; prev_background_color=&#8221;#000000&#8243;][et_pb_row][et_pb_column type=&#8221;1_3&#8243;][et_pb_code admin_label=&#8221;CN Osijek&#8221; _builder_version=&#8221;3.19&#8243;]\t\t\t\t<div class=\"c-kontakt\">\n\t\t\t\t<h4 class=\"t-s16\">\n\t\t\t\t\t\tCARNET Osijek\t\t\t\t<\/h4>\n\t\t\t\t<p>\n\t\t\t\t\t\t\tAddress: <br>Cara Hadrijana 10\/B<br \/>\r\nPP303<br \/>\r\n31000 Osijek <br>Phone: +385 1 6661 555<br>E-mail: <a href=\"mailto:helpdesk@carnet.hr\">helpdesk@carnet.hr<\/a><br>\t\t\t\t<\/p>\n\t\t\t\t<\/div>\n\t\t\t\t\t\t[\/et_pb_code][\/et_pb_column][et_pb_column type=&#8221;1_3&#8243;][et_pb_code admin_label=&#8221;CN Rijeka&#8221; _builder_version=&#8221;3.19&#8243;]\t\t\t\t<div class=\"c-kontakt\">\n\t\t\t\t<h4 class=\"t-s16\">\n\t\t\t\t\t\tCARNET Rijeka\t\t\t\t<\/h4>\n\t\t\t\t<p>\n\t\t\t\t\t\t\tAddress: <br>Sveu\u010dili\u0161ni odjeli<br \/>\r\nRadmile Matej\u010di\u0107 2<br \/>\r\n51000 Rijeka <br>Phone: +385 1 6661 555<br>E-mail: <a href=\"mailto:helpdesk@carnet.hr\">helpdesk@carnet.hr<\/a><br>\t\t\t\t<\/p>\n\t\t\t\t<\/div>\n\t\t\t\t\t\t[\/et_pb_code][\/et_pb_column][et_pb_column type=&#8221;1_3&#8243;][et_pb_code admin_label=&#8221;CN Pula&#8221; _builder_version=&#8221;3.19&#8243;]\t\t\t\t<div class=\"c-kontakt\">\n\t\t\t\t<h4 class=\"t-s16\">\n\t\t\t\t\t\tCARNET Pula\t\t\t\t<\/h4>\n\t\t\t\t<p>\n\t\t\t\t\t\t\tAddress: <br>Odjel za ekonomiju i turizam<br \/>\r\nSveu\u010dili\u0161te Jurja Dobrile u Puli<br \/>\r\nPreradovi\u0107eva 1\/1<br \/>\r\n52100 Pula <br>Phone: +385 1 6661 555<br>E-mail: <a href=\"mailto:helpdesk@carnet.hr\">helpdesk@carnet.hr<\/a><br>\t\t\t\t<\/p>\n\t\t\t\t<\/div>\n\t\t\t\t\t\t[\/et_pb_code][\/et_pb_column][\/et_pb_row][et_pb_row][et_pb_column type=&#8221;1_3&#8243;][et_pb_code admin_label=&#8221;CN Split&#8221; _builder_version=&#8221;3.21.4&#8243;]\t\t\t\t<div class=\"c-kontakt\">\n\t\t\t\t<h4 class=\"t-s16\">\n\t\t\t\t\t\tCARNET Split\t\t\t\t<\/h4>\n\t\t\t\t<p>\n\t\t\t\t\t\t\tAddress: <br>Fakultet elektrotehnike, strojarstva i brodogradnje<br \/>\r\nRu\u0111era Bo\u0161kovi\u0107a 32<br \/>\r\n21000 Split <br>Phone: +385 1 6661 555<br>E-mail: <a href=\"mailto:helpdesk@carnet.hr\">helpdesk@carnet.hr<\/a><br>\t\t\t\t<\/p>\n\t\t\t\t<\/div>\n\t\t\t\t\t\t[\/et_pb_code][\/et_pb_column][et_pb_column type=&#8221;1_3&#8243;][et_pb_code admin_label=&#8221;CN Dubrovnik&#8221; _builder_version=&#8221;3.21.4&#8243;]\t\t\t\t<div class=\"c-kontakt\">\n\t\t\t\t<h4 class=\"t-s16\">\n\t\t\t\t\t\tCARNET Dubrovnik\t\t\t\t<\/h4>\n\t\t\t\t<p>\n\t\t\t\t\t\t\tAddress: <br>\u0106ira Cari\u0107a 4<br \/>\r\n20000 Dubrovnik <br>Phone: +385 1 6661 555<br>E-mail: <a href=\"mailto:helpdesk@carnet.hr\">helpdesk@carnet.hr<\/a><br>\t\t\t\t<\/p>\n\t\t\t\t<\/div>\n\t\t\t\t\t\t[\/et_pb_code][\/et_pb_column][et_pb_column type=&#8221;1_3&#8243;][et_pb_code admin_label=&#8221;CN Slavonski Brod&#8221; _builder_version=&#8221;3.21.4&#8243; z_index_tablet=&#8221;500&#8243;]\t\t\t\t<div class=\"c-kontakt\">\n\t\t\t\t<h4 class=\"t-s16\">\n\t\t\t\t\t\tCARNET Slavonski Brod\t\t\t\t<\/h4>\n\t\t\t\t<p>\n\t\t\t\t\t\t\tAddress: <br>Sveu\u010dili\u0161te u Slavonskom Brodu<br \/>\r\nUlica 108. brigade ZNG 36<br \/>\r\n35000 Slavonski Brod<br>Phone: +385 1 6661 555<br>E-mail: <a href=\"mailto:helpdesk@carnet.hr\">helpdesk@carnet.hr<\/a><br>\t\t\t\t<\/p>\n\t\t\t\t<\/div>\n\t\t\t\t\t\t[\/et_pb_code][\/et_pb_column][\/et_pb_row][et_pb_row][et_pb_column type=&#8221;1_3&#8243;][et_pb_code admin_label=&#8221;CN Zadar&#8221; _builder_version=&#8221;3.21.4&#8243; z_index_tablet=&#8221;500&#8243;]\t\t\t\t<div class=\"c-kontakt\">\n\t\t\t\t<h4 class=\"t-s16\">\n\t\t\t\t\t\tCARNET Zadar\t\t\t\t<\/h4>\n\t\t\t\t<p>\n\t\t\t\t\t\t\tPhone: +385 1 6661 555<br>E-mail: <a href=\"mailto:helpdesk@carnet.hr\">helpdesk@carnet.hr<\/a><br>\t\t\t\t<\/p>\n\t\t\t\t<\/div>\n\t\t\t\t\t\t[\/et_pb_code][\/et_pb_column][et_pb_column type=&#8221;1_3&#8243;][et_pb_code admin_label=&#8221;CN Vara\u017edin&#8221; _builder_version=&#8221;3.21.4&#8243; z_index_tablet=&#8221;500&#8243;]\t\t\t\t<div class=\"c-kontakt\">\n\t\t\t\t<h4 class=\"t-s16\">\n\t\t\t\t\t\tCARNET Vara\u017edin\t\t\t\t<\/h4>\n\t\t\t\t<p>\n\t\t\t\t\t\t\tPhone: +385 1 6661 555<br>E-mail: <a href=\"mailto:helpdesk@carnet.hr\">helpdesk@carnet.hr<\/a><br>\t\t\t\t<\/p>\n\t\t\t\t<\/div>\n\t\t\t\t\t\t[\/et_pb_code][\/et_pb_column][et_pb_column type=&#8221;1_3&#8243;][\/et_pb_column][\/et_pb_row][\/et_pb_section][et_pb_section bb_built=&#8221;1&#8243; admin_label=&#8221;Kontakt za korisnike&#8221; specialty=&#8221;off&#8221; _builder_version=&#8221;3.21.4&#8243; module_class=&#8221;c-make-harm&#8221; next_background_color=&#8221;#000000&#8243; prev_background_color=&#8221;#000000&#8243; z_index_tablet=&#8221;500&#8243;][et_pb_row][et_pb_column type=&#8221;4_4&#8243;][et_pb_text admin_label=&#8221;Kontakt uvod&#8221; _builder_version=&#8221;3.21.4&#8243; z_index_tablet=&#8221;500&#8243;]\n<p>Za sva pitanja vezana uz CARNET-ove usluge, projekte i aktivnosti obratite se <strong><a href=\"https:\/\/www.carnet.hr\/sluzba-za-podrsku-korisnicima\/\">Slu\u017ebi za podr\u0161ku korisnicima<\/a>.\u00a0<\/strong><\/p>\n[\/et_pb_text][\/et_pb_column][\/et_pb_row][et_pb_row][et_pb_column type=&#8221;1_2&#8243;][et_pb_text _builder_version=&#8221;3.21.4&#8243; z_index_tablet=&#8221;500&#8243;]\n\t\t\t\t<div class=\"c-kontakt\">\n\t\t\t\t<h4 class=\"t-s16\">\n\t\t\t\t\t\tCARNET-ov Helpdesk\t\t\t\t<\/h4>\n\t\t\t\t<p>\n\t\t\t\t\t\t\tPhone: +385 1 6661 555<br>E-mail: <a href=\"mailto:helpdesk@carnet.hr\">helpdesk@carnet.hr<\/a><br>\t\t\t\t<\/p>\n\t\t\t\t<\/div>\n\t\t\t\t\t\t\n[\/et_pb_text][\/et_pb_column][et_pb_column type=&#8221;1_2&#8243;][et_pb_text _builder_version=&#8221;3.21.4&#8243; z_index_tablet=&#8221;500&#8243;]\n\t\t\t\t<div class=\"c-kontakt\">\n\t\t\t\t<h4 class=\"t-s16\">\n\t\t\t\t\t\tCARNET-ov Helpdesk za podr\u0161ku obrazovnom sustavu\t\t\t\t<\/h4>\n\t\t\t\t<p>\n\t\t\t\t\t\t\tPhone: +385 1 6661 500<br>E-mail: <a href=\"mailto:helpdesk@skole.hr\">helpdesk@skole.hr<\/a><br>\t\t\t\t<\/p>\n\t\t\t\t<\/div>\n\t\t\t\t\t\t\n[\/et_pb_text][\/et_pb_column][\/et_pb_row][\/et_pb_section][et_pb_section bb_built=&#8221;1&#8243; admin_label=&#8221;Kontakt za medije&#8221; specialty=&#8221;off&#8221; _builder_version=&#8221;3.21.4&#8243; module_class=&#8221;c-make-harm&#8221; next_background_color=&#8221;#000000&#8243; prev_background_color=&#8221;#000000&#8243; z_index_tablet=&#8221;500&#8243;][et_pb_row][et_pb_column type=&#8221;4_4&#8243;][et_pb_text admin_label=&#8221;Kontakt uvod&#8221; _builder_version=&#8221;3.21.4&#8243; z_index_tablet=&#8221;500&#8243;]\n<p>Za suradnju i upite medija kontaktirajte:<\/p>\n[\/et_pb_text][\/et_pb_column][\/et_pb_row][et_pb_row][et_pb_column type=&#8221;4_4&#8243;][et_pb_code admin_label=&#8221;PR&#8221; _builder_version=&#8221;3.21.4&#8243; z_index_tablet=&#8221;500&#8243;]\t\t\t\t<div class=\"c-kontakt\">\n\t\t\t\t<h4 class=\"t-s16\">\n\t\t\t\t\t\tSamostalni odjel za komunikacije\t\t\t\t<\/h4>\n\t\t\t\t<p>\n\t\t\t\t\t\t\tAddress: <br>Josipa Marohni\u0107a 5 <br \/>\r\n10000 Zagreb <br>Phone: +385 1 6661 576<br>E-mail: <a href=\"mailto:press@carnet.hr\">press@carnet.hr<\/a><br>\t\t\t\t<\/p>\n\t\t\t\t<\/div>\n\t\t\t\t\t\t[\/et_pb_code][\/et_pb_column][\/et_pb_row][\/et_pb_section][et_pb_section bb_built=&#8221;1&#8243; admin_label=&#8221;Dru\u0161tvene mre\u017ee&#8221; specialty=&#8221;off&#8221; _builder_version=&#8221;3.21.4&#8243; module_class=&#8221;c-make-harm&#8221; next_background_color=&#8221;#000000&#8243; prev_background_color=&#8221;#000000&#8243; z_index_tablet=&#8221;500&#8243;][et_pb_row][et_pb_column type=&#8221;4_4&#8243;][et_pb_text admin_label=&#8221;Dru\u0161tvene mre\u017ee&#8221; _builder_version=&#8221;3.21.4&#8243; z_index_tablet=&#8221;500&#8243;]\n<p>Pratite nas i na dru\u0161tvenim mre\u017eama.<\/p>\n<p><a href=\"https:\/\/hr-hr.facebook.com\/CARNET.hr\/\">Facebook: CARNET.hr<\/a><\/p>\n<p><a href=\"https:\/\/www.linkedin.com\/company\/carnet.hr\">LinkedIn: CARNET<\/a><\/p>\n[\/et_pb_text][\/et_pb_column][\/et_pb_row][\/et_pb_section][et_pb_section bb_built=&#8221;1&#8243; admin_label=&#8221;Kako do nas?&#8221; specialty=&#8221;off&#8221; _builder_version=&#8221;3.17.6&#8243; module_class=&#8221;c-make-harm&#8221; prev_background_color=&#8221;#000000&#8243;][et_pb_row][et_pb_column type=&#8221;4_4&#8243;][et_pb_text admin_label=&#8221;Kako do nas&#8221; _builder_version=&#8221;3.21.4&#8243; z_index_tablet=&#8221;500&#8243;]\n<h2>Upute za dolazak do CARNET-ovog sjedi\u0161ta u Zagrebu na adresi Josipa Marohni\u0107a 5<\/h2>\n<h3><a href=\"http:\/\/www.zet.hr\/\" target=\"_blank\" rel=\"noopener noreferrer\">Javnim prijevozom<\/a><\/h3>\n<ul>\n<li>10 minuta pje\u0161ice od tramvajske\u00a0stanice\u00a0Sveu\u010dili\u0161na aleja s linijama\u00a03, 5 i 13<\/li>\n<li>10 minuta pje\u0161ice od tramvajskih stanica\u00a0Prisavlje ili Vjesnik s linijama 4, 5, 14 i 17<\/li>\n<li>autobusnom linijom 108 Glavni kolodvor &#8211; Savski most &#8211;\u00a0<a href=\"https:\/\/www.zet.hr\/autobusni-prijevoz\/dnevne-linije-8155\/8155\" target=\"_blank\" rel=\"noopener noreferrer\">vozni red<\/a><\/li>\n<li>autobusnom linijom 107 Jankomir \u2013 \u017ditnjak \u2013\u00a0<a href=\"http:\/\/www.zet.hr\/default.aspx?id=330&amp;route_id=107\" target=\"_blank\" rel=\"noopener noreferrer\">vozni red<\/a><\/li>\n<\/ul>\n<h3>Od\u00a0<a href=\"http:\/\/www.hzpp.hr\/\" target=\"_blank\" rel=\"noopener noreferrer\">\u017eeljezni\u010dkog kolodvora<\/a><\/h3>\n<ul>\n<li>pje\u0161ice: 2 km, 25 min<\/li>\n<li>tramvajskom linijom 4, do stanica Prisavlje ili Vjesnik<\/li>\n<li>autobusnom linijom 108 Glavni kolodvor &#8211; Savski most &#8211;\u00a0<a href=\"https:\/\/www.zet.hr\/autobusni-prijevoz\/dnevne-linije-8155\/8155\" target=\"_blank\" rel=\"noopener noreferrer\">vozni red<\/a><\/li>\n<\/ul>\n<h3>Od\u00a0<a href=\"http:\/\/www.akz.hr\/\" target=\"_blank\" rel=\"noopener noreferrer\">autobusnog kolodvora<\/a><\/h3>\n<ul>\n<li>pje\u0161ice: 3 km, 40 min<\/li>\n<li>tramvajskom linijom 5, do stanica Sveu\u010dili\u0161na aleja, Prisavlje ili Vjesnik<\/li>\n<\/ul>\n<h3>Od\u00a0<a href=\"http:\/\/www.zagreb-airport.hr\/\" target=\"_blank\" rel=\"noopener noreferrer\">zra\u010dne luke<\/a><\/h3>\n<ul>\n<li>transfer autobusom tvrtke\u00a0<a href=\"http:\/\/www.plesoprijevoz.hr\/\" target=\"_blank\" rel=\"noopener noreferrer\">Pleso prijevoz<\/a>\u00a0do autobusnog kolodvora<\/li>\n<li>transferom autobusnom linijom 290 (<a href=\"https:\/\/www.zet.hr\/autobusni-prijevoz\/dnevne-linije-8155\/8155\" target=\"_blank\" rel=\"noopener noreferrer\">vozni red<\/a>) do Kvaternikovog trga pa nastavak s tramvajskom linijom 5 do stanica Sveu\u010dili\u0161na aleja, Prisavlje ili Vjesnik<\/li>\n<\/ul>\n<p><iframe loading=\"lazy\" src=\"https:\/\/www.google.com\/maps?t=m&amp;q=Ulica+Josipa+Marohni%C4%87a+5&amp;ie=UTF8&amp;hq=Ulica+Josipa+Marohni%C4%87a+5&amp;hnear=&amp;radius=15000&amp;ll=45.792447,15.969164&amp;spn=0.002992,0.005912&amp;z=17&amp;iwloc=A&amp;output=embed\" width=\"550\" height=\"400\" frameborder=\"0\" marginwidth=\"0\" marginheight=\"0\" scrolling=\"no\" data-mce-fragment=\"1\"><\/iframe><br \/><small><a href=\"https:\/\/www.google.com\/maps?t=m&amp;q=Ulica+Josipa+Marohni%C4%87a+5&amp;ie=UTF8&amp;hq=Ulica+Josipa+Marohni%C4%87a+5&amp;hnear=&amp;radius=15000&amp;ll=45.792447,15.969164&amp;spn=0.002992,0.005912&amp;z=17&amp;iwloc=A&amp;source=embed\" target=\"_blank\" rel=\"noopener noreferrer\">View Larger Map<\/a><\/small><\/p>\n<h3>Automobilom<\/h3>\n<h4>Iz smjera Zagreb \u2013 zapad<\/h4>\n<ul>\n<li>od naplatne postaje Zapre\u0161i\u0107 19,9 km<\/li>\n<li>od izlaza Zagreb\u2013zapad vozite ravno Ljubljanskom odnosno Zagreba\u010dkom avenijom; nakon otprilike 10 km skrenite desno na semaforu za Cvjetno naselje<\/li>\n<\/ul>\n<h4>Iz smjera Zagreb \u2013 istok<\/h4>\n<ul>\n<li>od naplatne postaje Ivanja Reka 15,4 km<\/li>\n<li>od izlaza Zagreb\u2013istok vozite ravno Slavonskom avenijom; nakon otprilike 12 km skrenite lijevo na semaforu za Cvjetno naselje<\/li>\n<\/ul>\n<h4>Iz smjera Zagreb \u2013 jug<\/h4>\n<ul>\n<li>vozite Avenijom Ve\u0107eslava Holjevca; nakon prelaska mosta na prvom semaforu skrenite lijevo na Slavonsku aveniju; na prvom sljede\u0107em semaforu skrenite lijevo za Cvjetno naselje<\/li>\n<\/ul>\n<h4>Iz smjera Karlovca<\/h4>\n<ul>\n<li>od naplatne postaje Lu\u010dko 9,1 km<\/li>\n<li>vozite do novog zagreba\u010dkog rotora i pratite smjer prema centru; prelazite preko Jadranskog mosta i na kraju skrenite desno; slijedite glavnu cestu i nalazite se na Savskoj cesti; na prvom semaforu skrenite desno na ulicu Prisavlje; na drugom semaforu skrenite lijevo<\/li>\n<\/ul>\n<h4>Mogu\u0107nosti parkiranja<\/h4>\n<ul>\n<li>automobil je mogu\u0107e parkirati na obli\u017enjem parkirali\u0161tu\u00a0<a href=\"http:\/\/www.zagrebparking.hr\/\" target=\"_blank\" rel=\"noopener noreferrer\">Zagreb parkinga<\/a> iza zgrade Ministarstva mora, prometa i infrastrukture (tzv. Kockica).<\/li>\n<\/ul>\n\t\t<div class=\"py-4\" style=\"clear:both\">\n\t\t\t<br \/>\t\t\t<div class=\"c-poveznica pr c-poveznica--shad\" >\n\t\t\t<a class=\"c-poveznica__l link-stretched\" href=\"http:\/\/www.infozagreb.hr\/\" target=\"_blank\">\n\t\t\t\t<span class=\"t-s16 color--s-teal d-block\">Turisti\u010dka zajednica grada Zagreba<\/span>\n\t\t\t\t\t\t\t\t\t<span>Informacije o prijevozu, smje\u0161taju i drugo<\/span>\n\t\t\t\t\t\t\t\t\t<\/a>\n\t\t\t\t\t        <svg class=\"c-icon c-icon--arrow color--s-teal c-icon--22\">\n            <use xmlns:xlink=\"http:\/\/www.w3.org\/1999\/xlink\" xlink:href=\"#c-icon--arrow\"><\/use>\n        <\/svg>\n        \t\t\t<\/div>\n\t\t\t\t<br \/>\t\t<\/div>\n\t\t\t\n[\/et_pb_text][\/et_pb_column][\/et_pb_row][\/et_pb_section]\n","protected":false},"excerpt":{"rendered":"<p>[et_pb_section bb_built=&#8221;1&#8243; admin_label=&#8221;Harmonika section&#8221; specialty=&#8221;off&#8221; next_background_color=&#8221;#000000&#8243; _builder_version=&#8221;3.19&#8243;][et_pb_row][et_pb_column type=&#8221;4_4&#8243;][et_pb_text admin_label=&#8221;Za sva pitanja &#8211; HD&#8221; _builder_version=&#8221;3.21.4&#8243;] [\/et_pb_text][\/et_pb_column][\/et_pb_row][\/et_pb_section][et_pb_section bb_built=&#8221;1&#8243; admin_label=&#8221;CARNET sjedi\u0161te&#8221; specialty=&#8221;off&#8221; _builder_version=&#8221;3.19&#8243; module_class=&#8221;c-make-harm&#8221; next_background_color=&#8221;#000000&#8243; prev_background_color=&#8221;#000000&#8243;][et_pb_row][et_pb_column type=&#8221;4_4&#8243;][et_pb_text admin_label=&#8221;Kontakt uvod&#8221; _builder_version=&#8221;3.21.4&#8243; z_index_tablet=&#8221;500&#8243;] Sjedi\u0161te\u00a0CARNET-a\u00a0nalazi se &#8230;<\/p>\n","protected":false},"author":2,"featured_media":0,"parent":0,"menu_order":21,"comment_status":"closed","ping_status":"closed","template":"","meta":{"_acf_changed":false,"_et_pb_use_builder":"on","_et_pb_old_content":"","_et_gb_content_width":"","footnotes":""},"class_list":["post-1092","page","type-page","status-publish","hentry"],"acf":[],"yoast_head":"<!-- This site is optimized with the Yoast SEO plugin v27.5 - https:\/\/yoast.com\/product\/yoast-seo-wordpress\/ -->\n<title>Kontakt - CARNET<\/title>\n<meta name=\"description\" content=\"Kontaktiraj nas. Za sva pitanja vezana uz CARNET-ove usluge, projekte i aktivnosti obrati se\u00a0Slu\u017ebi za podr\u0161ku korisnicima.\u00a0\" \/>\n<meta name=\"robots\" content=\"noindex, follow, max-snippet:-1, max-image-preview:large, max-video-preview:-1\" \/>\n<meta property=\"og:locale\" content=\"en_US\" \/>\n<meta property=\"og:type\" content=\"article\" \/>\n<meta property=\"og:title\" content=\"Kontakt - CARNET\" \/>\n<meta property=\"og:description\" content=\"Kontaktiraj nas. Za sva pitanja vezana uz CARNET-ove usluge, projekte i aktivnosti obrati se\u00a0Slu\u017ebi za podr\u0161ku korisnicima.\u00a0\" \/>\n<meta property=\"og:url\" content=\"https:\/\/www.carnet.hr\/en\/kontakt\/\" \/>\n<meta property=\"og:site_name\" content=\"CARNET\" \/>\n<meta property=\"article:publisher\" content=\"http:\/\/facebook.com\/CARNET.hr\/\" \/>\n<meta property=\"article:modified_time\" content=\"2025-10-30T09:48:45+00:00\" \/>\n<meta property=\"og:image\" content=\"https:\/\/www.carnet.hr\/wp-content\/uploads\/2019\/06\/facebook_OG_image.png\" \/>\n\t<meta property=\"og:image:width\" content=\"1200\" \/>\n\t<meta property=\"og:image:height\" content=\"630\" \/>\n\t<meta property=\"og:image:type\" content=\"image\/png\" \/>\n<meta name=\"twitter:card\" content=\"summary_large_image\" \/>\n<meta name=\"twitter:site\" content=\"@CARNET_HR\" \/>\n<meta name=\"twitter:label1\" content=\"Est. reading time\" \/>\n\t<meta name=\"twitter:data1\" content=\"5 minutes\" \/>\n<script type=\"application\/ld+json\" class=\"yoast-schema-graph\">{\"@context\":\"https:\\\/\\\/schema.org\",\"@graph\":[{\"@type\":\"WebPage\",\"@id\":\"https:\\\/\\\/www.carnet.hr\\\/kontakt\\\/\",\"url\":\"https:\\\/\\\/www.carnet.hr\\\/kontakt\\\/\",\"name\":\"Kontakt - CARNET\",\"isPartOf\":{\"@id\":\"http:\\\/\\\/test-www.carnet.hr\\\/#website\"},\"datePublished\":\"2018-11-14T14:53:36+00:00\",\"dateModified\":\"2025-10-30T09:48:45+00:00\",\"description\":\"Kontaktiraj nas. Za sva pitanja vezana uz CARNET-ove usluge, projekte i aktivnosti obrati se\u00a0Slu\u017ebi za podr\u0161ku korisnicima.\u00a0\",\"breadcrumb\":{\"@id\":\"https:\\\/\\\/www.carnet.hr\\\/kontakt\\\/#breadcrumb\"},\"inLanguage\":\"en-US\",\"potentialAction\":[{\"@type\":\"ReadAction\",\"target\":[\"https:\\\/\\\/www.carnet.hr\\\/kontakt\\\/\"]}]},{\"@type\":\"BreadcrumbList\",\"@id\":\"https:\\\/\\\/www.carnet.hr\\\/kontakt\\\/#breadcrumb\",\"itemListElement\":[{\"@type\":\"ListItem\",\"position\":1,\"name\":\"Home\",\"item\":\"https:\\\/\\\/www.carnet.hr\\\/\"},{\"@type\":\"ListItem\",\"position\":2,\"name\":\"Kontakt\"}]},{\"@type\":\"WebSite\",\"@id\":\"http:\\\/\\\/test-www.carnet.hr\\\/#website\",\"url\":\"http:\\\/\\\/test-www.carnet.hr\\\/\",\"name\":\"CARNET\",\"description\":\"Znanje povezuje.\",\"potentialAction\":[{\"@type\":\"SearchAction\",\"target\":{\"@type\":\"EntryPoint\",\"urlTemplate\":\"http:\\\/\\\/test-www.carnet.hr\\\/?s={search_term_string}\"},\"query-input\":{\"@type\":\"PropertyValueSpecification\",\"valueRequired\":true,\"valueName\":\"search_term_string\"}}],\"inLanguage\":\"en-US\"}]}<\/script>\n<!-- \/ Yoast SEO plugin. -->","yoast_head_json":{"title":"Kontakt - CARNET","description":"Kontaktiraj nas. Za sva pitanja vezana uz CARNET-ove usluge, projekte i aktivnosti obrati se\u00a0Slu\u017ebi za podr\u0161ku korisnicima.\u00a0","robots":{"index":"noindex","follow":"follow","max-snippet":"max-snippet:-1","max-image-preview":"max-image-preview:large","max-video-preview":"max-video-preview:-1"},"og_locale":"en_US","og_type":"article","og_title":"Kontakt - CARNET","og_description":"Kontaktiraj nas. Za sva pitanja vezana uz CARNET-ove usluge, projekte i aktivnosti obrati se\u00a0Slu\u017ebi za podr\u0161ku korisnicima.\u00a0","og_url":"https:\/\/www.carnet.hr\/en\/kontakt\/","og_site_name":"CARNET","article_publisher":"http:\/\/facebook.com\/CARNET.hr\/","article_modified_time":"2025-10-30T09:48:45+00:00","og_image":[{"width":1200,"height":630,"url":"https:\/\/www.carnet.hr\/wp-content\/uploads\/2019\/06\/facebook_OG_image.png","type":"image\/png"}],"twitter_card":"summary_large_image","twitter_site":"@CARNET_HR","twitter_misc":{"Est. reading time":"5 minutes"},"schema":{"@context":"https:\/\/schema.org","@graph":[{"@type":"WebPage","@id":"https:\/\/www.carnet.hr\/kontakt\/","url":"https:\/\/www.carnet.hr\/kontakt\/","name":"Kontakt - CARNET","isPartOf":{"@id":"http:\/\/test-www.carnet.hr\/#website"},"datePublished":"2018-11-14T14:53:36+00:00","dateModified":"2025-10-30T09:48:45+00:00","description":"Kontaktiraj nas. Za sva pitanja vezana uz CARNET-ove usluge, projekte i aktivnosti obrati se\u00a0Slu\u017ebi za podr\u0161ku korisnicima.\u00a0","breadcrumb":{"@id":"https:\/\/www.carnet.hr\/kontakt\/#breadcrumb"},"inLanguage":"en-US","potentialAction":[{"@type":"ReadAction","target":["https:\/\/www.carnet.hr\/kontakt\/"]}]},{"@type":"BreadcrumbList","@id":"https:\/\/www.carnet.hr\/kontakt\/#breadcrumb","itemListElement":[{"@type":"ListItem","position":1,"name":"Home","item":"https:\/\/www.carnet.hr\/"},{"@type":"ListItem","position":2,"name":"Kontakt"}]},{"@type":"WebSite","@id":"http:\/\/test-www.carnet.hr\/#website","url":"http:\/\/test-www.carnet.hr\/","name":"ABOUT","description":"Knowledge connects.","potentialAction":[{"@type":"SearchAction","target":{"@type":"EntryPoint","urlTemplate":"http:\/\/test-www.carnet.hr\/?s={search_term_string}"},"query-input":{"@type":"PropertyValueSpecification","valueRequired":true,"valueName":"search_term_string"}}],"inLanguage":"en-US"}]}},"_links":{"self":[{"href":"https:\/\/www.carnet.hr\/en\/wp-json\/wp\/v2\/pages\/1092","targetHints":{"allow":["GET"]}}],"collection":[{"href":"https:\/\/www.carnet.hr\/en\/wp-json\/wp\/v2\/pages"}],"about":[{"href":"https:\/\/www.carnet.hr\/en\/wp-json\/wp\/v2\/types\/page"}],"author":[{"embeddable":true,"href":"https:\/\/www.carnet.hr\/en\/wp-json\/wp\/v2\/users\/2"}],"replies":[{"embeddable":true,"href":"https:\/\/www.carnet.hr\/en\/wp-json\/wp\/v2\/comments?post=1092"}],"version-history":[{"count":0,"href":"https:\/\/www.carnet.hr\/en\/wp-json\/wp\/v2\/pages\/1092\/revisions"}],"wp:attachment":[{"href":"https:\/\/www.carnet.hr\/en\/wp-json\/wp\/v2\/media?parent=1092"}],"curies":[{"name":"wp","href":"https:\/\/api.w.org\/{rel}","templated":true}]}}