{"id":11916,"date":"2019-05-06T13:25:53","date_gmt":"2019-05-06T12:25:53","guid":{"rendered":"https:\/\/www.carnet.hr\/?page_id=11916"},"modified":"2021-05-04T15:37:14","modified_gmt":"2021-05-04T13:37:14","slug":"uredba-o-osnivanju-carnet-a","status":"publish","type":"page","link":"https:\/\/www.carnet.hr\/en\/dokumenti\/uredba-o-osnivanju-carnet-a\/","title":{"rendered":"Regulation on the Establishment of CARNET"},"content":{"rendered":"[et_pb_section bb_built=&#8221;1&#8243; admin_label=&#8221;Uredba o osnivanju CARNET-a&#8221; specialty=&#8221;off&#8221; _builder_version=&#8221;3.21.4&#8243; module_class=&#8221;c-make-harm&#8221; z_index_tablet=&#8221;500&#8243;][et_pb_row][et_pb_column type=&#8221;4_4&#8243;][et_pb_text _builder_version=&#8221;3.21.4&#8243; z_index_tablet=&#8221;500&#8243;]\n<p class=\"t-9-8\">Na temelju \u010dlanka 12. stavka 2. Zakona o ustanovama (\u00bbNarodne novine\u00ab, br. 76\/93, 29\/97, 47\/99 i 35\/2008), Vlada Republike Hrvatske je na sjednici odr\u017eanoj 26. velja\u010de 2015. godine donijela<\/p>\n<p>\u00a0<\/p>\n<h3 class=\"tb-na16\" style=\"text-align: center;\">UREDBU<\/h3>\n<p>\u00a0<\/p>\n<h3 class=\"t-12-9-fett-s\" style=\"text-align: center;\">O HRVATSKOJ AKADEMSKOJ I ISTRA\u017dIVA\u010cKOJ MRE\u017dI \u2013 CARNET<\/h3>\n<p>\u00a0<\/p>\n<p class=\"clanak\" style=\"text-align: center;\"><strong>\u010clanak 1.<\/strong><\/p>\n<p class=\"t-9-8\">(1) Hrvatska akademska i istra\u017eiva\u010dka mre\u017ea \u2013 CARNET osnovana je Uredbom o osnivanju Hrvatske akademske i istra\u017eiva\u010dke mre\u017ee \u2013 CARNET (\u00bbNarodne novine\u00ab, broj 16\/95), kao ustanova za informati\u010dko-informacijsku infrastrukturnu djelatnost u obrazovanju i znanosti.<\/p>\n<p class=\"t-9-8\">(2) Ustanova iz stavka 1. ovoga \u010dlanka djeluje pod nazivom: Hrvatska akademska i istra\u017eiva\u010dka mre\u017ea \u2013 CARNET.<\/p>\n<p class=\"t-9-8\">(3) Skra\u0107eni naziv ustanove glasi: CARNET.<\/p>\n<p class=\"t-9-8\">(4) Sjedi\u0161te ustanove je u Zagrebu, na adresi Josipa Marohni\u0107a 5.<\/p>\n<p class=\"clanak\" style=\"text-align: center;\"><strong>\u010clanak 2.<\/strong><\/p>\n<p class=\"t-9-8\">(1) Osniva\u010d CARNET-a je Republika Hrvatska, a osniva\u010dka prava u ime osniva\u010da obavlja ministarstvo nadle\u017eno za obrazovanje i znanost.<\/p>\n<p class=\"t-9-8\">(2) CARNET ima svojstvo pravne osobe i upisuje se u sudski registar.<\/p>\n<p class=\"clanak\" style=\"text-align: center;\"><strong>\u010clanak 3.<\/strong><\/p>\n<p class=\"t-9-8\">(1) CARNET djeluje na cijelom teritoriju Republike Hrvatske.<\/p>\n<p class=\"t-9-8\">(2) CARNET mo\u017ee osnivati podru\u017enice.<\/p>\n<p class=\"t-9-8\">(3) CARNET mo\u017ee, radi obavljanja svoje djelatnosti, osnivati podru\u017enice u inozemstvu, ako to nije u suprotnosti s pravnim poretkom odnosne dr\u017eave.<\/p>\n<p class=\"clanak\" style=\"text-align: center;\"><strong>\u010clanak 4.<\/strong><\/p>\n<p class=\"t-9-8\">(1) Djelatnost CARNET-a je:<\/p>\n<ul>\n<li class=\"t-9-8\">razvoj, izgradnja i odr\u017eavanje ra\u010dunalno-komunikacijske infrastrukture koja \u0107e povezivati obrazovne, znanstveno-istra\u017eiva\u010dke te ostale ustanove po odluci osniva\u010da, me\u0111usobno u jedinstveni informacijski sustav,<\/li>\n<li class=\"t-9-8\">povezivanje CARNET mre\u017ee s me\u0111unarodnim mre\u017eama,<\/li>\n<li class=\"t-9-8\">razvoj i izgradnja informacijskih \u010dvori\u0161ta i mre\u017ea,<\/li>\n<li class=\"t-9-8\">provedba informatizacije sustava osnovnog i srednjeg obrazovanja, kroz planiranje, razvoj, organizaciju, provedbu i pra\u0107enje klju\u010dnih aspekata informatizacije, u suradnji s ministarstvom nadle\u017enim za obrazovanje i znanost,<\/li>\n<li class=\"t-9-8\">poslovi iz nadle\u017enosti nacionalnog tijela za prevenciju i za\u0161titu od ra\u010dunalnih ugroza sigurnosti javnih informacijskih sustava u Republici Hrvatskoj,<\/li>\n<li class=\"t-9-8\">promocija informacijskih tehnologija,<\/li>\n<li class=\"t-9-8\">ostali poslovi iz podru\u010dja informacijskih znanosti,<\/li>\n<li class=\"t-9-8\">izdavanje \u010dasopisa i periodi\u010dnih publikacija,<\/li>\n<li class=\"t-9-8\">ostala izdava\u010dka djelatnost,<\/li>\n<li class=\"t-9-8\">pru\u017eanje savjeta o ra\u010dunalnoj opremi (hardware),<\/li>\n<li class=\"t-9-8\">ostale djelatnosti povezane s ra\u010dunalima,<\/li>\n<li class=\"t-9-8\">izrada i pribavljanje programske opreme (software),<\/li>\n<li class=\"t-9-8\">izrada i upravljanje bazama podataka,<\/li>\n<li class=\"t-9-8\">edukacija (obavljanje i organizacija edukativnih djelatnosti),<\/li>\n<li class=\"t-9-8\">projektiranje i izgradnja u podru\u010dju informacijskih tehnologija,<\/li>\n<li class=\"t-9-8\">projektiranje telekomunikacijskih sustava.<\/li>\n<\/ul>\n<p class=\"t-9-8\">(2) Ostale djelatnosti CARNET-a su:<\/p>\n<ul>\n<li class=\"t-9-8\">organiziranje seminara, konferencija i sl.,<\/li>\n<li class=\"t-9-8\">organiziranje i ostvarivanje potpore korisnicima,<\/li>\n<li class=\"t-9-8\">savjetovanje korisnika iz podru\u010dja djelovanja.<\/li>\n<\/ul>\n<p class=\"t-9-8\">(3) Djelatnost CARNET-a iz stavka 1. ovoga \u010dlanka od posebnog je interesa za Republiku Hrvatsku.<\/p>\n<p class=\"t-9-8\">(4) CARNET obavljanjem svoje djelatnosti nema za cilj stjecanje dobiti. Ukoliko CARNET u obavljanju svoje djelatnosti ostvari dobit, ta se dobit upotrebljava isklju\u010divo za obavljanje i razvoj djelatnosti.<\/p>\n<p class=\"clanak\" style=\"text-align: center;\"><strong>\u010clanak 5.<\/strong><\/p>\n<p class=\"t-9-8\">Tijela CARNET-a su Upravno vije\u0107e, ravnatelj i Vije\u0107e korisnika.<\/p>\n<p class=\"clanak\" style=\"text-align: center;\"><strong>\u010clanak 6.<\/strong><\/p>\n<p class=\"t-9-8\">(1) Upravno vije\u0107e upravlja CARNET-om.<\/p>\n<p class=\"t-9-8\">(2) Upravno vije\u0107e donosi Statut, akt o unutarnjem ustroju i na\u010dinu rada, programe rada i razvoja ustanove i nadzire njihovo izvr\u0161avanje, odlu\u010duje o financijskom planu i godi\u0161njem obra\u010dunu, predla\u017ee osniva\u010du promjenu djelatnosti, daje osniva\u010du i ravnatelju ustanove prijedloge i mi\u0161ljenja o pojedinim pitanjima, te donosi odluke i obavlja druge poslove odre\u0111ene zakonom, ovom Uredbom i Statutom ustanove.<\/p>\n<p class=\"t-9-8\">(3) Upravno vije\u0107e ima pet \u010dlanova, predsjednika i \u010detiri \u010dlana, od kojih je jedan predstavnik zaposlenika imenovan ili izabran u skladu s propisima o radu, a imenuje ih ministar nadle\u017ean za znanost i obrazovanje.<\/p>\n<p class=\"t-9-8\">(4) Mandat \u010dlanova Upravnog vije\u0107a traje \u010detiri godine.<\/p>\n<p class=\"t-9-8\">(5) \u010clan Upravnog vije\u0107a mo\u017ee biti razrije\u0161en i prije isteka roka od \u010detiri godine, u slu\u010daju da:<\/p>\n<ul>\n<li class=\"t-9-8\">sam zatra\u017ei razrje\u0161enje,<\/li>\n<li class=\"t-9-8\">ne ispunjava du\u017enosti sukladno odredbama Statuta CARNET-a,<\/li>\n<li class=\"t-9-8\">zbog bolesti ili drugog opravdanog razloga izgubi sposobnost obna\u0161anja du\u017enosti, a to bude utvr\u0111eno od strane ovla\u0161tenih osoba ili ustanova,<\/li>\n<li class=\"t-9-8\">svojim postupanjem i pona\u0161anjem povrijedi du\u017enost koju obna\u0161a.<\/li>\n<\/ul>\n<p class=\"t-9-8\">(6) Na\u010din rada i odlu\u010divanja Upravnog vije\u0107a utvr\u0111uje se Statutom.<\/p>\n<p class=\"clanak\" style=\"text-align: center;\"><strong>\u010clanak 7.<\/strong><\/p>\n<p class=\"t-9-8\">(1) Voditelj CARNET-a je ravnatelj.<\/p>\n<p class=\"t-9-8\">(2) Ravnatelja imenuje i razrje\u0161ava ministar nadle\u017ean za znanost i obrazovanje, u skladu sa zakonom i Statutom CARNET-a.<\/p>\n<p class=\"t-9-8\">(3) Ravnatelj predstavlja i zastupa CARNET, organizira i vodi poslovanje, poduzima sve pravne radnje u ime i ra\u010dun CARNET-a i zastupa ga u svim postupcima pred sudovima, upravnim i drugim tijelima te pravnim osobama s javnim ovlastima.<\/p>\n<p class=\"clanak\" style=\"text-align: center;\"><strong>\u010clanak 8.<\/strong><\/p>\n<p class=\"t-9-8\">(1) Ravnatelj ima zamjenika te jednog ili vi\u0161e pomo\u0107nika koje imenuje ravnatelj.<\/p>\n<p class=\"t-9-8\">(2) Zamjenik zamjenjuje ravnatelja u okviru ovlasti ravnatelja i na njega se odgovaraju\u0107e primjenjuje odredba \u010dlanka 7. stavka 3. ove Uredbe.<\/p>\n<p class=\"clanak\" style=\"text-align: center;\"><strong>\u010clanak 9.<\/strong><\/p>\n<p class=\"t-9-8\">Stru\u010dni rad u CARNET-u se obavlja u unutarnjim ustrojstvenim jedinicama, \u0161to \u0107e se urediti Statutom CARNET-a.<\/p>\n<p class=\"clanak\" style=\"text-align: center;\"><strong>\u010clanak 10.<\/strong><\/p>\n<p class=\"t-9-8\">(1) Ravnatelj CARNET-a u pravnim poslovima o stjecanju, optere\u0107enju ili otu\u0111enju nekretnine ili druge imovine, odnosno kod sklapanja drugog pravnog posla samostalno raspola\u017ee imovinom CARNET-a u vrijednosti do 1.000.000,00 kuna.<\/p>\n<p class=\"t-9-8\">(2) Pravne poslove o stjecanju, optere\u0107enju ili otu\u0111enju nekretnine ili druge imovine, odnosno sklapanju drugog posla u vrijednosti do 3.000.000,00 kuna ravnatelj mo\u017ee poduzimati samo uz prethodnu suglasnost Upravnog vije\u0107a.<\/p>\n<p class=\"t-9-8\">(3) Za pravne poslove o stjecanju, optere\u0107enju ili otu\u0111enju nekretnine i druge imovine, odnosno sklapanju drugog posla \u010dija je vrijednost ve\u0107a od 3.000.000,00 kuna potrebna je, uz suglasnost Upravnog vije\u0107a, i suglasnost osniva\u010da.<\/p>\n<p class=\"t-9-8\">(4) Ravnatelj ne mo\u017ee bez posebne ovlasti Upravnog vije\u0107a ili osniva\u010da ustanove, odnosno tijela kojeg je osniva\u010d odredio, nastupati kao druga ugovorna strana i s ustanovom sklapati ugovore u svoje ime i za svoj ra\u010dun, u svoje ime, a za ra\u010dun drugih osoba, ili u ime i za ra\u010dun drugih osoba.<\/p>\n<p class=\"t-9-8\">(5) Ravnatelj mo\u017ee dati punomo\u0107 pomo\u0107niku ravnatelja i drugoj osobi da zastupaju CARNET u pravnom prometu, i to u granicama svojih ovlasti, a sukladno odredbama zakona kojim se ure\u0111uju obvezni odnosi.<\/p>\n<p class=\"clanak\" style=\"text-align: center;\"><strong>\u010clanak 11.<\/strong><\/p>\n<p class=\"t-9-8\">(1) Vije\u0107e korisnika je savjetodavno tijelo koje \u010dine predstavnici ustanova \u010dlanica ugovornih korisnika s CARNET-om.<\/p>\n<p class=\"t-9-8\">(2) Djelokrug i nadle\u017enost Vije\u0107a korisnika utvr\u0111uje se Statutom CARNET-a.<\/p>\n<p class=\"clanak\" style=\"text-align: center;\"><strong>\u010clanak 12.<\/strong><\/p>\n<p class=\"t-9-8\">Sredstva CARNET-a \u010dine:<\/p>\n<ul>\n<li class=\"t-9-8\">ra\u010dunalno-komunikacijska oprema nabavljena sredstvima ministarstva nadle\u017enog za znanost i obrazovanje za potrebe CARNET projekta i mre\u017ee do dono\u0161enja ove Uredbe,<\/li>\n<li class=\"t-9-8\">prostorije za obavljanje djelatnosti, veli\u010dine 80 m\u00b2 u Zagrebu, Josipa Marohni\u0107a 5.<\/li>\n<\/ul>\n<p class=\"clanak\" style=\"text-align: center;\"><strong>\u010clanak 13.<\/strong><\/p>\n<p class=\"t-9-8\">Sredstva za djelatnost CARNET-a osiguravaju se u dr\u017eavnom prora\u010dunu Republike Hrvatske i iz vlastitih prihoda.<\/p>\n<p class=\"clanak\" style=\"text-align: center;\"><strong>\u010clanak 14.<\/strong><\/p>\n<p class=\"t-9-8\">(1) CARNET odgovara za svoje obveze cijelom svojom imovinom.<\/p>\n<p class=\"t-9-8\">(2) Republika Hrvatska solidarno i neograni\u010deno odgovara za obveze CARNET-a.<\/p>\n<p class=\"clanak\" style=\"text-align: center;\"><strong>\u010clanak 15.<\/strong><\/p>\n<p class=\"t-9-8\">(1) Statut CARNET-a donosi Upravno vije\u0107e uz suglasnost ministarstva nadle\u017enog za znanost i obrazovanje.<\/p>\n<p class=\"t-9-8\">(2) Statutom se pobli\u017ee ure\u0111uje ustrojstvo, ovlasti, na\u010din rada i odlu\u010divanja pojedinih tijela CARNET-a, me\u0111usobna prava i obveze osniva\u010da i CARNET-a, na\u010din raspolaganja dobiti te druga pitanja zna\u010dajna za obavljanje poslova CARNET-a.<\/p>\n<p class=\"t-9-8\">(3) Statut i drugi op\u0107i akti CARNET-a moraju biti u skladu s ovom Uredbom.<\/p>\n<p class=\"clanak\" style=\"text-align: center;\"><strong>\u010clanak 16.<\/strong><\/p>\n<p class=\"t-9-8\">(1) Djelatnost CARNET-a je javna.<\/p>\n<p class=\"t-9-8\">(2) O javnosti rada CARNET-a skrbi ravnatelj.<\/p>\n<p class=\"t-9-8\">(3) Upravno vije\u0107e CARNET-a du\u017eno je najmanje jedanput godi\u0161nje podnijeti izvje\u0161\u0107e o radu CARNET-a ministarstvu nadle\u017enom za znanost i obrazovanje.<\/p>\n<p class=\"clanak\" style=\"text-align: center;\"><strong>\u010clanak 17.<\/strong><\/p>\n<p class=\"t-9-8\">Nadzor nad zakonito\u0161\u0107u rada CARNET-a obavlja ministarstvo nadle\u017eno za znanost i obrazovanje<\/p>\n<p>\u00a0<\/p>\n<h4 class=\"t-11-9-sred\" style=\"text-align: center;\">PRIJELAZNE I ZAVR\u0160NE ODREDBE<\/h4>\n<p>\u00a0<\/p>\n<p class=\"clanak\" style=\"text-align: center;\"><strong>\u010clanak 18.<\/strong><\/p>\n<p class=\"t-9-8\">(1) CARNET osnovan Uredbom o osnivanju Hrvatske akademske i istra\u017eiva\u010dke mre\u017ee \u2013 CARNET (\u00bbNarodne novine\u00ab, broj 16\/95) nastavlja s radom sukladno odredbama ove Uredbe.<\/p>\n<p class=\"t-9-8\">(2) Ravnatelj i \u010dlanovi Upravnog vije\u0107a CARNET-a te drugih tijela ustanove, koji su imenovani sukladno Uredbi o osnivanju Hrvatske akademske i istra\u017eiva\u010dke mre\u017ee \u2013 CARNET (\u00bbNarodne novine\u00ab, broj 16\/95) nastavljaju s radom do isteka vremena na koje su imenovani.<\/p>\n<p class=\"t-9-8\">(3) Statut i drugi op\u0107i akti CARNET-a uskladit \u0107e se s odredbama ove Uredbe u roku od trideset dana od dana stupanja na snagu ove Uredbe.<\/p>\n<p class=\"clanak\" style=\"text-align: center;\"><strong>\u010clanak 19.<\/strong><\/p>\n<p class=\"t-9-8\">Danom stupanja na snagu ove Uredbe prestaje va\u017eiti Uredba o osnivanju Hrvatske akademske i istra\u017eiva\u010dke mre\u017ee \u2013 CARNET (\u00bbNarodne novine\u00ab, broj 16\/95).<\/p>\n<p class=\"clanak\" style=\"text-align: center;\"><strong>\u010clanak 20.<\/strong><\/p>\n<p class=\"t-9-8\">Ova Uredba stupa na snagu osmoga dana od dana objave u \u00bbNarodnim novinama\u00ab.<\/p>\n<p class=\"klasa2\">Klasa: 022-03\/15-03\/14<\/p>\n<p class=\"klasa2\">Urbroj: 50301-04\/04-15-4<\/p>\n<p class=\"klasa2\">Zagreb, 26. velja\u010de 2015.<\/p>\n<p class=\"t-9-8-potpis\" style=\"text-align: right;\">Predsjednik<br \/><span class=\"bold\">Zoran Milanovi\u0107,<\/span>\u00a0v. r.<\/p>\n[\/et_pb_text][\/et_pb_column][\/et_pb_row][\/et_pb_section]\n","protected":false},"excerpt":{"rendered":"<p><div class=\"et_pb_row et_pb_row_0 et_pb_row_empty\">\n\t\t\t\t\n\t\t\t\t\n\t\t\t\t\n\t\t\t\t\n\t\t\t\t\n\t\t\t<\/div> Na temelju \u010dlanka 12. stavka 2. Zakona o ustanovama (\u00bbNarodne novine\u00ab, br. 76\/93, 29\/97, 47\/99 i 35\/2008), Vlada Republike Hrvatske je na sjednici odr\u017eanoj 26. velja\u010de 2015. godine donijela\u00a0UREDBU\u00a0O &#8230;<\/p>","protected":false},"author":14,"featured_media":0,"parent":1018,"menu_order":0,"comment_status":"closed","ping_status":"closed","template":"","meta":{"_acf_changed":false,"_et_pb_use_builder":"on","_et_pb_old_content":"","_et_gb_content_width":"","footnotes":""},"class_list":["post-11916","page","type-page","status-publish","hentry"],"acf":[],"yoast_head":"<!-- This site is optimized with the Yoast SEO plugin v27.5 - https:\/\/yoast.com\/product\/yoast-seo-wordpress\/ -->\n<title>Uredba o osnivanju CARNET-a - CARNET<\/title>\n<meta name=\"description\" content=\"Hrvatska akademska i istra\u017eiva\u010dka mre\u017ea \u2013 CARNET osnovana je Uredbom o osnivanju Hrvatske akademske i istra\u017eiva\u010dke mre\u017ee \u2013 CARNET\" \/>\n<meta name=\"robots\" content=\"noindex, follow, max-snippet:-1, max-image-preview:large, max-video-preview:-1\" \/>\n<meta property=\"og:locale\" content=\"en_US\" \/>\n<meta property=\"og:type\" content=\"article\" \/>\n<meta property=\"og:title\" content=\"Uredba o osnivanju CARNET-a - CARNET\" \/>\n<meta property=\"og:description\" content=\"Hrvatska akademska i istra\u017eiva\u010dka mre\u017ea \u2013 CARNET osnovana je Uredbom o osnivanju Hrvatske akademske i istra\u017eiva\u010dke mre\u017ee \u2013 CARNET\" \/>\n<meta property=\"og:url\" content=\"https:\/\/www.carnet.hr\/en\/dokumenti\/uredba-o-osnivanju-carnet-a\/\" \/>\n<meta property=\"og:site_name\" content=\"CARNET\" \/>\n<meta property=\"article:publisher\" content=\"http:\/\/facebook.com\/CARNET.hr\/\" \/>\n<meta property=\"article:modified_time\" content=\"2021-05-04T13:37:14+00:00\" \/>\n<meta property=\"og:image\" content=\"https:\/\/www.carnet.hr\/wp-content\/uploads\/2019\/06\/facebook_OG_image.png\" \/>\n\t<meta property=\"og:image:width\" content=\"1200\" \/>\n\t<meta property=\"og:image:height\" content=\"630\" \/>\n\t<meta property=\"og:image:type\" content=\"image\/png\" \/>\n<meta name=\"twitter:card\" content=\"summary_large_image\" \/>\n<meta name=\"twitter:site\" content=\"@CARNET_HR\" \/>\n<meta name=\"twitter:label1\" content=\"Est. reading time\" \/>\n\t<meta name=\"twitter:data1\" content=\"7 minutes\" \/>\n<script type=\"application\/ld+json\" class=\"yoast-schema-graph\">{\"@context\":\"https:\\\/\\\/schema.org\",\"@graph\":[{\"@type\":\"WebPage\",\"@id\":\"https:\\\/\\\/www.carnet.hr\\\/dokumenti\\\/uredba-o-osnivanju-carnet-a\\\/\",\"url\":\"https:\\\/\\\/www.carnet.hr\\\/dokumenti\\\/uredba-o-osnivanju-carnet-a\\\/\",\"name\":\"Uredba o osnivanju CARNET-a - CARNET\",\"isPartOf\":{\"@id\":\"http:\\\/\\\/test-www.carnet.hr\\\/#website\"},\"datePublished\":\"2019-05-06T12:25:53+00:00\",\"dateModified\":\"2021-05-04T13:37:14+00:00\",\"description\":\"Hrvatska akademska i istra\u017eiva\u010dka mre\u017ea \u2013 CARNET osnovana je Uredbom o osnivanju Hrvatske akademske i istra\u017eiva\u010dke mre\u017ee \u2013 CARNET\",\"breadcrumb\":{\"@id\":\"https:\\\/\\\/www.carnet.hr\\\/dokumenti\\\/uredba-o-osnivanju-carnet-a\\\/#breadcrumb\"},\"inLanguage\":\"en-US\",\"potentialAction\":[{\"@type\":\"ReadAction\",\"target\":[\"https:\\\/\\\/www.carnet.hr\\\/dokumenti\\\/uredba-o-osnivanju-carnet-a\\\/\"]}]},{\"@type\":\"BreadcrumbList\",\"@id\":\"https:\\\/\\\/www.carnet.hr\\\/dokumenti\\\/uredba-o-osnivanju-carnet-a\\\/#breadcrumb\",\"itemListElement\":[{\"@type\":\"ListItem\",\"position\":1,\"name\":\"Home\",\"item\":\"https:\\\/\\\/www.carnet.hr\\\/\"},{\"@type\":\"ListItem\",\"position\":2,\"name\":\"Dokumenti\",\"item\":\"https:\\\/\\\/www.carnet.hr\\\/dokumenti\\\/\"},{\"@type\":\"ListItem\",\"position\":3,\"name\":\"Uredba o osnivanju CARNET-a\"}]},{\"@type\":\"WebSite\",\"@id\":\"http:\\\/\\\/test-www.carnet.hr\\\/#website\",\"url\":\"http:\\\/\\\/test-www.carnet.hr\\\/\",\"name\":\"CARNET\",\"description\":\"Znanje povezuje.\",\"potentialAction\":[{\"@type\":\"SearchAction\",\"target\":{\"@type\":\"EntryPoint\",\"urlTemplate\":\"http:\\\/\\\/test-www.carnet.hr\\\/?s={search_term_string}\"},\"query-input\":{\"@type\":\"PropertyValueSpecification\",\"valueRequired\":true,\"valueName\":\"search_term_string\"}}],\"inLanguage\":\"en-US\"}]}<\/script>\n<!-- \/ Yoast SEO plugin. -->","yoast_head_json":{"title":"Uredba o osnivanju CARNET-a - CARNET","description":"Hrvatska akademska i istra\u017eiva\u010dka mre\u017ea \u2013 CARNET osnovana je Uredbom o osnivanju Hrvatske akademske i istra\u017eiva\u010dke mre\u017ee \u2013 CARNET","robots":{"index":"noindex","follow":"follow","max-snippet":"max-snippet:-1","max-image-preview":"max-image-preview:large","max-video-preview":"max-video-preview:-1"},"og_locale":"en_US","og_type":"article","og_title":"Uredba o osnivanju CARNET-a - CARNET","og_description":"Hrvatska akademska i istra\u017eiva\u010dka mre\u017ea \u2013 CARNET osnovana je Uredbom o osnivanju Hrvatske akademske i istra\u017eiva\u010dke mre\u017ee \u2013 CARNET","og_url":"https:\/\/www.carnet.hr\/en\/dokumenti\/uredba-o-osnivanju-carnet-a\/","og_site_name":"CARNET","article_publisher":"http:\/\/facebook.com\/CARNET.hr\/","article_modified_time":"2021-05-04T13:37:14+00:00","og_image":[{"width":1200,"height":630,"url":"https:\/\/www.carnet.hr\/wp-content\/uploads\/2019\/06\/facebook_OG_image.png","type":"image\/png"}],"twitter_card":"summary_large_image","twitter_site":"@CARNET_HR","twitter_misc":{"Est. reading time":"7 minutes"},"schema":{"@context":"https:\/\/schema.org","@graph":[{"@type":"WebPage","@id":"https:\/\/www.carnet.hr\/dokumenti\/uredba-o-osnivanju-carnet-a\/","url":"https:\/\/www.carnet.hr\/dokumenti\/uredba-o-osnivanju-carnet-a\/","name":"Uredba o osnivanju CARNET-a - CARNET","isPartOf":{"@id":"http:\/\/test-www.carnet.hr\/#website"},"datePublished":"2019-05-06T12:25:53+00:00","dateModified":"2021-05-04T13:37:14+00:00","description":"Hrvatska akademska i istra\u017eiva\u010dka mre\u017ea \u2013 CARNET osnovana je Uredbom o osnivanju Hrvatske akademske i istra\u017eiva\u010dke mre\u017ee \u2013 CARNET","breadcrumb":{"@id":"https:\/\/www.carnet.hr\/dokumenti\/uredba-o-osnivanju-carnet-a\/#breadcrumb"},"inLanguage":"en-US","potentialAction":[{"@type":"ReadAction","target":["https:\/\/www.carnet.hr\/dokumenti\/uredba-o-osnivanju-carnet-a\/"]}]},{"@type":"BreadcrumbList","@id":"https:\/\/www.carnet.hr\/dokumenti\/uredba-o-osnivanju-carnet-a\/#breadcrumb","itemListElement":[{"@type":"ListItem","position":1,"name":"Home","item":"https:\/\/www.carnet.hr\/"},{"@type":"ListItem","position":2,"name":"Dokumenti","item":"https:\/\/www.carnet.hr\/dokumenti\/"},{"@type":"ListItem","position":3,"name":"Uredba o osnivanju CARNET-a"}]},{"@type":"WebSite","@id":"http:\/\/test-www.carnet.hr\/#website","url":"http:\/\/test-www.carnet.hr\/","name":"ABOUT","description":"Knowledge connects.","potentialAction":[{"@type":"SearchAction","target":{"@type":"EntryPoint","urlTemplate":"http:\/\/test-www.carnet.hr\/?s={search_term_string}"},"query-input":{"@type":"PropertyValueSpecification","valueRequired":true,"valueName":"search_term_string"}}],"inLanguage":"en-US"}]}},"_links":{"self":[{"href":"https:\/\/www.carnet.hr\/en\/wp-json\/wp\/v2\/pages\/11916","targetHints":{"allow":["GET"]}}],"collection":[{"href":"https:\/\/www.carnet.hr\/en\/wp-json\/wp\/v2\/pages"}],"about":[{"href":"https:\/\/www.carnet.hr\/en\/wp-json\/wp\/v2\/types\/page"}],"author":[{"embeddable":true,"href":"https:\/\/www.carnet.hr\/en\/wp-json\/wp\/v2\/users\/14"}],"replies":[{"embeddable":true,"href":"https:\/\/www.carnet.hr\/en\/wp-json\/wp\/v2\/comments?post=11916"}],"version-history":[{"count":0,"href":"https:\/\/www.carnet.hr\/en\/wp-json\/wp\/v2\/pages\/11916\/revisions"}],"up":[{"embeddable":true,"href":"https:\/\/www.carnet.hr\/en\/wp-json\/wp\/v2\/pages\/1018"}],"wp:attachment":[{"href":"https:\/\/www.carnet.hr\/en\/wp-json\/wp\/v2\/media?parent=11916"}],"curies":[{"name":"wp","href":"https:\/\/api.w.org\/{rel}","templated":true}]}}