{"id":12446,"date":"2019-06-11T08:54:14","date_gmt":"2019-06-11T07:54:14","guid":{"rendered":"https:\/\/www.carnet.hr\/?page_id=12446"},"modified":"2026-04-21T12:37:28","modified_gmt":"2026-04-21T10:37:28","slug":"radna-mjesta","status":"publish","type":"page","link":"https:\/\/www.carnet.hr\/en\/ljudski-potencijali\/radna-mjesta\/","title":{"rendered":"Workplaces"},"content":{"rendered":"[et_pb_section bb_built=&#8221;1&#8243; admin_label=&#8221;Radna mjesta&#8221; module_class=&#8221;c-make-harm&#8221; _builder_version=&#8221;3.21.4&#8243; z_index_tablet=&#8221;500&#8243; next_background_color=&#8221;#000000&#8243;][et_pb_row admin_label=&#8221;Radna mjesta&#8221; _builder_version=&#8221;3.21.4&#8243; background_size=&#8221;initial&#8221; background_position=&#8221;top_left&#8221; background_repeat=&#8221;repeat&#8221; z_index_tablet=&#8221;500&#8243;][et_pb_column type=&#8221;4_4&#8243;][et_pb_text admin_label=&#8221;Radna mjesta&#8221; _builder_version=&#8221;3.21.4&#8243; z_index_tablet=&#8221;500&#8243;]\n<p>Hrvatska akademska i istra\u017eiva\u010dka mre\u017ea \u2013 CARNET javna je ustanova koja zapo\u0161ljava vi\u0161e od 200 zaposlenika u osam gradova u Hrvatskoj.<\/p>\n<p>Zbog dinami\u010dnih promjena i novih trendova u podru\u010dju informacijsko-komunikacijske tehnologije i njezine primjene u obrazovanju, kontinuirano tra\u017eimo motivirane, sposobne i obrazovane stru\u010dnjake, koji \u0107e doprinijeti ostvarenju CARNET-ovih \u0161est strate\u0161kih prioriteta:<\/p>\n<ul>\n<li>Napredna infrastruktura<\/li>\n<li>Napredne usluge<\/li>\n<li>Obrazovanje 4.0<\/li>\n<li>Sigurnost i identitet<\/li>\n<li>Razvoj i inovacije<\/li>\n<li>Agilna organizacija.<\/li>\n<\/ul>\n<p>Na\u0161im zaposlenicima nudimo pristup mre\u017enim, ra\u010dunalnim i internet tehnologijama i opremi, rad u dinami\u010dnoj i fleksibilnoj okolini na zanimljivim i izazovnim zadacima. U CARNET-u njegujemo pozitivnu i prijateljsku atmosferu, a klju\u010dne vrijednosti koje o\u010dekujemo od na\u0161ih zaposlenika su izvrsnost, inovativnost, povjerenje, otvorenost, u\u010dinkovitost.<\/p>\n<p>Posebnu pozornost posve\u0107ujemo obrazovanju i usavr\u0161avanju zaposlenika stoga zaposlenicima omogu\u0107avamo poha\u0111anje raznih edukacija, seminara i te\u010dajeva.<\/p>\n<p><img decoding=\"async\" class=\" wp-image-16897 alignleft\" src=\"https:\/\/www.carnet.hr\/wp-content\/uploads\/2020\/08\/izvrsnost-u-izazovima.png\" alt=\"\" width=\"194\" height=\"187\" \/>Briga za dobrobit i zdravlje na\u0161ih zaposlenika nam je na prvom mjestu. To je prepoznala i tvrtka Selectio &#8211; vode\u0107a grupacija specijalizirana za savjetovanje u ljudskim resursima, koja je CARNET-u dodijelila priznanje \u201eIzvrsnost u izazovima\u201c za uspje\u0161nu prilagodbu situaciji izazvanoj koronavirusom u segmentu upravljanja ljudskim resursima.<\/p>\n<p>Ako \u017eelite postati dio na\u0161eg tima, prijavite se na neki od na\u0161ih otvorenih natje\u010daja. Za sva pitanja i dodatne informacije kontaktirajte nas na <a href=\"mailto:posao@carnet.hr\">posao@carnet.hr<\/a>.<\/p>\n[\/et_pb_text][\/et_pb_column][\/et_pb_row][\/et_pb_section][et_pb_section bb_built=&#8221;1&#8243; admin_label=&#8221;Otvorena radna mjesta&#8221; module_class=&#8221;c-make-harm&#8221; _builder_version=&#8221;3.21.4&#8243; z_index_tablet=&#8221;500&#8243; prev_background_color=&#8221;#000000&#8243; module_id=&#8221;otvorena&#8221; next_background_color=&#8221;#000000&#8243;][et_pb_row _builder_version=&#8221;3.21.4&#8243; background_size=&#8221;initial&#8221; background_position=&#8221;top_left&#8221; background_repeat=&#8221;repeat&#8221;][et_pb_column type=&#8221;4_4&#8243;][et_pb_code admin_label=&#8221;Otvorena radna mjesta&#8221; _builder_version=&#8221;3.21.4&#8243; z_index_tablet=&#8221;500&#8243;]\n<div id=\"talentlyftWidget\" class=\"talentlyft\"><\/div>\n<p><!-- [et_pb_line_break_holder] -->        <script type=\"text\/javascript\" charset=\"utf-8\"><!-- [et_pb_line_break_holder] -->                window.tlOptions = {<!-- [et_pb_line_break_holder] -->                    elementId: 'talentlyftWidget',<!-- [et_pb_line_break_holder] -->                    companyId: '72e5e4e3-19c6-44d4-a740-a699931b0f0a',<!-- [et_pb_line_break_holder] -->                    language: 'hr',<!-- [et_pb_line_break_holder] -->                    fontFamily: 'Open Sans',<!-- [et_pb_line_break_holder] -->                    status: [\"Published\"],<!-- [et_pb_line_break_holder] -->                    departments: [],<!-- [et_pb_line_break_holder] -->                    locations: [],<!-- [et_pb_line_break_holder] -->                    tags: [],<!-- [et_pb_line_break_holder] -->                    sort: 'az', \/\/ Available options: 'az', 'za', 'modified_date', 'published_date', 'status'<!-- [et_pb_line_break_holder] -->                    pageSize: 10, \/\/ Max: 200<!-- [et_pb_line_break_holder] -->                    fontSize: '12px',<!-- [et_pb_line_break_holder] -->                    color: '#8e78ac',<!-- [et_pb_line_break_holder] -->                    applicationFormOn: 'widget', \/\/ Available options: 'widget', 'careerSite'<!-- [et_pb_line_break_holder] -->        fontUrl: 'https:\/\/fonts.googleapis.com\/css?family=Open+Sans'<!-- [et_pb_line_break_holder] -->                };<!-- [et_pb_line_break_holder] --><!-- [et_pb_line_break_holder] -->                var aws = document.createElement('script');<!-- [et_pb_line_break_holder] -->                aws.onload = function() { talentlyftWidget.render(window.tlOptions); };<!-- [et_pb_line_break_holder] -->                aws.src = 'https:\/\/widget.talentlyft.com';<!-- [et_pb_line_break_holder] -->                document.body.appendChild(aws);<!-- [et_pb_line_break_holder] -->        <\/script>[\/et_pb_code][\/et_pb_column][\/et_pb_row][\/et_pb_section][et_pb_section bb_built=&#8221;1&#8243; admin_label=&#8221;Odabrani kandidati&#8221; module_class=&#8221;c-make-harm&#8221; _builder_version=&#8221;3.21.4&#8243; z_index_tablet=&#8221;500&#8243; prev_background_color=&#8221;#000000&#8243; module_id=&#8221;otvorena&#8221; next_background_color=&#8221;#000000&#8243;][et_pb_row _builder_version=&#8221;3.21.4&#8243; background_size=&#8221;initial&#8221; background_position=&#8221;top_left&#8221; background_repeat=&#8221;repeat&#8221;][et_pb_column type=&#8221;4_4&#8243;][et_pb_text admin_label=&#8221;Odabrani kandidati&#8221; _builder_version=&#8221;3.21.4&#8243; z_index_tablet=&#8221;500&#8243;]\n<p><strong>Natje\u010daji zavr\u0161eni u o\u017eujku 2026. godine:<\/strong><\/p>\n<ol>\n<li>Vi\u0161i informati\u010dar (m\/\u017e) u Odjelu za kontroling i poslovnu analitiku, Ured ravnatelja\u00a0 &#8211; odabran kandidat Anita Bagari\u0107 (VSS)<\/li>\n<li>Vi\u0161i informati\u010dar (m\/\u017e) u Odjelu za registrare i korisnike, Slu\u017eba Registar .hr domena, Sektor za digitalni identitet i komunikacije &#8211; odabran kandidat Filip Ku\u0161evi\u0107 (V\u0160S)<\/li>\n<li>Informati\u010dki tehni\u010dar (m\/\u017e) u Odjelu nabave u Sektoru poslovanja ustanove\u00a0 &#8211; odabran kandidat Anamarija Bari\u0107 (SSS)<\/li>\n<li>Suradnik (m\/\u017e) u Odjelu za registrare i korisnike, Slu\u017eba Registar .hr domena, Sektor za digitalni identitet i komunikacije (Projekt CISOO) &#8211; odabran kandidat Luka Leko (VSS)<\/li>\n<\/ol>\n<p>\u00a0<\/p>\n<p><strong>Natje\u010daji zavr\u0161eni u velja\u010di 2026. godine:<\/strong><\/p>\n<ol>\n<li>Savjetnik (m\/\u017e) u Odjelu za odr\u017eavanje ustanove u Sektoru podr\u0161ke poslovanju ustanove &#8211; odabran kandidat Slavko Mami\u0107 (VSS)<\/li>\n<li>Savjetnik (m\/\u017e) u Odsjeku za metodologiju i znanstvena istra\u017eivanja, Sektor za razvoj i primjenu tehnologija i inovacija u obrazovanju (Projekt BrAIn) &#8211; odabran kandidat Vi\u0161nja \u010ci\u010din-\u0160ain (dr. sc.)<\/li>\n<li>Suradnik (m\/\u017e) u Odsjeku za naprednu administrativnu podrs\u030cku uslugama i projektima, Sektor nacionalnih servisa i podr\u0161ke (Projekt CISOO) &#8211; odabran kandidat Ana Damjanovi\u0107 (VSS)<\/li>\n<li>Suradnik (m\/\u017e) u Odsjeku za primjenu obrazovnih sustava i podr\u0161ku korisnicima, Sektor za razvoj i primjenu tehnologija i inovacija u obrazovanju (projekt e-Sveu\u010dili\u0161ta) &#8211; odabran kandidat Matea Mihali\u0107 (VSS)<\/li>\n<\/ol>\n<p>\u00a0<\/p>\n<p><strong>Natje\u010daji zavr\u0161eni u sije\u010dnju 2026. godine:<\/strong><\/p>\n<ol>\n<li>Vi\u0161i informati\u010dar (m\/\u017e) u Odjelu za odr\u017eavanje ustanove u Sektoru poslovanja ustanove (Projekt e-Sveu\u010dili\u0161ta) &#8211; odabran kandidat Petar Sedlar (V\u0160S)<\/li>\n<li>Suradnik (m\/\u017e) u Odjelu za sigurnosno operativni centar u Sektoru za informacijsku i kiberneti\u010dku sigurnost &#8211; odabran kandidat Bruno Skendrovi\u0107 (VSS)<\/li>\n<li>Vi\u0161i savjetnik 2 (m\/\u017e) u Odsjeku za komunikacije i marketing, Sektor za digitalni identitet i komunikacije (zamjena za porodiljni) &#8211; odabran kandidat Antonela \u010ce\u010dura Marinac (VSS)<\/li>\n<li>Suradnik (m\/\u017e) u Odjelu za odr\u017eavanje ustanove u Sektoru podr\u0161ke poslovanju ustanove &#8211; odabran kandidat Antonio Prljevi\u0107 (VSS)<\/li>\n<\/ol>\n[\/et_pb_text][\/et_pb_column][\/et_pb_row][\/et_pb_section][et_pb_section bb_built=&#8221;1&#8243; admin_label=&#8221;Obavijest&#8221; module_class=&#8221;c-make-harm&#8221; _builder_version=&#8221;3.21.4&#8243; z_index_tablet=&#8221;500&#8243; prev_background_color=&#8221;#000000&#8243; module_id=&#8221;otvorena&#8221;][et_pb_row _builder_version=&#8221;3.21.4&#8243; background_size=&#8221;initial&#8221; background_position=&#8221;top_left&#8221; background_repeat=&#8221;repeat&#8221;][et_pb_column type=&#8221;4_4&#8243;][et_pb_text admin_label=&#8221;Obavijest&#8221; _builder_version=&#8221;3.21.4&#8243;]\n<h3 style=\"text-align: center;\"><strong>Hrvatska akademska i istra\u017eiva\u010dka mre\u017ea \u2013 CARNET<\/strong><\/h3>\n<h2 style=\"text-align: center;\"><strong>OBJAVLJUJE PONI\u0160TENJE NATJE\u010cAJA<\/strong><\/h2>\n<p>za radno mjesto \u201e<strong>Vi\u0161i savjetnik 2 (m\/\u017e) u Odsjeku za primjenu umjetne inteligencije, Sektor za umjetnu inteligenciju (Projekt BrAIn)\u201d<\/strong>, objavljenog na stranicama Zavoda za zapo\u0161ljavanje i na CARNET-ovoj javnoj internet stranici (carnet.hr) od 23.01.2026.-03.02.2026.<\/p>\n<p>Postupak natje\u010daja poni\u0161tava se zbog utvr\u0111enih nepravilnosti u provedbi selekcijskog postupka, koje su dovele u pitanje jednakost uvjeta za sve kandidate te vjerodostojnost i objektivnost procjene njihovih kompetencija.<\/p>\n[\/et_pb_text][et_pb_text _builder_version=&#8221;3.21.4&#8243; \/][\/et_pb_column][\/et_pb_row][\/et_pb_section]\n","protected":false},"excerpt":{"rendered":"<p>Hrvatska akademska i istra\u017eiva\u010dka mre\u017ea \u2013 CARNET javna je ustanova koja zapo\u0161ljava vi\u0161e od 200 zaposlenika u osam gradova u Hrvatskoj. Zbog dinami\u010dnih promjena i novih trendova u podru\u010dju informacijsko-komunikacijske &#8230;<\/p>","protected":false},"author":14,"featured_media":10357,"parent":1021,"menu_order":0,"comment_status":"closed","ping_status":"closed","template":"","meta":{"_acf_changed":false,"_et_pb_use_builder":"on","_et_pb_old_content":"","_et_gb_content_width":"","footnotes":""},"class_list":["post-12446","page","type-page","status-publish","has-post-thumbnail","hentry"],"acf":[],"yoast_head":"<!-- This site is optimized with the Yoast SEO plugin v27.5 - https:\/\/yoast.com\/product\/yoast-seo-wordpress\/ -->\n<title>Radna mjesta - CARNET<\/title>\n<meta name=\"description\" content=\"\u017deli\u0161 raditi u CARNET-u? Pogledaj koja su radna mjesta trenutno otvorena.\" \/>\n<meta name=\"robots\" content=\"noindex, follow, max-snippet:-1, max-image-preview:large, max-video-preview:-1\" \/>\n<meta property=\"og:locale\" content=\"en_US\" \/>\n<meta property=\"og:type\" content=\"article\" \/>\n<meta property=\"og:title\" content=\"Radna mjesta - CARNET\" \/>\n<meta property=\"og:description\" content=\"\u017deli\u0161 raditi u CARNET-u? Pogledaj koja su radna mjesta trenutno otvorena.\" \/>\n<meta property=\"og:url\" content=\"https:\/\/www.carnet.hr\/en\/ljudski-potencijali\/radna-mjesta\/\" \/>\n<meta property=\"og:site_name\" content=\"CARNET\" \/>\n<meta property=\"article:publisher\" content=\"http:\/\/facebook.com\/CARNET.hr\/\" \/>\n<meta property=\"article:modified_time\" content=\"2026-04-21T10:37:28+00:00\" \/>\n<meta property=\"og:image\" content=\"https:\/\/www.carnet.hr\/wp-content\/uploads\/2019\/02\/CRISS_MOOC-2.jpg\" \/>\n\t<meta property=\"og:image:width\" content=\"2048\" \/>\n\t<meta property=\"og:image:height\" content=\"1365\" \/>\n\t<meta property=\"og:image:type\" content=\"image\/jpeg\" \/>\n<meta name=\"twitter:card\" content=\"summary_large_image\" \/>\n<meta name=\"twitter:site\" content=\"@CARNET_HR\" \/>\n<meta name=\"twitter:label1\" content=\"Est. reading time\" \/>\n\t<meta name=\"twitter:data1\" content=\"5 minutes\" \/>\n<script type=\"application\/ld+json\" class=\"yoast-schema-graph\">{\"@context\":\"https:\\\/\\\/schema.org\",\"@graph\":[{\"@type\":\"WebPage\",\"@id\":\"https:\\\/\\\/www.carnet.hr\\\/ljudski-potencijali\\\/radna-mjesta\\\/\",\"url\":\"https:\\\/\\\/www.carnet.hr\\\/ljudski-potencijali\\\/radna-mjesta\\\/\",\"name\":\"Radna mjesta - CARNET\",\"isPartOf\":{\"@id\":\"https:\\\/\\\/www.carnet.hr\\\/#website\"},\"primaryImageOfPage\":{\"@id\":\"https:\\\/\\\/www.carnet.hr\\\/ljudski-potencijali\\\/radna-mjesta\\\/#primaryimage\"},\"image\":{\"@id\":\"https:\\\/\\\/www.carnet.hr\\\/ljudski-potencijali\\\/radna-mjesta\\\/#primaryimage\"},\"thumbnailUrl\":\"https:\\\/\\\/www.carnet.hr\\\/wp-content\\\/uploads\\\/2019\\\/02\\\/CRISS_MOOC-2.jpg\",\"datePublished\":\"2019-06-11T07:54:14+00:00\",\"dateModified\":\"2026-04-21T10:37:28+00:00\",\"description\":\"\u017deli\u0161 raditi u CARNET-u? Pogledaj koja su radna mjesta trenutno otvorena.\",\"breadcrumb\":{\"@id\":\"https:\\\/\\\/www.carnet.hr\\\/ljudski-potencijali\\\/radna-mjesta\\\/#breadcrumb\"},\"inLanguage\":\"en-US\",\"potentialAction\":[{\"@type\":\"ReadAction\",\"target\":[\"https:\\\/\\\/www.carnet.hr\\\/ljudski-potencijali\\\/radna-mjesta\\\/\"]}]},{\"@type\":\"ImageObject\",\"inLanguage\":\"en-US\",\"@id\":\"https:\\\/\\\/www.carnet.hr\\\/ljudski-potencijali\\\/radna-mjesta\\\/#primaryimage\",\"url\":\"https:\\\/\\\/www.carnet.hr\\\/wp-content\\\/uploads\\\/2019\\\/02\\\/CRISS_MOOC-2.jpg\",\"contentUrl\":\"https:\\\/\\\/www.carnet.hr\\\/wp-content\\\/uploads\\\/2019\\\/02\\\/CRISS_MOOC-2.jpg\",\"width\":2048,\"height\":1365},{\"@type\":\"BreadcrumbList\",\"@id\":\"https:\\\/\\\/www.carnet.hr\\\/ljudski-potencijali\\\/radna-mjesta\\\/#breadcrumb\",\"itemListElement\":[{\"@type\":\"ListItem\",\"position\":1,\"name\":\"Home\",\"item\":\"https:\\\/\\\/www.carnet.hr\\\/\"},{\"@type\":\"ListItem\",\"position\":2,\"name\":\"Ljudski potencijali\",\"item\":\"https:\\\/\\\/www.carnet.hr\\\/ljudski-potencijali\\\/\"},{\"@type\":\"ListItem\",\"position\":3,\"name\":\"Radna mjesta\"}]},{\"@type\":\"WebSite\",\"@id\":\"https:\\\/\\\/www.carnet.hr\\\/#website\",\"url\":\"https:\\\/\\\/www.carnet.hr\\\/\",\"name\":\"CARNET\",\"description\":\"Znanje povezuje.\",\"potentialAction\":[{\"@type\":\"SearchAction\",\"target\":{\"@type\":\"EntryPoint\",\"urlTemplate\":\"https:\\\/\\\/www.carnet.hr\\\/?s={search_term_string}\"},\"query-input\":{\"@type\":\"PropertyValueSpecification\",\"valueRequired\":true,\"valueName\":\"search_term_string\"}}],\"inLanguage\":\"en-US\"}]}<\/script>\n<!-- \/ Yoast SEO plugin. -->","yoast_head_json":{"title":"Radna mjesta - CARNET","description":"\u017deli\u0161 raditi u CARNET-u? Pogledaj koja su radna mjesta trenutno otvorena.","robots":{"index":"noindex","follow":"follow","max-snippet":"max-snippet:-1","max-image-preview":"max-image-preview:large","max-video-preview":"max-video-preview:-1"},"og_locale":"en_US","og_type":"article","og_title":"Radna mjesta - CARNET","og_description":"\u017deli\u0161 raditi u CARNET-u? Pogledaj koja su radna mjesta trenutno otvorena.","og_url":"https:\/\/www.carnet.hr\/en\/ljudski-potencijali\/radna-mjesta\/","og_site_name":"CARNET","article_publisher":"http:\/\/facebook.com\/CARNET.hr\/","article_modified_time":"2026-04-21T10:37:28+00:00","og_image":[{"width":2048,"height":1365,"url":"https:\/\/www.carnet.hr\/wp-content\/uploads\/2019\/02\/CRISS_MOOC-2.jpg","type":"image\/jpeg"}],"twitter_card":"summary_large_image","twitter_site":"@CARNET_HR","twitter_misc":{"Est. reading time":"5 minutes"},"schema":{"@context":"https:\/\/schema.org","@graph":[{"@type":"WebPage","@id":"https:\/\/www.carnet.hr\/ljudski-potencijali\/radna-mjesta\/","url":"https:\/\/www.carnet.hr\/ljudski-potencijali\/radna-mjesta\/","name":"Radna mjesta - CARNET","isPartOf":{"@id":"https:\/\/www.carnet.hr\/#website"},"primaryImageOfPage":{"@id":"https:\/\/www.carnet.hr\/ljudski-potencijali\/radna-mjesta\/#primaryimage"},"image":{"@id":"https:\/\/www.carnet.hr\/ljudski-potencijali\/radna-mjesta\/#primaryimage"},"thumbnailUrl":"https:\/\/www.carnet.hr\/wp-content\/uploads\/2019\/02\/CRISS_MOOC-2.jpg","datePublished":"2019-06-11T07:54:14+00:00","dateModified":"2026-04-21T10:37:28+00:00","description":"\u017deli\u0161 raditi u CARNET-u? Pogledaj koja su radna mjesta trenutno otvorena.","breadcrumb":{"@id":"https:\/\/www.carnet.hr\/ljudski-potencijali\/radna-mjesta\/#breadcrumb"},"inLanguage":"en-US","potentialAction":[{"@type":"ReadAction","target":["https:\/\/www.carnet.hr\/ljudski-potencijali\/radna-mjesta\/"]}]},{"@type":"ImageObject","inLanguage":"en-US","@id":"https:\/\/www.carnet.hr\/ljudski-potencijali\/radna-mjesta\/#primaryimage","url":"https:\/\/www.carnet.hr\/wp-content\/uploads\/2019\/02\/CRISS_MOOC-2.jpg","contentUrl":"https:\/\/www.carnet.hr\/wp-content\/uploads\/2019\/02\/CRISS_MOOC-2.jpg","width":2048,"height":1365},{"@type":"BreadcrumbList","@id":"https:\/\/www.carnet.hr\/ljudski-potencijali\/radna-mjesta\/#breadcrumb","itemListElement":[{"@type":"ListItem","position":1,"name":"Home","item":"https:\/\/www.carnet.hr\/"},{"@type":"ListItem","position":2,"name":"Ljudski potencijali","item":"https:\/\/www.carnet.hr\/ljudski-potencijali\/"},{"@type":"ListItem","position":3,"name":"Radna mjesta"}]},{"@type":"WebSite","@id":"https:\/\/www.carnet.hr\/#website","url":"https:\/\/www.carnet.hr\/","name":"ABOUT","description":"Knowledge connects.","potentialAction":[{"@type":"SearchAction","target":{"@type":"EntryPoint","urlTemplate":"https:\/\/www.carnet.hr\/?s={search_term_string}"},"query-input":{"@type":"PropertyValueSpecification","valueRequired":true,"valueName":"search_term_string"}}],"inLanguage":"en-US"}]}},"_links":{"self":[{"href":"https:\/\/www.carnet.hr\/en\/wp-json\/wp\/v2\/pages\/12446","targetHints":{"allow":["GET"]}}],"collection":[{"href":"https:\/\/www.carnet.hr\/en\/wp-json\/wp\/v2\/pages"}],"about":[{"href":"https:\/\/www.carnet.hr\/en\/wp-json\/wp\/v2\/types\/page"}],"author":[{"embeddable":true,"href":"https:\/\/www.carnet.hr\/en\/wp-json\/wp\/v2\/users\/14"}],"replies":[{"embeddable":true,"href":"https:\/\/www.carnet.hr\/en\/wp-json\/wp\/v2\/comments?post=12446"}],"version-history":[{"count":0,"href":"https:\/\/www.carnet.hr\/en\/wp-json\/wp\/v2\/pages\/12446\/revisions"}],"up":[{"embeddable":true,"href":"https:\/\/www.carnet.hr\/en\/wp-json\/wp\/v2\/pages\/1021"}],"wp:featuredmedia":[{"embeddable":true,"href":"https:\/\/www.carnet.hr\/en\/wp-json\/wp\/v2\/media\/10357"}],"wp:attachment":[{"href":"https:\/\/www.carnet.hr\/en\/wp-json\/wp\/v2\/media?parent=12446"}],"curies":[{"name":"wp","href":"https:\/\/api.w.org\/{rel}","templated":true}]}}