{"id":12458,"date":"2019-06-11T09:48:36","date_gmt":"2019-06-11T08:48:36","guid":{"rendered":"https:\/\/www.carnet.hr\/?page_id=12458"},"modified":"2020-08-27T19:16:38","modified_gmt":"2020-08-27T17:16:38","slug":"sistemski-inzenjer","status":"publish","type":"page","link":"https:\/\/www.carnet.hr\/en\/ljudski-potencijali\/radna-mjesta\/sistemski-inzenjer\/","title":{"rendered":"Sistemski in\u017eenjer"},"content":{"rendered":"[et_pb_section bb_built=&#8221;1&#8243; admin_label=&#8221;Sistemski in\u017eenjer&#8221; _builder_version=&#8221;3.21.4&#8243; module_class=&#8221;c-make-harm&#8221; z_index_tablet=&#8221;500&#8243;][et_pb_row][et_pb_column type=&#8221;4_4&#8243;][et_pb_text admin_label=&#8221;Tekst prvi&#8221; _builder_version=&#8221;3.21.4&#8243; z_index_tablet=&#8221;500&#8243;]\n<p><strong>Odjel ra\u010dunalne infrastrukture i servisa<\/strong> tra\u017ei suradnike i djelatnike za rad na uspostavi i odr\u017eavanju ra\u010dunalne infrastrukture CARNET-a.\u00a0<\/p>\n<p><strong>Opis poslova:<\/strong>\u00a0<\/p>\n<ul>\n<li>Uspostava infrastrukture nu\u017ene za funkcioniranje sustava i servisa u nadle\u017enosti CARNET-a<\/li>\n<li>Uspostava cloud infrastrukture<\/li>\n<li>Nadzor rada uspostavljenih sustava<\/li>\n<li>Odr\u017eavanje sustava i servisa<\/li>\n<li>Pra\u0107enje sigurnosnih preporuka i nadogradnje u skladu s preporukama<\/li>\n<\/ul>\n<p><strong>Uvjeti:<\/strong>\u00a0<\/p>\n<ul>\n<li>Student zavr\u0161ne godine tehni\u010dkog fakulteta<\/li>\n<li>Zavr\u0161en preddiplomski ili diplomski studij<\/li>\n<li>Aktivno znanje engleskog jezika u govoru i pismu<\/li>\n<\/ul>\n<p><strong>Poznavanje osnova:\u00a0<\/strong>\u00a0<\/p>\n<ul>\n<li>Linux ili Windows operativnih sustava\u00a0<\/li>\n<li>Poslu\u017eiteljske infrastrukture, sustava za pohranu podataka, virtualizacijskih tehnologija<\/li>\n<li>Sustava za izradu sigurnosnih kopija<\/li>\n<li>Baza podataka<\/li>\n<li>Skriptnih okru\u017eenja\u00a0<\/li>\n<li>Mre\u017enih tehnologija (TCP\/IP, DNS)<\/li>\n<li>Sigurnosnih tehnologija i sustava (firewall, VPN, PKI)<\/li>\n<li>Serverskih hardverskih platformi<\/li>\n<\/ul>\n<p>\u00a0<strong>Po\u017eeljno:<\/strong>\u00a0\u00a0<\/p>\n<ul>\n<li>Posjedovanje certifikata iz podru\u010dja sistemske administracije<\/li>\n<li>Posjedovanje voza\u010dke dozvole B kategorije<\/li>\n<li>Aktivni voza\u010d<\/li>\n<\/ul>\n<p>Od kandidata o\u010dekujemo izra\u017eenu pouzdanost i odgovornost, proaktivnost, fleksibilnost, sklonost projektnom i timskom na\u010dinu rada te spremnost na kontinuirano stjecanje novih znanja.\u00a0\u00a0<\/p>\n<p><strong>Nudimo:\u00a0<\/strong>\u00a0<\/p>\n<ul>\n<li>Rad u dinami\u010dnoj i fleksibilnoj okolini<\/li>\n<li>U\u010denje kroz rad\u00a0<\/li>\n<li>Pristup izrazito naprednim tehnologijama.<\/li>\n<\/ul>\n<p>Zainteresirane pozivamo da nam ponudu s detaljnim \u017eivotopisom po\u0161alju e-po\u0161tom na adresu <a href=\"mailto:posao@carnet.hr\">posao@carnet.hr\u00a0<\/a>ili po\u0161tom na adresu:<\/p>\n<p>Hrvatska akademska i istra\u017eiva\u010dka mre\u017ea \u2013 CARNET<br \/>Josipa Marohni\u0107a 5<br \/>10 000 Zagreb<\/p>\n<p>\u00a0<\/p>\n[\/et_pb_text][\/et_pb_column][\/et_pb_row][\/et_pb_section]\n","protected":false},"excerpt":{"rendered":"<p><div class=\"et_pb_row et_pb_row_0 et_pb_row_empty\">\n\t\t\t\t\n\t\t\t\t\n\t\t\t\t\n\t\t\t\t\n\t\t\t\t\n\t\t\t<\/div> Odjel ra\u010dunalne infrastrukture i servisa tra\u017ei suradnike i djelatnike za rad na uspostavi i odr\u017eavanju ra\u010dunalne infrastrukture CARNET-a.\u00a0Opis poslova:\u00a0Uspostava infrastrukture nu\u017ene za funkcioniranje sustava i servisa u nadle\u017enosti CARNET-aUspostava &#8230;<\/p>","protected":false},"author":14,"featured_media":0,"parent":12446,"menu_order":0,"comment_status":"closed","ping_status":"closed","template":"","meta":{"_acf_changed":false,"_et_pb_use_builder":"on","_et_pb_old_content":"","_et_gb_content_width":"","footnotes":""},"class_list":["post-12458","page","type-page","status-publish","hentry"],"acf":[],"yoast_head":"<!-- This site is optimized with the Yoast SEO plugin v27.5 - https:\/\/yoast.com\/product\/yoast-seo-wordpress\/ -->\n<title>Sistemski in\u017eenjer - CARNET<\/title>\n<meta name=\"robots\" content=\"index, follow, max-snippet:-1, max-image-preview:large, max-video-preview:-1\" \/>\n<link rel=\"canonical\" href=\"https:\/\/www.carnet.hr\/en\/ljudski-potencijali\/radna-mjesta\/sistemski-inzenjer\/\" \/>\n<meta property=\"og:locale\" content=\"en_US\" \/>\n<meta property=\"og:type\" content=\"article\" \/>\n<meta property=\"og:title\" content=\"Sistemski in\u017eenjer - CARNET\" \/>\n<meta property=\"og:url\" content=\"https:\/\/www.carnet.hr\/en\/ljudski-potencijali\/radna-mjesta\/sistemski-inzenjer\/\" \/>\n<meta property=\"og:site_name\" content=\"CARNET\" \/>\n<meta property=\"article:publisher\" content=\"http:\/\/facebook.com\/CARNET.hr\/\" \/>\n<meta property=\"article:modified_time\" content=\"2020-08-27T17:16:38+00:00\" \/>\n<meta property=\"og:image\" content=\"https:\/\/www.carnet.hr\/wp-content\/uploads\/2019\/06\/facebook_OG_image.png\" \/>\n\t<meta property=\"og:image:width\" content=\"1200\" \/>\n\t<meta property=\"og:image:height\" content=\"630\" \/>\n\t<meta property=\"og:image:type\" content=\"image\/png\" \/>\n<meta name=\"twitter:card\" content=\"summary_large_image\" \/>\n<meta name=\"twitter:site\" content=\"@CARNET_HR\" \/>\n<meta name=\"twitter:label1\" content=\"Est. reading time\" \/>\n\t<meta name=\"twitter:data1\" content=\"1 minute\" \/>\n<script type=\"application\/ld+json\" class=\"yoast-schema-graph\">{\"@context\":\"https:\\\/\\\/schema.org\",\"@graph\":[{\"@type\":\"WebPage\",\"@id\":\"https:\\\/\\\/www.carnet.hr\\\/ljudski-potencijali\\\/radna-mjesta\\\/sistemski-inzenjer\\\/\",\"url\":\"https:\\\/\\\/www.carnet.hr\\\/ljudski-potencijali\\\/radna-mjesta\\\/sistemski-inzenjer\\\/\",\"name\":\"Sistemski in\u017eenjer - CARNET\",\"isPartOf\":{\"@id\":\"https:\\\/\\\/www.carnet.hr\\\/#website\"},\"datePublished\":\"2019-06-11T08:48:36+00:00\",\"dateModified\":\"2020-08-27T17:16:38+00:00\",\"breadcrumb\":{\"@id\":\"https:\\\/\\\/www.carnet.hr\\\/ljudski-potencijali\\\/radna-mjesta\\\/sistemski-inzenjer\\\/#breadcrumb\"},\"inLanguage\":\"en-US\",\"potentialAction\":[{\"@type\":\"ReadAction\",\"target\":[\"https:\\\/\\\/www.carnet.hr\\\/ljudski-potencijali\\\/radna-mjesta\\\/sistemski-inzenjer\\\/\"]}]},{\"@type\":\"BreadcrumbList\",\"@id\":\"https:\\\/\\\/www.carnet.hr\\\/ljudski-potencijali\\\/radna-mjesta\\\/sistemski-inzenjer\\\/#breadcrumb\",\"itemListElement\":[{\"@type\":\"ListItem\",\"position\":1,\"name\":\"Home\",\"item\":\"https:\\\/\\\/www.carnet.hr\\\/\"},{\"@type\":\"ListItem\",\"position\":2,\"name\":\"Ljudski potencijali\",\"item\":\"https:\\\/\\\/www.carnet.hr\\\/ljudski-potencijali\\\/\"},{\"@type\":\"ListItem\",\"position\":3,\"name\":\"Radna mjesta\",\"item\":\"https:\\\/\\\/www.carnet.hr\\\/ljudski-potencijali\\\/radna-mjesta\\\/\"},{\"@type\":\"ListItem\",\"position\":4,\"name\":\"Sistemski in\u017eenjer\"}]},{\"@type\":\"WebSite\",\"@id\":\"https:\\\/\\\/www.carnet.hr\\\/#website\",\"url\":\"https:\\\/\\\/www.carnet.hr\\\/\",\"name\":\"CARNET\",\"description\":\"Znanje povezuje.\",\"potentialAction\":[{\"@type\":\"SearchAction\",\"target\":{\"@type\":\"EntryPoint\",\"urlTemplate\":\"https:\\\/\\\/www.carnet.hr\\\/?s={search_term_string}\"},\"query-input\":{\"@type\":\"PropertyValueSpecification\",\"valueRequired\":true,\"valueName\":\"search_term_string\"}}],\"inLanguage\":\"en-US\"}]}<\/script>\n<!-- \/ Yoast SEO plugin. -->","yoast_head_json":{"title":"Sistemski in\u017eenjer - CARNET","robots":{"index":"index","follow":"follow","max-snippet":"max-snippet:-1","max-image-preview":"max-image-preview:large","max-video-preview":"max-video-preview:-1"},"canonical":"https:\/\/www.carnet.hr\/en\/ljudski-potencijali\/radna-mjesta\/sistemski-inzenjer\/","og_locale":"en_US","og_type":"article","og_title":"Sistemski in\u017eenjer - CARNET","og_url":"https:\/\/www.carnet.hr\/en\/ljudski-potencijali\/radna-mjesta\/sistemski-inzenjer\/","og_site_name":"CARNET","article_publisher":"http:\/\/facebook.com\/CARNET.hr\/","article_modified_time":"2020-08-27T17:16:38+00:00","og_image":[{"width":1200,"height":630,"url":"https:\/\/www.carnet.hr\/wp-content\/uploads\/2019\/06\/facebook_OG_image.png","type":"image\/png"}],"twitter_card":"summary_large_image","twitter_site":"@CARNET_HR","twitter_misc":{"Est. reading time":"1 minute"},"schema":{"@context":"https:\/\/schema.org","@graph":[{"@type":"WebPage","@id":"https:\/\/www.carnet.hr\/ljudski-potencijali\/radna-mjesta\/sistemski-inzenjer\/","url":"https:\/\/www.carnet.hr\/ljudski-potencijali\/radna-mjesta\/sistemski-inzenjer\/","name":"Sistemski in\u017eenjer - CARNET","isPartOf":{"@id":"https:\/\/www.carnet.hr\/#website"},"datePublished":"2019-06-11T08:48:36+00:00","dateModified":"2020-08-27T17:16:38+00:00","breadcrumb":{"@id":"https:\/\/www.carnet.hr\/ljudski-potencijali\/radna-mjesta\/sistemski-inzenjer\/#breadcrumb"},"inLanguage":"en-US","potentialAction":[{"@type":"ReadAction","target":["https:\/\/www.carnet.hr\/ljudski-potencijali\/radna-mjesta\/sistemski-inzenjer\/"]}]},{"@type":"BreadcrumbList","@id":"https:\/\/www.carnet.hr\/ljudski-potencijali\/radna-mjesta\/sistemski-inzenjer\/#breadcrumb","itemListElement":[{"@type":"ListItem","position":1,"name":"Home","item":"https:\/\/www.carnet.hr\/"},{"@type":"ListItem","position":2,"name":"Ljudski potencijali","item":"https:\/\/www.carnet.hr\/ljudski-potencijali\/"},{"@type":"ListItem","position":3,"name":"Radna mjesta","item":"https:\/\/www.carnet.hr\/ljudski-potencijali\/radna-mjesta\/"},{"@type":"ListItem","position":4,"name":"Sistemski in\u017eenjer"}]},{"@type":"WebSite","@id":"https:\/\/www.carnet.hr\/#website","url":"https:\/\/www.carnet.hr\/","name":"ABOUT","description":"Knowledge connects.","potentialAction":[{"@type":"SearchAction","target":{"@type":"EntryPoint","urlTemplate":"https:\/\/www.carnet.hr\/?s={search_term_string}"},"query-input":{"@type":"PropertyValueSpecification","valueRequired":true,"valueName":"search_term_string"}}],"inLanguage":"en-US"}]}},"_links":{"self":[{"href":"https:\/\/www.carnet.hr\/en\/wp-json\/wp\/v2\/pages\/12458","targetHints":{"allow":["GET"]}}],"collection":[{"href":"https:\/\/www.carnet.hr\/en\/wp-json\/wp\/v2\/pages"}],"about":[{"href":"https:\/\/www.carnet.hr\/en\/wp-json\/wp\/v2\/types\/page"}],"author":[{"embeddable":true,"href":"https:\/\/www.carnet.hr\/en\/wp-json\/wp\/v2\/users\/14"}],"replies":[{"embeddable":true,"href":"https:\/\/www.carnet.hr\/en\/wp-json\/wp\/v2\/comments?post=12458"}],"version-history":[{"count":0,"href":"https:\/\/www.carnet.hr\/en\/wp-json\/wp\/v2\/pages\/12458\/revisions"}],"up":[{"embeddable":true,"href":"https:\/\/www.carnet.hr\/en\/wp-json\/wp\/v2\/pages\/12446"}],"wp:attachment":[{"href":"https:\/\/www.carnet.hr\/en\/wp-json\/wp\/v2\/media?parent=12458"}],"curies":[{"name":"wp","href":"https:\/\/api.w.org\/{rel}","templated":true}]}}