{"id":1302,"date":"2018-11-14T16:42:37","date_gmt":"2018-11-14T15:42:37","guid":{"rendered":"https:\/\/www.carnet.hr\/politika-privatnosti\/"},"modified":"2020-07-06T09:36:24","modified_gmt":"2020-07-06T07:36:24","slug":"obavijest-o-privatnosti","status":"publish","type":"page","link":"https:\/\/www.carnet.hr\/en\/obavijest-o-privatnosti\/","title":{"rendered":"Privacy Notice"},"content":{"rendered":"[et_pb_section bb_built=&#8221;1&#8243; admin_label=&#8221;Obavijest o privatnosti&#8221; _builder_version=&#8221;3.19.14&#8243; module_class=&#8221;c-make-harm&#8221;][et_pb_row][et_pb_column type=&#8221;4_4&#8243;][et_pb_text admin_label=&#8221;Obavijest o privatnosti&#8221; _builder_version=&#8221;3.21.4&#8243; z_index_tablet=&#8221;500&#8243;]\n<p>Hrvatska akademska i istra\u017eiva\u010dka mre\u017ea \u2013 CARNET po\u0161tuje privatnost i sigurnost svojih korisnika kao i svih posjetitelja mre\u017ene stranice. Stoga vas putem ove obavijesti o privatnosti \u017eelimo informirati koje osobne podatke prikupljamo, kako ih koristimo i kako brinemo o njihovoj za\u0161titi te koja su va\u0161a prava vezana uz obradu podataka.<\/p>\n<h3>Podaci koje prikupljamo<\/h3>\n<p>Prilikom kori\u0161tenja CARNET-ove mre\u017ene stranice ne prikupljamo va\u0161e osobne podatke, kao \u0161to su \u00a0ime i pojedinosti o kontaktu, osim ako ih dobrovoljno ne unesete ispunjavanjem dostupnih obrazaca za odre\u0111enu svrhu i time date va\u0161u privolu na prikupljanje i kori\u0161tenje va\u0161ih osobnih podataka u navedene svrhe.<\/p>\n<p>Svi osobni podaci koriste se isklju\u010divo u svrhe radi koje su prikupljeni i za koje je dana privola. Privolu za obradu osobnih podataka mogu dati osobe s navr\u0161enih 16 godina ili vi\u0161e, dok za osobe mla\u0111e od 16 privolu mo\u017ee dati roditelj ili skrbnik.\u00a0<\/p>\n<h3>Razdoblje u kojem \u0107e osobni podaci biti pohranjeni<\/h3>\n<p>Svi osobni podaci se bri\u0161u nakon prestanka svrhe za koju su prikupljeni, odnosno prestankom ugovornog odnosa, a najkasnije po isteku svih zakonskih obveza povezanih s \u010duvanjem osobnih podataka.<\/p>\n<h3>Informacije koje automatski prikupljamo na na\u0161oj mre\u017enoj stranici<\/h3>\n<p>Kada pristupite na\u0161oj mre\u017enoj stranici automatski prikupljamo informacije u log datotekama poslu\u017eitelja, kao \u0161to su va\u0161a IP adresa, vrsta preglednika, stranice za preusmjeravanje \/ izlazak i operativni sustav. Ove informacije koristimo kako bismo upravljali na\u0161om mre\u017enom stranicom i tehni\u010dkim rje\u0161enjima, pratili aktivnosti svoje mre\u017ene stranice, unaprijedili njezin rad i sadr\u017eaj te pobolj\u0161ali korisni\u010dko iskustvo.<\/p>\n<p>Navedene informacije \u010duvamo 12 mjeseci nakon \u010dega se informacije bri\u0161u.<\/p>\n<h3>Preno\u0161enje va\u0161ih osobnih podataka<\/h3>\n<p>Prikupljeni podaci ne\u0107e ni na koji na\u010din biti dostupni tre\u0107im osobama, osim u slu\u010daju kada je takva obaveza regulirana zakonom.<\/p>\n<h3>Kola\u010di\u0107i (Cookies)<\/h3>\n<p>Za potrebe izrade i pra\u0107enja statistike posjetitelja, ova mre\u017ena stranica koristi kola\u010di\u0107e (engl. <em>cookies<\/em>) \u2013 tekstualne datoteke koje preglednik sprema na ra\u010dunalni sustav kako bi pomogle u prilagodbi korisni\u010dkog iskustva.<\/p>\n<p>Kola\u010di\u0107i mogu biti stalni kola\u010di\u0107 koji na ra\u010dunalu korisnika ostaju pohranjeni i nakon posjeta te privremeni kola\u010di\u0107i koji se pohranjuju samo tijekom posjeta stranici.<\/p>\n<p>Ako \u017eelite ukloniti kola\u010di\u0107e na svojem ure\u0111aju, to mo\u017eete u\u010diniti u bilo koje doba putem postavki preglednika kojeg koristite.<\/p>\n<h3>Google Analytics<\/h3>\n<p>Google prikuplja informacije putem na\u0161e upotrebe usluge Google Analytics na mre\u017enoj stranici. Google koristi ove informacije, uklju\u010duju\u0107i prikrivene IP adrese i podatke iz kola\u010di\u0107a, u vi\u0161e svrha, kao \u0161to je pobolj\u0161anje usluge Google Analytics. Informacije se dijele s Googleom na anonimnoj osnovi. Kako biste saznali vi\u0161e o tome koje informacije Google prikuplja, kako upotrebljava te informacije i kako kontrolirati informacije poslane Googleu, pogledajte stranicu\u00a0<a href=\"https:\/\/policies.google.com\/technologies\/partner-sites\">Googleovih pravila o privatnosti<\/a>. Mo\u017eete se isklju\u010diti iz usluge Google Analytics tako da instalirate sljede\u0107i dodatak pregledniku: <a href=\"https:\/\/tools.google.com\/dlpage\/gaoptout\">https:\/\/tools.google.com\/dlpage\/gaoptout<\/a><\/p>\n<h3>Pristup i a\u017euriranje va\u0161ih osobnih podataka<\/h3>\n<p>Na\u0161 korisnik u svakom trenutku ima sljede\u0107a prava:<\/p>\n<ul>\n<li>pravo na pristup podacima i uvid u podatke<\/li>\n<li>pravo na informiranost o obradi osobnih podataka<\/li>\n<li>pravo na prenosivost podataka<\/li>\n<li>pravo na povla\u010denje privole<\/li>\n<li>pravo na podno\u0161enje prigovora<\/li>\n<li>pravo na ispravak i promjenu osobnih podataka u slu\u010daju ako su podaci nepotpuni ili neto\u010dni<\/li>\n<li>pravo na brisanje\u00a0u slu\u010dajevima kao \u0161to su prestanak svrhe obrade, povla\u010denje privole ili u slu\u010daju podno\u0161enja prigovora<\/li>\n<\/ul>\n<h3>Sigurnost va\u0161ih osobnih podataka<\/h3>\n<p>Poduzimamo sve tehni\u010dke i organizacijske mjere sigurnosti kako bismo za\u0161titili va\u0161e osobne podatke od neovla\u0161tenog ili nezakonitog postupanja s njima i od njihovog slu\u010dajnog gubitka, uni\u0161tenja ili izmjena.<\/p>\n<h3>Identitet i kontaktni podaci slu\u017ebenika za za\u0161titu podataka<\/h3>\n<p>CARNET je sukladno relevantnim propisima imenovao <a href=\"https:\/\/www.carnet.hr\/zastita-osobnih-podataka\/\">Slu\u017ebenika za za\u0161titu podataka<\/a> kojega mo\u017eete kontaktirati za sva pitanja povezana s obradom va\u0161ih osobnih podataka ili ostvarivanje svojih prava na za\u0161titu osobnih podataka u CARNET-u.<\/p>\n<h3>Nadzorno tijelo<\/h3>\n<p>Ako imate prigovor vezano uz vlastita prava mo\u017eete uputiti primjedbu nadzornom tijelu za za\u0161titu osobnih podataka, odnosno Agenciji za za\u0161titu osobnih podataka (AZOP).<\/p>\n<p><a href=\"https:\/\/azop.hr\/\" target=\"_blank\" rel=\"noopener noreferrer\">Agencija za za\u0161titu osobnih podataka<\/a><\/p>\n<h3>Obavijest o promjenama<\/h3>\n<p>Sve promjene obavijesti o privatnosti bit \u0107e pravodobno objavljene na ovoj stranici ili u\u010dinjene dostupnima korisnicima na neki drugi prikladan na\u010din.<\/p>\n[\/et_pb_text][\/et_pb_column][\/et_pb_row][\/et_pb_section]\n","protected":false},"excerpt":{"rendered":"<p><div class=\"et_pb_row et_pb_row_0 et_pb_row_empty\">\n\t\t\t\t\n\t\t\t\t\n\t\t\t\t\n\t\t\t\t\n\t\t\t\t\n\t\t\t<\/div> Hrvatska akademska i istra\u017eiva\u010dka mre\u017ea \u2013 CARNET po\u0161tuje privatnost i sigurnost svojih korisnika kao i svih posjetitelja mre\u017ene stranice. Stoga vas putem ove obavijesti o privatnosti \u017eelimo informirati koje &#8230;<\/p>","protected":false},"author":2,"featured_media":0,"parent":0,"menu_order":23,"comment_status":"closed","ping_status":"closed","template":"","meta":{"_acf_changed":false,"_et_pb_use_builder":"on","_et_pb_old_content":"","_et_gb_content_width":"","footnotes":""},"class_list":["post-1302","page","type-page","status-publish","hentry"],"acf":[],"yoast_head":"<!-- This site is optimized with the Yoast SEO plugin v27.5 - https:\/\/yoast.com\/product\/yoast-seo-wordpress\/ -->\n<title>Obavijest o privatnosti - CARNET<\/title>\n<meta name=\"robots\" content=\"noindex, follow, max-snippet:-1, max-image-preview:large, max-video-preview:-1\" \/>\n<meta property=\"og:locale\" content=\"en_US\" \/>\n<meta property=\"og:type\" content=\"article\" \/>\n<meta property=\"og:title\" content=\"Obavijest o privatnosti - CARNET\" \/>\n<meta property=\"og:url\" content=\"https:\/\/www.carnet.hr\/en\/obavijest-o-privatnosti\/\" \/>\n<meta property=\"og:site_name\" content=\"CARNET\" \/>\n<meta property=\"article:publisher\" content=\"http:\/\/facebook.com\/CARNET.hr\/\" \/>\n<meta property=\"article:modified_time\" content=\"2020-07-06T07:36:24+00:00\" \/>\n<meta property=\"og:image\" content=\"https:\/\/www.carnet.hr\/wp-content\/uploads\/2019\/06\/facebook_OG_image.png\" \/>\n\t<meta property=\"og:image:width\" content=\"1200\" \/>\n\t<meta property=\"og:image:height\" content=\"630\" \/>\n\t<meta property=\"og:image:type\" content=\"image\/png\" \/>\n<meta name=\"twitter:card\" content=\"summary_large_image\" \/>\n<meta name=\"twitter:site\" content=\"@CARNET_HR\" \/>\n<meta name=\"twitter:label1\" content=\"Est. reading time\" \/>\n\t<meta name=\"twitter:data1\" content=\"4 minutes\" \/>\n<script type=\"application\/ld+json\" class=\"yoast-schema-graph\">{\"@context\":\"https:\\\/\\\/schema.org\",\"@graph\":[{\"@type\":\"WebPage\",\"@id\":\"https:\\\/\\\/www.carnet.hr\\\/obavijest-o-privatnosti\\\/\",\"url\":\"https:\\\/\\\/www.carnet.hr\\\/obavijest-o-privatnosti\\\/\",\"name\":\"Obavijest o privatnosti - CARNET\",\"isPartOf\":{\"@id\":\"http:\\\/\\\/test-www.carnet.hr\\\/#website\"},\"datePublished\":\"2018-11-14T15:42:37+00:00\",\"dateModified\":\"2020-07-06T07:36:24+00:00\",\"breadcrumb\":{\"@id\":\"https:\\\/\\\/www.carnet.hr\\\/obavijest-o-privatnosti\\\/#breadcrumb\"},\"inLanguage\":\"en-US\",\"potentialAction\":[{\"@type\":\"ReadAction\",\"target\":[\"https:\\\/\\\/www.carnet.hr\\\/obavijest-o-privatnosti\\\/\"]}]},{\"@type\":\"BreadcrumbList\",\"@id\":\"https:\\\/\\\/www.carnet.hr\\\/obavijest-o-privatnosti\\\/#breadcrumb\",\"itemListElement\":[{\"@type\":\"ListItem\",\"position\":1,\"name\":\"Home\",\"item\":\"https:\\\/\\\/www.carnet.hr\\\/\"},{\"@type\":\"ListItem\",\"position\":2,\"name\":\"Obavijest o privatnosti\"}]},{\"@type\":\"WebSite\",\"@id\":\"http:\\\/\\\/test-www.carnet.hr\\\/#website\",\"url\":\"http:\\\/\\\/test-www.carnet.hr\\\/\",\"name\":\"CARNET\",\"description\":\"Znanje povezuje.\",\"potentialAction\":[{\"@type\":\"SearchAction\",\"target\":{\"@type\":\"EntryPoint\",\"urlTemplate\":\"http:\\\/\\\/test-www.carnet.hr\\\/?s={search_term_string}\"},\"query-input\":{\"@type\":\"PropertyValueSpecification\",\"valueRequired\":true,\"valueName\":\"search_term_string\"}}],\"inLanguage\":\"en-US\"}]}<\/script>\n<!-- \/ Yoast SEO plugin. -->","yoast_head_json":{"title":"Obavijest o privatnosti - CARNET","robots":{"index":"noindex","follow":"follow","max-snippet":"max-snippet:-1","max-image-preview":"max-image-preview:large","max-video-preview":"max-video-preview:-1"},"og_locale":"en_US","og_type":"article","og_title":"Obavijest o privatnosti - CARNET","og_url":"https:\/\/www.carnet.hr\/en\/obavijest-o-privatnosti\/","og_site_name":"CARNET","article_publisher":"http:\/\/facebook.com\/CARNET.hr\/","article_modified_time":"2020-07-06T07:36:24+00:00","og_image":[{"width":1200,"height":630,"url":"https:\/\/www.carnet.hr\/wp-content\/uploads\/2019\/06\/facebook_OG_image.png","type":"image\/png"}],"twitter_card":"summary_large_image","twitter_site":"@CARNET_HR","twitter_misc":{"Est. reading time":"4 minutes"},"schema":{"@context":"https:\/\/schema.org","@graph":[{"@type":"WebPage","@id":"https:\/\/www.carnet.hr\/obavijest-o-privatnosti\/","url":"https:\/\/www.carnet.hr\/obavijest-o-privatnosti\/","name":"Obavijest o privatnosti - CARNET","isPartOf":{"@id":"http:\/\/test-www.carnet.hr\/#website"},"datePublished":"2018-11-14T15:42:37+00:00","dateModified":"2020-07-06T07:36:24+00:00","breadcrumb":{"@id":"https:\/\/www.carnet.hr\/obavijest-o-privatnosti\/#breadcrumb"},"inLanguage":"en-US","potentialAction":[{"@type":"ReadAction","target":["https:\/\/www.carnet.hr\/obavijest-o-privatnosti\/"]}]},{"@type":"BreadcrumbList","@id":"https:\/\/www.carnet.hr\/obavijest-o-privatnosti\/#breadcrumb","itemListElement":[{"@type":"ListItem","position":1,"name":"Home","item":"https:\/\/www.carnet.hr\/"},{"@type":"ListItem","position":2,"name":"Obavijest o privatnosti"}]},{"@type":"WebSite","@id":"http:\/\/test-www.carnet.hr\/#website","url":"http:\/\/test-www.carnet.hr\/","name":"ABOUT","description":"Knowledge connects.","potentialAction":[{"@type":"SearchAction","target":{"@type":"EntryPoint","urlTemplate":"http:\/\/test-www.carnet.hr\/?s={search_term_string}"},"query-input":{"@type":"PropertyValueSpecification","valueRequired":true,"valueName":"search_term_string"}}],"inLanguage":"en-US"}]}},"_links":{"self":[{"href":"https:\/\/www.carnet.hr\/en\/wp-json\/wp\/v2\/pages\/1302","targetHints":{"allow":["GET"]}}],"collection":[{"href":"https:\/\/www.carnet.hr\/en\/wp-json\/wp\/v2\/pages"}],"about":[{"href":"https:\/\/www.carnet.hr\/en\/wp-json\/wp\/v2\/types\/page"}],"author":[{"embeddable":true,"href":"https:\/\/www.carnet.hr\/en\/wp-json\/wp\/v2\/users\/2"}],"replies":[{"embeddable":true,"href":"https:\/\/www.carnet.hr\/en\/wp-json\/wp\/v2\/comments?post=1302"}],"version-history":[{"count":0,"href":"https:\/\/www.carnet.hr\/en\/wp-json\/wp\/v2\/pages\/1302\/revisions"}],"wp:attachment":[{"href":"https:\/\/www.carnet.hr\/en\/wp-json\/wp\/v2\/media?parent=1302"}],"curies":[{"name":"wp","href":"https:\/\/api.w.org\/{rel}","templated":true}]}}