{"id":20955,"date":"2022-05-27T14:46:58","date_gmt":"2022-05-27T12:46:58","guid":{"rendered":"https:\/\/www.carnet.hr\/?page_id=20955"},"modified":"2022-09-19T15:56:21","modified_gmt":"2022-09-19T13:56:21","slug":"privatnost","status":"publish","type":"page","link":"https:\/\/www.carnet.hr\/en\/sluzba-za-podrsku-korisnicima\/privatnost\/","title":{"rendered":"Obavijest o privatnosti &#8211; Slu\u017eba za podr\u0161ku korisnicima"},"content":{"rendered":"[et_pb_section bb_built=&#8221;1&#8243; admin_label=&#8221;Obavijest o privatnosti &#8211; Slu\u017eba za podr\u0161ku korisnicima&#8221; _builder_version=&#8221;3.21.4&#8243; module_class=&#8221;c-make-harm&#8221; z_index_tablet=&#8221;500&#8243;][et_pb_row][et_pb_column type=&#8221;4_4&#8243;][et_pb_text admin_label=&#8221;Tekst prvi&#8221; _builder_version=&#8221;3.21.4&#8243; z_index_tablet=&#8221;500&#8243;]\n<p>Hrvatska akademska i istra\u017eiva\u010dka mre\u017ea \u2013 CARNET kao voditelj obrade osobnih podataka po\u0161tuje privatnost i sigurnost svojih korisnika. Stoga vas putem ove obavijesti o privatnosti \u017eelimo informirati koje osobne podatke prikupljamo, kako ih koristimo i kako brinemo o njihovoj za\u0161titi te koja su va\u0161a prava vezana uz obradu podataka.<\/p>\n<p>Za kori\u0161tenje ve\u0107ine CARNET-ovih usluga nu\u017ena je obrada osobnih podataka, pa se posebna pozornost pridaje njihovoj za\u0161titi u skladu s Op\u0107om uredbom o za\u0161titi podataka te nacionalnim propisima.<\/p>\n<h3><strong>Podaci koje prikupljamo<\/strong><\/h3>\n<ul>\n<li>snimke telefonskih poziva<\/li>\n<li>osobni podaci korisnika (Ime; Prezime; Titula; Korisni\u010dko ime; OIB; Adresa; Kontakt podaci: telefon, mobitel, e-mail adresa; Dostavljeni dokumenti; Povezanost korisnika s ustanovom; Zahtjevi)<\/li>\n<li>podaci o ustanovi (Naziv; Mjesto; Adresa; Kontakt podaci; Mati\u010dni broj; Domena; Usluge i projekti; Dokumenti; Korisnici &#8211; Povezanost korisnika s ustanovom: uloga, funkcija, osobni podaci; Zahtjevi)<\/li>\n<li>podaci o usluzi (kontakt se evidentira ovisno o usluzi za koju je potrebna podr\u0161ka).<\/li>\n<\/ul>\n<h3><strong>Svrha prikupljanja podataka<\/strong><\/h3>\n<p>CARNET-ova Slu\u017eba za podr\u0161ku korisnicima u skladu s Op\u0107om uredbom o za\u0161titi osobnih podataka (Uredba (EU) 2016\/679) prikuplja osobne podatke korisnika u svrhu:<\/p>\n<ul>\n<li>evidentiranja<\/li>\n<li>dokumentiranja<\/li>\n<li>pru\u017eanja podr\u0161ke<\/li>\n<li>edukacije zaposlenika<\/li>\n<li>pobolj\u0161anja usluge.<\/li>\n<\/ul>\n<p>Svi osobni podaci koriste se isklju\u010divo u svrhe radi koje su prikupljeni.<\/p>\n<h3><strong>Razdoblje u kojem \u0107e osobni podaci biti pohranjeni<\/strong><\/h3>\n<ul>\n<li>svi osobni podaci se bri\u0161u nakon prestanka svrhe za koju su prikupljeni, odnosno prestankom ugovornog odnosa, a najkasnije po isteku svih zakonskih obveza povezanih s \u010duvanjem osobnih podataka.<\/li>\n<li>snimke poziva \u010duvaju se dvije godine nakon \u010dega se trajno bri\u0161u<\/li>\n<li>podaci o ustanovama \u010duvaju se sukladno ugovorima o \u010dlanstvu sklopljenim izme\u0111u CARNET-a i ustanove \u010dlanice ili odredbama i odlukama Ministarstva znanosti, obrazovanja i sporta.<\/li>\n<\/ul>\n<h3><strong>Preno\u0161enje va\u0161ih osobnih podataka<\/strong><\/h3>\n<p>Prikupljeni podaci ne\u0107e ni na koji na\u010din biti dostupni tre\u0107im osobama, osim u slu\u010daju kada je takva obaveza regulirana zakonom.<\/p>\n<h3><strong>Pristup i a\u017euriranje va\u0161ih osobnih podataka<\/strong><\/h3>\n<p>Na\u0161i korisnici imaju sljede\u0107a prava:<\/p>\n<ul>\n<li>pravo na pristup podacima i uvid u podatke<\/li>\n<li>pravo na informiranost o obradi osobnih podataka<\/li>\n<li>pravo na prenosivost podataka<\/li>\n<li>pravo na povla\u010denje privole<\/li>\n<li>pravo na podno\u0161enje prigovora<\/li>\n<li>pravo na ispravak i promjenu osobnih podataka u slu\u010daju ako su podaci nepotpuni ili neto\u010dni<\/li>\n<li>pravo na brisanje u slu\u010dajevima kao \u0161to su prestanak svrhe obrade, povla\u010denje privole ili u slu\u010daju podno\u0161enja prigovora.<\/li>\n<\/ul>\n<h3><strong>Sigurnost va\u0161ih osobnih podataka<\/strong><\/h3>\n<p>Poduzimamo sve tehni\u010dke i organizacijske mjere sigurnosti kako bismo za\u0161titili va\u0161e osobne podatke od neovla\u0161tenog ili nezakonitog postupanja s njima i od njihovog slu\u010dajnog gubitka, uni\u0161tenja ili izmjena.<\/p>\n<h3><strong>Identitet i kontaktni podaci slu\u017ebenika za za\u0161titu podataka<\/strong><\/h3>\n<p>CARNET je sukladno relevantnim propisima imenovao Slu\u017ebenika za za\u0161titu podataka kojega mo\u017eetekontaktirati za sva pitanja povezana s obradom va\u0161ih osobnih podataka ili ostvarivanje svojih pravana za\u0161titu osobnih podataka u CARNET-u.<\/p>\n<p><a href=\"https:\/\/www.carnet.hr\/zastita-osobnih-podataka\/\">https:\/\/www.carnet.hr\/zastita-osobnih-podataka\/<\/a><\/p>\n<h3><strong>Nadzorno tijelo<\/strong><\/h3>\n<p>Ako imate prigovor vezano uz vlastita prava mo\u017eete uputiti primjedbu nadzornom tijelu za za\u0161titu osobnih podataka, odnosno Agenciji za za\u0161titu osobnih podataka (AZOP).<\/p>\n<p>Agencija za za\u0161titu osobnih podataka<br \/>Selska cesta 136<br \/>10 000 Zagreb<br \/><a href=\"https:\/\/azop.hr\/\">https:\/\/azop.hr\/<\/a><\/p>\n<h3><strong>Obavijest o promjenama<\/strong><\/h3>\n<p>Sve promjene obavijesti o privatnosti bit \u0107e pravodobno objavljene na ovoj stranici ili u\u010dinjene\u00a0dostupnima korisnicima na neki drugi prikladan na\u010din.<\/p>\n[\/et_pb_text][\/et_pb_column][\/et_pb_row][\/et_pb_section]\n","protected":false},"excerpt":{"rendered":"<p><div class=\"et_pb_row et_pb_row_0 et_pb_row_empty\">\n\t\t\t\t\n\t\t\t\t\n\t\t\t\t\n\t\t\t\t\n\t\t\t\t\n\t\t\t<\/div> Hrvatska akademska i istra\u017eiva\u010dka mre\u017ea \u2013 CARNET kao voditelj obrade osobnih podataka po\u0161tuje privatnost i sigurnost svojih korisnika. Stoga vas putem ove obavijesti o privatnosti \u017eelimo informirati koje osobne &#8230;<\/p>","protected":false},"author":10,"featured_media":0,"parent":1081,"menu_order":0,"comment_status":"closed","ping_status":"closed","template":"","meta":{"_acf_changed":false,"_et_pb_use_builder":"on","_et_pb_old_content":"<p>Obavijest o privatnosti - web:<\/p><p><a href=\"https:\/\/www.carnet.hr\/obavijest-o-privatnosti\/\">https:\/\/www.carnet.hr\/obavijest-o-privatnosti\/<\/a><\/p><p>Obavijest o privatnosti - pozivni centar Slu\u017ebe za podr\u0161ku korisnicima:<br \/>...<\/p>","_et_gb_content_width":"","footnotes":""},"class_list":["post-20955","page","type-page","status-publish","hentry"],"acf":[],"yoast_head":"<!-- This site is optimized with the Yoast SEO plugin v27.5 - https:\/\/yoast.com\/product\/yoast-seo-wordpress\/ -->\n<title>Obavijest o privatnosti - Slu\u017eba za podr\u0161ku korisnicima - CARNET<\/title>\n<meta name=\"robots\" content=\"noindex, follow, max-snippet:-1, max-image-preview:large, max-video-preview:-1\" \/>\n<meta property=\"og:locale\" content=\"en_US\" \/>\n<meta property=\"og:type\" content=\"article\" \/>\n<meta property=\"og:title\" content=\"Obavijest o privatnosti - Slu\u017eba za podr\u0161ku korisnicima - CARNET\" \/>\n<meta property=\"og:url\" content=\"https:\/\/www.carnet.hr\/en\/sluzba-za-podrsku-korisnicima\/privatnost\/\" \/>\n<meta property=\"og:site_name\" content=\"CARNET\" \/>\n<meta property=\"article:publisher\" content=\"http:\/\/facebook.com\/CARNET.hr\/\" \/>\n<meta property=\"article:modified_time\" content=\"2022-09-19T13:56:21+00:00\" \/>\n<meta property=\"og:image\" content=\"https:\/\/www.carnet.hr\/wp-content\/uploads\/2019\/06\/facebook_OG_image.png\" \/>\n\t<meta property=\"og:image:width\" content=\"1200\" \/>\n\t<meta property=\"og:image:height\" content=\"630\" \/>\n\t<meta property=\"og:image:type\" content=\"image\/png\" \/>\n<meta name=\"twitter:card\" content=\"summary_large_image\" \/>\n<meta name=\"twitter:site\" content=\"@CARNET_HR\" \/>\n<meta name=\"twitter:label1\" content=\"Est. reading time\" \/>\n\t<meta name=\"twitter:data1\" content=\"3 minutes\" \/>\n<script type=\"application\/ld+json\" class=\"yoast-schema-graph\">{\"@context\":\"https:\\\/\\\/schema.org\",\"@graph\":[{\"@type\":\"WebPage\",\"@id\":\"https:\\\/\\\/www.carnet.hr\\\/en\\\/sluzba-za-podrsku-korisnicima\\\/privatnost\\\/\",\"url\":\"https:\\\/\\\/www.carnet.hr\\\/en\\\/sluzba-za-podrsku-korisnicima\\\/privatnost\\\/\",\"name\":\"Obavijest o privatnosti - Slu\u017eba za podr\u0161ku korisnicima - CARNET\",\"isPartOf\":{\"@id\":\"http:\\\/\\\/test-www.carnet.hr\\\/#website\"},\"datePublished\":\"2022-05-27T12:46:58+00:00\",\"dateModified\":\"2022-09-19T13:56:21+00:00\",\"breadcrumb\":{\"@id\":\"https:\\\/\\\/www.carnet.hr\\\/en\\\/sluzba-za-podrsku-korisnicima\\\/privatnost\\\/#breadcrumb\"},\"inLanguage\":\"en-US\",\"potentialAction\":[{\"@type\":\"ReadAction\",\"target\":[\"https:\\\/\\\/www.carnet.hr\\\/en\\\/sluzba-za-podrsku-korisnicima\\\/privatnost\\\/\"]}]},{\"@type\":\"BreadcrumbList\",\"@id\":\"https:\\\/\\\/www.carnet.hr\\\/en\\\/sluzba-za-podrsku-korisnicima\\\/privatnost\\\/#breadcrumb\",\"itemListElement\":[{\"@type\":\"ListItem\",\"position\":1,\"name\":\"Home\",\"item\":\"https:\\\/\\\/www.carnet.hr\\\/\"},{\"@type\":\"ListItem\",\"position\":2,\"name\":\"Slu\u017eba za podr\u0161ku korisnicima\",\"item\":\"https:\\\/\\\/www.carnet.hr\\\/sluzba-za-podrsku-korisnicima\\\/\"},{\"@type\":\"ListItem\",\"position\":3,\"name\":\"Obavijest o privatnosti &#8211; Slu\u017eba za podr\u0161ku korisnicima\"}]},{\"@type\":\"WebSite\",\"@id\":\"http:\\\/\\\/test-www.carnet.hr\\\/#website\",\"url\":\"http:\\\/\\\/test-www.carnet.hr\\\/\",\"name\":\"CARNET\",\"description\":\"Znanje povezuje.\",\"potentialAction\":[{\"@type\":\"SearchAction\",\"target\":{\"@type\":\"EntryPoint\",\"urlTemplate\":\"http:\\\/\\\/test-www.carnet.hr\\\/?s={search_term_string}\"},\"query-input\":{\"@type\":\"PropertyValueSpecification\",\"valueRequired\":true,\"valueName\":\"search_term_string\"}}],\"inLanguage\":\"en-US\"}]}<\/script>\n<!-- \/ Yoast SEO plugin. -->","yoast_head_json":{"title":"Obavijest o privatnosti - Slu\u017eba za podr\u0161ku korisnicima - CARNET","robots":{"index":"noindex","follow":"follow","max-snippet":"max-snippet:-1","max-image-preview":"max-image-preview:large","max-video-preview":"max-video-preview:-1"},"og_locale":"en_US","og_type":"article","og_title":"Obavijest o privatnosti - Slu\u017eba za podr\u0161ku korisnicima - CARNET","og_url":"https:\/\/www.carnet.hr\/en\/sluzba-za-podrsku-korisnicima\/privatnost\/","og_site_name":"CARNET","article_publisher":"http:\/\/facebook.com\/CARNET.hr\/","article_modified_time":"2022-09-19T13:56:21+00:00","og_image":[{"width":1200,"height":630,"url":"https:\/\/www.carnet.hr\/wp-content\/uploads\/2019\/06\/facebook_OG_image.png","type":"image\/png"}],"twitter_card":"summary_large_image","twitter_site":"@CARNET_HR","twitter_misc":{"Est. reading time":"3 minutes"},"schema":{"@context":"https:\/\/schema.org","@graph":[{"@type":"WebPage","@id":"https:\/\/www.carnet.hr\/en\/sluzba-za-podrsku-korisnicima\/privatnost\/","url":"https:\/\/www.carnet.hr\/en\/sluzba-za-podrsku-korisnicima\/privatnost\/","name":"Obavijest o privatnosti - Slu\u017eba za podr\u0161ku korisnicima - CARNET","isPartOf":{"@id":"http:\/\/test-www.carnet.hr\/#website"},"datePublished":"2022-05-27T12:46:58+00:00","dateModified":"2022-09-19T13:56:21+00:00","breadcrumb":{"@id":"https:\/\/www.carnet.hr\/en\/sluzba-za-podrsku-korisnicima\/privatnost\/#breadcrumb"},"inLanguage":"en-US","potentialAction":[{"@type":"ReadAction","target":["https:\/\/www.carnet.hr\/en\/sluzba-za-podrsku-korisnicima\/privatnost\/"]}]},{"@type":"BreadcrumbList","@id":"https:\/\/www.carnet.hr\/en\/sluzba-za-podrsku-korisnicima\/privatnost\/#breadcrumb","itemListElement":[{"@type":"ListItem","position":1,"name":"Home","item":"https:\/\/www.carnet.hr\/"},{"@type":"ListItem","position":2,"name":"Slu\u017eba za podr\u0161ku korisnicima","item":"https:\/\/www.carnet.hr\/sluzba-za-podrsku-korisnicima\/"},{"@type":"ListItem","position":3,"name":"Obavijest o privatnosti &#8211; Slu\u017eba za podr\u0161ku korisnicima"}]},{"@type":"WebSite","@id":"http:\/\/test-www.carnet.hr\/#website","url":"http:\/\/test-www.carnet.hr\/","name":"ABOUT","description":"Knowledge connects.","potentialAction":[{"@type":"SearchAction","target":{"@type":"EntryPoint","urlTemplate":"http:\/\/test-www.carnet.hr\/?s={search_term_string}"},"query-input":{"@type":"PropertyValueSpecification","valueRequired":true,"valueName":"search_term_string"}}],"inLanguage":"en-US"}]}},"_links":{"self":[{"href":"https:\/\/www.carnet.hr\/en\/wp-json\/wp\/v2\/pages\/20955","targetHints":{"allow":["GET"]}}],"collection":[{"href":"https:\/\/www.carnet.hr\/en\/wp-json\/wp\/v2\/pages"}],"about":[{"href":"https:\/\/www.carnet.hr\/en\/wp-json\/wp\/v2\/types\/page"}],"author":[{"embeddable":true,"href":"https:\/\/www.carnet.hr\/en\/wp-json\/wp\/v2\/users\/10"}],"replies":[{"embeddable":true,"href":"https:\/\/www.carnet.hr\/en\/wp-json\/wp\/v2\/comments?post=20955"}],"version-history":[{"count":0,"href":"https:\/\/www.carnet.hr\/en\/wp-json\/wp\/v2\/pages\/20955\/revisions"}],"up":[{"embeddable":true,"href":"https:\/\/www.carnet.hr\/en\/wp-json\/wp\/v2\/pages\/1081"}],"wp:attachment":[{"href":"https:\/\/www.carnet.hr\/en\/wp-json\/wp\/v2\/media?parent=20955"}],"curies":[{"name":"wp","href":"https:\/\/api.w.org\/{rel}","templated":true}]}}