{"id":22610,"date":"2023-05-18T15:12:33","date_gmt":"2023-05-18T13:12:33","guid":{"rendered":"https:\/\/www.carnet.hr\/?page_id=22610"},"modified":"2023-05-18T15:13:05","modified_gmt":"2023-05-18T13:13:05","slug":"loomen-privatnost","status":"publish","type":"page","link":"https:\/\/www.carnet.hr\/en\/loomen-privatnost\/","title":{"rendered":"Privacy Notice - Loomen"},"content":{"rendered":"[et_pb_section bb_built=&#8221;1&#8243; admin_label=&#8221;Obavijest o privatnosti &#8211; Loomen&#8221; _builder_version=&#8221;3.21.4&#8243; module_class=&#8221;c-make-harm&#8221; z_index_tablet=&#8221;500&#8243;][et_pb_row][et_pb_column type=&#8221;4_4&#8243;][et_pb_text admin_label=&#8221;Tekst prvi&#8221; _builder_version=&#8221;3.21.4&#8243; z_index_tablet=&#8221;500&#8243;]\n<p>Hrvatska akademska i istra\u017eiva\u010dka mre\u017ea \u2013 CARNET po\u0161tuje privatnost i sigurnost svojih korisnika. Stoga vas putem ove obavijesti o privatnosti \u017eelimo informirati koje osobne podatke prikupljamo, kako ih koristimo i kako brinemo o njihovoj za\u0161titi te koja su va\u0161a prava vezana uz obradu podataka.\u00a0<\/p>\n<h3>Podaci koje prikupljamo<\/h3>\n<p>Prilikom prijave u sustav Loomen prikupljaju se osobni podaci korisnika u svrhu u\u010denja i pou\u010davanja te ih ne obra\u0111ujemo u druge svrhe, na temelju \u010dlanka 6. stavak 1. b) Uredbe (EU) 2016\/679 Europskog parlamenta i Vije\u0107a od 27. travnja 2016. o za\u0161titi pojedinaca u vezi s obradom osobnih podataka i o slobodnom kretanju takvih podataka te o stavljanju izvan snage Direktive 95\/46\/EZ (Op\u0107a uredba o za\u0161titi podataka) (SL L 119, 4. 5. 2016.).<\/p>\n<p>Prilikom prijave u sustav Loomen prikupljaju se sljede\u0107i osobni podaci: ime i prezime korisnika, korisni\u010dka oznaka, adresa elektroni\u010dke po\u0161te, IP adresa, OIB korisnika, ocjene i rezultati aktivnosti. Svi osobni podaci koriste se isklju\u010divo u svrhe radi koje su prikupljeni.<\/p>\n<h3>Kori\u0161tenje Google Drive sustava<\/h3>\n<p>Kada korisnik u Loomen te\u010daju odabere dodavanje dokumenta putem repozitorija Google Drive otvara se poseban prozor za autorizaciju u kojem se bira korisni\u010dko ime i zaporka te se korisnik autorizira na Google Drive sustav. Korisni\u010dko ime i zaporka se ne pohranjuju u Loomenu.\u00a0<\/p>\n<p>Ako je osoba prethodno ve\u0107 prijavljena na svoj Google ra\u010dun u pregledniku, tada se automatski otvara mogu\u0107nost biranja dokumenta s Google Drive-a.\u00a0<\/p>\n<p>Nakon \u0161to se korisnik uspje\u0161no autorizira na Google Drive, vra\u0107a se na po\u010detni prozor te mo\u017ee pristupiti svojim datotekama\/dokumentima i povezati ih na aktivnosti i resurse u Loomenu.<\/p>\n<p>Google OAuth2 API<\/p>\n<ul>\n<li style=\"list-style-type: none;\">\n<ul>\n<li>vidi e-mail adresu<\/li>\n<li>vidi osnovne informacije iz profila korisnika<\/li>\n<li>autentificira korisnika putem OpenID-a.<\/li>\n<\/ul>\n<\/li>\n<\/ul>\n<p>Google Drive API<\/p>\n<ul>\n<li><a href=\"https:\/\/www.googleapis.com\/auth\/drive\">https:\/\/www.googleapis.com\/auth\/drive<\/a>\u00a0 &#8211; vidi, dopu\u0161ta ure\u0111ivanje, kreiranje i brisanje datoteka na Google Drive sustavu<\/li>\n<li><a href=\"https:\/\/www.googleapis.com\/auth\/drive.metadata\">https:\/\/www.googleapis.com\/auth\/drive.metadata<\/a> &#8211; vidi i mo\u017ee upravljati metapodacima datoteka na\u00a0 Google Drive sustavu<\/li>\n<li><a href=\"https:\/\/www.googleapis.com\/auth\/drive.metadata.readonly\">https:\/\/www.googleapis.com\/auth\/drive.metadata.readonly<\/a> &#8211; vidi metapodatke datoteka na Google Drive sustavu\u00a0 \u00a0\u00a0<\/li>\n<li><a href=\"https:\/\/www.googleapis.com\/auth\/drive.photos.readonly\">https:\/\/www.googleapis.com\/auth\/drive.photos.readonly<\/a> &#8211; vidi fotografije, video-materijale i albume na Google Drive Fotografije sustavu\u00a0\u00a0\u00a0\u00a0<\/li>\n<li><a href=\"https:\/\/www.googleapis.com\/auth\/drive.readonly\">https:\/\/www.googleapis.com\/auth\/drive.readonly<\/a> &#8211; vidi i mo\u017ee preuzimati sve Google Drive datoteke\u00a0\u00a0\u00a0\u00a0\u00a0\u00a0\u00a0\u00a0\u00a0<\/li>\n<li><a href=\"https:\/\/www.googleapis.com\/auth\/drive.scripts\">https:\/\/www.googleapis.com\/auth\/drive.scripts<\/a>\u00a0 &#8211; mo\u017ee mijenjati Google Apps skriptu. \u00a0\u00a0\u00a0\u00a0\u00a0\u00a0\u00a0<\/li>\n<\/ul>\n<p>&nbsp;<\/p>\n<h3>Razdoblje u kojem \u0107e osobni podaci biti pohranjeni<\/h3>\n<p>Podaci o korisnicima su trajno pohranjeni u sustavu Loomen.<\/p>\n<h3>Preno\u0161enje va\u0161ih osobnih podataka<\/h3>\n<p>Prikupljeni podaci ne\u0107e ni na koji na\u010din biti dostupni tre\u0107im osobama, osim u slu\u010daju kada je takva obaveza regulirana zakonom.\u00a0<\/p>\n<h3>Pristup i a\u017euriranje va\u0161ih osobnih podataka<\/h3>\n<p>Na\u0161 korisnik u svakom trenutku ima sljede\u0107a prava:<\/p>\n<ul>\n<li>pravo na pristup podacima i uvid u podatke<\/li>\n<li>pravo na informiranost o obradi osobnih podataka<\/li>\n<li>pravo na podno\u0161enje prigovora<\/li>\n<\/ul>\n<h3>Sigurnost va\u0161ih osobnih podataka<\/h3>\n<p>Poduzimamo sve tehni\u010dke i organizacijske mjere sigurnosti kako bismo za\u0161titili va\u0161e osobne podatke od neovla\u0161tenog ili nezakonitog postupanja s njima i od njihovog slu\u010dajnog gubitka, uni\u0161tenja ili izmjena.\u00a0<\/p>\n<h3>Identitet i kontaktni podaci slu\u017ebenika za za\u0161titu podataka<\/h3>\n<p>CARNET je sukladno relevantnim propisima imenovao Slu\u017ebenika za za\u0161titu podataka kojega mo\u017eete kontaktirati za sva pitanja povezana s obradom va\u0161ih osobnih podataka ili ostvarivanje svojih prava na za\u0161titu osobnih podataka u CARNET-u.<\/p>\n<p><a href=\"https:\/\/www.carnet.hr\/zastita-osobnih-podataka\/\">https:\/\/www.carnet.hr\/zastita-osobnih-podataka\/<\/a><\/p>\n<h3>Nadzorno tijelo<\/h3>\n<p>Ako imate prigovor vezano uz vlastita prava mo\u017eete uputiti primjedbu nadzornom tijelu za za\u0161titu osobnih podataka, odnosno Agenciji za za\u0161titu osobnih podataka (AZOP).<\/p>\n<p><a href=\"https:\/\/azop.hr\/\">https:\/\/azop.hr\/\u00a0<\/a><\/p>\n<h3>Obavijest o promjenama<\/h3>\n<p>Sve promjene obavijesti o privatnosti bit \u0107e pravodobno objavljene na ovoj stranici ili u\u010dinjene dostupnima korisnicima na neki drugi prikladan na\u010din.<\/p>\n<p>&nbsp;<\/p>\n[\/et_pb_text][\/et_pb_column][\/et_pb_row][\/et_pb_section]\n","protected":false},"excerpt":{"rendered":"<p><div class=\"et_pb_row et_pb_row_0 et_pb_row_empty\">\n\t\t\t\t\n\t\t\t\t\n\t\t\t\t\n\t\t\t\t\n\t\t\t\t\n\t\t\t<\/div> Hrvatska akademska i istra\u017eiva\u010dka mre\u017ea \u2013 CARNET po\u0161tuje privatnost i sigurnost svojih korisnika. Stoga vas putem ove obavijesti o privatnosti \u017eelimo informirati koje osobne podatke prikupljamo, kako ih koristimo &#8230;<\/p>","protected":false},"author":14,"featured_media":0,"parent":0,"menu_order":0,"comment_status":"closed","ping_status":"closed","template":"","meta":{"_acf_changed":false,"_et_pb_use_builder":"on","_et_pb_old_content":"","_et_gb_content_width":"","footnotes":""},"class_list":["post-22610","page","type-page","status-publish","hentry"],"acf":[],"yoast_head":"<!-- This site is optimized with the Yoast SEO plugin v27.5 - https:\/\/yoast.com\/product\/yoast-seo-wordpress\/ -->\n<title>Obavijest o privatnosti - Loomen - CARNET<\/title>\n<meta name=\"robots\" content=\"noindex, follow, max-snippet:-1, max-image-preview:large, max-video-preview:-1\" \/>\n<meta property=\"og:locale\" content=\"en_US\" \/>\n<meta property=\"og:type\" content=\"article\" \/>\n<meta property=\"og:title\" content=\"Obavijest o privatnosti - Loomen - CARNET\" \/>\n<meta property=\"og:url\" content=\"https:\/\/www.carnet.hr\/en\/loomen-privatnost\/\" \/>\n<meta property=\"og:site_name\" content=\"CARNET\" \/>\n<meta property=\"article:publisher\" content=\"http:\/\/facebook.com\/CARNET.hr\/\" \/>\n<meta property=\"article:modified_time\" content=\"2023-05-18T13:13:05+00:00\" \/>\n<meta property=\"og:image\" content=\"https:\/\/www.carnet.hr\/wp-content\/uploads\/2019\/06\/facebook_OG_image.png\" \/>\n\t<meta property=\"og:image:width\" content=\"1200\" \/>\n\t<meta property=\"og:image:height\" content=\"630\" \/>\n\t<meta property=\"og:image:type\" content=\"image\/png\" \/>\n<meta name=\"twitter:card\" content=\"summary_large_image\" \/>\n<meta name=\"twitter:site\" content=\"@CARNET_HR\" \/>\n<meta name=\"twitter:label1\" content=\"Est. reading time\" \/>\n\t<meta name=\"twitter:data1\" content=\"3 minutes\" \/>\n<script type=\"application\/ld+json\" class=\"yoast-schema-graph\">{\"@context\":\"https:\\\/\\\/schema.org\",\"@graph\":[{\"@type\":\"WebPage\",\"@id\":\"https:\\\/\\\/www.carnet.hr\\\/en\\\/loomen-privatnost\\\/\",\"url\":\"https:\\\/\\\/www.carnet.hr\\\/en\\\/loomen-privatnost\\\/\",\"name\":\"Obavijest o privatnosti - Loomen - CARNET\",\"isPartOf\":{\"@id\":\"https:\\\/\\\/www.carnet.hr\\\/#website\"},\"datePublished\":\"2023-05-18T13:12:33+00:00\",\"dateModified\":\"2023-05-18T13:13:05+00:00\",\"breadcrumb\":{\"@id\":\"https:\\\/\\\/www.carnet.hr\\\/en\\\/loomen-privatnost\\\/#breadcrumb\"},\"inLanguage\":\"en-US\",\"potentialAction\":[{\"@type\":\"ReadAction\",\"target\":[\"https:\\\/\\\/www.carnet.hr\\\/en\\\/loomen-privatnost\\\/\"]}]},{\"@type\":\"BreadcrumbList\",\"@id\":\"https:\\\/\\\/www.carnet.hr\\\/en\\\/loomen-privatnost\\\/#breadcrumb\",\"itemListElement\":[{\"@type\":\"ListItem\",\"position\":1,\"name\":\"Home\",\"item\":\"https:\\\/\\\/www.carnet.hr\\\/\"},{\"@type\":\"ListItem\",\"position\":2,\"name\":\"Obavijest o privatnosti &#8211; Loomen\"}]},{\"@type\":\"WebSite\",\"@id\":\"https:\\\/\\\/www.carnet.hr\\\/#website\",\"url\":\"https:\\\/\\\/www.carnet.hr\\\/\",\"name\":\"CARNET\",\"description\":\"Znanje povezuje.\",\"potentialAction\":[{\"@type\":\"SearchAction\",\"target\":{\"@type\":\"EntryPoint\",\"urlTemplate\":\"https:\\\/\\\/www.carnet.hr\\\/?s={search_term_string}\"},\"query-input\":{\"@type\":\"PropertyValueSpecification\",\"valueRequired\":true,\"valueName\":\"search_term_string\"}}],\"inLanguage\":\"en-US\"}]}<\/script>\n<!-- \/ Yoast SEO plugin. -->","yoast_head_json":{"title":"Obavijest o privatnosti - Loomen - CARNET","robots":{"index":"noindex","follow":"follow","max-snippet":"max-snippet:-1","max-image-preview":"max-image-preview:large","max-video-preview":"max-video-preview:-1"},"og_locale":"en_US","og_type":"article","og_title":"Obavijest o privatnosti - Loomen - CARNET","og_url":"https:\/\/www.carnet.hr\/en\/loomen-privatnost\/","og_site_name":"CARNET","article_publisher":"http:\/\/facebook.com\/CARNET.hr\/","article_modified_time":"2023-05-18T13:13:05+00:00","og_image":[{"width":1200,"height":630,"url":"https:\/\/www.carnet.hr\/wp-content\/uploads\/2019\/06\/facebook_OG_image.png","type":"image\/png"}],"twitter_card":"summary_large_image","twitter_site":"@CARNET_HR","twitter_misc":{"Est. reading time":"3 minutes"},"schema":{"@context":"https:\/\/schema.org","@graph":[{"@type":"WebPage","@id":"https:\/\/www.carnet.hr\/en\/loomen-privatnost\/","url":"https:\/\/www.carnet.hr\/en\/loomen-privatnost\/","name":"Obavijest o privatnosti - Loomen - CARNET","isPartOf":{"@id":"https:\/\/www.carnet.hr\/#website"},"datePublished":"2023-05-18T13:12:33+00:00","dateModified":"2023-05-18T13:13:05+00:00","breadcrumb":{"@id":"https:\/\/www.carnet.hr\/en\/loomen-privatnost\/#breadcrumb"},"inLanguage":"en-US","potentialAction":[{"@type":"ReadAction","target":["https:\/\/www.carnet.hr\/en\/loomen-privatnost\/"]}]},{"@type":"BreadcrumbList","@id":"https:\/\/www.carnet.hr\/en\/loomen-privatnost\/#breadcrumb","itemListElement":[{"@type":"ListItem","position":1,"name":"Home","item":"https:\/\/www.carnet.hr\/"},{"@type":"ListItem","position":2,"name":"Obavijest o privatnosti &#8211; Loomen"}]},{"@type":"WebSite","@id":"https:\/\/www.carnet.hr\/#website","url":"https:\/\/www.carnet.hr\/","name":"ABOUT","description":"Knowledge connects.","potentialAction":[{"@type":"SearchAction","target":{"@type":"EntryPoint","urlTemplate":"https:\/\/www.carnet.hr\/?s={search_term_string}"},"query-input":{"@type":"PropertyValueSpecification","valueRequired":true,"valueName":"search_term_string"}}],"inLanguage":"en-US"}]}},"_links":{"self":[{"href":"https:\/\/www.carnet.hr\/en\/wp-json\/wp\/v2\/pages\/22610","targetHints":{"allow":["GET"]}}],"collection":[{"href":"https:\/\/www.carnet.hr\/en\/wp-json\/wp\/v2\/pages"}],"about":[{"href":"https:\/\/www.carnet.hr\/en\/wp-json\/wp\/v2\/types\/page"}],"author":[{"embeddable":true,"href":"https:\/\/www.carnet.hr\/en\/wp-json\/wp\/v2\/users\/14"}],"replies":[{"embeddable":true,"href":"https:\/\/www.carnet.hr\/en\/wp-json\/wp\/v2\/comments?post=22610"}],"version-history":[{"count":0,"href":"https:\/\/www.carnet.hr\/en\/wp-json\/wp\/v2\/pages\/22610\/revisions"}],"wp:attachment":[{"href":"https:\/\/www.carnet.hr\/en\/wp-json\/wp\/v2\/media?parent=22610"}],"curies":[{"name":"wp","href":"https:\/\/api.w.org\/{rel}","templated":true}]}}