{"id":23335,"date":"2023-10-16T09:55:15","date_gmt":"2023-10-16T07:55:15","guid":{"rendered":"https:\/\/www.carnet.hr\/?page_id=23335"},"modified":"2023-10-18T11:01:31","modified_gmt":"2023-10-18T09:01:31","slug":"brain-javni-poziv-pitanja-i-odgovori","status":"publish","type":"page","link":"https:\/\/www.carnet.hr\/en\/brain-javni-poziv-pitanja-i-odgovori\/","title":{"rendered":"BrAIn javni poziv &#8211; pitanja i odgovori"},"content":{"rendered":"[et_pb_section bb_built=&#8221;1&#8243; admin_label=&#8221;Pitanja i odgovori&#8221; _builder_version=&#8221;3.21.4&#8243; module_class=&#8221;c-make-harm&#8221; z_index_tablet=&#8221;500&#8243;][et_pb_row][et_pb_column type=&#8221;4_4&#8243;][et_pb_text admin_label=&#8221;Pitanja i odgovori&#8221; _builder_version=&#8221;3.21.4&#8243; z_index_tablet=&#8221;500&#8243;]\n<h3><strong>Pitanje:<\/strong><\/h3>\n<p><span style=\"font-weight: 400;\">U dokumentaciji potrebnoj za iskaz interesa nije jasno definirano koliko \u010dlanova mo\u017ee brojati po\u010detni\/inicijalni tim (navedeno je samo da je broj klju\u010dnih \u010dlanova tima 2).<\/span><\/p>\n<h3><span style=\"font-weight: 400;\">Odgovor:\u00a0<\/span><\/h3>\n<p><span style=\"font-weight: 400;\">Broj stru\u010dnjaka\/inja se ne\u0107e ocijenjivati, ali ne bi trebalo navoditi vi\u0161e od 15. Kona\u010dan broj stru\u010dnjaka\/inja definirat \u0107e se u ugovoru koji \u0107e Hrvatska akademska mre\u017ea &#8211; CARNET potpisati s odabranom partnerskom institucijom.\u00a0<\/span><\/p>\n<h3><strong>Pitanje:\u00a0<\/strong><\/h3>\n<p><span style=\"font-weight: 400;\">Molimo informaciju u kojem obliku se treba dostaviti pismo namjere institucije i na \u0161to pri tome trebamo obratiti pozornost, kako ne bi ne\u0161to izostavili?<\/span><\/p>\n<h3><span style=\"font-weight: 400;\">Odgovor:<\/span><\/h3>\n<p><span style=\"font-weight: 400;\">Preporuka je da Pismo namjere sadr\u017eava sljede\u0107e elemente:<\/span><\/p>\n<ul>\n<li style=\"font-weight: 400;\" aria-level=\"1\"><span style=\"font-weight: 400;\">izjavu od \u010delnika\/ce u kojoj se isti\u010de da posjeduje organizacijske, administrativne kapacitete, stru\u010dnost i kompetencije potrebne za efikasno vo\u0111enje i provo\u0111enje planiranih aktivnosti.\u00a0<\/span><\/li>\n<li style=\"font-weight: 400;\" aria-level=\"1\"><span style=\"font-weight: 400;\">precizno formuliranu konceptualnu viziju o ulozi partnerske institucije koja je uskla\u0111ena s unaprijed definiranim ciljevima i zadacima projekta.\u00a0<\/span><\/li>\n<li style=\"font-weight: 400;\" aria-level=\"1\"><span style=\"font-weight: 400;\">jasno obja\u0161njenje kako \u0107e se na\u010dela interdisciplinarnosti primjenjivati u prakti\u010dnoj provedbi projekta ili aktivnostima, tj. kako \u0107e se aktivnosti oblikovati s razli\u010ditim stru\u010dnjacima i disciplinama radi postizanja uspje\u0161nih rezultata.\u00a0<\/span><\/li>\n<li style=\"font-weight: 400;\" aria-level=\"1\"><span style=\"font-weight: 400;\">po\u017eeljno je navesti stru\u010dnjake\/inje koji \u0107e biti anga\u017eirani ili dostupni za provo\u0111enje aktivnosti te njihove specifi\u010dne vje\u0161tine i uloge kao i informacije o njihovim kvalifikacijama koje se odnose na relevantno akademsko i stru\u010dno iskustvo. Broj stru\u010dnjaka\/inja se ne\u0107e ocijenjivati, ali ne bi trebalo navoditi vi\u0161e od 15. Kona\u010dan broj stru\u010dnjaka\/inja definirat \u0107e se u partnerskom ugovoru koji \u0107e Hrvatska akademska i istra\u017eiva\u010dka mre\u017ea &#8211; CARNET potpisati s odabranom partnerskom institucijom.\u00a0<\/span><\/li>\n<li style=\"font-weight: 400;\" aria-level=\"1\"><span style=\"font-weight: 400;\">sadr\u017eaj vezan uz rast i anga\u017eiranje dodatnih znanstvenika\/ca i\/ili anga\u017eman vanjskih suradnika\/ca na projektu koji \u0107e doprinijeti uspje\u0161nosti realizacije projekta, a \u010diji \u0107e se kona\u010dni broj definirati u partnerskom ugovoru koji \u0107e Hrvatska akademska mre\u017ea potpisati s odabranom partnerskom institucijom.\u00a0<\/span><\/li>\n<\/ul>\n<h3><strong>Pitanje:\u00a0<\/strong><\/h3>\n<p>Molio bih Vas informaciju postoji li odre\u0111en najmanji broj \u010dlanova tima u samoj prijavi?<\/p>\n<h3>Odgovor:\u00a0<\/h3>\n<p>Ne postoji najmanji broj \u010dlanova tima. Broj \u010dlanova \u0107e se definirati potpisivanjem ugovora izme\u0111u partnerske institucije i CARNET-a.<\/p>\n<h3><strong>Pitanje: <\/strong><\/h3>\n<p>Jesu li nu\u017ena dva klju\u010dna \u010dlana tima, kako se navodi u tablici za bodovanje, ili se mo\u017ee navesti i jedan klju\u010dni \u010dlan i njegove tra\u017eene reference?<\/p>\n<h3><span style=\"font-weight: 400;\">Odgovor:<\/span><\/h3>\n<p>Potrebno je navesti dva klju\u010dna \u010dlana tima.<\/p>\n[\/et_pb_text][\/et_pb_column][\/et_pb_row][\/et_pb_section]\n","protected":false},"excerpt":{"rendered":"<p><div class=\"et_pb_row et_pb_row_0 et_pb_row_empty\">\n\t\t\t\t\n\t\t\t\t\n\t\t\t\t\n\t\t\t\t\n\t\t\t\t\n\t\t\t<\/div> Pitanje:U dokumentaciji potrebnoj za iskaz interesa nije jasno definirano koliko \u010dlanova mo\u017ee brojati po\u010detni\/inicijalni tim (navedeno je samo da je broj klju\u010dnih \u010dlanova tima 2).Odgovor:\u00a0Broj stru\u010dnjaka\/inja se ne\u0107e ocijenjivati, &#8230;<\/p>","protected":false},"author":14,"featured_media":0,"parent":0,"menu_order":0,"comment_status":"closed","ping_status":"closed","template":"","meta":{"_acf_changed":false,"_et_pb_use_builder":"on","_et_pb_old_content":"","_et_gb_content_width":"","footnotes":""},"class_list":["post-23335","page","type-page","status-publish","hentry"],"acf":[],"yoast_head":"<!-- This site is optimized with the Yoast SEO plugin v27.5 - https:\/\/yoast.com\/product\/yoast-seo-wordpress\/ -->\n<title>BrAIn javni poziv - pitanja i odgovori - CARNET<\/title>\n<meta name=\"robots\" content=\"noindex, follow, max-snippet:-1, max-image-preview:large, max-video-preview:-1\" \/>\n<meta property=\"og:locale\" content=\"en_US\" \/>\n<meta property=\"og:type\" content=\"article\" \/>\n<meta property=\"og:title\" content=\"BrAIn javni poziv - pitanja i odgovori - CARNET\" \/>\n<meta property=\"og:url\" content=\"https:\/\/www.carnet.hr\/en\/brain-javni-poziv-pitanja-i-odgovori\/\" \/>\n<meta property=\"og:site_name\" content=\"CARNET\" \/>\n<meta property=\"article:publisher\" content=\"http:\/\/facebook.com\/CARNET.hr\/\" \/>\n<meta property=\"article:modified_time\" content=\"2023-10-18T09:01:31+00:00\" \/>\n<meta property=\"og:image\" content=\"https:\/\/www.carnet.hr\/wp-content\/uploads\/2019\/06\/facebook_OG_image.png\" \/>\n\t<meta property=\"og:image:width\" content=\"1200\" \/>\n\t<meta property=\"og:image:height\" content=\"630\" \/>\n\t<meta property=\"og:image:type\" content=\"image\/png\" \/>\n<meta name=\"twitter:card\" content=\"summary_large_image\" \/>\n<meta name=\"twitter:site\" content=\"@CARNET_HR\" \/>\n<meta name=\"twitter:label1\" content=\"Est. reading time\" \/>\n\t<meta name=\"twitter:data1\" content=\"2 minutes\" \/>\n<script type=\"application\/ld+json\" class=\"yoast-schema-graph\">{\"@context\":\"https:\\\/\\\/schema.org\",\"@graph\":[{\"@type\":\"WebPage\",\"@id\":\"https:\\\/\\\/www.carnet.hr\\\/en\\\/brain-javni-poziv-pitanja-i-odgovori\\\/\",\"url\":\"https:\\\/\\\/www.carnet.hr\\\/en\\\/brain-javni-poziv-pitanja-i-odgovori\\\/\",\"name\":\"BrAIn javni poziv - pitanja i odgovori - CARNET\",\"isPartOf\":{\"@id\":\"https:\\\/\\\/www.carnet.hr\\\/#website\"},\"datePublished\":\"2023-10-16T07:55:15+00:00\",\"dateModified\":\"2023-10-18T09:01:31+00:00\",\"breadcrumb\":{\"@id\":\"https:\\\/\\\/www.carnet.hr\\\/en\\\/brain-javni-poziv-pitanja-i-odgovori\\\/#breadcrumb\"},\"inLanguage\":\"en-US\",\"potentialAction\":[{\"@type\":\"ReadAction\",\"target\":[\"https:\\\/\\\/www.carnet.hr\\\/en\\\/brain-javni-poziv-pitanja-i-odgovori\\\/\"]}]},{\"@type\":\"BreadcrumbList\",\"@id\":\"https:\\\/\\\/www.carnet.hr\\\/en\\\/brain-javni-poziv-pitanja-i-odgovori\\\/#breadcrumb\",\"itemListElement\":[{\"@type\":\"ListItem\",\"position\":1,\"name\":\"Home\",\"item\":\"https:\\\/\\\/www.carnet.hr\\\/\"},{\"@type\":\"ListItem\",\"position\":2,\"name\":\"BrAIn javni poziv &#8211; pitanja i odgovori\"}]},{\"@type\":\"WebSite\",\"@id\":\"https:\\\/\\\/www.carnet.hr\\\/#website\",\"url\":\"https:\\\/\\\/www.carnet.hr\\\/\",\"name\":\"CARNET\",\"description\":\"Znanje povezuje.\",\"potentialAction\":[{\"@type\":\"SearchAction\",\"target\":{\"@type\":\"EntryPoint\",\"urlTemplate\":\"https:\\\/\\\/www.carnet.hr\\\/?s={search_term_string}\"},\"query-input\":{\"@type\":\"PropertyValueSpecification\",\"valueRequired\":true,\"valueName\":\"search_term_string\"}}],\"inLanguage\":\"en-US\"}]}<\/script>\n<!-- \/ Yoast SEO plugin. -->","yoast_head_json":{"title":"BrAIn javni poziv - pitanja i odgovori - CARNET","robots":{"index":"noindex","follow":"follow","max-snippet":"max-snippet:-1","max-image-preview":"max-image-preview:large","max-video-preview":"max-video-preview:-1"},"og_locale":"en_US","og_type":"article","og_title":"BrAIn javni poziv - pitanja i odgovori - CARNET","og_url":"https:\/\/www.carnet.hr\/en\/brain-javni-poziv-pitanja-i-odgovori\/","og_site_name":"CARNET","article_publisher":"http:\/\/facebook.com\/CARNET.hr\/","article_modified_time":"2023-10-18T09:01:31+00:00","og_image":[{"width":1200,"height":630,"url":"https:\/\/www.carnet.hr\/wp-content\/uploads\/2019\/06\/facebook_OG_image.png","type":"image\/png"}],"twitter_card":"summary_large_image","twitter_site":"@CARNET_HR","twitter_misc":{"Est. reading time":"2 minutes"},"schema":{"@context":"https:\/\/schema.org","@graph":[{"@type":"WebPage","@id":"https:\/\/www.carnet.hr\/en\/brain-javni-poziv-pitanja-i-odgovori\/","url":"https:\/\/www.carnet.hr\/en\/brain-javni-poziv-pitanja-i-odgovori\/","name":"BrAIn javni poziv - pitanja i odgovori - CARNET","isPartOf":{"@id":"https:\/\/www.carnet.hr\/#website"},"datePublished":"2023-10-16T07:55:15+00:00","dateModified":"2023-10-18T09:01:31+00:00","breadcrumb":{"@id":"https:\/\/www.carnet.hr\/en\/brain-javni-poziv-pitanja-i-odgovori\/#breadcrumb"},"inLanguage":"en-US","potentialAction":[{"@type":"ReadAction","target":["https:\/\/www.carnet.hr\/en\/brain-javni-poziv-pitanja-i-odgovori\/"]}]},{"@type":"BreadcrumbList","@id":"https:\/\/www.carnet.hr\/en\/brain-javni-poziv-pitanja-i-odgovori\/#breadcrumb","itemListElement":[{"@type":"ListItem","position":1,"name":"Home","item":"https:\/\/www.carnet.hr\/"},{"@type":"ListItem","position":2,"name":"BrAIn javni poziv &#8211; pitanja i odgovori"}]},{"@type":"WebSite","@id":"https:\/\/www.carnet.hr\/#website","url":"https:\/\/www.carnet.hr\/","name":"ABOUT","description":"Knowledge connects.","potentialAction":[{"@type":"SearchAction","target":{"@type":"EntryPoint","urlTemplate":"https:\/\/www.carnet.hr\/?s={search_term_string}"},"query-input":{"@type":"PropertyValueSpecification","valueRequired":true,"valueName":"search_term_string"}}],"inLanguage":"en-US"}]}},"_links":{"self":[{"href":"https:\/\/www.carnet.hr\/en\/wp-json\/wp\/v2\/pages\/23335","targetHints":{"allow":["GET"]}}],"collection":[{"href":"https:\/\/www.carnet.hr\/en\/wp-json\/wp\/v2\/pages"}],"about":[{"href":"https:\/\/www.carnet.hr\/en\/wp-json\/wp\/v2\/types\/page"}],"author":[{"embeddable":true,"href":"https:\/\/www.carnet.hr\/en\/wp-json\/wp\/v2\/users\/14"}],"replies":[{"embeddable":true,"href":"https:\/\/www.carnet.hr\/en\/wp-json\/wp\/v2\/comments?post=23335"}],"version-history":[{"count":0,"href":"https:\/\/www.carnet.hr\/en\/wp-json\/wp\/v2\/pages\/23335\/revisions"}],"wp:attachment":[{"href":"https:\/\/www.carnet.hr\/en\/wp-json\/wp\/v2\/media?parent=23335"}],"curies":[{"name":"wp","href":"https:\/\/api.w.org\/{rel}","templated":true}]}}