{"id":25692,"date":"2025-02-03T14:41:03","date_gmt":"2025-02-03T12:41:03","guid":{"rendered":"https:\/\/www.carnet.hr\/?page_id=25692"},"modified":"2025-02-04T16:30:46","modified_gmt":"2025-02-04T14:30:46","slug":"natjecanje-za-skole-skockaj-web-2025","status":"publish","type":"page","link":"https:\/\/www.carnet.hr\/en\/natjecanje-za-skole-skockaj-web-2025\/","title":{"rendered":"Natjecanje za \u0161kole: Skockaj web 2025."},"content":{"rendered":"[et_pb_section bb_built=&#8221;1&#8243; admin_label=&#8221;Skockaj web 2025.&#8221; next_background_color=&#8221;#000000&#8243; _builder_version=&#8221;3.21.4&#8243; module_class=&#8221;c-make-harm&#8221; z_index_tablet=&#8221;500&#8243;][et_pb_row][et_pb_column type=&#8221;4_4&#8243;][et_pb_text admin_label=&#8221;Tekst prvi&#8221; _builder_version=&#8221;3.21.4&#8243; z_index_tablet=&#8221;500&#8243;]\n<p style=\"font-weight: 400;\">Pozivamo sve \u0161kole koje su izradile \u0161kolske web stranice unutar CARNET-ove nove usluge <a href=\"https:\/\/www.carnet.hr\/usluga\/carnet-cms-za-skole\/\" data-outlook-id=\"3ba63985-d88f-498d-b9f3-b3b545a188c1\">CMS za \u0161kole<\/a> da se prijave na natjecanje Skockaj web 2025.!<\/p>\n<p style=\"font-weight: 400;\">Pro\u0161le je godine stari sustav za smje\u0161taj web stranica \u0161kola baziran na Strix-u zamijenjen s novim WordPress CMS sustavom upravljanja sadr\u017eajem (eng. CMS \u2013 Content Management System) s Divi alatom za izradu web stranica. Novi CARNET CMS za \u0161kole, pru\u017ea uslugu udomljavanja te ure\u0111ivanja i upravljanja izgledom i sadr\u017eajem web stranica \u0161kole.<\/p>\n<p style=\"font-weight: 400;\">Velik broj \u0161kola izradio je stranice u novom sustavu, stoga CARNET organizira natjecanje za izbor najboljih \u0161kolskih webova. Natje\u010daj je otvoren <strong>od 4.\u00a0do 28. velja\u010de 2025. godine.<\/strong><\/p>\n<p style=\"font-weight: 400;\">Pet najvi\u0161e plasiranih \u0161kola, osvojit \u0107e kotizacije za CUC 2025, uz osiguran put i smje\u0161taj za administratore ili osobu iz \u0161kole koja je izradila stranicu, a pobjedni\u010dka \u0161kola osvaja jo\u0161 jednu dodatnu kotizaciju. Pobjednik se progla\u0161ava na CARNET-ovoj konferenciji za korisnike <a href=\"https:\/\/cuc.carnet.hr\/2025\/\" data-outlook-id=\"5ebf6a73-210e-4292-9fb5-68efd32b3bda\">CUC 2025<\/a> koja \u0107e se odr\u017eati od 9. do 11. travnja 2025.<\/p>\n<p style=\"font-weight: 400;\">\u0160kole se prijavljuju preko sljede\u0107eg obrasca.<\/p>\n\t\t\t<div class=\"c-poveznica pr c-poveznica--shad\" >\n\t\t\t<a class=\"c-poveznica__l link-stretched\" href=\"https:\/\/forms.office.com\/e\/tXVrv82V8n\" target=\"_blank\">\n\t\t\t\t<span class=\"t-s16 color--s-teal d-block\">Prijavni obrazac<\/span>\n\t\t\t\t\t\t\t\t\t<span>Klikni za prijavu<\/span>\n\t\t\t\t\t\t\t\t\t<\/a>\n\t\t\t\t\t        <svg class=\"c-icon c-icon--arrow color--s-teal c-icon--22\">\n            <use xmlns:xlink=\"http:\/\/www.w3.org\/1999\/xlink\" xlink:href=\"#c-icon--arrow\"><\/use>\n        <\/svg>\n        \t\t\t<\/div>\n\t\t\t\t\n<p><strong>Prijava je mogu\u0107a samo sa @skole.hr korisni\u010dkim ra\u010dunom.<\/strong><\/p>\n<p style=\"font-weight: 400;\">Na natjecanje se mogu prijaviti sve \u0161kole koje su samostalno izradile web stranicu, odnosno \u0161kole u kojima je administrator resursa ili neki drugi djelatnik \u0161kole koji je izradio stranicu u CMS sustavu.<\/p>\n[\/et_pb_text][\/et_pb_column][\/et_pb_row][\/et_pb_section][et_pb_section bb_built=&#8221;1&#8243; admin_label=&#8221;Kriteriji za ocjenjivanje najboljih \u0161kolskih web stranica &#8221; _builder_version=&#8221;3.21.4&#8243; module_class=&#8221;c-make-harm&#8221; prev_background_color=&#8221;#000000&#8243; z_index_tablet=&#8221;500&#8243; module_id=&#8221;kriteriji&#8221;][et_pb_row][et_pb_column type=&#8221;4_4&#8243;][et_pb_text admin_label=&#8221;Kriteriji za ocjenjivanje najboljih \u0161kolskih web stranica &#8221; _builder_version=&#8221;3.21.4&#8243; z_index_tablet=&#8221;500&#8243;]\n<h4><strong>Dizajn i korisni\u010dko iskustvo<\/strong><\/h4>\n<ul>\n<li><strong>Prvi dojam: <\/strong>koliko je jasno razdvojen sadr\u017eaj i je li dizajn u skladu sa sadr\u017eajem<\/li>\n<li style=\"font-weight: 400;\"><strong>Prilagodba predlo\u0161ka ili izrada novog predlo\u0161ka<\/strong>: Kreativno kori\u0161tenje dizajnerskih mogu\u0107nosti unutar predlo\u017eaka koje je izradio CARNET.<\/li>\n<li style=\"font-weight: 400;\"><strong>Vizualna privla\u010dnost<\/strong>: Skladna kombinacija boja, fontova i slika, u skladu s identitetom \u0161kole.<\/li>\n<li style=\"font-weight: 400;\"><strong>Dosljednost dizajna:<\/strong> Kori\u0161tenje istog ili sli\u010dnog stila modula kroz cijelu web stranicu \u0161kole (e.g. boja gumbi)<\/li>\n<li style=\"font-weight: 400;\"><strong>Preglednost<\/strong>: Jasna i intuitivna navigacija koja olak\u0161ava korisnicima pronala\u017eenje informacija.<\/li>\n<li style=\"font-weight: 400;\"><strong>Moduli:<\/strong> Pravilno kori\u0161tenje i vizualno ure\u0111eni moduli na web stranici.<\/li>\n<\/ul>\n<h4><strong>Kvaliteta sadr\u017eaja<\/strong><\/h4>\n<ul>\n<li style=\"font-weight: 400;\"><strong>A\u017eurnost informacija<\/strong>: Redovito a\u017eurirane vijesti, obavijesti i ostali sadr\u017eaji.<\/li>\n<li style=\"font-weight: 400;\"><strong>Raznolikost sadr\u017eaja<\/strong>: Razli\u010diti tipovi sadr\u017eaja (tekst, slike, video, dokumenti) koji odra\u017eavaju aktivnosti i postignu\u0107a \u0161kole.<\/li>\n<li style=\"font-weight: 400;\"><strong>Pravopis i jezik<\/strong>: To\u010dnost pravopisa i jasno\u0107a izra\u017eavanja na standardnom hrvatskom jeziku.<\/li>\n<\/ul>\n<h4><strong>Funkcionalnost<\/strong><\/h4>\n<ul>\n<li style=\"font-weight: 400;\"><strong>Tehni\u010dka izvedba<\/strong>: Web stranica treba biti funkcionalna bez tehni\u010dkih problema (mrtvi linkovi, sporo u\u010ditavanje).<\/li>\n<li style=\"font-weight: 400;\"><strong>Prilago\u0111enost mobilnim ure\u0111ajima<\/strong>: Web stranica mora biti responzivna i dobro funkcionirati na razli\u010ditim vrstama ure\u0111aja.<\/li>\n<li style=\"font-weight: 400;\"><strong>Pristupa\u010dnost<\/strong>: Prilagodbe za osobe s invaliditetom (npr. \u010ditljivost za osobe sa slabim vidom).<\/li>\n<li style=\"font-weight: 400;\"><strong>Optimizacija i preglednost naslovne stranice<\/strong>: Stranice bi trebale biti pravilno optimizirane za brzo u\u010ditavanje, ali da se pritom ne utje\u010de na koli\u010dinu vidljivog sadr\u017eaja. Tako\u0111er, koliko je jednostavno pristupiti sadr\u017eaju s naslovne stranice<\/li>\n<li style=\"font-weight: 400;\"><strong>Sigurnost<\/strong>: GDPR, politika privatnosti, uvjeti kori\u0161tenja.<\/li>\n<\/ul>\n<h4><strong>Informativnost<\/strong><\/h4>\n<ul>\n<li style=\"font-weight: 400;\"><strong>Relevantnost informacija<\/strong>: Pru\u017eanje korisnih i a\u017eurnih informacija za u\u010denike, roditelje i u\u010ditelje (npr. raspored sati, \u0161kolski kalendar, kontakti).<\/li>\n<li style=\"font-weight: 400;\"><strong>Projekti i aktivnosti<\/strong>: Jasna prezentacija \u0161kolskih projekata, izvannastavnih aktivnosti i uspjeha.<\/li>\n<li style=\"font-weight: 400;\"><strong>Transparentnost<\/strong>: Dostupnost dokumenata poput \u0161kolskog kurikuluma, plana rada i izvje\u0161taja.<\/li>\n<\/ul>\n<h4><strong>Inovativnost<\/strong><\/h4>\n<ul>\n<li style=\"font-weight: 400;\"><strong>Kreativni elementi<\/strong>: Inovativni na\u010dini prezentacije sadr\u017eaja, poput interaktivnih komponenti, anketa ili virtualnih obilazaka \u0161kole.<\/li>\n<\/ul>\n<h4 style=\"font-weight: 400;\"><strong>Dodatni uvjeti za prijavu<\/strong><\/h4>\n<ul>\n<li style=\"font-weight: 400;\">Web stranica mora biti izra\u0111ena isklju\u010divo unutar CARNET-ove usluge CMS za \u0161kole.<\/li>\n<li style=\"font-weight: 400;\">\u0160kole se prijavljuju samostalno ili na prijedlog korisnika web stranice.<\/li>\n<li style=\"font-weight: 400;\">Stranica mora biti aktivna i dostupna tijekom cijelog trajanja nagradne igre.<\/li>\n<\/ul>\n<h4 style=\"font-weight: 400;\"><strong>Bodovanje<\/strong><\/h4>\n\n<table id=\"tablepress-46\" class=\"tablepress tablepress-id-46\">\n<thead>\n<tr class=\"row-1\">\n\t<th class=\"column-1\">Kriteriji <\/th><th class=\"column-2\">Maksimalni broj bodova <\/th>\n<\/tr>\n<\/thead>\n<tbody class=\"row-striping row-hover\">\n<tr class=\"row-2\">\n\t<td class=\"column-1\">Dizajn i korisni\u010dko iskustvo <br \/>\n<\/td><td class=\"column-2\">30<\/td>\n<\/tr>\n<tr class=\"row-3\">\n\t<td class=\"column-1\">Kvaliteta sadr\u017eaja <\/td><td class=\"column-2\">15 <\/td>\n<\/tr>\n<tr class=\"row-4\">\n\t<td class=\"column-1\">Funkcionalnost <\/td><td class=\"column-2\">20<\/td>\n<\/tr>\n<tr class=\"row-5\">\n\t<td class=\"column-1\">Informativnost <\/td><td class=\"column-2\">15<\/td>\n<\/tr>\n<tr class=\"row-6\">\n\t<td class=\"column-1\">Inovativnost<\/td><td class=\"column-2\">20<\/td>\n<\/tr>\n<tr class=\"row-7\">\n\t<td class=\"column-1\">Ukupan maksimalni broj bodova<\/td><td class=\"column-2\">100<\/td>\n<\/tr>\n<\/tbody>\n<\/table>\n<!-- #tablepress-46 from cache -->\n[\/et_pb_text][\/et_pb_column][\/et_pb_row][\/et_pb_section]\n","protected":false},"excerpt":{"rendered":"<p><div class=\"et_pb_row et_pb_row_0 et_pb_row_empty\">\n\t\t\t\t\n\t\t\t\t\n\t\t\t\t\n\t\t\t\t\n\t\t\t\t\n\t\t\t<\/div> Pozivamo sve \u0161kole koje su izradile \u0161kolske web stranice unutar CARNET-ove nove usluge CMS za \u0161kole da se prijave na natjecanje Skockaj web 2025.!Pro\u0161le je godine stari sustav za &#8230;<\/p>","protected":false},"author":14,"featured_media":0,"parent":0,"menu_order":0,"comment_status":"closed","ping_status":"closed","template":"","meta":{"_acf_changed":false,"_et_pb_use_builder":"on","_et_pb_old_content":"","_et_gb_content_width":"","footnotes":""},"class_list":["post-25692","page","type-page","status-publish","hentry"],"acf":[],"yoast_head":"<!-- This site is optimized with the Yoast SEO plugin v27.5 - https:\/\/yoast.com\/product\/yoast-seo-wordpress\/ -->\n<title>Natjecanje za \u0161kole: Skockaj web 2025. - CARNET<\/title>\n<meta name=\"robots\" content=\"noindex, follow, max-snippet:-1, max-image-preview:large, max-video-preview:-1\" \/>\n<meta property=\"og:locale\" content=\"en_US\" \/>\n<meta property=\"og:type\" content=\"article\" \/>\n<meta property=\"og:title\" content=\"Natjecanje za \u0161kole: Skockaj web 2025. - CARNET\" \/>\n<meta property=\"og:url\" content=\"https:\/\/www.carnet.hr\/en\/natjecanje-za-skole-skockaj-web-2025\/\" \/>\n<meta property=\"og:site_name\" content=\"CARNET\" \/>\n<meta property=\"article:publisher\" content=\"http:\/\/facebook.com\/CARNET.hr\/\" \/>\n<meta property=\"article:modified_time\" content=\"2025-02-04T14:30:46+00:00\" \/>\n<meta property=\"og:image\" content=\"https:\/\/www.carnet.hr\/wp-content\/uploads\/2019\/06\/facebook_OG_image.png\" \/>\n\t<meta property=\"og:image:width\" content=\"1200\" \/>\n\t<meta property=\"og:image:height\" content=\"630\" \/>\n\t<meta property=\"og:image:type\" content=\"image\/png\" \/>\n<meta name=\"twitter:card\" content=\"summary_large_image\" \/>\n<meta name=\"twitter:site\" content=\"@CARNET_HR\" \/>\n<meta name=\"twitter:label1\" content=\"Est. reading time\" \/>\n\t<meta name=\"twitter:data1\" content=\"3 minutes\" \/>\n<script type=\"application\/ld+json\" class=\"yoast-schema-graph\">{\"@context\":\"https:\\\/\\\/schema.org\",\"@graph\":[{\"@type\":\"WebPage\",\"@id\":\"https:\\\/\\\/www.carnet.hr\\\/en\\\/natjecanje-za-skole-skockaj-web-2025\\\/\",\"url\":\"https:\\\/\\\/www.carnet.hr\\\/en\\\/natjecanje-za-skole-skockaj-web-2025\\\/\",\"name\":\"Natjecanje za \u0161kole: Skockaj web 2025. - CARNET\",\"isPartOf\":{\"@id\":\"https:\\\/\\\/www.carnet.hr\\\/#website\"},\"datePublished\":\"2025-02-03T12:41:03+00:00\",\"dateModified\":\"2025-02-04T14:30:46+00:00\",\"breadcrumb\":{\"@id\":\"https:\\\/\\\/www.carnet.hr\\\/en\\\/natjecanje-za-skole-skockaj-web-2025\\\/#breadcrumb\"},\"inLanguage\":\"en-US\",\"potentialAction\":[{\"@type\":\"ReadAction\",\"target\":[\"https:\\\/\\\/www.carnet.hr\\\/en\\\/natjecanje-za-skole-skockaj-web-2025\\\/\"]}]},{\"@type\":\"BreadcrumbList\",\"@id\":\"https:\\\/\\\/www.carnet.hr\\\/en\\\/natjecanje-za-skole-skockaj-web-2025\\\/#breadcrumb\",\"itemListElement\":[{\"@type\":\"ListItem\",\"position\":1,\"name\":\"Home\",\"item\":\"https:\\\/\\\/www.carnet.hr\\\/\"},{\"@type\":\"ListItem\",\"position\":2,\"name\":\"Natjecanje za \u0161kole: Skockaj web 2025.\"}]},{\"@type\":\"WebSite\",\"@id\":\"https:\\\/\\\/www.carnet.hr\\\/#website\",\"url\":\"https:\\\/\\\/www.carnet.hr\\\/\",\"name\":\"CARNET\",\"description\":\"Znanje povezuje.\",\"potentialAction\":[{\"@type\":\"SearchAction\",\"target\":{\"@type\":\"EntryPoint\",\"urlTemplate\":\"https:\\\/\\\/www.carnet.hr\\\/?s={search_term_string}\"},\"query-input\":{\"@type\":\"PropertyValueSpecification\",\"valueRequired\":true,\"valueName\":\"search_term_string\"}}],\"inLanguage\":\"en-US\"}]}<\/script>\n<!-- \/ Yoast SEO plugin. -->","yoast_head_json":{"title":"Natjecanje za \u0161kole: Skockaj web 2025. - CARNET","robots":{"index":"noindex","follow":"follow","max-snippet":"max-snippet:-1","max-image-preview":"max-image-preview:large","max-video-preview":"max-video-preview:-1"},"og_locale":"en_US","og_type":"article","og_title":"Natjecanje za \u0161kole: Skockaj web 2025. - CARNET","og_url":"https:\/\/www.carnet.hr\/en\/natjecanje-za-skole-skockaj-web-2025\/","og_site_name":"CARNET","article_publisher":"http:\/\/facebook.com\/CARNET.hr\/","article_modified_time":"2025-02-04T14:30:46+00:00","og_image":[{"width":1200,"height":630,"url":"https:\/\/www.carnet.hr\/wp-content\/uploads\/2019\/06\/facebook_OG_image.png","type":"image\/png"}],"twitter_card":"summary_large_image","twitter_site":"@CARNET_HR","twitter_misc":{"Est. reading time":"3 minutes"},"schema":{"@context":"https:\/\/schema.org","@graph":[{"@type":"WebPage","@id":"https:\/\/www.carnet.hr\/en\/natjecanje-za-skole-skockaj-web-2025\/","url":"https:\/\/www.carnet.hr\/en\/natjecanje-za-skole-skockaj-web-2025\/","name":"Natjecanje za \u0161kole: Skockaj web 2025. - CARNET","isPartOf":{"@id":"https:\/\/www.carnet.hr\/#website"},"datePublished":"2025-02-03T12:41:03+00:00","dateModified":"2025-02-04T14:30:46+00:00","breadcrumb":{"@id":"https:\/\/www.carnet.hr\/en\/natjecanje-za-skole-skockaj-web-2025\/#breadcrumb"},"inLanguage":"en-US","potentialAction":[{"@type":"ReadAction","target":["https:\/\/www.carnet.hr\/en\/natjecanje-za-skole-skockaj-web-2025\/"]}]},{"@type":"BreadcrumbList","@id":"https:\/\/www.carnet.hr\/en\/natjecanje-za-skole-skockaj-web-2025\/#breadcrumb","itemListElement":[{"@type":"ListItem","position":1,"name":"Home","item":"https:\/\/www.carnet.hr\/"},{"@type":"ListItem","position":2,"name":"Natjecanje za \u0161kole: Skockaj web 2025."}]},{"@type":"WebSite","@id":"https:\/\/www.carnet.hr\/#website","url":"https:\/\/www.carnet.hr\/","name":"ABOUT","description":"Knowledge connects.","potentialAction":[{"@type":"SearchAction","target":{"@type":"EntryPoint","urlTemplate":"https:\/\/www.carnet.hr\/?s={search_term_string}"},"query-input":{"@type":"PropertyValueSpecification","valueRequired":true,"valueName":"search_term_string"}}],"inLanguage":"en-US"}]}},"_links":{"self":[{"href":"https:\/\/www.carnet.hr\/en\/wp-json\/wp\/v2\/pages\/25692","targetHints":{"allow":["GET"]}}],"collection":[{"href":"https:\/\/www.carnet.hr\/en\/wp-json\/wp\/v2\/pages"}],"about":[{"href":"https:\/\/www.carnet.hr\/en\/wp-json\/wp\/v2\/types\/page"}],"author":[{"embeddable":true,"href":"https:\/\/www.carnet.hr\/en\/wp-json\/wp\/v2\/users\/14"}],"replies":[{"embeddable":true,"href":"https:\/\/www.carnet.hr\/en\/wp-json\/wp\/v2\/comments?post=25692"}],"version-history":[{"count":0,"href":"https:\/\/www.carnet.hr\/en\/wp-json\/wp\/v2\/pages\/25692\/revisions"}],"wp:attachment":[{"href":"https:\/\/www.carnet.hr\/en\/wp-json\/wp\/v2\/media?parent=25692"}],"curies":[{"name":"wp","href":"https:\/\/api.w.org\/{rel}","templated":true}]}}