{"id":47,"date":"2018-10-25T14:36:20","date_gmt":"2018-10-25T14:36:20","guid":{"rendered":"https:\/\/www.carnet.hr\/o-carnet-u\/"},"modified":"2024-07-17T09:16:42","modified_gmt":"2024-07-17T07:16:42","slug":"o-carnet-u","status":"publish","type":"page","link":"https:\/\/www.carnet.hr\/en\/o-carnet-u\/","title":{"rendered":"About the CARNET"},"content":{"rendered":"[et_pb_section bb_built=&#8221;1&#8243; admin_label=&#8221;O nama&#8221; specialty=&#8221;off&#8221; _builder_version=&#8221;3.19&#8243; module_class=&#8221;c-make-harm&#8221;][et_pb_row _builder_version=&#8221;3.19&#8243;][et_pb_column type=&#8221;4_4&#8243;][et_pb_text _builder_version=&#8221;3.21.4&#8243; z_index_tablet=&#8221;500&#8243;]\n<p>Hrvatska akademska i istra\u017eiva\u010dka mre\u017ea \u2013 CARNET javna je ustanova koja djeluje u sklopu Ministarstva znanosti, obrazovanja i mladih u podru\u010dju digitalne tehnologije i njezine primjene u obrazovanju. Svoju povijest CARNET zapo\u010dinje 1991. godine kao projekt tada\u0161njega Ministarstva znanosti i tehnologije te postaje prvi i jedini pru\u017eatelj internetskih usluga u Hrvatskoj. \u010cetiri godine poslije Vlada RH donosi Uredbu o osnivanju ustanove CARNET radi inoviranja obrazovnoga sustava te poticanja napretka pojedinaca i dru\u0161tva u cjelini s pomo\u0107u digitalne tehnologije.<\/p>\n<p>CARNET mre\u017ea privatna je mre\u017ea akademske, znanstvene i istra\u017eiva\u010dke zajednice Republike Hrvatske, kao i institucija u sklopu osnovnoga i srednjo\u0161kolskoga obrazovnog sustava. Na\u0161e usluge dostupne su ustanovama osnovnoga i srednjega \u0161kolstva, ustanovama iz sustava znanosti i visokoga obrazovanja, kao i brojnim javnim ustanovama poput odre\u0111enih ministarstava, bolnica itd. Preko CARNET mre\u017ee povezano je 4130 lokacija ustanova \u0161irom Hrvatske. Na\u0161i su pojedina\u010dni korisnici u\u010denici, nastavnici, studenti, profesori, znanstvenici i drugi zaposlenici ustanova \u010dlanica CARNET-a, a u segmentu sigurnosti na internetu i svi gra\u0111ani Republike Hrvatske.<\/p>\n<p>Usmjerenost na korisnike osnovna je motivacija vi\u0161e od 200 CARNET-ovih zaposlenika u devet gradova \u2013 Zagrebu, Rijeci, Osijeku, Splitu, Puli, Dubrovniku, Zadru, Slavonskom Brodu i Vara\u017edinu \u2013 koji svojim znanjem i iskustvom unapre\u0111uju svakodnevno poslovanje ustanove.<\/p>\n<p>Prate\u0107i najnovije trendove u podru\u010dju digitalne tehnologije, infrastrukture i obrazovanja tijekom godina osmi\u0161ljavamo razli\u010dite projekte i razvijamo nove usluge. Trenuta\u010dno svojim korisnicima nudimo njih vi\u0161e od 70 u rasponu od obrazovanja i osposobljavanja do multimedije, ra\u010dunalne sigurnosti i korisni\u010dke podr\u0161ke. Svim uslugama oni pristupaju putem elektroni\u010dkoga identiteta u sustavu AAI@EduHr.<\/p>\n<p>Usto, pru\u017eamo korisni\u010dku podr\u0161ku za sustave Ministarstva znanosti i obrazovanja &#8211; e-Maticu i Nacionalni informacijski sustav prijava i upisa u srednje \u0161kole, a u sklopu sustava e-Gra\u0111ani razvili smo e-Gra\u0111ani mToken vjerodajnicu. Na\u0161a najpoznatija usluga je e-Dnevnik &#8211; mre\u017ena aplikacija namijenjena vo\u0111enju razredne knjige u elektroni\u010dkom obliku koju koriste gotove sve \u0161kole u Republici Hrvatskoj.<\/p>\n<p>S ciljem izgradnje digitalno zreloga dru\u0161tva, od 2015. do 2023. godine, provodili smo program \u201ce-\u0160kole: Cjelovita informatizacija procesa poslovanja \u0161kola i nastavnih procesa u svrhu stvaranja digitalno zrelih \u0161kola za 21. stolje\u0107e\u201d.\u00a0<\/p>\n<p>Sudjelujemo u va\u017enim nacionalnim i me\u0111unarodnim programima i projektima, ovisno o dostupnosti resursa. Sudjelujemo i u brojnim me\u0111unarodnim aktivnostima te sura\u0111ujemo s drugim europskim akademskim i istra\u017eiva\u010dkim mre\u017eama, organizacijom G\u00c9ANT Association i organizacijama koje su zadu\u017eene za upravljanje internetskim resursima u svijetu.<\/p>\n[\/et_pb_text][\/et_pb_column][\/et_pb_row][\/et_pb_section]\n","protected":false},"excerpt":{"rendered":"<p>Hrvatska akademska i istra\u017eiva\u010dka mre\u017ea \u2013 CARNET javna je ustanova koja djeluje u sklopu Ministarstva znanosti, obrazovanja i mladih u podru\u010dju digitalne tehnologije i njezine primjene u obrazovanju. Svoju povijest &#8230;<\/p>","protected":false},"author":1,"featured_media":12497,"parent":0,"menu_order":0,"comment_status":"closed","ping_status":"closed","template":"","meta":{"_acf_changed":false,"_et_pb_use_builder":"on","_et_pb_old_content":"","_et_gb_content_width":"","footnotes":""},"class_list":["post-47","page","type-page","status-publish","has-post-thumbnail","hentry"],"acf":[],"yoast_head":"<!-- This site is optimized with the Yoast SEO plugin v27.5 - https:\/\/yoast.com\/product\/yoast-seo-wordpress\/ -->\n<title>O CARNET-u - CARNET<\/title>\n<meta name=\"description\" content=\"CARNET je javna ustanova koja djeluje u podru\u010dju informacijsko-komunikacijske tehnologije i njezine primjene u obrazovanju.\" \/>\n<meta name=\"robots\" content=\"noindex, follow, max-snippet:-1, max-image-preview:large, max-video-preview:-1\" \/>\n<meta property=\"og:locale\" content=\"en_US\" \/>\n<meta property=\"og:type\" content=\"article\" \/>\n<meta property=\"og:title\" content=\"O CARNET-u - CARNET\" \/>\n<meta property=\"og:description\" content=\"CARNET je javna ustanova koja djeluje u podru\u010dju informacijsko-komunikacijske tehnologije i njezine primjene u obrazovanju.\" \/>\n<meta property=\"og:url\" content=\"https:\/\/www.carnet.hr\/en\/o-carnet-u\/\" \/>\n<meta property=\"og:site_name\" content=\"CARNET\" \/>\n<meta property=\"article:publisher\" content=\"http:\/\/facebook.com\/CARNET.hr\/\" \/>\n<meta property=\"article:modified_time\" content=\"2024-07-17T07:16:42+00:00\" \/>\n<meta property=\"og:image\" content=\"https:\/\/www.carnet.hr\/wp-content\/uploads\/2019\/06\/o_CN-1.jpg\" \/>\n\t<meta property=\"og:image:width\" content=\"549\" \/>\n\t<meta property=\"og:image:height\" content=\"366\" \/>\n\t<meta property=\"og:image:type\" content=\"image\/jpeg\" \/>\n<meta name=\"twitter:card\" content=\"summary_large_image\" \/>\n<meta name=\"twitter:site\" content=\"@CARNET_HR\" \/>\n<meta name=\"twitter:label1\" content=\"Est. reading time\" \/>\n\t<meta name=\"twitter:data1\" content=\"2 minutes\" \/>\n<script type=\"application\/ld+json\" class=\"yoast-schema-graph\">{\"@context\":\"https:\\\/\\\/schema.org\",\"@graph\":[{\"@type\":\"WebPage\",\"@id\":\"https:\\\/\\\/www.carnet.hr\\\/o-carnet-u\\\/\",\"url\":\"https:\\\/\\\/www.carnet.hr\\\/o-carnet-u\\\/\",\"name\":\"O CARNET-u - CARNET\",\"isPartOf\":{\"@id\":\"http:\\\/\\\/test-www.carnet.hr\\\/#website\"},\"primaryImageOfPage\":{\"@id\":\"https:\\\/\\\/www.carnet.hr\\\/o-carnet-u\\\/#primaryimage\"},\"image\":{\"@id\":\"https:\\\/\\\/www.carnet.hr\\\/o-carnet-u\\\/#primaryimage\"},\"thumbnailUrl\":\"https:\\\/\\\/www.carnet.hr\\\/wp-content\\\/uploads\\\/2019\\\/06\\\/o_CN-1.jpg\",\"datePublished\":\"2018-10-25T14:36:20+00:00\",\"dateModified\":\"2024-07-17T07:16:42+00:00\",\"description\":\"CARNET je javna ustanova koja djeluje u podru\u010dju informacijsko-komunikacijske tehnologije i njezine primjene u obrazovanju.\",\"breadcrumb\":{\"@id\":\"https:\\\/\\\/www.carnet.hr\\\/o-carnet-u\\\/#breadcrumb\"},\"inLanguage\":\"en-US\",\"potentialAction\":[{\"@type\":\"ReadAction\",\"target\":[\"https:\\\/\\\/www.carnet.hr\\\/o-carnet-u\\\/\"]}]},{\"@type\":\"ImageObject\",\"inLanguage\":\"en-US\",\"@id\":\"https:\\\/\\\/www.carnet.hr\\\/o-carnet-u\\\/#primaryimage\",\"url\":\"https:\\\/\\\/www.carnet.hr\\\/wp-content\\\/uploads\\\/2019\\\/06\\\/o_CN-1.jpg\",\"contentUrl\":\"https:\\\/\\\/www.carnet.hr\\\/wp-content\\\/uploads\\\/2019\\\/06\\\/o_CN-1.jpg\",\"width\":549,\"height\":366},{\"@type\":\"BreadcrumbList\",\"@id\":\"https:\\\/\\\/www.carnet.hr\\\/o-carnet-u\\\/#breadcrumb\",\"itemListElement\":[{\"@type\":\"ListItem\",\"position\":1,\"name\":\"Home\",\"item\":\"https:\\\/\\\/www.carnet.hr\\\/\"},{\"@type\":\"ListItem\",\"position\":2,\"name\":\"O CARNET-u\"}]},{\"@type\":\"WebSite\",\"@id\":\"http:\\\/\\\/test-www.carnet.hr\\\/#website\",\"url\":\"http:\\\/\\\/test-www.carnet.hr\\\/\",\"name\":\"CARNET\",\"description\":\"Znanje povezuje.\",\"potentialAction\":[{\"@type\":\"SearchAction\",\"target\":{\"@type\":\"EntryPoint\",\"urlTemplate\":\"http:\\\/\\\/test-www.carnet.hr\\\/?s={search_term_string}\"},\"query-input\":{\"@type\":\"PropertyValueSpecification\",\"valueRequired\":true,\"valueName\":\"search_term_string\"}}],\"inLanguage\":\"en-US\"}]}<\/script>\n<!-- \/ Yoast SEO plugin. -->","yoast_head_json":{"title":"O CARNET-u - CARNET","description":"CARNET je javna ustanova koja djeluje u podru\u010dju informacijsko-komunikacijske tehnologije i njezine primjene u obrazovanju.","robots":{"index":"noindex","follow":"follow","max-snippet":"max-snippet:-1","max-image-preview":"max-image-preview:large","max-video-preview":"max-video-preview:-1"},"og_locale":"en_US","og_type":"article","og_title":"O CARNET-u - CARNET","og_description":"CARNET je javna ustanova koja djeluje u podru\u010dju informacijsko-komunikacijske tehnologije i njezine primjene u obrazovanju.","og_url":"https:\/\/www.carnet.hr\/en\/o-carnet-u\/","og_site_name":"CARNET","article_publisher":"http:\/\/facebook.com\/CARNET.hr\/","article_modified_time":"2024-07-17T07:16:42+00:00","og_image":[{"width":549,"height":366,"url":"https:\/\/www.carnet.hr\/wp-content\/uploads\/2019\/06\/o_CN-1.jpg","type":"image\/jpeg"}],"twitter_card":"summary_large_image","twitter_site":"@CARNET_HR","twitter_misc":{"Est. reading time":"2 minutes"},"schema":{"@context":"https:\/\/schema.org","@graph":[{"@type":"WebPage","@id":"https:\/\/www.carnet.hr\/o-carnet-u\/","url":"https:\/\/www.carnet.hr\/o-carnet-u\/","name":"O CARNET-u - CARNET","isPartOf":{"@id":"http:\/\/test-www.carnet.hr\/#website"},"primaryImageOfPage":{"@id":"https:\/\/www.carnet.hr\/o-carnet-u\/#primaryimage"},"image":{"@id":"https:\/\/www.carnet.hr\/o-carnet-u\/#primaryimage"},"thumbnailUrl":"https:\/\/www.carnet.hr\/wp-content\/uploads\/2019\/06\/o_CN-1.jpg","datePublished":"2018-10-25T14:36:20+00:00","dateModified":"2024-07-17T07:16:42+00:00","description":"CARNET je javna ustanova koja djeluje u podru\u010dju informacijsko-komunikacijske tehnologije i njezine primjene u obrazovanju.","breadcrumb":{"@id":"https:\/\/www.carnet.hr\/o-carnet-u\/#breadcrumb"},"inLanguage":"en-US","potentialAction":[{"@type":"ReadAction","target":["https:\/\/www.carnet.hr\/o-carnet-u\/"]}]},{"@type":"ImageObject","inLanguage":"en-US","@id":"https:\/\/www.carnet.hr\/o-carnet-u\/#primaryimage","url":"https:\/\/www.carnet.hr\/wp-content\/uploads\/2019\/06\/o_CN-1.jpg","contentUrl":"https:\/\/www.carnet.hr\/wp-content\/uploads\/2019\/06\/o_CN-1.jpg","width":549,"height":366},{"@type":"BreadcrumbList","@id":"https:\/\/www.carnet.hr\/o-carnet-u\/#breadcrumb","itemListElement":[{"@type":"ListItem","position":1,"name":"Home","item":"https:\/\/www.carnet.hr\/"},{"@type":"ListItem","position":2,"name":"O CARNET-u"}]},{"@type":"WebSite","@id":"http:\/\/test-www.carnet.hr\/#website","url":"http:\/\/test-www.carnet.hr\/","name":"ABOUT","description":"Knowledge connects.","potentialAction":[{"@type":"SearchAction","target":{"@type":"EntryPoint","urlTemplate":"http:\/\/test-www.carnet.hr\/?s={search_term_string}"},"query-input":{"@type":"PropertyValueSpecification","valueRequired":true,"valueName":"search_term_string"}}],"inLanguage":"en-US"}]}},"_links":{"self":[{"href":"https:\/\/www.carnet.hr\/en\/wp-json\/wp\/v2\/pages\/47","targetHints":{"allow":["GET"]}}],"collection":[{"href":"https:\/\/www.carnet.hr\/en\/wp-json\/wp\/v2\/pages"}],"about":[{"href":"https:\/\/www.carnet.hr\/en\/wp-json\/wp\/v2\/types\/page"}],"author":[{"embeddable":true,"href":"https:\/\/www.carnet.hr\/en\/wp-json\/wp\/v2\/users\/1"}],"replies":[{"embeddable":true,"href":"https:\/\/www.carnet.hr\/en\/wp-json\/wp\/v2\/comments?post=47"}],"version-history":[{"count":0,"href":"https:\/\/www.carnet.hr\/en\/wp-json\/wp\/v2\/pages\/47\/revisions"}],"wp:featuredmedia":[{"embeddable":true,"href":"https:\/\/www.carnet.hr\/en\/wp-json\/wp\/v2\/media\/12497"}],"wp:attachment":[{"href":"https:\/\/www.carnet.hr\/en\/wp-json\/wp\/v2\/media?parent=47"}],"curies":[{"name":"wp","href":"https:\/\/api.w.org\/{rel}","templated":true}]}}