{"id":5,"date":"2018-09-07T08:47:10","date_gmt":"2018-09-07T07:47:10","guid":{"rendered":"https:\/\/www.carnet.hr\/?page_id=5"},"modified":"2026-04-16T11:43:23","modified_gmt":"2026-04-16T09:43:23","slug":"naslovnica","status":"publish","type":"page","link":"https:\/\/www.carnet.hr\/en\/","title":{"rendered":"Homepage"},"content":{"rendered":"[et_pb_section bb_built=&#8221;1&#8243; admin_label=&#8221;section&#8221;][et_pb_row admin_label=&#8221;row&#8221; background_position=&#8221;top_left&#8221; background_repeat=&#8221;repeat&#8221; background_size=&#8221;initial&#8221;][et_pb_column type=&#8221;4_4&#8243;][et_pb_text background_position=&#8221;top_left&#8221; background_repeat=&#8221;repeat&#8221; background_size=&#8221;initial&#8221; _builder_version=&#8221;3.19&#8243;]\n<p><\/p>\n[\/et_pb_text][\/et_pb_column][\/et_pb_row][\/et_pb_section]\n","protected":false},"excerpt":{"rendered":"","protected":false},"author":1,"featured_media":0,"parent":0,"menu_order":0,"comment_status":"closed","ping_status":"closed","template":"","meta":{"_acf_changed":false,"_et_pb_use_builder":"on","_et_pb_old_content":"","_et_gb_content_width":"","footnotes":""},"class_list":["post-5","page","type-page","status-publish","hentry"],"acf":[],"yoast_head":"<!-- This site is optimized with the Yoast SEO plugin v27.5 - https:\/\/yoast.com\/product\/yoast-seo-wordpress\/ -->\n<title>Hrvatska akademska i istra\u017eiva\u010dka mre\u017ea \u2013 CARNET<\/title>\n<meta name=\"description\" content=\"CARNET je javna ustanova koja djeluje u podru\u010dju informacijsko-komunikacijske tehnologije i njezine primjene u obrazovanju.\" \/>\n<meta name=\"robots\" content=\"noindex, follow, max-snippet:-1, max-image-preview:large, max-video-preview:-1\" \/>\n<meta property=\"og:locale\" content=\"en_US\" \/>\n<meta property=\"og:type\" content=\"article\" \/>\n<meta property=\"og:title\" content=\"Hrvatska akademska i istra\u017eiva\u010dka mre\u017ea \u2013 CARNET\" \/>\n<meta property=\"og:description\" content=\"CARNET je javna ustanova koja djeluje u podru\u010dju informacijsko-komunikacijske tehnologije i njezine primjene u obrazovanju.\" \/>\n<meta property=\"og:url\" content=\"https:\/\/www.carnet.hr\/en\/\" \/>\n<meta property=\"og:site_name\" content=\"CARNET\" \/>\n<meta property=\"article:publisher\" content=\"http:\/\/facebook.com\/CARNET.hr\/\" \/>\n<meta property=\"article:modified_time\" content=\"2026-04-16T09:43:23+00:00\" \/>\n<meta property=\"og:image\" content=\"https:\/\/www.carnet.hr\/wp-content\/uploads\/2019\/06\/facebook_OG_image.png\" \/>\n\t<meta property=\"og:image:width\" content=\"1200\" \/>\n\t<meta property=\"og:image:height\" content=\"630\" \/>\n\t<meta property=\"og:image:type\" content=\"image\/png\" \/>\n<meta name=\"twitter:card\" content=\"summary_large_image\" \/>\n<meta name=\"twitter:site\" content=\"@CARNET_HR\" \/>\n<script type=\"application\/ld+json\" class=\"yoast-schema-graph\">{\"@context\":\"https:\\\/\\\/schema.org\",\"@graph\":[{\"@type\":\"WebPage\",\"@id\":\"https:\\\/\\\/www.carnet.hr\\\/\",\"url\":\"https:\\\/\\\/www.carnet.hr\\\/\",\"name\":\"Hrvatska akademska i istra\u017eiva\u010dka mre\u017ea \u2013 CARNET\",\"isPartOf\":{\"@id\":\"http:\\\/\\\/test-www.carnet.hr\\\/#website\"},\"datePublished\":\"2018-09-07T07:47:10+00:00\",\"dateModified\":\"2026-04-16T09:43:23+00:00\",\"description\":\"CARNET je javna ustanova koja djeluje u podru\u010dju informacijsko-komunikacijske tehnologije i njezine primjene u obrazovanju.\",\"breadcrumb\":{\"@id\":\"https:\\\/\\\/www.carnet.hr\\\/#breadcrumb\"},\"inLanguage\":\"en-US\",\"potentialAction\":[{\"@type\":\"ReadAction\",\"target\":[\"https:\\\/\\\/www.carnet.hr\\\/\"]}]},{\"@type\":\"BreadcrumbList\",\"@id\":\"https:\\\/\\\/www.carnet.hr\\\/#breadcrumb\",\"itemListElement\":[{\"@type\":\"ListItem\",\"position\":1,\"name\":\"Home\",\"item\":\"https:\\\/\\\/www.carnet.hr\\\/\"},{\"@type\":\"ListItem\",\"position\":2,\"name\":\"Naslovnica\"}]},{\"@type\":\"WebSite\",\"@id\":\"http:\\\/\\\/test-www.carnet.hr\\\/#website\",\"url\":\"http:\\\/\\\/test-www.carnet.hr\\\/\",\"name\":\"CARNET\",\"description\":\"Znanje povezuje.\",\"potentialAction\":[{\"@type\":\"SearchAction\",\"target\":{\"@type\":\"EntryPoint\",\"urlTemplate\":\"http:\\\/\\\/test-www.carnet.hr\\\/?s={search_term_string}\"},\"query-input\":{\"@type\":\"PropertyValueSpecification\",\"valueRequired\":true,\"valueName\":\"search_term_string\"}}],\"inLanguage\":\"en-US\"}]}<\/script>\n<!-- \/ Yoast SEO plugin. -->","yoast_head_json":{"title":"Croatian Academic and Research Network \u2013 CARNet","description":"CARNET je javna ustanova koja djeluje u podru\u010dju informacijsko-komunikacijske tehnologije i njezine primjene u obrazovanju.","robots":{"index":"noindex","follow":"follow","max-snippet":"max-snippet:-1","max-image-preview":"max-image-preview:large","max-video-preview":"max-video-preview:-1"},"og_locale":"en_US","og_type":"article","og_title":"Hrvatska akademska i istra\u017eiva\u010dka mre\u017ea \u2013 CARNET","og_description":"CARNET je javna ustanova koja djeluje u podru\u010dju informacijsko-komunikacijske tehnologije i njezine primjene u obrazovanju.","og_url":"https:\/\/www.carnet.hr\/en\/","og_site_name":"CARNET","article_publisher":"http:\/\/facebook.com\/CARNET.hr\/","article_modified_time":"2026-04-16T09:43:23+00:00","og_image":[{"width":1200,"height":630,"url":"https:\/\/www.carnet.hr\/wp-content\/uploads\/2019\/06\/facebook_OG_image.png","type":"image\/png"}],"twitter_card":"summary_large_image","twitter_site":"@CARNET_HR","schema":{"@context":"https:\/\/schema.org","@graph":[{"@type":"WebPage","@id":"https:\/\/www.carnet.hr\/","url":"https:\/\/www.carnet.hr\/","name":"Croatian Academic and Research Network \u2013 CARNet","isPartOf":{"@id":"http:\/\/test-www.carnet.hr\/#website"},"datePublished":"2018-09-07T07:47:10+00:00","dateModified":"2026-04-16T09:43:23+00:00","description":"CARNET je javna ustanova koja djeluje u podru\u010dju informacijsko-komunikacijske tehnologije i njezine primjene u obrazovanju.","breadcrumb":{"@id":"https:\/\/www.carnet.hr\/#breadcrumb"},"inLanguage":"en-US","potentialAction":[{"@type":"ReadAction","target":["https:\/\/www.carnet.hr\/"]}]},{"@type":"BreadcrumbList","@id":"https:\/\/www.carnet.hr\/#breadcrumb","itemListElement":[{"@type":"ListItem","position":1,"name":"Home","item":"https:\/\/www.carnet.hr\/"},{"@type":"ListItem","position":2,"name":"Naslovnica"}]},{"@type":"WebSite","@id":"http:\/\/test-www.carnet.hr\/#website","url":"http:\/\/test-www.carnet.hr\/","name":"ABOUT","description":"Knowledge connects.","potentialAction":[{"@type":"SearchAction","target":{"@type":"EntryPoint","urlTemplate":"http:\/\/test-www.carnet.hr\/?s={search_term_string}"},"query-input":{"@type":"PropertyValueSpecification","valueRequired":true,"valueName":"search_term_string"}}],"inLanguage":"en-US"}]}},"_links":{"self":[{"href":"https:\/\/www.carnet.hr\/en\/wp-json\/wp\/v2\/pages\/5","targetHints":{"allow":["GET"]}}],"collection":[{"href":"https:\/\/www.carnet.hr\/en\/wp-json\/wp\/v2\/pages"}],"about":[{"href":"https:\/\/www.carnet.hr\/en\/wp-json\/wp\/v2\/types\/page"}],"author":[{"embeddable":true,"href":"https:\/\/www.carnet.hr\/en\/wp-json\/wp\/v2\/users\/1"}],"replies":[{"embeddable":true,"href":"https:\/\/www.carnet.hr\/en\/wp-json\/wp\/v2\/comments?post=5"}],"version-history":[{"count":0,"href":"https:\/\/www.carnet.hr\/en\/wp-json\/wp\/v2\/pages\/5\/revisions"}],"wp:attachment":[{"href":"https:\/\/www.carnet.hr\/en\/wp-json\/wp\/v2\/media?parent=5"}],"curies":[{"name":"wp","href":"https:\/\/api.w.org\/{rel}","templated":true}]}}