{"id":5330,"date":"2019-01-16T11:15:09","date_gmt":"2019-01-16T10:15:09","guid":{"rendered":"https:\/\/www.carnet.hr\/?page_id=5330"},"modified":"2026-01-22T16:02:27","modified_gmt":"2026-01-22T14:02:27","slug":"carnet-infrastruktura","status":"publish","type":"page","link":"https:\/\/www.carnet.hr\/en\/carnet\/carnet-infrastruktura\/","title":{"rendered":"Infrastructure Pass"},"content":{"rendered":"[et_pb_section bb_built=&#8221;1&#8243; admin_label=&#8221;CARNET infrastruktura&#8221; _builder_version=&#8221;3.19&#8243; module_class=&#8221;c-make-harm&#8221;][et_pb_row][et_pb_column type=&#8221;4_4&#8243;][et_pb_text admin_label=&#8221;CARNET infrastruktura&#8221; _builder_version=&#8221;3.21.4&#8243; z_index_tablet=&#8221;500&#8243;]\n<p><img decoding=\"async\" class=\"size-medium wp-image-27418 alignleft\" src=\"https:\/\/www.carnet.hr\/wp-content\/uploads\/2026\/01\/karta_18092025-549x412.png\" alt=\"\" width=\"549\" height=\"412\" srcset=\"https:\/\/www.carnet.hr\/wp-content\/uploads\/2026\/01\/karta_18092025-549x412.png 549w, https:\/\/www.carnet.hr\/wp-content\/uploads\/2026\/01\/karta_18092025-800x601.png 800w, https:\/\/www.carnet.hr\/wp-content\/uploads\/2026\/01\/karta_18092025-112x84.png 112w, https:\/\/www.carnet.hr\/wp-content\/uploads\/2026\/01\/karta_18092025-768x577.png 768w, https:\/\/www.carnet.hr\/wp-content\/uploads\/2026\/01\/karta_18092025-1536x1154.png 1536w, https:\/\/www.carnet.hr\/wp-content\/uploads\/2026\/01\/karta_18092025-2048x1538.png 2048w\" sizes=\"(max-width: 549px) 100vw, 549px\" \/>CARNET mre\u017ea privatna je mre\u017ea hrvatske akademske i znanstveno-istra\u017eiva\u010dke zajednice i ustanova iz sustava osnovnoga i srednjega \u0161kolstva. Dio mre\u017ene infrastrukture posjeduje CARNET-ova ustanova, a vodove ve\u0107inom unajmljuje od niza davatelja telekomunikacijskih usluga.<\/p>\n<p>CARNET mre\u017ea primjer je WAN mre\u017ee (Wide Area Network \u2013 mre\u017ea rasprostranjena na ve\u0107im udaljenostima) kojom se \u010dlanice CARNET-a diljem Hrvatske povezuju u kompaktnu informacijsko-komunikacijsku cjelinu. CARNET mre\u017ea podatkovna je mre\u017ea namijenjena prijenosu podataka kori\u0161tenjem TCP\/IP protokola (Transport Control Protocol \/ Internet protocol). Trenuta\u010dno podr\u017eane verzije TCP\/IP protokola u CARNET mre\u017ei kao njezinu integralnome dijelu su verzije 4 i 6 (IPv4 i IPv6). CARNET svojim \u010dlanicama omogu\u0107uje usluge virtualnih privatnih mre\u017ea.<\/p>\n<p>Klju\u010dna karakteristika svake privatne mre\u017ee jest njezin spoj prema globalnoj mre\u017ei \u2013 internetu. CARNET mre\u017ea je tu vezu ostvarila kroz sveeuropsku istra\u017eiva\u010dku mre\u017eu G\u00c9ANT, trenuta\u010dnom brzinom veze od 100 Gb\/s. G\u00c9ANT mre\u017ea rezultat je inicijative Europske zajednice i udruge europskih akademskih mre\u017ea za uspostavom tehnolo\u0161ki najnaprednije ra\u010dunalne mre\u017ee koja povezuje sve europske akademske i istra\u017eiva\u010dke nacionalne mre\u017ee te ostvaruje vezu i prema tzv. komercijalnome internetu. Veza prema drugim davateljima internetske usluge u Hrvatskoj ostvarena je putem mjesta razmjene internetskoga prometa u Hrvatskoj \u2013 CIX.<\/p>\n<p>Unutar Hrvatske, CARNET mre\u017ea povezuje ve\u0107e i manje hrvatske gradove na kopnu te niz mjesta na otocima. Ve\u0107i sveu\u010dili\u0161ni centri (Dubrovnik, Osijek, Pula, Rijeka, Slavonski Brod, Split, Vara\u017edin, Zadar, Zagreb) povezani su vezama u rasponu od 2 Gb\/s do 100 Gb\/s, dok su za manje centre osigurane veze brzina od 1 Gb\/s do 10 Gb\/s. Osobito je napredna infrastruktura u Zagrebu, Splitu, Rijeci i Osijeku gdje su fakulteti i znanstvene ustanove povezane brzinama do 10 Gb\/s. U CARNET mre\u017eu povezuju se i ustanove iz sustava osnovnoga i srednjega \u0161kolstva pristupnim brzinama od 4 Mb\/s do 10 Gb\/s. U Rijeci, Zagrebu, Splitu i Puli CARNET vlastito izgra\u0111enom infrastrukturom povezuje lokacije ustanova u CARNET mre\u017eu.<\/p>\n<p>CARNET na temelju sporazuma s Ministarstvom zdravstva, Ministarstvom rada i mirovinskoga sustava, obitelji i socijalne politike te Ministarstvom gospodarstva i odr\u017eivog razvoja spaja njihove lokacije na CARNET mre\u017eu, ali korisnicima nisu dostupne sve usluge koje su omogu\u0107ene mati\u010dnim korisnicima iz Ministarstva znanosti i obrazovanja.<\/p>\n[\/et_pb_text][\/et_pb_column][\/et_pb_row][\/et_pb_section]\n","protected":false},"excerpt":{"rendered":"<p><div class=\"et_pb_row et_pb_row_0 et_pb_row_empty\">\n\t\t\t\t\n\t\t\t\t\n\t\t\t\t\n\t\t\t\t\n\t\t\t\t\n\t\t\t<\/div> CARNET mre\u017ea privatna je mre\u017ea hrvatske akademske i znanstveno-istra\u017eiva\u010dke zajednice i ustanova iz sustava osnovnoga i srednjega \u0161kolstva. Dio mre\u017ene infrastrukture posjeduje CARNET-ova ustanova, a vodove ve\u0107inom unajmljuje od &#8230;<\/p>","protected":false},"author":17,"featured_media":0,"parent":10612,"menu_order":0,"comment_status":"closed","ping_status":"closed","template":"","meta":{"_acf_changed":false,"_et_pb_use_builder":"on","_et_pb_old_content":"<p>CARNET mre\u017ea privatna je mre\u017ea hrvatske akademske i znanstveno-istra\u017eiva\u010dke zajednice i ustanova iz sustava osnovnoga i srednjega \u0161kolstva. Dio mre\u017ene infrastrukture posjeduje CARNET-ova ustanova, a vodove ve\u0107inom unajmljuje od niza davatelja telekomunikacijskih usluga. CARNET mre\u017ea primjer je WAN mre\u017ee (Wide Area Network \u2013 mre\u017ea rasprostranjena na ve\u0107im udaljenostima) kojom se \u010dlanice CARNET-a diljem Hrvatske povezuju u kompaktnu informacijsko-komunikacijsku cjelinu.<br \/>CARNET mre\u017ea podatkovna je mre\u017ea namijenjena prijenosu podataka kori\u0161tenjem TCP\/IP protokola (Transport Control Protocol \/ Internet protocol). Trenuta\u010dno podr\u017eane verzije TCP\/IP protokola u CARNET mre\u017ei kao njezinu integralnome dijelu su verzije 4 i 6 (IPv4 i IPv6). CARNET svojim \u010dlanicama omogu\u0107uje usluge virtualnih privatnih mre\u017ea.<\/p><p>\u00a0<\/p><p>Klju\u010dna karakteristika svake privatne mre\u017ee jest njezin spoj prema globalnoj mre\u017ei \u2013 internetu. CARNET mre\u017ea je tu vezu ostvarila kroz sveeuropsku istra\u017eiva\u010dku mre\u017eu G\u00c9ANT, trenuta\u010dnom brzinom veze od 20 Gb\/s. G\u00c9ANT mre\u017ea rezultat je inicijative Europske zajednice i udruge europskih akademskih mre\u017ea za uspostavom tehnolo\u0161ki najnaprednije ra\u010dunalne mre\u017ee koja povezuje sve europske akademske i istra\u017eiva\u010dke nacionalne mre\u017ee te ostvaruje vezu i prema tzv. komercijalnome internetu.<br \/>Veza prema drugim davateljima internetske usluge u Hrvatskoj ostvarena je putem mjesta razmjene internetskoga prometa u Hrvatskoj \u2013 CIX.<\/p><p>\u00a0<\/p><p>Unutar Hrvatske, CARNET mre\u017ea povezuje ve\u0107e i manje hrvatske gradove na kopnu te niz mjesta na otocima. Ve\u0107i sveu\u010dili\u0161ni centri (Dubrovnik, Osijek, Pula, Rijeka, Slavonski Brod, Split, Zadar, Zagreb) povezani su vezama brzina u rasponu od 500 Mb\/s do 10 Gb\/s, a za manje su centre osigurane veze brzinama od 50 Mb\/s do 1 Gb\/s. Osobito je napredna infrastruktura u Zagrebu i Splitu, u kojima su fakulteti i znanstvene ustanove povezane brzinama do 10 Gb\/s. U CARNET mre\u017eu povezuju se i ustanove iz sustava osnovnoga i srednjega \u0161kolstva pristupnim brzinama od 4 Mb\/s do 1 Gb\/s.<br \/>U Rijeci, Zagrebu, Splitu i Puli CARNET svojom vlastitom izgra\u0111enom infrastrukturom povezuje lokacije ustanova u CARNET mre\u017eu.<\/p><p>\u00a0<\/p><p>Na temelju sporazuma s Ministarstvom zdravstva, Ministarstvom za demografiju, obitelj, mlade i socijalnu politiku, Ministarstvom rada i mirovinskoga sustava i Ministarstvom za\u0161tite okoli\u0161a i energetike CARNET spaja njihove lokacije u jedinstvenu privatnu ra\u010dunalno-komunikacijsku mre\u017eu.<\/p>","_et_gb_content_width":"","footnotes":""},"class_list":["post-5330","page","type-page","status-publish","hentry"],"acf":[],"yoast_head":"<!-- This site is optimized with the Yoast SEO plugin v27.5 - https:\/\/yoast.com\/product\/yoast-seo-wordpress\/ -->\n<title>CARNET infrastruktura - CARNET<\/title>\n<meta name=\"description\" content=\"CARNET mre\u017ea privatna je mre\u017ea hrvatske akademske i znanstveno-istra\u017eiva\u010dke zajednice i ustanova iz sustava osnovnoga i srednjega \u0161kolstva.\" \/>\n<meta name=\"robots\" content=\"noindex, follow, max-snippet:-1, max-image-preview:large, max-video-preview:-1\" \/>\n<meta property=\"og:locale\" content=\"en_US\" \/>\n<meta property=\"og:type\" content=\"article\" \/>\n<meta property=\"og:title\" content=\"CARNET infrastruktura - CARNET\" \/>\n<meta property=\"og:description\" content=\"CARNET mre\u017ea privatna je mre\u017ea hrvatske akademske i znanstveno-istra\u017eiva\u010dke zajednice i ustanova iz sustava osnovnoga i srednjega \u0161kolstva.\" \/>\n<meta property=\"og:url\" content=\"https:\/\/www.carnet.hr\/en\/carnet\/carnet-infrastruktura\/\" \/>\n<meta property=\"og:site_name\" content=\"CARNET\" \/>\n<meta property=\"article:publisher\" content=\"http:\/\/facebook.com\/CARNET.hr\/\" \/>\n<meta property=\"article:modified_time\" content=\"2026-01-22T14:02:27+00:00\" \/>\n<meta property=\"og:image\" content=\"https:\/\/www.carnet.hr\/wp-content\/uploads\/2026\/01\/karta_18092025-549x412.png\" \/>\n<meta name=\"twitter:card\" content=\"summary_large_image\" \/>\n<meta name=\"twitter:site\" content=\"@CARNET_HR\" \/>\n<meta name=\"twitter:label1\" content=\"Est. reading time\" \/>\n\t<meta name=\"twitter:data1\" content=\"2 minutes\" \/>\n<script type=\"application\/ld+json\" class=\"yoast-schema-graph\">{\"@context\":\"https:\\\/\\\/schema.org\",\"@graph\":[{\"@type\":\"WebPage\",\"@id\":\"https:\\\/\\\/www.carnet.hr\\\/carnet\\\/carnet-infrastruktura\\\/\",\"url\":\"https:\\\/\\\/www.carnet.hr\\\/carnet\\\/carnet-infrastruktura\\\/\",\"name\":\"CARNET infrastruktura - CARNET\",\"isPartOf\":{\"@id\":\"http:\\\/\\\/test-www.carnet.hr\\\/#website\"},\"primaryImageOfPage\":{\"@id\":\"https:\\\/\\\/www.carnet.hr\\\/carnet\\\/carnet-infrastruktura\\\/#primaryimage\"},\"image\":{\"@id\":\"https:\\\/\\\/www.carnet.hr\\\/carnet\\\/carnet-infrastruktura\\\/#primaryimage\"},\"thumbnailUrl\":\"https:\\\/\\\/www.carnet.hr\\\/wp-content\\\/uploads\\\/2026\\\/01\\\/karta_18092025-549x412.png\",\"datePublished\":\"2019-01-16T10:15:09+00:00\",\"dateModified\":\"2026-01-22T14:02:27+00:00\",\"description\":\"CARNET mre\u017ea privatna je mre\u017ea hrvatske akademske i znanstveno-istra\u017eiva\u010dke zajednice i ustanova iz sustava osnovnoga i srednjega \u0161kolstva.\",\"breadcrumb\":{\"@id\":\"https:\\\/\\\/www.carnet.hr\\\/carnet\\\/carnet-infrastruktura\\\/#breadcrumb\"},\"inLanguage\":\"en-US\",\"potentialAction\":[{\"@type\":\"ReadAction\",\"target\":[\"https:\\\/\\\/www.carnet.hr\\\/carnet\\\/carnet-infrastruktura\\\/\"]}]},{\"@type\":\"ImageObject\",\"inLanguage\":\"en-US\",\"@id\":\"https:\\\/\\\/www.carnet.hr\\\/carnet\\\/carnet-infrastruktura\\\/#primaryimage\",\"url\":\"https:\\\/\\\/www.carnet.hr\\\/wp-content\\\/uploads\\\/2026\\\/01\\\/karta_18092025-549x412.png\",\"contentUrl\":\"https:\\\/\\\/www.carnet.hr\\\/wp-content\\\/uploads\\\/2026\\\/01\\\/karta_18092025-549x412.png\"},{\"@type\":\"BreadcrumbList\",\"@id\":\"https:\\\/\\\/www.carnet.hr\\\/carnet\\\/carnet-infrastruktura\\\/#breadcrumb\",\"itemListElement\":[{\"@type\":\"ListItem\",\"position\":1,\"name\":\"Home\",\"item\":\"https:\\\/\\\/www.carnet.hr\\\/\"},{\"@type\":\"ListItem\",\"position\":2,\"name\":\"Privatno: CARNET\",\"item\":\"https:\\\/\\\/www.carnet.hr\\\/?page_id=10612\"},{\"@type\":\"ListItem\",\"position\":3,\"name\":\"CARNET infrastruktura\"}]},{\"@type\":\"WebSite\",\"@id\":\"http:\\\/\\\/test-www.carnet.hr\\\/#website\",\"url\":\"http:\\\/\\\/test-www.carnet.hr\\\/\",\"name\":\"CARNET\",\"description\":\"Znanje povezuje.\",\"potentialAction\":[{\"@type\":\"SearchAction\",\"target\":{\"@type\":\"EntryPoint\",\"urlTemplate\":\"http:\\\/\\\/test-www.carnet.hr\\\/?s={search_term_string}\"},\"query-input\":{\"@type\":\"PropertyValueSpecification\",\"valueRequired\":true,\"valueName\":\"search_term_string\"}}],\"inLanguage\":\"en-US\"}]}<\/script>\n<!-- \/ Yoast SEO plugin. -->","yoast_head_json":{"title":"CARNET infrastruktura - CARNET","description":"CARNET mre\u017ea privatna je mre\u017ea hrvatske akademske i znanstveno-istra\u017eiva\u010dke zajednice i ustanova iz sustava osnovnoga i srednjega \u0161kolstva.","robots":{"index":"noindex","follow":"follow","max-snippet":"max-snippet:-1","max-image-preview":"max-image-preview:large","max-video-preview":"max-video-preview:-1"},"og_locale":"en_US","og_type":"article","og_title":"CARNET infrastruktura - CARNET","og_description":"CARNET mre\u017ea privatna je mre\u017ea hrvatske akademske i znanstveno-istra\u017eiva\u010dke zajednice i ustanova iz sustava osnovnoga i srednjega \u0161kolstva.","og_url":"https:\/\/www.carnet.hr\/en\/carnet\/carnet-infrastruktura\/","og_site_name":"CARNET","article_publisher":"http:\/\/facebook.com\/CARNET.hr\/","article_modified_time":"2026-01-22T14:02:27+00:00","og_image":[{"url":"https:\/\/www.carnet.hr\/wp-content\/uploads\/2026\/01\/karta_18092025-549x412.png","type":"","width":"","height":""}],"twitter_card":"summary_large_image","twitter_site":"@CARNET_HR","twitter_misc":{"Est. reading time":"2 minutes"},"schema":{"@context":"https:\/\/schema.org","@graph":[{"@type":"WebPage","@id":"https:\/\/www.carnet.hr\/carnet\/carnet-infrastruktura\/","url":"https:\/\/www.carnet.hr\/carnet\/carnet-infrastruktura\/","name":"CARNET infrastruktura - CARNET","isPartOf":{"@id":"http:\/\/test-www.carnet.hr\/#website"},"primaryImageOfPage":{"@id":"https:\/\/www.carnet.hr\/carnet\/carnet-infrastruktura\/#primaryimage"},"image":{"@id":"https:\/\/www.carnet.hr\/carnet\/carnet-infrastruktura\/#primaryimage"},"thumbnailUrl":"https:\/\/www.carnet.hr\/wp-content\/uploads\/2026\/01\/karta_18092025-549x412.png","datePublished":"2019-01-16T10:15:09+00:00","dateModified":"2026-01-22T14:02:27+00:00","description":"CARNET mre\u017ea privatna je mre\u017ea hrvatske akademske i znanstveno-istra\u017eiva\u010dke zajednice i ustanova iz sustava osnovnoga i srednjega \u0161kolstva.","breadcrumb":{"@id":"https:\/\/www.carnet.hr\/carnet\/carnet-infrastruktura\/#breadcrumb"},"inLanguage":"en-US","potentialAction":[{"@type":"ReadAction","target":["https:\/\/www.carnet.hr\/carnet\/carnet-infrastruktura\/"]}]},{"@type":"ImageObject","inLanguage":"en-US","@id":"https:\/\/www.carnet.hr\/carnet\/carnet-infrastruktura\/#primaryimage","url":"https:\/\/www.carnet.hr\/wp-content\/uploads\/2026\/01\/karta_18092025-549x412.png","contentUrl":"https:\/\/www.carnet.hr\/wp-content\/uploads\/2026\/01\/karta_18092025-549x412.png"},{"@type":"BreadcrumbList","@id":"https:\/\/www.carnet.hr\/carnet\/carnet-infrastruktura\/#breadcrumb","itemListElement":[{"@type":"ListItem","position":1,"name":"Home","item":"https:\/\/www.carnet.hr\/"},{"@type":"ListItem","position":2,"name":"Privatno: CARNET","item":"https:\/\/www.carnet.hr\/?page_id=10612"},{"@type":"ListItem","position":3,"name":"CARNET infrastruktura"}]},{"@type":"WebSite","@id":"http:\/\/test-www.carnet.hr\/#website","url":"http:\/\/test-www.carnet.hr\/","name":"ABOUT","description":"Knowledge connects.","potentialAction":[{"@type":"SearchAction","target":{"@type":"EntryPoint","urlTemplate":"http:\/\/test-www.carnet.hr\/?s={search_term_string}"},"query-input":{"@type":"PropertyValueSpecification","valueRequired":true,"valueName":"search_term_string"}}],"inLanguage":"en-US"}]}},"_links":{"self":[{"href":"https:\/\/www.carnet.hr\/en\/wp-json\/wp\/v2\/pages\/5330","targetHints":{"allow":["GET"]}}],"collection":[{"href":"https:\/\/www.carnet.hr\/en\/wp-json\/wp\/v2\/pages"}],"about":[{"href":"https:\/\/www.carnet.hr\/en\/wp-json\/wp\/v2\/types\/page"}],"author":[{"embeddable":true,"href":"https:\/\/www.carnet.hr\/en\/wp-json\/wp\/v2\/users\/17"}],"replies":[{"embeddable":true,"href":"https:\/\/www.carnet.hr\/en\/wp-json\/wp\/v2\/comments?post=5330"}],"version-history":[{"count":0,"href":"https:\/\/www.carnet.hr\/en\/wp-json\/wp\/v2\/pages\/5330\/revisions"}],"up":[{"embeddable":true,"href":"https:\/\/www.carnet.hr\/en\/wp-json\/wp\/v2\/pages\/10612"}],"wp:attachment":[{"href":"https:\/\/www.carnet.hr\/en\/wp-json\/wp\/v2\/media?parent=5330"}],"curies":[{"name":"wp","href":"https:\/\/api.w.org\/{rel}","templated":true}]}}