{"id":8679,"date":"2019-02-06T09:06:12","date_gmt":"2019-02-06T08:06:12","guid":{"rendered":"https:\/\/www.carnet.hr\/carnet-infrastructure\/"},"modified":"2025-01-08T11:05:37","modified_gmt":"2025-01-08T09:05:37","slug":"carnet-infrastructure","status":"publish","type":"page","link":"https:\/\/www.carnet.hr\/en\/carnet-infrastructure\/","title":{"rendered":"CARNET Infrastructure"},"content":{"rendered":"[et_pb_section bb_built=&#8221;1&#8243; admin_label=&#8221;CARNET Infrastructure&#8221; _builder_version=&#8221;3.19.11&#8243; module_class=&#8221;c-make-harm&#8221;][et_pb_row][et_pb_column type=&#8221;4_4&#8243;][et_pb_text admin_label=&#8221;CARNET Infrastruktura&#8221; _builder_version=&#8221;3.21.4&#8243; z_index_tablet=&#8221;500&#8243;]\n<p><a href=\"https:\/\/www.carnet.hr\/wp-content\/uploads\/2025\/01\/karta_07912025-en.png\"><img decoding=\"async\" class=\"wp-image-25605 alignleft\" src=\"https:\/\/www.carnet.hr\/wp-content\/uploads\/2025\/01\/karta_07912025-en-549x412.png\" alt=\"\" width=\"405\" height=\"304\" srcset=\"https:\/\/www.carnet.hr\/wp-content\/uploads\/2025\/01\/karta_07912025-en-549x412.png 549w, https:\/\/www.carnet.hr\/wp-content\/uploads\/2025\/01\/karta_07912025-en-800x601.png 800w, https:\/\/www.carnet.hr\/wp-content\/uploads\/2025\/01\/karta_07912025-en-112x84.png 112w, https:\/\/www.carnet.hr\/wp-content\/uploads\/2025\/01\/karta_07912025-en-768x577.png 768w, https:\/\/www.carnet.hr\/wp-content\/uploads\/2025\/01\/karta_07912025-en-1536x1154.png 1536w, https:\/\/www.carnet.hr\/wp-content\/uploads\/2025\/01\/karta_07912025-en-2048x1538.png 2048w\" sizes=\"(max-width: 405px) 100vw, 405px\" \/><\/a>CARNET network is a private network of Croatian academic and scientific-research community and institutions from the primary and secondary education system. A part of the network infrastructure is owned by CARNET institution, while the cableways are mostly leased by a number of telecommunications service providers. CARNET network is an example of a Wide Area Network (WAN) through which CARNET members throughout Croatia connect to a compact information and communication unit.<\/p>\n<p>CARNET network is a data network intended for data transfer using the Transport Control Protocol\/Internet Protocol (TCP\/IP). Currently supported versions of TCP\/IP protocol in CARNET network as its integral part are versions 4 and 6 (IPv4 and IPv6). CARNET enables its members virtual private network services.<\/p>\n<p>The key feature of each private network is its connection to the global network &#8211; the Internet. CARNET network has made this connection through the pan-European research network G\u00c9ANT, at a current connection speed of 100 Gb\/s. G\u00c9ANT network is the result of the initiative of the European Community and the European academy networks association for the establishment of the most technologically advanced computer network linking all European academic and research national networks and linking to the so-called commercial Internet. The link to other Internet service providers in Croatia is realized through the Internet exchange in Croatia &#8211; CIX.<\/p>\n<p>Within Croatia, CARNET network connects larger and smaller Croatian cities at the mainland and a number of places on the islands. Major university centres (Dubrovnik, Osijek, Pula, Rijeka, Slavonski Brod, Split, Vara\u017edin, Zadar, Zagreb) are connected with speed connections ranging from 2 Gb\/s to 100 Gb\/s, while smaller centres are secured at speeds of 1 Gb\/s to 10 Gb\/s. There is an especially advanced infrastructure in Zagreb and Split where faculties and scientific institutions are connected to speeds up to 10 Gb\/s. CARNET network also connects institutions from the primary and secondary education system at access speeds of 4 Mb\/s to 10 Gb\/s. In Rijeka, Zagreb, Split and Pula CARNET connects the locations of the institutions to CARNET network with its own built infrastructure.<\/p>\n<p>Based on the agreement with the Ministry of Health, the Ministry of Labor and Pension System, Family and Social Policy and the Ministry of Economy and Sustainable Development, CARNET connects their locations to CARNET network. However, users do not have access to all the services that are available to the users from the Ministry of Science and Education.<\/p>\n[\/et_pb_text][\/et_pb_column][\/et_pb_row][\/et_pb_section]\n","protected":false},"excerpt":{"rendered":"<p><div class=\"et_pb_row et_pb_row_0 et_pb_row_empty\">\n\t\t\t\t\n\t\t\t\t\n\t\t\t\t\n\t\t\t\t\n\t\t\t\t\n\t\t\t<\/div> CARNET network is a private network of Croatian academic and scientific-research community and institutions from the primary and secondary education system. A part of the network infrastructure is owned &#8230;<\/p>","protected":false},"author":17,"featured_media":0,"parent":0,"menu_order":0,"comment_status":"closed","ping_status":"closed","template":"","meta":{"_acf_changed":false,"_et_pb_use_builder":"on","_et_pb_old_content":"<p>CARNET mre\u017ea privatna je mre\u017ea hrvatske akademske i znanstveno-istra\u017eiva\u010dke zajednice i ustanova iz sustava osnovnoga i srednjega \u0161kolstva. Dio mre\u017ene infrastrukture posjeduje CARNET-ova ustanova, a vodove ve\u0107inom unajmljuje od niza davatelja telekomunikacijskih usluga. CARNET mre\u017ea primjer je WAN mre\u017ee (Wide Area Network \u2013 mre\u017ea rasprostranjena na ve\u0107im udaljenostima) kojom se \u010dlanice CARNET-a diljem Hrvatske povezuju u kompaktnu informacijsko-komunikacijsku cjelinu.<br \/>CARNET mre\u017ea podatkovna je mre\u017ea namijenjena prijenosu podataka kori\u0161tenjem TCP\/IP protokola (Transport Control Protocol \/ Internet protocol). Trenuta\u010dno podr\u017eane verzije TCP\/IP protokola u CARNET mre\u017ei kao njezinu integralnome dijelu su verzije 4 i 6 (IPv4 i IPv6). CARNET svojim \u010dlanicama omogu\u0107uje usluge virtualnih privatnih mre\u017ea.<\/p><p>\u00a0<\/p><p>Klju\u010dna karakteristika svake privatne mre\u017ee jest njezin spoj prema globalnoj mre\u017ei \u2013 internetu. CARNET mre\u017ea je tu vezu ostvarila kroz sveeuropsku istra\u017eiva\u010dku mre\u017eu G\u00c9ANT, trenuta\u010dnom brzinom veze od 20 Gb\/s. G\u00c9ANT mre\u017ea rezultat je inicijative Europske zajednice i udruge europskih akademskih mre\u017ea za uspostavom tehnolo\u0161ki najnaprednije ra\u010dunalne mre\u017ee koja povezuje sve europske akademske i istra\u017eiva\u010dke nacionalne mre\u017ee te ostvaruje vezu i prema tzv. komercijalnome internetu.<br \/>Veza prema drugim davateljima internetske usluge u Hrvatskoj ostvarena je putem mjesta razmjene internetskoga prometa u Hrvatskoj \u2013 CIX.<\/p><p>\u00a0<\/p><p>Unutar Hrvatske, CARNET mre\u017ea povezuje ve\u0107e i manje hrvatske gradove na kopnu te niz mjesta na otocima. Ve\u0107i sveu\u010dili\u0161ni centri (Dubrovnik, Osijek, Pula, Rijeka, Slavonski Brod, Split, Zadar, Zagreb) povezani su vezama brzina u rasponu od 500 Mb\/s do 10 Gb\/s, a za manje su centre osigurane veze brzinama od 50 Mb\/s do 1 Gb\/s. Osobito je napredna infrastruktura u Zagrebu i Splitu, u kojima su fakulteti i znanstvene ustanove povezane brzinama do 10 Gb\/s. U CARNET mre\u017eu povezuju se i ustanove iz sustava osnovnoga i srednjega \u0161kolstva pristupnim brzinama od 4 Mb\/s do 1 Gb\/s.<br \/>U Rijeci, Zagrebu, Splitu i Puli CARNET svojom vlastitom izgra\u0111enom infrastrukturom povezuje lokacije ustanova u CARNET mre\u017eu.<\/p><p>\u00a0<\/p><p>Na temelju sporazuma s Ministarstvom zdravstva, Ministarstvom za demografiju, obitelj, mlade i socijalnu politiku, Ministarstvom rada i mirovinskoga sustava i Ministarstvom za\u0161tite okoli\u0161a i energetike CARNET spaja njihove lokacije u jedinstvenu privatnu ra\u010dunalno-komunikacijsku mre\u017eu.<\/p>","_et_gb_content_width":"","footnotes":""},"class_list":["post-8679","page","type-page","status-publish","hentry"],"acf":[],"yoast_head":"<!-- This site is optimized with the Yoast SEO plugin v27.5 - https:\/\/yoast.com\/product\/yoast-seo-wordpress\/ -->\n<title>CARNET Infrastructure - CARNET<\/title>\n<meta name=\"robots\" content=\"index, follow, max-snippet:-1, max-image-preview:large, max-video-preview:-1\" \/>\n<link rel=\"canonical\" href=\"https:\/\/www.carnet.hr\/en\/carnet-infrastructure\/\" \/>\n<meta property=\"og:locale\" content=\"en_US\" \/>\n<meta property=\"og:type\" content=\"article\" \/>\n<meta property=\"og:title\" content=\"CARNET Infrastructure - CARNET\" \/>\n<meta property=\"og:url\" content=\"https:\/\/www.carnet.hr\/en\/carnet-infrastructure\/\" \/>\n<meta property=\"og:site_name\" content=\"CARNET\" \/>\n<meta property=\"article:publisher\" content=\"http:\/\/facebook.com\/CARNET.hr\/\" \/>\n<meta property=\"article:modified_time\" content=\"2025-01-08T09:05:37+00:00\" \/>\n<meta property=\"og:image\" content=\"https:\/\/www.carnet.hr\/wp-content\/uploads\/2025\/01\/karta_07912025-en-549x412.png\" \/>\n<meta name=\"twitter:card\" content=\"summary_large_image\" \/>\n<meta name=\"twitter:site\" content=\"@CARNET_HR\" \/>\n<meta name=\"twitter:label1\" content=\"Est. reading time\" \/>\n\t<meta name=\"twitter:data1\" content=\"2 minutes\" \/>\n<script type=\"application\/ld+json\" class=\"yoast-schema-graph\">{\"@context\":\"https:\\\/\\\/schema.org\",\"@graph\":[{\"@type\":\"WebPage\",\"@id\":\"https:\\\/\\\/www.carnet.hr\\\/carnet-infrastructure\\\/\",\"url\":\"https:\\\/\\\/www.carnet.hr\\\/carnet-infrastructure\\\/\",\"name\":\"CARNET Infrastructure - CARNET\",\"isPartOf\":{\"@id\":\"https:\\\/\\\/www.carnet.hr\\\/#website\"},\"primaryImageOfPage\":{\"@id\":\"https:\\\/\\\/www.carnet.hr\\\/carnet-infrastructure\\\/#primaryimage\"},\"image\":{\"@id\":\"https:\\\/\\\/www.carnet.hr\\\/carnet-infrastructure\\\/#primaryimage\"},\"thumbnailUrl\":\"https:\\\/\\\/www.carnet.hr\\\/wp-content\\\/uploads\\\/2025\\\/01\\\/karta_07912025-en-549x412.png\",\"datePublished\":\"2019-02-06T08:06:12+00:00\",\"dateModified\":\"2025-01-08T09:05:37+00:00\",\"breadcrumb\":{\"@id\":\"https:\\\/\\\/www.carnet.hr\\\/carnet-infrastructure\\\/#breadcrumb\"},\"inLanguage\":\"en-US\",\"potentialAction\":[{\"@type\":\"ReadAction\",\"target\":[\"https:\\\/\\\/www.carnet.hr\\\/carnet-infrastructure\\\/\"]}]},{\"@type\":\"ImageObject\",\"inLanguage\":\"en-US\",\"@id\":\"https:\\\/\\\/www.carnet.hr\\\/carnet-infrastructure\\\/#primaryimage\",\"url\":\"https:\\\/\\\/www.carnet.hr\\\/wp-content\\\/uploads\\\/2025\\\/01\\\/karta_07912025-en-549x412.png\",\"contentUrl\":\"https:\\\/\\\/www.carnet.hr\\\/wp-content\\\/uploads\\\/2025\\\/01\\\/karta_07912025-en-549x412.png\"},{\"@type\":\"BreadcrumbList\",\"@id\":\"https:\\\/\\\/www.carnet.hr\\\/carnet-infrastructure\\\/#breadcrumb\",\"itemListElement\":[{\"@type\":\"ListItem\",\"position\":1,\"name\":\"Home\",\"item\":\"https:\\\/\\\/www.carnet.hr\\\/\"},{\"@type\":\"ListItem\",\"position\":2,\"name\":\"CARNET Infrastructure\"}]},{\"@type\":\"WebSite\",\"@id\":\"https:\\\/\\\/www.carnet.hr\\\/#website\",\"url\":\"https:\\\/\\\/www.carnet.hr\\\/\",\"name\":\"CARNET\",\"description\":\"Znanje povezuje.\",\"potentialAction\":[{\"@type\":\"SearchAction\",\"target\":{\"@type\":\"EntryPoint\",\"urlTemplate\":\"https:\\\/\\\/www.carnet.hr\\\/?s={search_term_string}\"},\"query-input\":{\"@type\":\"PropertyValueSpecification\",\"valueRequired\":true,\"valueName\":\"search_term_string\"}}],\"inLanguage\":\"en-US\"}]}<\/script>\n<!-- \/ Yoast SEO plugin. -->","yoast_head_json":{"title":"CARNET Infrastructure - CARNET","robots":{"index":"index","follow":"follow","max-snippet":"max-snippet:-1","max-image-preview":"max-image-preview:large","max-video-preview":"max-video-preview:-1"},"canonical":"https:\/\/www.carnet.hr\/en\/carnet-infrastructure\/","og_locale":"en_US","og_type":"article","og_title":"CARNET Infrastructure - CARNET","og_url":"https:\/\/www.carnet.hr\/en\/carnet-infrastructure\/","og_site_name":"CARNET","article_publisher":"http:\/\/facebook.com\/CARNET.hr\/","article_modified_time":"2025-01-08T09:05:37+00:00","og_image":[{"url":"https:\/\/www.carnet.hr\/wp-content\/uploads\/2025\/01\/karta_07912025-en-549x412.png","type":"","width":"","height":""}],"twitter_card":"summary_large_image","twitter_site":"@CARNET_HR","twitter_misc":{"Est. reading time":"2 minutes"},"schema":{"@context":"https:\/\/schema.org","@graph":[{"@type":"WebPage","@id":"https:\/\/www.carnet.hr\/carnet-infrastructure\/","url":"https:\/\/www.carnet.hr\/carnet-infrastructure\/","name":"CARNET Infrastructure - CARNET","isPartOf":{"@id":"https:\/\/www.carnet.hr\/#website"},"primaryImageOfPage":{"@id":"https:\/\/www.carnet.hr\/carnet-infrastructure\/#primaryimage"},"image":{"@id":"https:\/\/www.carnet.hr\/carnet-infrastructure\/#primaryimage"},"thumbnailUrl":"https:\/\/www.carnet.hr\/wp-content\/uploads\/2025\/01\/karta_07912025-en-549x412.png","datePublished":"2019-02-06T08:06:12+00:00","dateModified":"2025-01-08T09:05:37+00:00","breadcrumb":{"@id":"https:\/\/www.carnet.hr\/carnet-infrastructure\/#breadcrumb"},"inLanguage":"en-US","potentialAction":[{"@type":"ReadAction","target":["https:\/\/www.carnet.hr\/carnet-infrastructure\/"]}]},{"@type":"ImageObject","inLanguage":"en-US","@id":"https:\/\/www.carnet.hr\/carnet-infrastructure\/#primaryimage","url":"https:\/\/www.carnet.hr\/wp-content\/uploads\/2025\/01\/karta_07912025-en-549x412.png","contentUrl":"https:\/\/www.carnet.hr\/wp-content\/uploads\/2025\/01\/karta_07912025-en-549x412.png"},{"@type":"BreadcrumbList","@id":"https:\/\/www.carnet.hr\/carnet-infrastructure\/#breadcrumb","itemListElement":[{"@type":"ListItem","position":1,"name":"Home","item":"https:\/\/www.carnet.hr\/"},{"@type":"ListItem","position":2,"name":"CARNET Infrastructure"}]},{"@type":"WebSite","@id":"https:\/\/www.carnet.hr\/#website","url":"https:\/\/www.carnet.hr\/","name":"ABOUT","description":"Knowledge connects.","potentialAction":[{"@type":"SearchAction","target":{"@type":"EntryPoint","urlTemplate":"https:\/\/www.carnet.hr\/?s={search_term_string}"},"query-input":{"@type":"PropertyValueSpecification","valueRequired":true,"valueName":"search_term_string"}}],"inLanguage":"en-US"}]}},"_links":{"self":[{"href":"https:\/\/www.carnet.hr\/en\/wp-json\/wp\/v2\/pages\/8679","targetHints":{"allow":["GET"]}}],"collection":[{"href":"https:\/\/www.carnet.hr\/en\/wp-json\/wp\/v2\/pages"}],"about":[{"href":"https:\/\/www.carnet.hr\/en\/wp-json\/wp\/v2\/types\/page"}],"author":[{"embeddable":true,"href":"https:\/\/www.carnet.hr\/en\/wp-json\/wp\/v2\/users\/17"}],"replies":[{"embeddable":true,"href":"https:\/\/www.carnet.hr\/en\/wp-json\/wp\/v2\/comments?post=8679"}],"version-history":[{"count":0,"href":"https:\/\/www.carnet.hr\/en\/wp-json\/wp\/v2\/pages\/8679\/revisions"}],"wp:attachment":[{"href":"https:\/\/www.carnet.hr\/en\/wp-json\/wp\/v2\/media?parent=8679"}],"curies":[{"name":"wp","href":"https:\/\/api.w.org\/{rel}","templated":true}]}}