{"id":8943,"date":"2019-02-07T14:32:04","date_gmt":"2019-02-07T13:32:04","guid":{"rendered":"https:\/\/www.carnet.hr\/?page_id=8943"},"modified":"2024-07-17T10:09:43","modified_gmt":"2024-07-17T08:09:43","slug":"zastita-sluzbenih-podataka","status":"publish","type":"page","link":"https:\/\/www.carnet.hr\/en\/zastita-sluzbenih-podataka\/","title":{"rendered":"Protection of official data"},"content":{"rendered":"[et_pb_section bb_built=&#8221;1&#8243; admin_label=&#8221;Za\u0161tita slu\u017ebenih podataka&#8221; _builder_version=&#8221;3.19.11&#8243; module_class=&#8221;c-make-harm&#8221;][et_pb_row][et_pb_column type=&#8221;4_4&#8243;][et_pb_text admin_label=&#8221;Tekst prvi&#8221; _builder_version=&#8221;3.21.4&#8243;]\n<p>CARNET u svojem poslovanju primjenjuje <a href=\"https:\/\/www.uvns.hr\/UserDocsImages\/dokumenti\/informacijska-sigurnost\/Smjernice%20za%20postupanje%20s%20neklasificiranim%20podacima%20(slu%C5%BEbeni%20podaci).pdf\" target=\"_blank\" rel=\"noopener noreferrer\">smjernice za postupanje s neklasificiranim podacima (slu\u017ebeni podaci)<\/a>.<\/p>\n[\/et_pb_text][et_pb_text admin_label=&#8221;Tekst prvi&#8221; _builder_version=&#8221;3.21.4&#8243; z_index_tablet=&#8221;500&#8243;]\n<p>Osobni ure\u0111aji koji imaju mogu\u0107nost povezivanja na internet, poput ra\u010dunala, dlanovnika, pametnih telefona i pametnih satova, izlo\u017eeni su stalnoj opasnosti od kiberneti\u010dkih napada.<\/p>\n<p>Kako biste sigurno radili od ku\u0107e, pro\u010ditajte <a href=\"https:\/\/www.cert.hr\/ROKCERT\">pet savjeta kako dodatno za\u0161tititi ku\u0107ne mre\u017ee i korisnike<\/a>. Dodatne preporuke mo\u017eete prona\u0107i u dokumentu <a href=\"https:\/\/www.cert.hr\/savjeti-za-zastitu\/\">Savjeti za za\u0161titu osobnih ure\u0111aja od kiberneti\u010dnih napada<\/a> te u materijalima iz kampanje <a href=\"https:\/\/www.cert.hr\/HrNaiva\">Veliki hrvatski naivci<\/a>.<\/p>\n[\/et_pb_text][\/et_pb_column][\/et_pb_row][\/et_pb_section]\n","protected":false},"excerpt":{"rendered":"<p><div class=\"et_pb_row et_pb_row_0 et_pb_row_empty\">\n\t\t\t\t\n\t\t\t\t\n\t\t\t\t\n\t\t\t\t\n\t\t\t\t\n\t\t\t<\/div> CARNET u svojem poslovanju primjenjuje smjernice za postupanje s neklasificiranim podacima (slu\u017ebeni podaci). Osobni ure\u0111aji koji imaju mogu\u0107nost povezivanja na internet, poput ra\u010dunala, dlanovnika, pametnih telefona i pametnih satova, &#8230;<\/p>","protected":false},"author":17,"featured_media":0,"parent":0,"menu_order":0,"comment_status":"closed","ping_status":"closed","template":"","meta":{"_acf_changed":false,"_et_pb_use_builder":"on","_et_pb_old_content":"","_et_gb_content_width":"","footnotes":""},"class_list":["post-8943","page","type-page","status-publish","hentry"],"acf":[],"yoast_head":"<!-- This site is optimized with the Yoast SEO plugin v27.5 - https:\/\/yoast.com\/product\/yoast-seo-wordpress\/ -->\n<title>Za\u0161tita slu\u017ebenih podataka - CARNET<\/title>\n<meta name=\"description\" content=\"CARNET u svojem poslovanju primjenjuje smjernice za postupanje s neklasificiranim podacima (slu\u017ebeni podaci).\" \/>\n<meta name=\"robots\" content=\"noindex, follow, max-snippet:-1, max-image-preview:large, max-video-preview:-1\" \/>\n<meta property=\"og:locale\" content=\"en_US\" \/>\n<meta property=\"og:type\" content=\"article\" \/>\n<meta property=\"og:title\" content=\"Za\u0161tita slu\u017ebenih podataka - CARNET\" \/>\n<meta property=\"og:description\" content=\"CARNET u svojem poslovanju primjenjuje smjernice za postupanje s neklasificiranim podacima (slu\u017ebeni podaci).\" \/>\n<meta property=\"og:url\" content=\"https:\/\/www.carnet.hr\/en\/zastita-sluzbenih-podataka\/\" \/>\n<meta property=\"og:site_name\" content=\"CARNET\" \/>\n<meta property=\"article:publisher\" content=\"http:\/\/facebook.com\/CARNET.hr\/\" \/>\n<meta property=\"article:modified_time\" content=\"2024-07-17T08:09:43+00:00\" \/>\n<meta property=\"og:image\" content=\"https:\/\/www.carnet.hr\/wp-content\/uploads\/2019\/06\/facebook_OG_image.png\" \/>\n\t<meta property=\"og:image:width\" content=\"1200\" \/>\n\t<meta property=\"og:image:height\" content=\"630\" \/>\n\t<meta property=\"og:image:type\" content=\"image\/png\" \/>\n<meta name=\"twitter:card\" content=\"summary_large_image\" \/>\n<meta name=\"twitter:site\" content=\"@CARNET_HR\" \/>\n<meta name=\"twitter:label1\" content=\"Est. reading time\" \/>\n\t<meta name=\"twitter:data1\" content=\"1 minute\" \/>\n<script type=\"application\/ld+json\" class=\"yoast-schema-graph\">{\"@context\":\"https:\\\/\\\/schema.org\",\"@graph\":[{\"@type\":\"WebPage\",\"@id\":\"https:\\\/\\\/www.carnet.hr\\\/zastita-sluzbenih-podataka\\\/\",\"url\":\"https:\\\/\\\/www.carnet.hr\\\/zastita-sluzbenih-podataka\\\/\",\"name\":\"Za\u0161tita slu\u017ebenih podataka - CARNET\",\"isPartOf\":{\"@id\":\"http:\\\/\\\/test-www.carnet.hr\\\/#website\"},\"datePublished\":\"2019-02-07T13:32:04+00:00\",\"dateModified\":\"2024-07-17T08:09:43+00:00\",\"description\":\"CARNET u svojem poslovanju primjenjuje smjernice za postupanje s neklasificiranim podacima (slu\u017ebeni podaci).\",\"breadcrumb\":{\"@id\":\"https:\\\/\\\/www.carnet.hr\\\/zastita-sluzbenih-podataka\\\/#breadcrumb\"},\"inLanguage\":\"en-US\",\"potentialAction\":[{\"@type\":\"ReadAction\",\"target\":[\"https:\\\/\\\/www.carnet.hr\\\/zastita-sluzbenih-podataka\\\/\"]}]},{\"@type\":\"BreadcrumbList\",\"@id\":\"https:\\\/\\\/www.carnet.hr\\\/zastita-sluzbenih-podataka\\\/#breadcrumb\",\"itemListElement\":[{\"@type\":\"ListItem\",\"position\":1,\"name\":\"Home\",\"item\":\"https:\\\/\\\/www.carnet.hr\\\/\"},{\"@type\":\"ListItem\",\"position\":2,\"name\":\"Za\u0161tita slu\u017ebenih podataka\"}]},{\"@type\":\"WebSite\",\"@id\":\"http:\\\/\\\/test-www.carnet.hr\\\/#website\",\"url\":\"http:\\\/\\\/test-www.carnet.hr\\\/\",\"name\":\"CARNET\",\"description\":\"Znanje povezuje.\",\"potentialAction\":[{\"@type\":\"SearchAction\",\"target\":{\"@type\":\"EntryPoint\",\"urlTemplate\":\"http:\\\/\\\/test-www.carnet.hr\\\/?s={search_term_string}\"},\"query-input\":{\"@type\":\"PropertyValueSpecification\",\"valueRequired\":true,\"valueName\":\"search_term_string\"}}],\"inLanguage\":\"en-US\"}]}<\/script>\n<!-- \/ Yoast SEO plugin. -->","yoast_head_json":{"title":"Za\u0161tita slu\u017ebenih podataka - CARNET","description":"CARNET u svojem poslovanju primjenjuje smjernice za postupanje s neklasificiranim podacima (slu\u017ebeni podaci).","robots":{"index":"noindex","follow":"follow","max-snippet":"max-snippet:-1","max-image-preview":"max-image-preview:large","max-video-preview":"max-video-preview:-1"},"og_locale":"en_US","og_type":"article","og_title":"Za\u0161tita slu\u017ebenih podataka - CARNET","og_description":"CARNET u svojem poslovanju primjenjuje smjernice za postupanje s neklasificiranim podacima (slu\u017ebeni podaci).","og_url":"https:\/\/www.carnet.hr\/en\/zastita-sluzbenih-podataka\/","og_site_name":"CARNET","article_publisher":"http:\/\/facebook.com\/CARNET.hr\/","article_modified_time":"2024-07-17T08:09:43+00:00","og_image":[{"width":1200,"height":630,"url":"https:\/\/www.carnet.hr\/wp-content\/uploads\/2019\/06\/facebook_OG_image.png","type":"image\/png"}],"twitter_card":"summary_large_image","twitter_site":"@CARNET_HR","twitter_misc":{"Est. reading time":"1 minute"},"schema":{"@context":"https:\/\/schema.org","@graph":[{"@type":"WebPage","@id":"https:\/\/www.carnet.hr\/zastita-sluzbenih-podataka\/","url":"https:\/\/www.carnet.hr\/zastita-sluzbenih-podataka\/","name":"Za\u0161tita slu\u017ebenih podataka - CARNET","isPartOf":{"@id":"http:\/\/test-www.carnet.hr\/#website"},"datePublished":"2019-02-07T13:32:04+00:00","dateModified":"2024-07-17T08:09:43+00:00","description":"CARNET u svojem poslovanju primjenjuje smjernice za postupanje s neklasificiranim podacima (slu\u017ebeni podaci).","breadcrumb":{"@id":"https:\/\/www.carnet.hr\/zastita-sluzbenih-podataka\/#breadcrumb"},"inLanguage":"en-US","potentialAction":[{"@type":"ReadAction","target":["https:\/\/www.carnet.hr\/zastita-sluzbenih-podataka\/"]}]},{"@type":"BreadcrumbList","@id":"https:\/\/www.carnet.hr\/zastita-sluzbenih-podataka\/#breadcrumb","itemListElement":[{"@type":"ListItem","position":1,"name":"Home","item":"https:\/\/www.carnet.hr\/"},{"@type":"ListItem","position":2,"name":"Za\u0161tita slu\u017ebenih podataka"}]},{"@type":"WebSite","@id":"http:\/\/test-www.carnet.hr\/#website","url":"http:\/\/test-www.carnet.hr\/","name":"ABOUT","description":"Knowledge connects.","potentialAction":[{"@type":"SearchAction","target":{"@type":"EntryPoint","urlTemplate":"http:\/\/test-www.carnet.hr\/?s={search_term_string}"},"query-input":{"@type":"PropertyValueSpecification","valueRequired":true,"valueName":"search_term_string"}}],"inLanguage":"en-US"}]}},"_links":{"self":[{"href":"https:\/\/www.carnet.hr\/en\/wp-json\/wp\/v2\/pages\/8943","targetHints":{"allow":["GET"]}}],"collection":[{"href":"https:\/\/www.carnet.hr\/en\/wp-json\/wp\/v2\/pages"}],"about":[{"href":"https:\/\/www.carnet.hr\/en\/wp-json\/wp\/v2\/types\/page"}],"author":[{"embeddable":true,"href":"https:\/\/www.carnet.hr\/en\/wp-json\/wp\/v2\/users\/17"}],"replies":[{"embeddable":true,"href":"https:\/\/www.carnet.hr\/en\/wp-json\/wp\/v2\/comments?post=8943"}],"version-history":[{"count":0,"href":"https:\/\/www.carnet.hr\/en\/wp-json\/wp\/v2\/pages\/8943\/revisions"}],"wp:attachment":[{"href":"https:\/\/www.carnet.hr\/en\/wp-json\/wp\/v2\/media?parent=8943"}],"curies":[{"name":"wp","href":"https:\/\/api.w.org\/{rel}","templated":true}]}}