{"id":9026,"date":"2019-02-07T16:08:53","date_gmt":"2019-02-07T15:08:53","guid":{"rendered":"https:\/\/www.carnet.hr\/carnet-system-engineers\/"},"modified":"2021-02-19T15:39:16","modified_gmt":"2021-02-19T13:39:16","slug":"carnet-system-engineers","status":"publish","type":"page","link":"https:\/\/www.carnet.hr\/en\/carnet-system-engineers\/","title":{"rendered":"CARNET System Engineers"},"content":{"rendered":"[et_pb_section bb_built=&#8221;1&#8243; admin_label=&#8221;CARNET System Engineers&#8221; next_background_color=&#8221;#000000&#8243; _builder_version=&#8221;3.19&#8243; module_class=&#8221;c-make-harm&#8221;][et_pb_row][et_pb_column type=&#8221;4_4&#8243;][et_pb_text admin_label=&#8221;CARNET sistem in\u017eenjeri&#8221; _builder_version=&#8221;3.21.4&#8243; z_index_tablet=&#8221;500&#8243;]\n<p>The CARNET system engineer is the person who, on behalf of the member institution, cares about the correctness and stability of the CARNET computer communication resources that the facility has and their general technical and security status. As a rule, the CARNET system engineer is a person with the appropriate technical education and experience in working with computer technologies.<\/p>\n<p>The appointment of a CARNET system engineer implies that a member has a person, a group of persons, a technical service or an external associate\/institution that shall assume the maintenance of the network server and communications equipment obtained from CARNET.<\/p>\n<p>Although the CARNET system engineer does not have to be a member of a member institution, he or she must be appointed by the dean or principal of the member institution where the system engineer works. To appoint a CARNET system engineer, it is necessary to fill out the appropriate Form. If a member has more than one person, associate or institution concerned with the computer communication and information infrastructure of the member, the officially appointed CARNET system engineer is the sole person through whom technical contact between the member and CARNET is realized.<\/p>\n<p>For effective and timely communication in preventing and addressing computer security incidents, the CARNET system engineer is required to create an abuse-domain address abuse@institution_domain, regularly track the e-mails that arrive at that address and respond promptly to the CARNET CERT and Abuse Service request.<\/p>\n<p>The rights and obligations of the CARNET system engineers are described in the official document <a href=\"https:\/\/www.carnet.hr\/wp-content\/uploads\/2019\/11\/CDA0033.pdf\" target=\"_blank\" rel=\"noopener noreferrer\">CDA0033<\/a>.<\/p>\n[\/et_pb_text][\/et_pb_column][\/et_pb_row][\/et_pb_section][et_pb_section bb_built=&#8221;1&#8243; admin_label=&#8221;Helpdesk for CARNET System Engineers&#8221; next_background_color=&#8221;#000000&#8243; _builder_version=&#8221;3.19&#8243; module_class=&#8221;c-make-harm&#8221; prev_background_color=&#8221;#000000&#8243;][et_pb_row][et_pb_column type=&#8221;4_4&#8243;][et_pb_text admin_label=&#8221;Helpdesk za CARNET sistem in\u017eenjere&#8221; _builder_version=&#8221;3.19.11&#8243;]\n<p>Upon the occurrence of issues on the servers and services that are supported by CARNET, CARNET system engineers can contact Aid for system engineers (sys.help) on <a href=\"http:\/\/syshelp.carnet.hr\/\" target=\"_blank\" rel=\"noopener noreferrer\">http:\/\/syshelp.carnet.hr<\/a>\u00a0by using the electronic identity in the system AAI@EduHr. In the LDAP directory of the institution the system engineer has to set the attribute &#8220;hrEduPersonRole&#8221; to &#8220;CARNET system engineer&#8221;. The help desk can also be accessed via e-mail by sending a description of the problem to <a href=\"mailto:syshelp@carnet.hr\">syshelp@carnet.hr<\/a>.<\/p>\n<p>It is possible to sort queries in advance and send them to the following e-mail addresses:<\/p>\n<ul>\n<li><a href=\"mailto:paketi@carnet.hr\">paketi@carnet.hr<\/a> (queries related to problems with CARNET packages)<\/li>\n<li><a href=\"mailto:hardver@carnet.hr\">hardver@carnet.hr<\/a> (queries related to the CARNET equipment failure)<\/li>\n<li><a href=\"mailto:vpu@carnet.hr\">vpu@carnet.hr<\/a> (queries related to VPU &#8211; virtual servers in CARNET)<\/li>\n<li><a href=\"mailto:wsus@carnet.hr\">wsus@carnet.hr<\/a> (queries related to Windows Server Update Services).<\/li>\n<\/ul>\n<p>A part of the services that the system engineers encounter is extracted from the scope of the CARNET Service System Engineer Service. These are the following services:<\/p>\n<ul>\n<li>AAI@EduHr system &#8211; inquiries should be sent to <a href=\"mailto:paketi@aaiedu.hr\">paketi@aaiedu.hr<\/a><\/li>\n<li>network problems &#8211; it is necessary to contact CARNET NOC (Network Operations Centre) by telephone: +385 1 6661 555. The necessary information can be found on page Permanent connection (LINK!!!)<\/li>\n<li>Windows operating systems (both server and client).<\/li>\n<\/ul>\n[\/et_pb_text][\/et_pb_column][\/et_pb_row][\/et_pb_section][et_pb_section bb_built=&#8221;1&#8243; admin_label=&#8221;Similar Content&#8221; specialty=&#8221;off&#8221; _builder_version=&#8221;3.19&#8243; module_class=&#8221;c-make-harm&#8221; prev_background_color=&#8221;#000000&#8243;][et_pb_row][et_pb_column type=&#8221;4_4&#8243;][et_pb_code admin_label=&#8221;Povezane usluge&#8221; _builder_version=&#8221;3.19&#8243;]\t<div class=\"row\">\n\t\t\t\t\t<div class=\"col-12 col-sm-6 col-lg-4 d-flex\">\n\n\t\t\t\t\n<a href=\"https:\/\/www.carnet.hr\/en\/usluga\/sys-virtual\/\" class=\"d-flex w-100p h-100p\">\n  <div class=\"c-upd\" style=\"background-image:linear-gradient(to top, rgba(0, 0, 0, .3), rgba(0, 0, 0, .7)), url(https:\/\/www.carnet.hr\/wp-content\/uploads\/2018\/11\/sys.virtual.jpg)\">\n    <div class=\"c-upd__content\">\n      <div class=\"c-tax-label c-tax-label--upd\">\n        Service      <\/div>\n\n      <h3 class=\"t-kartica-upd py-2 m-0\">sys.virtual<\/h3>\n      <span class=\"t-m18\"><p><div class=\"et_pb_row et_pb_row_0 et_pb_row_empty\">\n\t\t\t\t\n\t\t\t\t\n\t\t\t\t\n\t\t\t\t\n\t\t\t\t\n\t\t\t<\/div> Virtualni poslu\u017eitelji za ustanove (VPU) je CARNET-ova usluga u prvome redu namijenjena punopravnim ustanovama \u010dlanicama s manjim brojem korisnika.Virtualni je poslu\u017eitelj potpuna zamjena za postoje\u0107e CARNET-ove poslu\u017eitelje u ustanovama &#8230;<\/p>\n<\/span>\n    <\/div>\n\n          <div class=\"c-tax-label__wrap\">\n        <div class=\"c-tax-label color--w bg--s-teal-dark\">\n          Internetske usluge                  <svg class=\"c-icon c-icon--arrow  \">\n            <use xmlns:xlink=\"http:\/\/www.w3.org\/1999\/xlink\" xlink:href=\"#c-icon--arrow\"><\/use>\n        <\/svg>\n                <\/div>\n\n              <\/div>\n    \n  <\/div>\n<\/a>\n\t\t\t<\/div>\n\t\t\t\t\t\t\t<div class=\"col-12 col-sm-6 col-lg-4 d-flex\">\n\n\t\t\t\t\n<a href=\"https:\/\/www.carnet.hr\/en\/usluga\/tcs\/\" class=\"d-flex w-100p h-100p\">\n  <div class=\"c-upd\" style=\"background-image:linear-gradient(to top, rgba(0, 0, 0, .3), rgba(0, 0, 0, .7)), url(https:\/\/www.carnet.hr\/wp-content\/uploads\/2018\/11\/sys-certificate.jpg)\">\n    <div class=\"c-upd__content\">\n      <div class=\"c-tax-label c-tax-label--upd\">\n        Service      <\/div>\n\n      <h3 class=\"t-kartica-upd py-2 m-0\">Elektroni\u010dki certifikati<\/h3>\n      <span class=\"t-m18\"><p><div class=\"et_pb_row et_pb_row_1 et_pb_row_empty\">\n\t\t\t\t\n\t\t\t\t\n\t\t\t\t\n\t\t\t\t\n\t\t\t\t\n\t\t\t<\/div> U suradnji s organizacijom G\u00c9ANT (prije DANTE i TERENA), CARNET nudi uslugu izdavanja elektroni\u010dkih certifikata. Izdavatelj certifikata je tvrtka Sectigo Limited (umjesto dosada\u0161nje tvrtke DigiCert) s kojom je organizacija &#8230;<\/p>\n<\/span>\n    <\/div>\n\n          <div class=\"c-tax-label__wrap\">\n        <div class=\"c-tax-label color--w bg--s-teal-dark\">\n          Internetske usluge                  <svg class=\"c-icon c-icon--arrow  \">\n            <use xmlns:xlink=\"http:\/\/www.w3.org\/1999\/xlink\" xlink:href=\"#c-icon--arrow\"><\/use>\n        <\/svg>\n                <\/div>\n\n              <\/div>\n    \n  <\/div>\n<\/a>\n\t\t\t<\/div>\n\t\t\t\t\t\t\t<div class=\"col-12 col-sm-6 col-lg-4 d-flex\">\n\n\t\t\t\t\n<a href=\"https:\/\/www.carnet.hr\/en\/usluga\/sys-debian\/\" class=\"d-flex w-100p h-100p\">\n  <div class=\"c-upd\" style=\"background-image:linear-gradient(to top, rgba(0, 0, 0, .3), rgba(0, 0, 0, .7)), url(https:\/\/www.carnet.hr\/wp-content\/uploads\/2018\/11\/sys-debian-549x643.png)\">\n    <div class=\"c-upd__content\">\n      <div class=\"c-tax-label c-tax-label--upd\">\n        Service      <\/div>\n\n      <h3 class=\"t-kartica-upd py-2 m-0\">sys.debian<\/h3>\n      <span class=\"t-m18\"><p><div class=\"et_pb_row et_pb_row_2 et_pb_row_empty\">\n\t\t\t\t\n\t\t\t\t\n\t\t\t\t\n\t\t\t\t\n\t\t\t\t\n\t\t\t<\/div> CARNET izra\u0111uje i odr\u017eava CARNET Debian, distribuciju Debian GNU\/Linux operativnoga sustava prilago\u0111enu potrebama CARNET-ovih \u010dlanica. Za CARNET Debian izra\u0111uje se niz prilago\u0111enih programskih paketa radi pru\u017eanja podr\u0161ke sistem in\u017eenjerima, &#8230;<\/p>\n<\/span>\n    <\/div>\n\n          <div class=\"c-tax-label__wrap\">\n        <div class=\"c-tax-label color--w bg--s-teal-dark\">\n          Internetske usluge                  <svg class=\"c-icon c-icon--arrow  \">\n            <use xmlns:xlink=\"http:\/\/www.w3.org\/1999\/xlink\" xlink:href=\"#c-icon--arrow\"><\/use>\n        <\/svg>\n                <\/div>\n\n              <\/div>\n    \n  <\/div>\n<\/a>\n\t\t\t<\/div>\n\t\t\t\t\t\t\t<div class=\"col-12 col-sm-6 col-lg-4 d-flex\">\n\n\t\t\t\t\n<a href=\"https:\/\/www.carnet.hr\/en\/usluga\/sys-backup\/\" class=\"d-flex w-100p h-100p\">\n  <div class=\"c-upd\" style=\"background-image:linear-gradient(to top, rgba(0, 0, 0, .3), rgba(0, 0, 0, .7)), url(https:\/\/www.carnet.hr\/wp-content\/uploads\/2024\/08\/11-1-549x643.png)\">\n    <div class=\"c-upd__content\">\n      <div class=\"c-tax-label c-tax-label--upd\">\n        Service      <\/div>\n\n      <h3 class=\"t-kartica-upd py-2 m-0\">sys.backup<\/h3>\n      <span class=\"t-m18\"><p><div class=\"et_pb_row et_pb_row_3 et_pb_row_empty\">\n\t\t\t\t\n\t\t\t\t\n\t\t\t\t\n\t\t\t\t\n\t\t\t\t\n\t\t\t<\/div> \t\t<div class=\"row px-2\">\n\t\t\t<div class=\"col-12 col-lg-10 offset-lg-1\">\n\t\t\t\t\t\t<\/div>\n\t\t<\/div>\n\t\t\tSys.backup usluga je bazirana na Baculi, skupu ra\u010dunalnih programa otvorenoga koda, koji omogu\u0107uju upravljanje sigurnosnom kopijom (Backup) te povratom (Recovery) ra\u010dunalnih podataka preko mre\u017ee. Bacula je relativno jednostavan za &#8230;<\/p>\n<\/span>\n    <\/div>\n\n          <div class=\"c-tax-label__wrap\">\n        <div class=\"c-tax-label color--w bg--s-teal-dark\">\n          Internetske usluge                  <svg class=\"c-icon c-icon--arrow  \">\n            <use xmlns:xlink=\"http:\/\/www.w3.org\/1999\/xlink\" xlink:href=\"#c-icon--arrow\"><\/use>\n        <\/svg>\n                <\/div>\n\n              <\/div>\n    \n  <\/div>\n<\/a>\n\t\t\t<\/div>\n\t\t\t\t\t\t\t<div class=\"col-12 col-sm-6 col-lg-4 d-flex\">\n\n\t\t\t\t\n<a href=\"https:\/\/www.carnet.hr\/en\/usluga\/sys-portal\/\" class=\"d-flex w-100p h-100p\">\n  <div class=\"c-upd\" style=\"background-image:linear-gradient(to top, rgba(0, 0, 0, .3), rgba(0, 0, 0, .7)), url(https:\/\/www.carnet.hr\/wp-content\/uploads\/2018\/11\/sys-portal-549x643.png)\">\n    <div class=\"c-upd__content\">\n      <div class=\"c-tax-label c-tax-label--upd\">\n        Service      <\/div>\n\n      <h3 class=\"t-kartica-upd py-2 m-0\">sys.portal<\/h3>\n      <span class=\"t-m18\"><p><div class=\"et_pb_row et_pb_row_4 et_pb_row_empty\">\n\t\t\t\t\n\t\t\t\t\n\t\t\t\t\n\t\t\t\t\n\t\t\t\t\n\t\t\t<\/div> Na adresi sysportal.carnet.hr nalazi se portal namijenjen ponajprije CARNET sistem in\u017eenjerima, ali i svima ostalima zainteresiranima za podru\u010dje sistemske administracije. Portal predstavlja najnovije informacije i zbivanja povezana s hardverom, &#8230;<\/p>\n<\/span>\n    <\/div>\n\n          <div class=\"c-tax-label__wrap\">\n        <div class=\"c-tax-label color--w bg--s-teal-dark\">\n          Internetske usluge                  <svg class=\"c-icon c-icon--arrow  \">\n            <use xmlns:xlink=\"http:\/\/www.w3.org\/1999\/xlink\" xlink:href=\"#c-icon--arrow\"><\/use>\n        <\/svg>\n                <\/div>\n\n              <\/div>\n    \n  <\/div>\n<\/a>\n\t\t\t<\/div>\n\t\t\t\t\t\t\t<div class=\"col-12 col-sm-6 col-lg-4 d-flex\">\n\n\t\t\t\t\n<a href=\"https:\/\/www.carnet.hr\/en\/usluga\/sys-monitor\/\" class=\"d-flex w-100p h-100p\">\n  <div class=\"c-upd\" style=\"background-image:linear-gradient(to top, rgba(0, 0, 0, .3), rgba(0, 0, 0, .7)), url(https:\/\/www.carnet.hr\/wp-content\/uploads\/2019\/01\/sys.monitor.jpg)\">\n    <div class=\"c-upd__content\">\n      <div class=\"c-tax-label c-tax-label--upd\">\n        Service      <\/div>\n\n      <h3 class=\"t-kartica-upd py-2 m-0\">sys.monitor<\/h3>\n      <span class=\"t-m18\"><p>sys.monitor je usluga nadzora poslu\u017eitelja i servisa na mre\u017ei. Ovu uslugu mogu koristiti ustanove \u010dlanice CARNET-a. sys.monitor slu\u017ei za izvje\u0161tavanje o dostupnosti mre\u017enih resursa i generira podatke o zna\u010dajkama sustava &#8230;<\/p>\n<\/span>\n    <\/div>\n\n          <div class=\"c-tax-label__wrap\">\n        <div class=\"c-tax-label color--w bg--s-teal-dark\">\n          Internetske usluge                  <svg class=\"c-icon c-icon--arrow  \">\n            <use xmlns:xlink=\"http:\/\/www.w3.org\/1999\/xlink\" xlink:href=\"#c-icon--arrow\"><\/use>\n        <\/svg>\n                <\/div>\n\n              <\/div>\n    \n  <\/div>\n<\/a>\n\t\t\t<\/div>\n\t\t\t\t\t<\/div>\n\t\t[\/et_pb_code][\/et_pb_column][\/et_pb_row][\/et_pb_section]\n","protected":false},"excerpt":{"rendered":"<p>sys.monitor je usluga nadzora poslu\u017eitelja i servisa na mre\u017ei. Ovu uslugu mogu koristiti ustanove \u010dlanice CARNET-a. sys.monitor slu\u017ei za izvje\u0161tavanje o dostupnosti mre\u017enih resursa i generira podatke o zna\u010dajkama sustava &#8230;<\/p>","protected":false},"author":2,"featured_media":0,"parent":0,"menu_order":17,"comment_status":"closed","ping_status":"closed","template":"","meta":{"_acf_changed":false,"_et_pb_use_builder":"on","_et_pb_old_content":"","_et_gb_content_width":"","footnotes":""},"class_list":["post-9026","page","type-page","status-publish","hentry"],"acf":[],"yoast_head":"<!-- This site is optimized with the Yoast SEO plugin v27.5 - https:\/\/yoast.com\/product\/yoast-seo-wordpress\/ -->\n<title>CARNET System Engineers - CARNET<\/title>\n<meta name=\"robots\" content=\"index, follow, max-snippet:-1, max-image-preview:large, max-video-preview:-1\" \/>\n<link rel=\"canonical\" href=\"https:\/\/www.carnet.hr\/en\/carnet-system-engineers\/\" \/>\n<meta property=\"og:locale\" content=\"en_US\" \/>\n<meta property=\"og:type\" content=\"article\" \/>\n<meta property=\"og:title\" content=\"CARNET System Engineers - CARNET\" \/>\n<meta property=\"og:url\" content=\"https:\/\/www.carnet.hr\/en\/carnet-system-engineers\/\" \/>\n<meta property=\"og:site_name\" content=\"CARNET\" \/>\n<meta property=\"article:publisher\" content=\"http:\/\/facebook.com\/CARNET.hr\/\" \/>\n<meta property=\"article:modified_time\" content=\"2021-02-19T13:39:16+00:00\" \/>\n<meta property=\"og:image\" content=\"https:\/\/www.carnet.hr\/wp-content\/uploads\/2019\/06\/facebook_OG_image.png\" \/>\n\t<meta property=\"og:image:width\" content=\"1200\" \/>\n\t<meta property=\"og:image:height\" content=\"630\" \/>\n\t<meta property=\"og:image:type\" content=\"image\/png\" \/>\n<meta name=\"twitter:card\" content=\"summary_large_image\" \/>\n<meta name=\"twitter:site\" content=\"@CARNET_HR\" \/>\n<meta name=\"twitter:label1\" content=\"Est. reading time\" \/>\n\t<meta name=\"twitter:data1\" content=\"3 minutes\" \/>\n<script type=\"application\/ld+json\" class=\"yoast-schema-graph\">{\"@context\":\"https:\\\/\\\/schema.org\",\"@graph\":[{\"@type\":\"WebPage\",\"@id\":\"https:\\\/\\\/www.carnet.hr\\\/carnet-system-engineers\\\/\",\"url\":\"https:\\\/\\\/www.carnet.hr\\\/carnet-system-engineers\\\/\",\"name\":\"CARNET System Engineers - CARNET\",\"isPartOf\":{\"@id\":\"https:\\\/\\\/www.carnet.hr\\\/#website\"},\"datePublished\":\"2019-02-07T15:08:53+00:00\",\"dateModified\":\"2021-02-19T13:39:16+00:00\",\"breadcrumb\":{\"@id\":\"https:\\\/\\\/www.carnet.hr\\\/carnet-system-engineers\\\/#breadcrumb\"},\"inLanguage\":\"en-US\",\"potentialAction\":[{\"@type\":\"ReadAction\",\"target\":[\"https:\\\/\\\/www.carnet.hr\\\/carnet-system-engineers\\\/\"]}]},{\"@type\":\"BreadcrumbList\",\"@id\":\"https:\\\/\\\/www.carnet.hr\\\/carnet-system-engineers\\\/#breadcrumb\",\"itemListElement\":[{\"@type\":\"ListItem\",\"position\":1,\"name\":\"Home\",\"item\":\"https:\\\/\\\/www.carnet.hr\\\/\"},{\"@type\":\"ListItem\",\"position\":2,\"name\":\"CARNET System Engineers\"}]},{\"@type\":\"WebSite\",\"@id\":\"https:\\\/\\\/www.carnet.hr\\\/#website\",\"url\":\"https:\\\/\\\/www.carnet.hr\\\/\",\"name\":\"CARNET\",\"description\":\"Znanje povezuje.\",\"potentialAction\":[{\"@type\":\"SearchAction\",\"target\":{\"@type\":\"EntryPoint\",\"urlTemplate\":\"https:\\\/\\\/www.carnet.hr\\\/?s={search_term_string}\"},\"query-input\":{\"@type\":\"PropertyValueSpecification\",\"valueRequired\":true,\"valueName\":\"search_term_string\"}}],\"inLanguage\":\"en-US\"}]}<\/script>\n<!-- \/ Yoast SEO plugin. -->","yoast_head_json":{"title":"CARNET System Engineers - CARNET","robots":{"index":"index","follow":"follow","max-snippet":"max-snippet:-1","max-image-preview":"max-image-preview:large","max-video-preview":"max-video-preview:-1"},"canonical":"https:\/\/www.carnet.hr\/en\/carnet-system-engineers\/","og_locale":"en_US","og_type":"article","og_title":"CARNET System Engineers - CARNET","og_url":"https:\/\/www.carnet.hr\/en\/carnet-system-engineers\/","og_site_name":"CARNET","article_publisher":"http:\/\/facebook.com\/CARNET.hr\/","article_modified_time":"2021-02-19T13:39:16+00:00","og_image":[{"width":1200,"height":630,"url":"https:\/\/www.carnet.hr\/wp-content\/uploads\/2019\/06\/facebook_OG_image.png","type":"image\/png"}],"twitter_card":"summary_large_image","twitter_site":"@CARNET_HR","twitter_misc":{"Est. reading time":"3 minutes"},"schema":{"@context":"https:\/\/schema.org","@graph":[{"@type":"WebPage","@id":"https:\/\/www.carnet.hr\/carnet-system-engineers\/","url":"https:\/\/www.carnet.hr\/carnet-system-engineers\/","name":"CARNET System Engineers - CARNET","isPartOf":{"@id":"https:\/\/www.carnet.hr\/#website"},"datePublished":"2019-02-07T15:08:53+00:00","dateModified":"2021-02-19T13:39:16+00:00","breadcrumb":{"@id":"https:\/\/www.carnet.hr\/carnet-system-engineers\/#breadcrumb"},"inLanguage":"en-US","potentialAction":[{"@type":"ReadAction","target":["https:\/\/www.carnet.hr\/carnet-system-engineers\/"]}]},{"@type":"BreadcrumbList","@id":"https:\/\/www.carnet.hr\/carnet-system-engineers\/#breadcrumb","itemListElement":[{"@type":"ListItem","position":1,"name":"Home","item":"https:\/\/www.carnet.hr\/"},{"@type":"ListItem","position":2,"name":"CARNET System Engineers"}]},{"@type":"WebSite","@id":"https:\/\/www.carnet.hr\/#website","url":"https:\/\/www.carnet.hr\/","name":"ABOUT","description":"Knowledge connects.","potentialAction":[{"@type":"SearchAction","target":{"@type":"EntryPoint","urlTemplate":"https:\/\/www.carnet.hr\/?s={search_term_string}"},"query-input":{"@type":"PropertyValueSpecification","valueRequired":true,"valueName":"search_term_string"}}],"inLanguage":"en-US"}]}},"_links":{"self":[{"href":"https:\/\/www.carnet.hr\/en\/wp-json\/wp\/v2\/pages\/9026","targetHints":{"allow":["GET"]}}],"collection":[{"href":"https:\/\/www.carnet.hr\/en\/wp-json\/wp\/v2\/pages"}],"about":[{"href":"https:\/\/www.carnet.hr\/en\/wp-json\/wp\/v2\/types\/page"}],"author":[{"embeddable":true,"href":"https:\/\/www.carnet.hr\/en\/wp-json\/wp\/v2\/users\/2"}],"replies":[{"embeddable":true,"href":"https:\/\/www.carnet.hr\/en\/wp-json\/wp\/v2\/comments?post=9026"}],"version-history":[{"count":0,"href":"https:\/\/www.carnet.hr\/en\/wp-json\/wp\/v2\/pages\/9026\/revisions"}],"wp:attachment":[{"href":"https:\/\/www.carnet.hr\/en\/wp-json\/wp\/v2\/media?parent=9026"}],"curies":[{"name":"wp","href":"https:\/\/api.w.org\/{rel}","templated":true}]}}