{"id":9033,"date":"2019-02-07T16:13:53","date_gmt":"2019-02-07T15:13:53","guid":{"rendered":"https:\/\/www.carnet.hr\/users-board\/"},"modified":"2023-03-24T15:21:59","modified_gmt":"2023-03-24T13:21:59","slug":"users-board","status":"publish","type":"page","link":"https:\/\/www.carnet.hr\/en\/users-board\/","title":{"rendered":"Users Board"},"content":{"rendered":"[et_pb_section bb_built=&#8221;1&#8243;][et_pb_row][et_pb_column type=&#8221;4_4&#8243;][harm_harmonika admin_label=&#8221;About Users Board&#8221; _builder_version=&#8221;3.21.4&#8243; hheading=&#8221;About Users Board&#8221; z_index_tablet=&#8221;500&#8243;]\n<p>The Users Board is made up of the CARNET CEO and the representatives of member institutions or CARNET contracting users. Representatives from the academic community are the CARNET coordinators of each individual institution, while school representatives are appointed resource administrators.<\/p>\n<p>The work of the Users Board is coordinated by the Presidency composed of the President and four members, of which at least there is one member of the academic community or the education system.<\/p>\n<p>The Presidency of the Users Board is selected by users themselves. The Users Board is convened by the President and meets as required, at least once in two years. The CARNET CEO may convene a session of the Users Board based on a written request of at least ten coordinators of the users.<\/p>\n<p>The Users Board is the advisory body of the CARNET CEO. It proposes measures to improve infrastructure and services, topics for research, education, promotional topics, pilot research and so on. Technical conditions for holding a meeting of the Users Board are provided by CARNET while the costs of attending the sessions of the Users Board are borne by member institutions.<\/p>\n[\/harm_harmonika][harm_harmonika admin_label=&#8221;Predsjedni\u0161tvo Vije\u0107a korisnika&#8221; _builder_version=&#8221;3.21.4&#8243; hheading=&#8221;The Presidency of the Users Board&#8221; z_index_tablet=&#8221;500&#8243;]\n<p>The Presidency of the Users Board consists of:<\/p>\n<ul>\n<li>Damir Mrkonji\u0107, ing., Institute for Adriatic Crops and Karst Reclamation, Split &#8211; president\u00a0<\/li>\n<li>Viktorija Vrane\u0161i\u0107, Primary School Luka Boti\u0107, Vi\u0161kovci<\/li>\n<li>Nikolina Bubica, Moko\u0161ica Primary School<\/li>\n<li>Danijel Forjan, Primary School Pantov\u010dak, Zagreb<\/li>\n<li>Mario Zidar, Faculty of Geotechnical Engineering<\/li>\n<\/ul>\n[\/harm_harmonika][\/et_pb_column][\/et_pb_row][\/et_pb_section]\n","protected":false},"excerpt":{"rendered":"<p>[et_pb_section bb_built=&#8221;1&#8243;][et_pb_row][et_pb_column type=&#8221;4_4&#8243;][harm_harmonika admin_label=&#8221;About Users Board&#8221; _builder_version=&#8221;3.21.4&#8243; hheading=&#8221;About Users Board&#8221; z_index_tablet=&#8221;500&#8243;] The Users Board is made up of the CARNET CEO and the representatives of member institutions or CARNET contracting &#8230;<\/p>\n","protected":false},"author":2,"featured_media":0,"parent":0,"menu_order":18,"comment_status":"closed","ping_status":"closed","template":"","meta":{"_acf_changed":false,"_et_pb_use_builder":"on","_et_pb_old_content":"","_et_gb_content_width":"","footnotes":""},"class_list":["post-9033","page","type-page","status-publish","hentry"],"acf":[],"yoast_head":"<!-- This site is optimized with the Yoast SEO plugin v27.5 - https:\/\/yoast.com\/product\/yoast-seo-wordpress\/ -->\n<title>Users Board - CARNET<\/title>\n<meta name=\"robots\" content=\"index, follow, max-snippet:-1, max-image-preview:large, max-video-preview:-1\" \/>\n<link rel=\"canonical\" href=\"https:\/\/www.carnet.hr\/en\/users-board\/\" \/>\n<meta property=\"og:locale\" content=\"en_US\" \/>\n<meta property=\"og:type\" content=\"article\" \/>\n<meta property=\"og:title\" content=\"Users Board - CARNET\" \/>\n<meta property=\"og:url\" content=\"https:\/\/www.carnet.hr\/en\/users-board\/\" \/>\n<meta property=\"og:site_name\" content=\"CARNET\" \/>\n<meta property=\"article:publisher\" content=\"http:\/\/facebook.com\/CARNET.hr\/\" \/>\n<meta property=\"article:modified_time\" content=\"2023-03-24T13:21:59+00:00\" \/>\n<meta property=\"og:image\" content=\"https:\/\/www.carnet.hr\/wp-content\/uploads\/2019\/06\/facebook_OG_image.png\" \/>\n\t<meta property=\"og:image:width\" content=\"1200\" \/>\n\t<meta property=\"og:image:height\" content=\"630\" \/>\n\t<meta property=\"og:image:type\" content=\"image\/png\" \/>\n<meta name=\"twitter:card\" content=\"summary_large_image\" \/>\n<meta name=\"twitter:site\" content=\"@CARNET_HR\" \/>\n<meta name=\"twitter:label1\" content=\"Est. reading time\" \/>\n\t<meta name=\"twitter:data1\" content=\"1 minute\" \/>\n<script type=\"application\/ld+json\" class=\"yoast-schema-graph\">{\"@context\":\"https:\\\/\\\/schema.org\",\"@graph\":[{\"@type\":\"WebPage\",\"@id\":\"https:\\\/\\\/www.carnet.hr\\\/en\\\/users-board\\\/\",\"url\":\"https:\\\/\\\/www.carnet.hr\\\/en\\\/users-board\\\/\",\"name\":\"Users Board - CARNET\",\"isPartOf\":{\"@id\":\"https:\\\/\\\/www.carnet.hr\\\/#website\"},\"datePublished\":\"2019-02-07T15:13:53+00:00\",\"dateModified\":\"2023-03-24T13:21:59+00:00\",\"breadcrumb\":{\"@id\":\"https:\\\/\\\/www.carnet.hr\\\/en\\\/users-board\\\/#breadcrumb\"},\"inLanguage\":\"en-US\",\"potentialAction\":[{\"@type\":\"ReadAction\",\"target\":[\"https:\\\/\\\/www.carnet.hr\\\/en\\\/users-board\\\/\"]}]},{\"@type\":\"BreadcrumbList\",\"@id\":\"https:\\\/\\\/www.carnet.hr\\\/en\\\/users-board\\\/#breadcrumb\",\"itemListElement\":[{\"@type\":\"ListItem\",\"position\":1,\"name\":\"Home\",\"item\":\"https:\\\/\\\/www.carnet.hr\\\/\"},{\"@type\":\"ListItem\",\"position\":2,\"name\":\"Users Board\"}]},{\"@type\":\"WebSite\",\"@id\":\"https:\\\/\\\/www.carnet.hr\\\/#website\",\"url\":\"https:\\\/\\\/www.carnet.hr\\\/\",\"name\":\"CARNET\",\"description\":\"Znanje povezuje.\",\"potentialAction\":[{\"@type\":\"SearchAction\",\"target\":{\"@type\":\"EntryPoint\",\"urlTemplate\":\"https:\\\/\\\/www.carnet.hr\\\/?s={search_term_string}\"},\"query-input\":{\"@type\":\"PropertyValueSpecification\",\"valueRequired\":true,\"valueName\":\"search_term_string\"}}],\"inLanguage\":\"en-US\"}]}<\/script>\n<!-- \/ Yoast SEO plugin. -->","yoast_head_json":{"title":"Users Board - CARNET","robots":{"index":"index","follow":"follow","max-snippet":"max-snippet:-1","max-image-preview":"max-image-preview:large","max-video-preview":"max-video-preview:-1"},"canonical":"https:\/\/www.carnet.hr\/en\/users-board\/","og_locale":"en_US","og_type":"article","og_title":"Users Board - CARNET","og_url":"https:\/\/www.carnet.hr\/en\/users-board\/","og_site_name":"CARNET","article_publisher":"http:\/\/facebook.com\/CARNET.hr\/","article_modified_time":"2023-03-24T13:21:59+00:00","og_image":[{"width":1200,"height":630,"url":"https:\/\/www.carnet.hr\/wp-content\/uploads\/2019\/06\/facebook_OG_image.png","type":"image\/png"}],"twitter_card":"summary_large_image","twitter_site":"@CARNET_HR","twitter_misc":{"Est. reading time":"1 minute"},"schema":{"@context":"https:\/\/schema.org","@graph":[{"@type":"WebPage","@id":"https:\/\/www.carnet.hr\/en\/users-board\/","url":"https:\/\/www.carnet.hr\/en\/users-board\/","name":"Users Board - CARNET","isPartOf":{"@id":"https:\/\/www.carnet.hr\/#website"},"datePublished":"2019-02-07T15:13:53+00:00","dateModified":"2023-03-24T13:21:59+00:00","breadcrumb":{"@id":"https:\/\/www.carnet.hr\/en\/users-board\/#breadcrumb"},"inLanguage":"en-US","potentialAction":[{"@type":"ReadAction","target":["https:\/\/www.carnet.hr\/en\/users-board\/"]}]},{"@type":"BreadcrumbList","@id":"https:\/\/www.carnet.hr\/en\/users-board\/#breadcrumb","itemListElement":[{"@type":"ListItem","position":1,"name":"Home","item":"https:\/\/www.carnet.hr\/"},{"@type":"ListItem","position":2,"name":"Users Board"}]},{"@type":"WebSite","@id":"https:\/\/www.carnet.hr\/#website","url":"https:\/\/www.carnet.hr\/","name":"ABOUT","description":"Knowledge connects.","potentialAction":[{"@type":"SearchAction","target":{"@type":"EntryPoint","urlTemplate":"https:\/\/www.carnet.hr\/?s={search_term_string}"},"query-input":{"@type":"PropertyValueSpecification","valueRequired":true,"valueName":"search_term_string"}}],"inLanguage":"en-US"}]}},"_links":{"self":[{"href":"https:\/\/www.carnet.hr\/en\/wp-json\/wp\/v2\/pages\/9033","targetHints":{"allow":["GET"]}}],"collection":[{"href":"https:\/\/www.carnet.hr\/en\/wp-json\/wp\/v2\/pages"}],"about":[{"href":"https:\/\/www.carnet.hr\/en\/wp-json\/wp\/v2\/types\/page"}],"author":[{"embeddable":true,"href":"https:\/\/www.carnet.hr\/en\/wp-json\/wp\/v2\/users\/2"}],"replies":[{"embeddable":true,"href":"https:\/\/www.carnet.hr\/en\/wp-json\/wp\/v2\/comments?post=9033"}],"version-history":[{"count":0,"href":"https:\/\/www.carnet.hr\/en\/wp-json\/wp\/v2\/pages\/9033\/revisions"}],"wp:attachment":[{"href":"https:\/\/www.carnet.hr\/en\/wp-json\/wp\/v2\/media?parent=9033"}],"curies":[{"name":"wp","href":"https:\/\/api.w.org\/{rel}","templated":true}]}}